{"id":3201,"date":"2020-06-21T14:00:01","date_gmt":"2020-06-21T14:00:01","guid":{"rendered":"https:\/\/decofoodshop.nl\/?post_type=product&#038;p=3201"},"modified":"2026-04-06T07:40:15","modified_gmt":"2026-04-06T05:40:15","slug":"lockiges-weinblatt","status":"publish","type":"product","link":"https:\/\/decofoodshop.nl\/de\/product\/krulliaan-druivenblad\/","title":{"rendered":"Gelocktes Weinblatt"},"content":{"rendered":"<p>Dekoratives gef\u00e4lschtes Curly Grape Leaf.<\/p>\n<p>Neplian voller nat\u00fcrlicher gef\u00e4lschter Weinbl\u00e4tter.<\/p>\n<p>175cm lang und 4cm dick!<\/p>\n<p>Sehr nat\u00fcrlich und einfach aufzuh\u00e4ngen.<\/p>\n<p>Mit dieser lockigen Liane bringen Sie den Sommer in Ihr Zuhause.<\/p>\n<p>Weiteres gef\u00e4lschtes Obst und gef\u00e4lschtes Gem\u00fcse finden Sie unter: <span style=\"color: #008000;\">&#8220;<strong><a style=\"color: #008000;\" href=\"https:\/\/decofoodshop.nl\/de\/produktkategorie-2\/pakete\/\">Pakete<\/a><\/strong>&#8220;.<\/span><\/p>","protected":false},"excerpt":{"rendered":"<p>Dekoratives k\u00fcnstliches lockiges Weinblatt. Nepliaan voller nat\u00fcrlicher gef\u00e4lschter Weinbl\u00e4tter. 175cm lang und 4cm dick! Sehr nat\u00fcrlich und einfach aufzuh\u00e4ngen. Bringen Sie mit dieser lockigen Liane den Sommer in Ihr Zuhause. Weiteres gef\u00e4lschtes Obst und gef\u00e4lschtes Gem\u00fcse finden Sie unter: \u201ePakete\u201c.<\/p>","protected":false},"featured_media":3205,"template":"","meta":{"_acf_changed":false,"_genesis_hide_title":false,"_genesis_hide_breadcrumbs":false,"_genesis_hide_singular_image":false,"_genesis_hide_footer_widgets":false,"_genesis_custom_body_class":"","_genesis_custom_post_class":"","_genesis_layout":""},"product_brand":[],"product_cat":[47,51,49],"product_tag":[],"class_list":{"0":"post-3201","1":"product","2":"type-product","3":"status-publish","4":"has-post-thumbnail","6":"product_cat-kunstfruit","7":"product_cat-overige","8":"product_cat-pakketten","9":"entry","10":"wpx-has-gallery","12":"first","13":"instock","14":"taxable","15":"shipping-taxable","16":"purchasable","17":"product-type-woosb"},"acf":[],"yoast_head":"<!-- This site is optimized with the Yoast SEO Premium plugin v27.3 (Yoast SEO v27.3) - https:\/\/yoast.com\/product\/yoast-seo-premium-wordpress\/ -->\n<title>Krulliaan Druivenblad - Druivenrank van Decofoodshop<\/title>\n<meta name=\"description\" content=\"prachtige Krulliaan Druivenblad, erg realistisch en uiterst decoratief inzetbaar! Ook verkrijgbaar met 3 kleuren druiventrossen.\" \/>\n<meta name=\"robots\" content=\"index, follow, max-snippet:-1, max-image-preview:large, max-video-preview:-1\" \/>\n<link rel=\"canonical\" href=\"https:\/\/decofoodshop.nl\/de\/produkt\/lockiges-weinblatt\/\" \/>\n<meta property=\"og:locale\" content=\"de_DE\" \/>\n<meta property=\"og:type\" content=\"article\" \/>\n<meta property=\"og:title\" content=\"Krulliaan Druivenblad\" \/>\n<meta property=\"og:description\" content=\"prachtige Krulliaan Druivenblad, erg realistisch en uiterst decoratief inzetbaar! Ook verkrijgbaar met 3 kleuren druiventrossen.\" \/>\n<meta property=\"og:url\" content=\"https:\/\/decofoodshop.nl\/de\/produkt\/lockiges-weinblatt\/\" \/>\n<meta property=\"og:site_name\" content=\"Decofoodshop\" \/>\n<meta property=\"article:modified_time\" content=\"2026-04-06T05:40:15+00:00\" \/>\n<meta property=\"og:image\" content=\"https:\/\/decofoodshop.nl\/wp-content\/uploads\/2020\/06\/20200401_150341-1.jpg\" \/>\n\t<meta property=\"og:image:width\" content=\"1200\" \/>\n\t<meta property=\"og:image:height\" content=\"1203\" \/>\n\t<meta property=\"og:image:type\" content=\"image\/jpeg\" \/>\n<meta name=\"twitter:card\" content=\"summary_large_image\" \/>\n<meta name=\"twitter:label1\" content=\"Gesch\u00e4tzte Lesezeit\" \/>\n\t<meta name=\"twitter:data1\" content=\"1\u00a0Minute\" \/>\n<script type=\"application\/ld+json\" class=\"yoast-schema-graph\">{\"@context\":\"https:\\\/\\\/schema.org\",\"@graph\":[{\"@type\":\"WebPage\",\"@id\":\"https:\\\/\\\/decofoodshop.nl\\\/product\\\/krulliaan-druivenblad\\\/\",\"url\":\"https:\\\/\\\/decofoodshop.nl\\\/product\\\/krulliaan-druivenblad\\\/\",\"name\":\"Krulliaan Druivenblad - Druivenrank van Decofoodshop\",\"isPartOf\":{\"@id\":\"https:\\\/\\\/decofoodshop.nl\\\/#website\"},\"primaryImageOfPage\":{\"@id\":\"https:\\\/\\\/decofoodshop.nl\\\/product\\\/krulliaan-druivenblad\\\/#primaryimage\"},\"image\":{\"@id\":\"https:\\\/\\\/decofoodshop.nl\\\/product\\\/krulliaan-druivenblad\\\/#primaryimage\"},\"thumbnailUrl\":\"https:\\\/\\\/decofoodshop.nl\\\/wp-content\\\/uploads\\\/2020\\\/06\\\/20200401_150341-1.jpg\",\"datePublished\":\"2020-06-21T14:00:01+00:00\",\"dateModified\":\"2026-04-06T05:40:15+00:00\",\"description\":\"prachtige Krulliaan Druivenblad, erg realistisch en uiterst decoratief inzetbaar! Ook verkrijgbaar met 3 kleuren druiventrossen.\",\"breadcrumb\":{\"@id\":\"https:\\\/\\\/decofoodshop.nl\\\/product\\\/krulliaan-druivenblad\\\/#breadcrumb\"},\"inLanguage\":\"de\",\"potentialAction\":[{\"@type\":\"ReadAction\",\"target\":[\"https:\\\/\\\/decofoodshop.nl\\\/product\\\/krulliaan-druivenblad\\\/\"]}]},{\"@type\":\"ImageObject\",\"inLanguage\":\"de\",\"@id\":\"https:\\\/\\\/decofoodshop.nl\\\/product\\\/krulliaan-druivenblad\\\/#primaryimage\",\"url\":\"https:\\\/\\\/decofoodshop.nl\\\/wp-content\\\/uploads\\\/2020\\\/06\\\/20200401_150341-1.jpg\",\"contentUrl\":\"https:\\\/\\\/decofoodshop.nl\\\/wp-content\\\/uploads\\\/2020\\\/06\\\/20200401_150341-1.jpg\",\"width\":1200,\"height\":1203,\"caption\":\"Krulliaan Druivenblad 175cm\"},{\"@type\":\"BreadcrumbList\",\"@id\":\"https:\\\/\\\/decofoodshop.nl\\\/product\\\/krulliaan-druivenblad\\\/#breadcrumb\",\"itemListElement\":[{\"@type\":\"ListItem\",\"position\":1,\"name\":\"Home\",\"item\":\"https:\\\/\\\/decofoodshop.nl\\\/\"},{\"@type\":\"ListItem\",\"position\":2,\"name\":\"Winkel\",\"item\":\"https:\\\/\\\/decofoodshop.nl\\\/winkel\\\/\"},{\"@type\":\"ListItem\",\"position\":3,\"name\":\"Krulliaan Druivenblad\"}]},{\"@type\":\"WebSite\",\"@id\":\"https:\\\/\\\/decofoodshop.nl\\\/#website\",\"url\":\"https:\\\/\\\/decofoodshop.nl\\\/\",\"name\":\"Decofoodshop\",\"description\":\"\",\"potentialAction\":[{\"@type\":\"SearchAction\",\"target\":{\"@type\":\"EntryPoint\",\"urlTemplate\":\"https:\\\/\\\/decofoodshop.nl\\\/?s={search_term_string}\"},\"query-input\":{\"@type\":\"PropertyValueSpecification\",\"valueRequired\":true,\"valueName\":\"search_term_string\"}}],\"inLanguage\":\"de\"}]}<\/script>\n<!-- \/ Yoast SEO Premium plugin. -->","yoast_head_json":{"title":"Krullian Grape Leaf \u2013 Weinrebe von Decofoodshop","description":"wundersch\u00f6nes Curly Grape Leaf, sehr realistisch und \u00e4u\u00dferst dekorativ! Auch mit 3 Trauben erh\u00e4ltlich.","robots":{"index":"index","follow":"follow","max-snippet":"max-snippet:-1","max-image-preview":"max-image-preview:large","max-video-preview":"max-video-preview:-1"},"canonical":"https:\/\/decofoodshop.nl\/de\/produkt\/lockiges-weinblatt\/","og_locale":"de_DE","og_type":"article","og_title":"Krulliaan Druivenblad","og_description":"prachtige Krulliaan Druivenblad, erg realistisch en uiterst decoratief inzetbaar! Ook verkrijgbaar met 3 kleuren druiventrossen.","og_url":"https:\/\/decofoodshop.nl\/de\/produkt\/lockiges-weinblatt\/","og_site_name":"Decofoodshop","article_modified_time":"2026-04-06T05:40:15+00:00","og_image":[{"width":1200,"height":1203,"url":"https:\/\/decofoodshop.nl\/wp-content\/uploads\/2020\/06\/20200401_150341-1.jpg","type":"image\/jpeg"}],"twitter_card":"summary_large_image","twitter_misc":{"Gesch\u00e4tzte Lesezeit":"1\u00a0Minute"},"schema":{"@context":"https:\/\/schema.org","@graph":[{"@type":"WebPage","@id":"https:\/\/decofoodshop.nl\/product\/krulliaan-druivenblad\/","url":"https:\/\/decofoodshop.nl\/product\/krulliaan-druivenblad\/","name":"Krullian Grape Leaf \u2013 Weinrebe von Decofoodshop","isPartOf":{"@id":"https:\/\/decofoodshop.nl\/#website"},"primaryImageOfPage":{"@id":"https:\/\/decofoodshop.nl\/product\/krulliaan-druivenblad\/#primaryimage"},"image":{"@id":"https:\/\/decofoodshop.nl\/product\/krulliaan-druivenblad\/#primaryimage"},"thumbnailUrl":"https:\/\/decofoodshop.nl\/wp-content\/uploads\/2020\/06\/20200401_150341-1.jpg","datePublished":"2020-06-21T14:00:01+00:00","dateModified":"2026-04-06T05:40:15+00:00","description":"wundersch\u00f6nes Curly Grape Leaf, sehr realistisch und \u00e4u\u00dferst dekorativ! Auch mit 3 Trauben erh\u00e4ltlich.","breadcrumb":{"@id":"https:\/\/decofoodshop.nl\/product\/krulliaan-druivenblad\/#breadcrumb"},"inLanguage":"de","potentialAction":[{"@type":"ReadAction","target":["https:\/\/decofoodshop.nl\/product\/krulliaan-druivenblad\/"]}]},{"@type":"ImageObject","inLanguage":"de","@id":"https:\/\/decofoodshop.nl\/product\/krulliaan-druivenblad\/#primaryimage","url":"https:\/\/decofoodshop.nl\/wp-content\/uploads\/2020\/06\/20200401_150341-1.jpg","contentUrl":"https:\/\/decofoodshop.nl\/wp-content\/uploads\/2020\/06\/20200401_150341-1.jpg","width":1200,"height":1203,"caption":"Krulliaan Druivenblad 175cm"},{"@type":"BreadcrumbList","@id":"https:\/\/decofoodshop.nl\/product\/krulliaan-druivenblad\/#breadcrumb","itemListElement":[{"@type":"ListItem","position":1,"name":"Home","item":"https:\/\/decofoodshop.nl\/"},{"@type":"ListItem","position":2,"name":"Winkel","item":"https:\/\/decofoodshop.nl\/winkel\/"},{"@type":"ListItem","position":3,"name":"Krulliaan Druivenblad"}]},{"@type":"WebSite","@id":"https:\/\/decofoodshop.nl\/#website","url":"https:\/\/decofoodshop.nl\/","name":"Dekofoodshop","description":"","potentialAction":[{"@type":"SearchAction","target":{"@type":"EntryPoint","urlTemplate":"https:\/\/decofoodshop.nl\/?s={search_term_string}"},"query-input":{"@type":"PropertyValueSpecification","valueRequired":true,"valueName":"search_term_string"}}],"inLanguage":"de"}]}},"_links":{"self":[{"href":"https:\/\/decofoodshop.nl\/de\/wp-json\/wp\/v2\/product\/3201","targetHints":{"allow":["GET"]}}],"collection":[{"href":"https:\/\/decofoodshop.nl\/de\/wp-json\/wp\/v2\/product"}],"about":[{"href":"https:\/\/decofoodshop.nl\/de\/wp-json\/wp\/v2\/types\/product"}],"wp:featuredmedia":[{"embeddable":true,"href":"https:\/\/decofoodshop.nl\/de\/wp-json\/wp\/v2\/media\/3205"}],"wp:attachment":[{"href":"https:\/\/decofoodshop.nl\/de\/wp-json\/wp\/v2\/media?parent=3201"}],"wp:term":[{"taxonomy":"product_brand","embeddable":true,"href":"https:\/\/decofoodshop.nl\/de\/wp-json\/wp\/v2\/product_brand?post=3201"},{"taxonomy":"product_cat","embeddable":true,"href":"https:\/\/decofoodshop.nl\/de\/wp-json\/wp\/v2\/product_cat?post=3201"},{"taxonomy":"product_tag","embeddable":true,"href":"https:\/\/decofoodshop.nl\/de\/wp-json\/wp\/v2\/product_tag?post=3201"}],"curies":[{"name":"wp","href":"https:\/\/api.w.org\/{rel}","templated":true}]}}