{"id":3218,"date":"2020-06-21T14:23:00","date_gmt":"2020-06-21T12:23:00","guid":{"rendered":"https:\/\/decofoodshop.nl\/?post_type=product&#038;p=3218"},"modified":"2026-02-28T15:41:08","modified_gmt":"2026-02-28T14:41:08","slug":"lockig-weise-trauben","status":"publish","type":"product","link":"https:\/\/decofoodshop.nl\/de\/product\/krulliaan-witte-druiven\/","title":{"rendered":"Gelockte wei\u00dfe Trauben"},"content":{"rendered":"<p>Nat\u00fcrliche gef\u00e4lschte Curly White Grapes.<\/p>\n<p>Sehr detaillierte Wickelliane.<\/p>\n<p>Mit 3 wei\u00dfen Weintrauben.<\/p>\n<p>Voller naturgetreuer k\u00fcnstlicher Weinbl\u00e4tter.<\/p>\n<p>Robust und doch flexibel.<\/p>\n<p>Einfach aufzuh\u00e4ngen und wartungsfrei.<\/p>\n<p>Weitere gef\u00e4lschte Lebensmittel finden Sie bei uns: <span style=\"color: #008000;\">&#8220;<strong><a style=\"color: #008000;\" href=\"https:\/\/decofoodshop.nl\/de\/produktkategorie-2\/brotkuchen\/\">Brot und Geb\u00e4ck<\/a><\/strong>&#8220;.<\/span><\/p>","protected":false},"excerpt":{"rendered":"<p>Nat\u00fcrliche gef\u00e4lschte lockige wei\u00dfe Trauben. Sehr detaillierte gewundene Rebe. Mit 3 wei\u00dfen Weintrauben. Voller naturgetreuer k\u00fcnstlicher Weinbl\u00e4tter. Robust und doch flexibel. Einfach aufzuh\u00e4ngen und wartungsfrei. Weitere gef\u00e4lschte Lebensmittel finden Sie in unserem: \u201eBrot und Geb\u00e4ck\u201c.<\/p>","protected":false},"featured_media":3219,"template":"","meta":{"_acf_changed":false,"_genesis_hide_title":false,"_genesis_hide_breadcrumbs":false,"_genesis_hide_singular_image":false,"_genesis_hide_footer_widgets":false,"_genesis_custom_body_class":"","_genesis_custom_post_class":"","_genesis_layout":""},"product_brand":[],"product_cat":[47,51,49],"product_tag":[],"class_list":{"0":"post-3218","1":"product","2":"type-product","3":"status-publish","4":"has-post-thumbnail","6":"product_cat-kunstfruit","7":"product_cat-overige","8":"product_cat-pakketten","9":"entry","10":"wpx-has-gallery","12":"first","13":"instock","14":"taxable","15":"shipping-taxable","16":"purchasable","17":"product-type-woosb"},"acf":[],"yoast_head":"<!-- This site is optimized with the Yoast SEO Premium plugin v27.3 (Yoast SEO v27.3) - https:\/\/yoast.com\/product\/yoast-seo-premium-wordpress\/ -->\n<title>Krulliaan Witte Druiven - Druivenrank van Decofoodshop<\/title>\n<meta name=\"description\" content=\"Realistische Krulliaan Witte Druiven. Ook verkrijgbaar met blauwe en rode druiventrossen. Uiterst decoratief inzetbaar en niet breekbaar!\" \/>\n<meta name=\"robots\" content=\"index, follow, max-snippet:-1, max-image-preview:large, max-video-preview:-1\" \/>\n<link rel=\"canonical\" href=\"https:\/\/decofoodshop.nl\/de\/produkt\/lockig-weise-trauben\/\" \/>\n<meta property=\"og:locale\" content=\"de_DE\" \/>\n<meta property=\"og:type\" content=\"article\" \/>\n<meta property=\"og:title\" content=\"Krulliaan Witte Druiven\" \/>\n<meta property=\"og:description\" content=\"Realistische Krulliaan Witte Druiven. Ook verkrijgbaar met blauwe en rode druiventrossen. Uiterst decoratief inzetbaar en niet breekbaar!\" \/>\n<meta property=\"og:url\" content=\"https:\/\/decofoodshop.nl\/de\/produkt\/lockig-weise-trauben\/\" \/>\n<meta property=\"og:site_name\" content=\"Decofoodshop\" \/>\n<meta property=\"article:modified_time\" content=\"2026-02-28T14:41:08+00:00\" \/>\n<meta property=\"og:image\" content=\"https:\/\/decofoodshop.nl\/wp-content\/uploads\/2020\/06\/20200401_151238.jpg\" \/>\n\t<meta property=\"og:image:width\" content=\"1200\" \/>\n\t<meta property=\"og:image:height\" content=\"1200\" \/>\n\t<meta property=\"og:image:type\" content=\"image\/jpeg\" \/>\n<meta name=\"twitter:card\" content=\"summary_large_image\" \/>\n<meta name=\"twitter:label1\" content=\"Gesch\u00e4tzte Lesezeit\" \/>\n\t<meta name=\"twitter:data1\" content=\"1\u00a0Minute\" \/>\n<script type=\"application\/ld+json\" class=\"yoast-schema-graph\">{\"@context\":\"https:\\\/\\\/schema.org\",\"@graph\":[{\"@type\":\"WebPage\",\"@id\":\"https:\\\/\\\/decofoodshop.nl\\\/product\\\/krulliaan-witte-druiven\\\/\",\"url\":\"https:\\\/\\\/decofoodshop.nl\\\/product\\\/krulliaan-witte-druiven\\\/\",\"name\":\"Krulliaan Witte Druiven - Druivenrank van Decofoodshop\",\"isPartOf\":{\"@id\":\"https:\\\/\\\/decofoodshop.nl\\\/#website\"},\"primaryImageOfPage\":{\"@id\":\"https:\\\/\\\/decofoodshop.nl\\\/product\\\/krulliaan-witte-druiven\\\/#primaryimage\"},\"image\":{\"@id\":\"https:\\\/\\\/decofoodshop.nl\\\/product\\\/krulliaan-witte-druiven\\\/#primaryimage\"},\"thumbnailUrl\":\"https:\\\/\\\/decofoodshop.nl\\\/wp-content\\\/uploads\\\/2020\\\/06\\\/20200401_151238.jpg\",\"datePublished\":\"2020-06-21T12:23:00+00:00\",\"dateModified\":\"2026-02-28T14:41:08+00:00\",\"description\":\"Realistische Krulliaan Witte Druiven. Ook verkrijgbaar met blauwe en rode druiventrossen. Uiterst decoratief inzetbaar en niet breekbaar!\",\"breadcrumb\":{\"@id\":\"https:\\\/\\\/decofoodshop.nl\\\/product\\\/krulliaan-witte-druiven\\\/#breadcrumb\"},\"inLanguage\":\"de\",\"potentialAction\":[{\"@type\":\"ReadAction\",\"target\":[\"https:\\\/\\\/decofoodshop.nl\\\/product\\\/krulliaan-witte-druiven\\\/\"]}]},{\"@type\":\"ImageObject\",\"inLanguage\":\"de\",\"@id\":\"https:\\\/\\\/decofoodshop.nl\\\/product\\\/krulliaan-witte-druiven\\\/#primaryimage\",\"url\":\"https:\\\/\\\/decofoodshop.nl\\\/wp-content\\\/uploads\\\/2020\\\/06\\\/20200401_151238.jpg\",\"contentUrl\":\"https:\\\/\\\/decofoodshop.nl\\\/wp-content\\\/uploads\\\/2020\\\/06\\\/20200401_151238.jpg\",\"width\":1200,\"height\":1200,\"caption\":\"Krulliaan Witte Druiven 175cm\"},{\"@type\":\"BreadcrumbList\",\"@id\":\"https:\\\/\\\/decofoodshop.nl\\\/product\\\/krulliaan-witte-druiven\\\/#breadcrumb\",\"itemListElement\":[{\"@type\":\"ListItem\",\"position\":1,\"name\":\"Home\",\"item\":\"https:\\\/\\\/decofoodshop.nl\\\/\"},{\"@type\":\"ListItem\",\"position\":2,\"name\":\"Winkel\",\"item\":\"https:\\\/\\\/decofoodshop.nl\\\/winkel\\\/\"},{\"@type\":\"ListItem\",\"position\":3,\"name\":\"Krulliaan Witte Druiven\"}]},{\"@type\":\"WebSite\",\"@id\":\"https:\\\/\\\/decofoodshop.nl\\\/#website\",\"url\":\"https:\\\/\\\/decofoodshop.nl\\\/\",\"name\":\"Decofoodshop\",\"description\":\"\",\"potentialAction\":[{\"@type\":\"SearchAction\",\"target\":{\"@type\":\"EntryPoint\",\"urlTemplate\":\"https:\\\/\\\/decofoodshop.nl\\\/?s={search_term_string}\"},\"query-input\":{\"@type\":\"PropertyValueSpecification\",\"valueRequired\":true,\"valueName\":\"search_term_string\"}}],\"inLanguage\":\"de\"}]}<\/script>\n<!-- \/ Yoast SEO Premium plugin. -->","yoast_head_json":{"title":"Lockige wei\u00dfe Trauben \u2013 Weinrebe von Decofoodshop","description":"Realistische lockige wei\u00dfe Trauben. Auch mit blauen und roten Trauben erh\u00e4ltlich. \u00c4u\u00dferst dekorativ und nicht zerbrechlich!","robots":{"index":"index","follow":"follow","max-snippet":"max-snippet:-1","max-image-preview":"max-image-preview:large","max-video-preview":"max-video-preview:-1"},"canonical":"https:\/\/decofoodshop.nl\/de\/produkt\/lockig-weise-trauben\/","og_locale":"de_DE","og_type":"article","og_title":"Krulliaan Witte Druiven","og_description":"Realistische Krulliaan Witte Druiven. Ook verkrijgbaar met blauwe en rode druiventrossen. Uiterst decoratief inzetbaar en niet breekbaar!","og_url":"https:\/\/decofoodshop.nl\/de\/produkt\/lockig-weise-trauben\/","og_site_name":"Decofoodshop","article_modified_time":"2026-02-28T14:41:08+00:00","og_image":[{"width":1200,"height":1200,"url":"https:\/\/decofoodshop.nl\/wp-content\/uploads\/2020\/06\/20200401_151238.jpg","type":"image\/jpeg"}],"twitter_card":"summary_large_image","twitter_misc":{"Gesch\u00e4tzte Lesezeit":"1\u00a0Minute"},"schema":{"@context":"https:\/\/schema.org","@graph":[{"@type":"WebPage","@id":"https:\/\/decofoodshop.nl\/product\/krulliaan-witte-druiven\/","url":"https:\/\/decofoodshop.nl\/product\/krulliaan-witte-druiven\/","name":"Lockige wei\u00dfe Trauben \u2013 Weinrebe von Decofoodshop","isPartOf":{"@id":"https:\/\/decofoodshop.nl\/#website"},"primaryImageOfPage":{"@id":"https:\/\/decofoodshop.nl\/product\/krulliaan-witte-druiven\/#primaryimage"},"image":{"@id":"https:\/\/decofoodshop.nl\/product\/krulliaan-witte-druiven\/#primaryimage"},"thumbnailUrl":"https:\/\/decofoodshop.nl\/wp-content\/uploads\/2020\/06\/20200401_151238.jpg","datePublished":"2020-06-21T12:23:00+00:00","dateModified":"2026-02-28T14:41:08+00:00","description":"Realistische lockige wei\u00dfe Trauben. Auch mit blauen und roten Trauben erh\u00e4ltlich. \u00c4u\u00dferst dekorativ und nicht zerbrechlich!","breadcrumb":{"@id":"https:\/\/decofoodshop.nl\/product\/krulliaan-witte-druiven\/#breadcrumb"},"inLanguage":"de","potentialAction":[{"@type":"ReadAction","target":["https:\/\/decofoodshop.nl\/product\/krulliaan-witte-druiven\/"]}]},{"@type":"ImageObject","inLanguage":"de","@id":"https:\/\/decofoodshop.nl\/product\/krulliaan-witte-druiven\/#primaryimage","url":"https:\/\/decofoodshop.nl\/wp-content\/uploads\/2020\/06\/20200401_151238.jpg","contentUrl":"https:\/\/decofoodshop.nl\/wp-content\/uploads\/2020\/06\/20200401_151238.jpg","width":1200,"height":1200,"caption":"Krulliaan Witte Druiven 175cm"},{"@type":"BreadcrumbList","@id":"https:\/\/decofoodshop.nl\/product\/krulliaan-witte-druiven\/#breadcrumb","itemListElement":[{"@type":"ListItem","position":1,"name":"Home","item":"https:\/\/decofoodshop.nl\/"},{"@type":"ListItem","position":2,"name":"Winkel","item":"https:\/\/decofoodshop.nl\/winkel\/"},{"@type":"ListItem","position":3,"name":"Krulliaan Witte Druiven"}]},{"@type":"WebSite","@id":"https:\/\/decofoodshop.nl\/#website","url":"https:\/\/decofoodshop.nl\/","name":"Dekofoodshop","description":"","potentialAction":[{"@type":"SearchAction","target":{"@type":"EntryPoint","urlTemplate":"https:\/\/decofoodshop.nl\/?s={search_term_string}"},"query-input":{"@type":"PropertyValueSpecification","valueRequired":true,"valueName":"search_term_string"}}],"inLanguage":"de"}]}},"_links":{"self":[{"href":"https:\/\/decofoodshop.nl\/de\/wp-json\/wp\/v2\/product\/3218","targetHints":{"allow":["GET"]}}],"collection":[{"href":"https:\/\/decofoodshop.nl\/de\/wp-json\/wp\/v2\/product"}],"about":[{"href":"https:\/\/decofoodshop.nl\/de\/wp-json\/wp\/v2\/types\/product"}],"wp:featuredmedia":[{"embeddable":true,"href":"https:\/\/decofoodshop.nl\/de\/wp-json\/wp\/v2\/media\/3219"}],"wp:attachment":[{"href":"https:\/\/decofoodshop.nl\/de\/wp-json\/wp\/v2\/media?parent=3218"}],"wp:term":[{"taxonomy":"product_brand","embeddable":true,"href":"https:\/\/decofoodshop.nl\/de\/wp-json\/wp\/v2\/product_brand?post=3218"},{"taxonomy":"product_cat","embeddable":true,"href":"https:\/\/decofoodshop.nl\/de\/wp-json\/wp\/v2\/product_cat?post=3218"},{"taxonomy":"product_tag","embeddable":true,"href":"https:\/\/decofoodshop.nl\/de\/wp-json\/wp\/v2\/product_tag?post=3218"}],"curies":[{"name":"wp","href":"https:\/\/api.w.org\/{rel}","templated":true}]}}