{"id":3225,"date":"2020-06-11T10:04:33","date_gmt":"2020-06-11T08:04:33","guid":{"rendered":"https:\/\/decofoodshop.nl\/?post_type=product&#038;p=3225"},"modified":"2026-02-28T14:59:34","modified_gmt":"2026-02-28T13:59:34","slug":"lockig-rote-trauben","status":"publish","type":"product","link":"https:\/\/decofoodshop.nl\/de\/product\/krulliaan-rode-druiven\/","title":{"rendered":"Gelockte rote Trauben"},"content":{"rendered":"<p>Nat\u00fcrliche lockige rote Trauben.<\/p>\n<p>Mit drei roten falschen Weintrauben.<\/p>\n<p>Vollst\u00e4ndig gef\u00fcllt mit gr\u00fcnen k\u00fcnstlichen Weinbl\u00e4ttern.<\/p>\n<p>Robuste und biegsame 175 cm lange Wickellianenimitation.<\/p>\n<p>Von der Realit\u00e4t nicht zu unterscheiden.<\/p>\n<p>Weitere Deko-Lebensmittel finden Sie auch in der Kategorie:<span style=\"color: #008000;\"> &#8220;<strong><a style=\"color: #008000;\" href=\"https:\/\/decofoodshop.nl\/de\/produktkategorie-2\/kunstliches-gemuse\/\">K\u00fcnstliches Gem\u00fcse<\/a><\/strong>&#8220;.<\/span><\/p>","protected":false},"excerpt":{"rendered":"<p>Nat\u00fcrliche lockige rote Trauben. Mit drei roten k\u00fcnstlichen Weintrauben. Komplett gef\u00fcllt mit gr\u00fcnen k\u00fcnstlichen Weinbl\u00e4ttern. Robuste und flexible 175 cm lange k\u00fcnstliche Ranke. Vom Original nicht zu unterscheiden. Weitere Deko-Lebensmittel finden Sie auch in der Kategorie: \u201eKunstgem\u00fcse\u201c.<\/p>","protected":false},"featured_media":3226,"template":"","meta":{"_acf_changed":false,"_genesis_hide_title":false,"_genesis_hide_breadcrumbs":false,"_genesis_hide_singular_image":false,"_genesis_hide_footer_widgets":false,"_genesis_custom_body_class":"","_genesis_custom_post_class":"","_genesis_layout":""},"product_brand":[],"product_cat":[47,51,49],"product_tag":[],"class_list":{"0":"post-3225","1":"product","2":"type-product","3":"status-publish","4":"has-post-thumbnail","6":"product_cat-kunstfruit","7":"product_cat-overige","8":"product_cat-pakketten","9":"entry","10":"wpx-has-gallery","12":"first","13":"instock","14":"taxable","15":"shipping-taxable","16":"purchasable","17":"product-type-woosb"},"acf":[],"yoast_head":"<!-- This site is optimized with the Yoast SEO Premium plugin v27.3 (Yoast SEO v27.4) - https:\/\/yoast.com\/product\/yoast-seo-premium-wordpress\/ -->\n<title>Krulliaan Rode Druiven - Druiven rank van Decofoodshop<\/title>\n<meta name=\"description\" content=\"Unieke Krulliaan Rode Druiven. Deze bieden wij ook met witte en blauwe druiventrossen. Zeer compleet product. Voor meer kijk op Decofoodshop.\" \/>\n<meta name=\"robots\" content=\"index, follow, max-snippet:-1, max-image-preview:large, max-video-preview:-1\" \/>\n<link rel=\"canonical\" href=\"https:\/\/decofoodshop.nl\/de\/produkt\/lockig-rote-trauben\/\" \/>\n<meta property=\"og:locale\" content=\"de_DE\" \/>\n<meta property=\"og:type\" content=\"article\" \/>\n<meta property=\"og:title\" content=\"Krulliaan Rode Druiven\" \/>\n<meta property=\"og:description\" content=\"Unieke Krulliaan Rode Druiven. Deze bieden wij ook met witte en blauwe druiventrossen. Zeer compleet product. Voor meer kijk op Decofoodshop.\" \/>\n<meta property=\"og:url\" content=\"https:\/\/decofoodshop.nl\/de\/produkt\/lockig-rote-trauben\/\" \/>\n<meta property=\"og:site_name\" content=\"Decofoodshop\" \/>\n<meta property=\"article:modified_time\" content=\"2026-02-28T13:59:34+00:00\" \/>\n<meta property=\"og:image\" content=\"https:\/\/decofoodshop.nl\/wp-content\/uploads\/2020\/06\/20200401_153632-1.jpg\" \/>\n\t<meta property=\"og:image:width\" content=\"1200\" \/>\n\t<meta property=\"og:image:height\" content=\"1200\" \/>\n\t<meta property=\"og:image:type\" content=\"image\/jpeg\" \/>\n<meta name=\"twitter:card\" content=\"summary_large_image\" \/>\n<meta name=\"twitter:label1\" content=\"Gesch\u00e4tzte Lesezeit\" \/>\n\t<meta name=\"twitter:data1\" content=\"1\u00a0Minute\" \/>\n<script type=\"application\/ld+json\" class=\"yoast-schema-graph\">{\"@context\":\"https:\\\/\\\/schema.org\",\"@graph\":[{\"@type\":\"WebPage\",\"@id\":\"https:\\\/\\\/decofoodshop.nl\\\/product\\\/krulliaan-rode-druiven\\\/\",\"url\":\"https:\\\/\\\/decofoodshop.nl\\\/product\\\/krulliaan-rode-druiven\\\/\",\"name\":\"Krulliaan Rode Druiven - Druiven rank van Decofoodshop\",\"isPartOf\":{\"@id\":\"https:\\\/\\\/decofoodshop.nl\\\/#website\"},\"primaryImageOfPage\":{\"@id\":\"https:\\\/\\\/decofoodshop.nl\\\/product\\\/krulliaan-rode-druiven\\\/#primaryimage\"},\"image\":{\"@id\":\"https:\\\/\\\/decofoodshop.nl\\\/product\\\/krulliaan-rode-druiven\\\/#primaryimage\"},\"thumbnailUrl\":\"https:\\\/\\\/decofoodshop.nl\\\/wp-content\\\/uploads\\\/2020\\\/06\\\/20200401_153632-1.jpg\",\"datePublished\":\"2020-06-11T08:04:33+00:00\",\"dateModified\":\"2026-02-28T13:59:34+00:00\",\"description\":\"Unieke Krulliaan Rode Druiven. Deze bieden wij ook met witte en blauwe druiventrossen. Zeer compleet product. Voor meer kijk op Decofoodshop.\",\"breadcrumb\":{\"@id\":\"https:\\\/\\\/decofoodshop.nl\\\/product\\\/krulliaan-rode-druiven\\\/#breadcrumb\"},\"inLanguage\":\"de\",\"potentialAction\":[{\"@type\":\"ReadAction\",\"target\":[\"https:\\\/\\\/decofoodshop.nl\\\/product\\\/krulliaan-rode-druiven\\\/\"]}]},{\"@type\":\"ImageObject\",\"inLanguage\":\"de\",\"@id\":\"https:\\\/\\\/decofoodshop.nl\\\/product\\\/krulliaan-rode-druiven\\\/#primaryimage\",\"url\":\"https:\\\/\\\/decofoodshop.nl\\\/wp-content\\\/uploads\\\/2020\\\/06\\\/20200401_153632-1.jpg\",\"contentUrl\":\"https:\\\/\\\/decofoodshop.nl\\\/wp-content\\\/uploads\\\/2020\\\/06\\\/20200401_153632-1.jpg\",\"width\":1200,\"height\":1200,\"caption\":\"Krulliaan Rode Druiven 175cm\"},{\"@type\":\"BreadcrumbList\",\"@id\":\"https:\\\/\\\/decofoodshop.nl\\\/product\\\/krulliaan-rode-druiven\\\/#breadcrumb\",\"itemListElement\":[{\"@type\":\"ListItem\",\"position\":1,\"name\":\"Home\",\"item\":\"https:\\\/\\\/decofoodshop.nl\\\/\"},{\"@type\":\"ListItem\",\"position\":2,\"name\":\"Winkel\",\"item\":\"https:\\\/\\\/decofoodshop.nl\\\/winkel\\\/\"},{\"@type\":\"ListItem\",\"position\":3,\"name\":\"Krulliaan Rode Druiven\"}]},{\"@type\":\"WebSite\",\"@id\":\"https:\\\/\\\/decofoodshop.nl\\\/#website\",\"url\":\"https:\\\/\\\/decofoodshop.nl\\\/\",\"name\":\"Decofoodshop\",\"description\":\"\",\"potentialAction\":[{\"@type\":\"SearchAction\",\"target\":{\"@type\":\"EntryPoint\",\"urlTemplate\":\"https:\\\/\\\/decofoodshop.nl\\\/?s={search_term_string}\"},\"query-input\":{\"@type\":\"PropertyValueSpecification\",\"valueRequired\":true,\"valueName\":\"search_term_string\"}}],\"inLanguage\":\"de\"}]}<\/script>\n<!-- \/ Yoast SEO Premium plugin. -->","yoast_head_json":{"title":"Krulliaan Red Grapes \u2013 Weinrebe von Decofoodshop","description":"Einzigartige lockige rote Trauben. Diese bieten wir auch mit wei\u00dfen und blauen Trauben an. Sehr vollst\u00e4ndiges Produkt. Weitere Informationen finden Sie unter Decofoodshop.","robots":{"index":"index","follow":"follow","max-snippet":"max-snippet:-1","max-image-preview":"max-image-preview:large","max-video-preview":"max-video-preview:-1"},"canonical":"https:\/\/decofoodshop.nl\/de\/produkt\/lockig-rote-trauben\/","og_locale":"de_DE","og_type":"article","og_title":"Krulliaan Rode Druiven","og_description":"Unieke Krulliaan Rode Druiven. Deze bieden wij ook met witte en blauwe druiventrossen. Zeer compleet product. Voor meer kijk op Decofoodshop.","og_url":"https:\/\/decofoodshop.nl\/de\/produkt\/lockig-rote-trauben\/","og_site_name":"Decofoodshop","article_modified_time":"2026-02-28T13:59:34+00:00","og_image":[{"width":1200,"height":1200,"url":"https:\/\/decofoodshop.nl\/wp-content\/uploads\/2020\/06\/20200401_153632-1.jpg","type":"image\/jpeg"}],"twitter_card":"summary_large_image","twitter_misc":{"Gesch\u00e4tzte Lesezeit":"1\u00a0Minute"},"schema":{"@context":"https:\/\/schema.org","@graph":[{"@type":"WebPage","@id":"https:\/\/decofoodshop.nl\/product\/krulliaan-rode-druiven\/","url":"https:\/\/decofoodshop.nl\/product\/krulliaan-rode-druiven\/","name":"Krulliaan Red Grapes \u2013 Weinrebe von Decofoodshop","isPartOf":{"@id":"https:\/\/decofoodshop.nl\/#website"},"primaryImageOfPage":{"@id":"https:\/\/decofoodshop.nl\/product\/krulliaan-rode-druiven\/#primaryimage"},"image":{"@id":"https:\/\/decofoodshop.nl\/product\/krulliaan-rode-druiven\/#primaryimage"},"thumbnailUrl":"https:\/\/decofoodshop.nl\/wp-content\/uploads\/2020\/06\/20200401_153632-1.jpg","datePublished":"2020-06-11T08:04:33+00:00","dateModified":"2026-02-28T13:59:34+00:00","description":"Einzigartige lockige rote Trauben. Diese bieten wir auch mit wei\u00dfen und blauen Trauben an. Sehr vollst\u00e4ndiges Produkt. Weitere Informationen finden Sie unter Decofoodshop.","breadcrumb":{"@id":"https:\/\/decofoodshop.nl\/product\/krulliaan-rode-druiven\/#breadcrumb"},"inLanguage":"de","potentialAction":[{"@type":"ReadAction","target":["https:\/\/decofoodshop.nl\/product\/krulliaan-rode-druiven\/"]}]},{"@type":"ImageObject","inLanguage":"de","@id":"https:\/\/decofoodshop.nl\/product\/krulliaan-rode-druiven\/#primaryimage","url":"https:\/\/decofoodshop.nl\/wp-content\/uploads\/2020\/06\/20200401_153632-1.jpg","contentUrl":"https:\/\/decofoodshop.nl\/wp-content\/uploads\/2020\/06\/20200401_153632-1.jpg","width":1200,"height":1200,"caption":"Krulliaan Rode Druiven 175cm"},{"@type":"BreadcrumbList","@id":"https:\/\/decofoodshop.nl\/product\/krulliaan-rode-druiven\/#breadcrumb","itemListElement":[{"@type":"ListItem","position":1,"name":"Home","item":"https:\/\/decofoodshop.nl\/"},{"@type":"ListItem","position":2,"name":"Winkel","item":"https:\/\/decofoodshop.nl\/winkel\/"},{"@type":"ListItem","position":3,"name":"Krulliaan Rode Druiven"}]},{"@type":"WebSite","@id":"https:\/\/decofoodshop.nl\/#website","url":"https:\/\/decofoodshop.nl\/","name":"Dekofoodshop","description":"","potentialAction":[{"@type":"SearchAction","target":{"@type":"EntryPoint","urlTemplate":"https:\/\/decofoodshop.nl\/?s={search_term_string}"},"query-input":{"@type":"PropertyValueSpecification","valueRequired":true,"valueName":"search_term_string"}}],"inLanguage":"de"}]}},"_links":{"self":[{"href":"https:\/\/decofoodshop.nl\/de\/wp-json\/wp\/v2\/product\/3225","targetHints":{"allow":["GET"]}}],"collection":[{"href":"https:\/\/decofoodshop.nl\/de\/wp-json\/wp\/v2\/product"}],"about":[{"href":"https:\/\/decofoodshop.nl\/de\/wp-json\/wp\/v2\/types\/product"}],"wp:featuredmedia":[{"embeddable":true,"href":"https:\/\/decofoodshop.nl\/de\/wp-json\/wp\/v2\/media\/3226"}],"wp:attachment":[{"href":"https:\/\/decofoodshop.nl\/de\/wp-json\/wp\/v2\/media?parent=3225"}],"wp:term":[{"taxonomy":"product_brand","embeddable":true,"href":"https:\/\/decofoodshop.nl\/de\/wp-json\/wp\/v2\/product_brand?post=3225"},{"taxonomy":"product_cat","embeddable":true,"href":"https:\/\/decofoodshop.nl\/de\/wp-json\/wp\/v2\/product_cat?post=3225"},{"taxonomy":"product_tag","embeddable":true,"href":"https:\/\/decofoodshop.nl\/de\/wp-json\/wp\/v2\/product_tag?post=3225"}],"curies":[{"name":"wp","href":"https:\/\/api.w.org\/{rel}","templated":true}]}}