{"id":3240,"date":"2020-06-21T16:02:45","date_gmt":"2020-06-21T16:02:45","guid":{"rendered":"https:\/\/decofoodshop.nl\/?post_type=product&#038;p=3240"},"modified":"2026-04-13T16:13:40","modified_gmt":"2026-04-13T14:13:40","slug":"lange-gefalschte-weinblattgirlande","status":"publish","type":"product","link":"https:\/\/decofoodshop.nl\/de\/product\/lange-namaak-druivenblad-slinger\/","title":{"rendered":"Lange gef\u00e4lschte Weinblatt-Girlande"},"content":{"rendered":"<p>Nat\u00fcrliche lange gef\u00e4lschte Weinblatt-Girlande.<\/p>\n<p>Mit gro\u00dfen Bl\u00e4ttern und Seitenzweigen.<\/p>\n<p>Sehr feste und frischgr\u00fcne Weinlaubrebe.<\/p>\n<p>Einfach echt und leicht zu beheben.<\/p>\n<p>Diese k\u00fcnstliche Weinrebe ist 220 cm lang.<\/p>\n<p>Ausgestattet mit einem internen Metalldraht.<\/p>\n<p>Dauerhaft sch\u00f6n und f\u00fcr den professionellen Einsatz.<\/p>\n<p>F\u00fcr dekoratives Kunstgem\u00fcse siehe: \u201e<strong><a href=\"https:\/\/decofoodshop.nl\/de\/produktkategorie-2\/kunstliches-gemuse\/\"><span style=\"color: #008000;\">K\u00fcnstliches Gem\u00fcse<\/span><\/a><\/strong>&#8220;.<\/p>","protected":false},"excerpt":{"rendered":"<p>Natuurgetrouwe Lange Namaak Druivenblad Slinger. Met grote bladeren en zijtakken. Zeer stevige en frisgroene druivenbladeren rank. Net echt en makkelijk te bevestigen. Deze nep druivenrank is wel 220cm lang. Voorzien van een interne metaaldraad. Blijvend mooi en voor professioneel gebruik. Kijk voor decoratieve nepgroenten ook eens bij: &#8220;Kunstgroenten&#8220;.<\/p>","protected":false},"featured_media":3241,"template":"","meta":{"_acf_changed":false,"_genesis_hide_title":false,"_genesis_hide_breadcrumbs":false,"_genesis_hide_singular_image":false,"_genesis_hide_footer_widgets":false,"_genesis_custom_body_class":"","_genesis_custom_post_class":"","_genesis_layout":""},"product_brand":[],"product_cat":[51],"product_tag":[],"class_list":{"0":"post-3240","1":"product","2":"type-product","3":"status-publish","4":"has-post-thumbnail","6":"product_cat-overige","7":"entry","8":"wpx-has-gallery","10":"first","11":"instock","12":"taxable","13":"shipping-taxable","14":"purchasable","15":"product-type-simple"},"acf":[],"yoast_head":"<!-- This site is optimized with the Yoast SEO Premium plugin v27.3 (Yoast SEO v27.4) - https:\/\/yoast.com\/product\/yoast-seo-premium-wordpress\/ -->\n<title>Lange Namaak Druivenblad Slinger - kopen bij Decofoodshop<\/title>\n<meta name=\"description\" content=\"Lange Namaak Druivenblad Slinger met natuurgetrouwe blaadjes. Makkelijk op te hangen en te buigen in elk gewenste vorm van decofoodshop.\" \/>\n<meta name=\"robots\" content=\"index, follow, max-snippet:-1, max-image-preview:large, max-video-preview:-1\" \/>\n<link rel=\"canonical\" href=\"https:\/\/decofoodshop.nl\/de\/produkt\/lange-gefalschte-weinblattgirlande\/\" \/>\n<meta property=\"og:locale\" content=\"de_DE\" \/>\n<meta property=\"og:type\" content=\"article\" \/>\n<meta property=\"og:title\" content=\"Lange Namaak Druivenblad Slinger\" \/>\n<meta property=\"og:description\" content=\"Lange Namaak Druivenblad Slinger met natuurgetrouwe blaadjes. Makkelijk op te hangen en te buigen in elk gewenste vorm van decofoodshop.\" \/>\n<meta property=\"og:url\" content=\"https:\/\/decofoodshop.nl\/de\/produkt\/lange-gefalschte-weinblattgirlande\/\" \/>\n<meta property=\"og:site_name\" content=\"Decofoodshop\" \/>\n<meta property=\"article:modified_time\" content=\"2026-04-13T14:13:40+00:00\" \/>\n<meta property=\"og:image\" content=\"https:\/\/decofoodshop.nl\/wp-content\/uploads\/2020\/06\/Kunstdruifrank-220cm-2.jpg\" \/>\n\t<meta property=\"og:image:width\" content=\"1076\" \/>\n\t<meta property=\"og:image:height\" content=\"1072\" \/>\n\t<meta property=\"og:image:type\" content=\"image\/jpeg\" \/>\n<meta name=\"twitter:card\" content=\"summary_large_image\" \/>\n<meta name=\"twitter:label1\" content=\"Gesch\u00e4tzte Lesezeit\" \/>\n\t<meta name=\"twitter:data1\" content=\"1\u00a0Minute\" \/>\n<script type=\"application\/ld+json\" class=\"yoast-schema-graph\">{\"@context\":\"https:\\\/\\\/schema.org\",\"@graph\":[{\"@type\":\"WebPage\",\"@id\":\"https:\\\/\\\/decofoodshop.nl\\\/product\\\/lange-namaak-druivenblad-slinger\\\/\",\"url\":\"https:\\\/\\\/decofoodshop.nl\\\/product\\\/lange-namaak-druivenblad-slinger\\\/\",\"name\":\"Lange Namaak Druivenblad Slinger - kopen bij Decofoodshop\",\"isPartOf\":{\"@id\":\"https:\\\/\\\/decofoodshop.nl\\\/#website\"},\"primaryImageOfPage\":{\"@id\":\"https:\\\/\\\/decofoodshop.nl\\\/product\\\/lange-namaak-druivenblad-slinger\\\/#primaryimage\"},\"image\":{\"@id\":\"https:\\\/\\\/decofoodshop.nl\\\/product\\\/lange-namaak-druivenblad-slinger\\\/#primaryimage\"},\"thumbnailUrl\":\"https:\\\/\\\/decofoodshop.nl\\\/wp-content\\\/uploads\\\/2020\\\/06\\\/Kunstdruifrank-220cm-2.jpg\",\"datePublished\":\"2020-06-21T16:02:45+00:00\",\"dateModified\":\"2026-04-13T14:13:40+00:00\",\"description\":\"Lange Namaak Druivenblad Slinger met natuurgetrouwe blaadjes. Makkelijk op te hangen en te buigen in elk gewenste vorm van decofoodshop.\",\"breadcrumb\":{\"@id\":\"https:\\\/\\\/decofoodshop.nl\\\/product\\\/lange-namaak-druivenblad-slinger\\\/#breadcrumb\"},\"inLanguage\":\"de\",\"potentialAction\":[{\"@type\":\"ReadAction\",\"target\":[\"https:\\\/\\\/decofoodshop.nl\\\/product\\\/lange-namaak-druivenblad-slinger\\\/\"]}]},{\"@type\":\"ImageObject\",\"inLanguage\":\"de\",\"@id\":\"https:\\\/\\\/decofoodshop.nl\\\/product\\\/lange-namaak-druivenblad-slinger\\\/#primaryimage\",\"url\":\"https:\\\/\\\/decofoodshop.nl\\\/wp-content\\\/uploads\\\/2020\\\/06\\\/Kunstdruifrank-220cm-2.jpg\",\"contentUrl\":\"https:\\\/\\\/decofoodshop.nl\\\/wp-content\\\/uploads\\\/2020\\\/06\\\/Kunstdruifrank-220cm-2.jpg\",\"width\":1076,\"height\":1072,\"caption\":\"Lange Namaak Druivenblad Slinger van Decofoodhsop\"},{\"@type\":\"BreadcrumbList\",\"@id\":\"https:\\\/\\\/decofoodshop.nl\\\/product\\\/lange-namaak-druivenblad-slinger\\\/#breadcrumb\",\"itemListElement\":[{\"@type\":\"ListItem\",\"position\":1,\"name\":\"Home\",\"item\":\"https:\\\/\\\/decofoodshop.nl\\\/\"},{\"@type\":\"ListItem\",\"position\":2,\"name\":\"Winkel\",\"item\":\"https:\\\/\\\/decofoodshop.nl\\\/winkel\\\/\"},{\"@type\":\"ListItem\",\"position\":3,\"name\":\"Lange Namaak Druivenblad Slinger\"}]},{\"@type\":\"WebSite\",\"@id\":\"https:\\\/\\\/decofoodshop.nl\\\/#website\",\"url\":\"https:\\\/\\\/decofoodshop.nl\\\/\",\"name\":\"Decofoodshop\",\"description\":\"\",\"potentialAction\":[{\"@type\":\"SearchAction\",\"target\":{\"@type\":\"EntryPoint\",\"urlTemplate\":\"https:\\\/\\\/decofoodshop.nl\\\/?s={search_term_string}\"},\"query-input\":{\"@type\":\"PropertyValueSpecification\",\"valueRequired\":true,\"valueName\":\"search_term_string\"}}],\"inLanguage\":\"de\"}]}<\/script>\n<!-- \/ Yoast SEO Premium plugin. -->","yoast_head_json":{"title":"Lange falsche Weinblatt-Girlande - kaufen bei Decofoodshop","description":"Lange gef\u00e4lschte Weinblatt-Girlande mit nat\u00fcrlich aussehenden Bl\u00e4ttern. Einfach aufzuh\u00e4ngen und in jede gew\u00fcnschte Form zu biegen von decofoodshop.","robots":{"index":"index","follow":"follow","max-snippet":"max-snippet:-1","max-image-preview":"max-image-preview:large","max-video-preview":"max-video-preview:-1"},"canonical":"https:\/\/decofoodshop.nl\/de\/produkt\/lange-gefalschte-weinblattgirlande\/","og_locale":"de_DE","og_type":"article","og_title":"Lange Namaak Druivenblad Slinger","og_description":"Lange Namaak Druivenblad Slinger met natuurgetrouwe blaadjes. Makkelijk op te hangen en te buigen in elk gewenste vorm van decofoodshop.","og_url":"https:\/\/decofoodshop.nl\/de\/produkt\/lange-gefalschte-weinblattgirlande\/","og_site_name":"Decofoodshop","article_modified_time":"2026-04-13T14:13:40+00:00","og_image":[{"width":1076,"height":1072,"url":"https:\/\/decofoodshop.nl\/wp-content\/uploads\/2020\/06\/Kunstdruifrank-220cm-2.jpg","type":"image\/jpeg"}],"twitter_card":"summary_large_image","twitter_misc":{"Gesch\u00e4tzte Lesezeit":"1\u00a0Minute"},"schema":{"@context":"https:\/\/schema.org","@graph":[{"@type":"WebPage","@id":"https:\/\/decofoodshop.nl\/product\/lange-namaak-druivenblad-slinger\/","url":"https:\/\/decofoodshop.nl\/product\/lange-namaak-druivenblad-slinger\/","name":"Lange falsche Weinblatt-Girlande - kaufen bei Decofoodshop","isPartOf":{"@id":"https:\/\/decofoodshop.nl\/#website"},"primaryImageOfPage":{"@id":"https:\/\/decofoodshop.nl\/product\/lange-namaak-druivenblad-slinger\/#primaryimage"},"image":{"@id":"https:\/\/decofoodshop.nl\/product\/lange-namaak-druivenblad-slinger\/#primaryimage"},"thumbnailUrl":"https:\/\/decofoodshop.nl\/wp-content\/uploads\/2020\/06\/Kunstdruifrank-220cm-2.jpg","datePublished":"2020-06-21T16:02:45+00:00","dateModified":"2026-04-13T14:13:40+00:00","description":"Lange gef\u00e4lschte Weinblatt-Girlande mit nat\u00fcrlich aussehenden Bl\u00e4ttern. Einfach aufzuh\u00e4ngen und in jede gew\u00fcnschte Form zu biegen von decofoodshop.","breadcrumb":{"@id":"https:\/\/decofoodshop.nl\/product\/lange-namaak-druivenblad-slinger\/#breadcrumb"},"inLanguage":"de","potentialAction":[{"@type":"ReadAction","target":["https:\/\/decofoodshop.nl\/product\/lange-namaak-druivenblad-slinger\/"]}]},{"@type":"ImageObject","inLanguage":"de","@id":"https:\/\/decofoodshop.nl\/product\/lange-namaak-druivenblad-slinger\/#primaryimage","url":"https:\/\/decofoodshop.nl\/wp-content\/uploads\/2020\/06\/Kunstdruifrank-220cm-2.jpg","contentUrl":"https:\/\/decofoodshop.nl\/wp-content\/uploads\/2020\/06\/Kunstdruifrank-220cm-2.jpg","width":1076,"height":1072,"caption":"Lange Namaak Druivenblad Slinger van Decofoodhsop"},{"@type":"BreadcrumbList","@id":"https:\/\/decofoodshop.nl\/product\/lange-namaak-druivenblad-slinger\/#breadcrumb","itemListElement":[{"@type":"ListItem","position":1,"name":"Home","item":"https:\/\/decofoodshop.nl\/"},{"@type":"ListItem","position":2,"name":"Winkel","item":"https:\/\/decofoodshop.nl\/winkel\/"},{"@type":"ListItem","position":3,"name":"Lange Namaak Druivenblad Slinger"}]},{"@type":"WebSite","@id":"https:\/\/decofoodshop.nl\/#website","url":"https:\/\/decofoodshop.nl\/","name":"Dekofoodshop","description":"","potentialAction":[{"@type":"SearchAction","target":{"@type":"EntryPoint","urlTemplate":"https:\/\/decofoodshop.nl\/?s={search_term_string}"},"query-input":{"@type":"PropertyValueSpecification","valueRequired":true,"valueName":"search_term_string"}}],"inLanguage":"de"}]}},"_links":{"self":[{"href":"https:\/\/decofoodshop.nl\/de\/wp-json\/wp\/v2\/product\/3240","targetHints":{"allow":["GET"]}}],"collection":[{"href":"https:\/\/decofoodshop.nl\/de\/wp-json\/wp\/v2\/product"}],"about":[{"href":"https:\/\/decofoodshop.nl\/de\/wp-json\/wp\/v2\/types\/product"}],"wp:featuredmedia":[{"embeddable":true,"href":"https:\/\/decofoodshop.nl\/de\/wp-json\/wp\/v2\/media\/3241"}],"wp:attachment":[{"href":"https:\/\/decofoodshop.nl\/de\/wp-json\/wp\/v2\/media?parent=3240"}],"wp:term":[{"taxonomy":"product_brand","embeddable":true,"href":"https:\/\/decofoodshop.nl\/de\/wp-json\/wp\/v2\/product_brand?post=3240"},{"taxonomy":"product_cat","embeddable":true,"href":"https:\/\/decofoodshop.nl\/de\/wp-json\/wp\/v2\/product_cat?post=3240"},{"taxonomy":"product_tag","embeddable":true,"href":"https:\/\/decofoodshop.nl\/de\/wp-json\/wp\/v2\/product_tag?post=3240"}],"curies":[{"name":"wp","href":"https:\/\/api.w.org\/{rel}","templated":true}]}}