{"id":3244,"date":"2020-06-21T20:12:42","date_gmt":"2020-06-21T18:12:42","guid":{"rendered":"https:\/\/decofoodshop.nl\/?post_type=product&#038;p=3244"},"modified":"2026-02-28T14:57:44","modified_gmt":"2026-02-28T13:57:44","slug":"girlande-mit-weinblattern-fur-den-aussenbereich","status":"publish","type":"product","link":"https:\/\/decofoodshop.nl\/de\/product\/slinger-met-druivenbladeren-voor-buitengebruik\/","title":{"rendered":"Girlande mit Weinbl\u00e4ttern f\u00fcr den Au\u00dfenbereich"},"content":{"rendered":"<p>Robuste Girlande mit Weinbl\u00e4ttern f\u00fcr den Au\u00dfenbereich.<\/p>\n<p>Diese 200 cm lange Weinblattgirlande ist von allerbester Qualit\u00e4t.<\/p>\n<p>Die Weinblattgirlande ist in einem St\u00fcck gefertigt.<\/p>\n<p>Dadurch sind alle Bl\u00e4tter immer gut bei Wind und Wetter gesichert.<\/p>\n<p>Das gesamte Pendel hat einen inneren Metalldraht.<\/p>\n<p>Neben ihrer Festigkeit behalten die Weinbl\u00e4tter auch ihre sch\u00f6ne Farbe und Form.<\/p>\n<p>Diese k\u00fcnstliche Weinblattgirlande ist f\u00fcr den professionellen Einsatz geeignet.<\/p>\n<p>Ein absolutes Muss!<\/p>\n<p>Werfen Sie einen Blick auf unsere Pakete in der Kategorie: \u201e<span style=\"color: #008000;\"><strong><a style=\"color: #008000;\" href=\"https:\/\/decofoodshop.nl\/de\/produktkategorie-2\/pakete\/\">Pakete<\/a><\/strong><\/span>&#8220;.<\/p>\n<p>&nbsp;<\/p>","protected":false},"excerpt":{"rendered":"<p>Stevige Slinger met Druivenbladeren voor Buitengebruik. Deze druifblad slinger van 200cm lang is van de allerbeste kwaliteit. De druivenblad slinger is gemaakt uit \u00e9\u00e9n geheel. Hierdoor zitten alle bladeren altijd goed vast door weer en wind. De gehele slinger is voorzien van een interne metaaldraad. Naast hun stevigheid blijven de druivenbladeren ook mooi op kleur [&hellip;]<\/p>\n","protected":false},"featured_media":3245,"template":"","meta":{"_acf_changed":false,"_genesis_hide_title":false,"_genesis_hide_breadcrumbs":false,"_genesis_hide_singular_image":false,"_genesis_hide_footer_widgets":false,"_genesis_custom_body_class":"","_genesis_custom_post_class":"","_genesis_layout":""},"product_brand":[],"product_cat":[51],"product_tag":[],"class_list":{"0":"post-3244","1":"product","2":"type-product","3":"status-publish","4":"has-post-thumbnail","6":"product_cat-overige","7":"entry","8":"wpx-has-gallery","10":"first","11":"instock","12":"taxable","13":"shipping-taxable","14":"purchasable","15":"product-type-simple"},"acf":[],"yoast_head":"<!-- This site is optimized with the Yoast SEO Premium plugin v27.3 (Yoast SEO v27.3) - https:\/\/yoast.com\/product\/yoast-seo-premium-wordpress\/ -->\n<title>Slinger met Druivenbladeren voor Buitengebruik - bij Decofoodshop<\/title>\n<meta name=\"description\" content=\"Slinger met Druivenbladeren voor Buitengebruik van Decofoodshop. Geschikt om buiten op te hangen. Bijzonder stevig en zeer natuurgetrouw.\" \/>\n<meta name=\"robots\" content=\"index, follow, max-snippet:-1, max-image-preview:large, max-video-preview:-1\" \/>\n<link rel=\"canonical\" href=\"https:\/\/decofoodshop.nl\/de\/produkt\/girlande-mit-weinblattern-fur-den-aussenbereich\/\" \/>\n<meta property=\"og:locale\" content=\"de_DE\" \/>\n<meta property=\"og:type\" content=\"article\" \/>\n<meta property=\"og:title\" content=\"Slinger met Druivenbladeren voor Buitengebruik\" \/>\n<meta property=\"og:description\" content=\"Slinger met Druivenbladeren voor Buitengebruik van Decofoodshop. Geschikt om buiten op te hangen. Bijzonder stevig en zeer natuurgetrouw.\" \/>\n<meta property=\"og:url\" content=\"https:\/\/decofoodshop.nl\/de\/produkt\/girlande-mit-weinblattern-fur-den-aussenbereich\/\" \/>\n<meta property=\"og:site_name\" content=\"Decofoodshop\" \/>\n<meta property=\"article:modified_time\" content=\"2026-02-28T13:57:44+00:00\" \/>\n<meta property=\"og:image\" content=\"https:\/\/decofoodshop.nl\/wp-content\/uploads\/2020\/06\/Druifrank-voor-Buiten-200cm.jpg\" \/>\n\t<meta property=\"og:image:width\" content=\"1200\" \/>\n\t<meta property=\"og:image:height\" content=\"1200\" \/>\n\t<meta property=\"og:image:type\" content=\"image\/jpeg\" \/>\n<meta name=\"twitter:card\" content=\"summary_large_image\" \/>\n<meta name=\"twitter:label1\" content=\"Gesch\u00e4tzte Lesezeit\" \/>\n\t<meta name=\"twitter:data1\" content=\"1\u00a0Minute\" \/>\n<script type=\"application\/ld+json\" class=\"yoast-schema-graph\">{\"@context\":\"https:\\\/\\\/schema.org\",\"@graph\":[{\"@type\":\"WebPage\",\"@id\":\"https:\\\/\\\/decofoodshop.nl\\\/product\\\/slinger-met-druivenbladeren-voor-buitengebruik\\\/\",\"url\":\"https:\\\/\\\/decofoodshop.nl\\\/product\\\/slinger-met-druivenbladeren-voor-buitengebruik\\\/\",\"name\":\"Slinger met Druivenbladeren voor Buitengebruik - bij Decofoodshop\",\"isPartOf\":{\"@id\":\"https:\\\/\\\/decofoodshop.nl\\\/#website\"},\"primaryImageOfPage\":{\"@id\":\"https:\\\/\\\/decofoodshop.nl\\\/product\\\/slinger-met-druivenbladeren-voor-buitengebruik\\\/#primaryimage\"},\"image\":{\"@id\":\"https:\\\/\\\/decofoodshop.nl\\\/product\\\/slinger-met-druivenbladeren-voor-buitengebruik\\\/#primaryimage\"},\"thumbnailUrl\":\"https:\\\/\\\/decofoodshop.nl\\\/wp-content\\\/uploads\\\/2020\\\/06\\\/Druifrank-voor-Buiten-200cm.jpg\",\"datePublished\":\"2020-06-21T18:12:42+00:00\",\"dateModified\":\"2026-02-28T13:57:44+00:00\",\"description\":\"Slinger met Druivenbladeren voor Buitengebruik van Decofoodshop. Geschikt om buiten op te hangen. Bijzonder stevig en zeer natuurgetrouw.\",\"breadcrumb\":{\"@id\":\"https:\\\/\\\/decofoodshop.nl\\\/product\\\/slinger-met-druivenbladeren-voor-buitengebruik\\\/#breadcrumb\"},\"inLanguage\":\"de\",\"potentialAction\":[{\"@type\":\"ReadAction\",\"target\":[\"https:\\\/\\\/decofoodshop.nl\\\/product\\\/slinger-met-druivenbladeren-voor-buitengebruik\\\/\"]}]},{\"@type\":\"ImageObject\",\"inLanguage\":\"de\",\"@id\":\"https:\\\/\\\/decofoodshop.nl\\\/product\\\/slinger-met-druivenbladeren-voor-buitengebruik\\\/#primaryimage\",\"url\":\"https:\\\/\\\/decofoodshop.nl\\\/wp-content\\\/uploads\\\/2020\\\/06\\\/Druifrank-voor-Buiten-200cm.jpg\",\"contentUrl\":\"https:\\\/\\\/decofoodshop.nl\\\/wp-content\\\/uploads\\\/2020\\\/06\\\/Druifrank-voor-Buiten-200cm.jpg\",\"width\":1200,\"height\":1200,\"caption\":\"Slinger met Druivenbladeren voor Buitengebruik van Decofoodshop\"},{\"@type\":\"BreadcrumbList\",\"@id\":\"https:\\\/\\\/decofoodshop.nl\\\/product\\\/slinger-met-druivenbladeren-voor-buitengebruik\\\/#breadcrumb\",\"itemListElement\":[{\"@type\":\"ListItem\",\"position\":1,\"name\":\"Home\",\"item\":\"https:\\\/\\\/decofoodshop.nl\\\/\"},{\"@type\":\"ListItem\",\"position\":2,\"name\":\"Winkel\",\"item\":\"https:\\\/\\\/decofoodshop.nl\\\/winkel\\\/\"},{\"@type\":\"ListItem\",\"position\":3,\"name\":\"Slinger met Druivenbladeren voor Buitengebruik\"}]},{\"@type\":\"WebSite\",\"@id\":\"https:\\\/\\\/decofoodshop.nl\\\/#website\",\"url\":\"https:\\\/\\\/decofoodshop.nl\\\/\",\"name\":\"Decofoodshop\",\"description\":\"\",\"potentialAction\":[{\"@type\":\"SearchAction\",\"target\":{\"@type\":\"EntryPoint\",\"urlTemplate\":\"https:\\\/\\\/decofoodshop.nl\\\/?s={search_term_string}\"},\"query-input\":{\"@type\":\"PropertyValueSpecification\",\"valueRequired\":true,\"valueName\":\"search_term_string\"}}],\"inLanguage\":\"de\"}]}<\/script>\n<!-- \/ Yoast SEO Premium plugin. -->","yoast_head_json":{"title":"Girlande mit Weinbl\u00e4ttern f\u00fcr den Au\u00dfenbereich - bei Decofoodshop","description":"Girlande mit Weinbl\u00e4ttern f\u00fcr den Au\u00dfenbereich von Decofoodshop. Geeignet zum Aufh\u00e4ngen im Freien. Besonders robust und sehr nat\u00fcrlich.","robots":{"index":"index","follow":"follow","max-snippet":"max-snippet:-1","max-image-preview":"max-image-preview:large","max-video-preview":"max-video-preview:-1"},"canonical":"https:\/\/decofoodshop.nl\/de\/produkt\/girlande-mit-weinblattern-fur-den-aussenbereich\/","og_locale":"de_DE","og_type":"article","og_title":"Slinger met Druivenbladeren voor Buitengebruik","og_description":"Slinger met Druivenbladeren voor Buitengebruik van Decofoodshop. Geschikt om buiten op te hangen. Bijzonder stevig en zeer natuurgetrouw.","og_url":"https:\/\/decofoodshop.nl\/de\/produkt\/girlande-mit-weinblattern-fur-den-aussenbereich\/","og_site_name":"Decofoodshop","article_modified_time":"2026-02-28T13:57:44+00:00","og_image":[{"width":1200,"height":1200,"url":"https:\/\/decofoodshop.nl\/wp-content\/uploads\/2020\/06\/Druifrank-voor-Buiten-200cm.jpg","type":"image\/jpeg"}],"twitter_card":"summary_large_image","twitter_misc":{"Gesch\u00e4tzte Lesezeit":"1\u00a0Minute"},"schema":{"@context":"https:\/\/schema.org","@graph":[{"@type":"WebPage","@id":"https:\/\/decofoodshop.nl\/product\/slinger-met-druivenbladeren-voor-buitengebruik\/","url":"https:\/\/decofoodshop.nl\/product\/slinger-met-druivenbladeren-voor-buitengebruik\/","name":"Girlande mit Weinbl\u00e4ttern f\u00fcr den Au\u00dfenbereich - bei Decofoodshop","isPartOf":{"@id":"https:\/\/decofoodshop.nl\/#website"},"primaryImageOfPage":{"@id":"https:\/\/decofoodshop.nl\/product\/slinger-met-druivenbladeren-voor-buitengebruik\/#primaryimage"},"image":{"@id":"https:\/\/decofoodshop.nl\/product\/slinger-met-druivenbladeren-voor-buitengebruik\/#primaryimage"},"thumbnailUrl":"https:\/\/decofoodshop.nl\/wp-content\/uploads\/2020\/06\/Druifrank-voor-Buiten-200cm.jpg","datePublished":"2020-06-21T18:12:42+00:00","dateModified":"2026-02-28T13:57:44+00:00","description":"Girlande mit Weinbl\u00e4ttern f\u00fcr den Au\u00dfenbereich von Decofoodshop. Geeignet zum Aufh\u00e4ngen im Freien. Besonders robust und sehr nat\u00fcrlich.","breadcrumb":{"@id":"https:\/\/decofoodshop.nl\/product\/slinger-met-druivenbladeren-voor-buitengebruik\/#breadcrumb"},"inLanguage":"de","potentialAction":[{"@type":"ReadAction","target":["https:\/\/decofoodshop.nl\/product\/slinger-met-druivenbladeren-voor-buitengebruik\/"]}]},{"@type":"ImageObject","inLanguage":"de","@id":"https:\/\/decofoodshop.nl\/product\/slinger-met-druivenbladeren-voor-buitengebruik\/#primaryimage","url":"https:\/\/decofoodshop.nl\/wp-content\/uploads\/2020\/06\/Druifrank-voor-Buiten-200cm.jpg","contentUrl":"https:\/\/decofoodshop.nl\/wp-content\/uploads\/2020\/06\/Druifrank-voor-Buiten-200cm.jpg","width":1200,"height":1200,"caption":"Slinger met Druivenbladeren voor Buitengebruik van Decofoodshop"},{"@type":"BreadcrumbList","@id":"https:\/\/decofoodshop.nl\/product\/slinger-met-druivenbladeren-voor-buitengebruik\/#breadcrumb","itemListElement":[{"@type":"ListItem","position":1,"name":"Home","item":"https:\/\/decofoodshop.nl\/"},{"@type":"ListItem","position":2,"name":"Winkel","item":"https:\/\/decofoodshop.nl\/winkel\/"},{"@type":"ListItem","position":3,"name":"Slinger met Druivenbladeren voor Buitengebruik"}]},{"@type":"WebSite","@id":"https:\/\/decofoodshop.nl\/#website","url":"https:\/\/decofoodshop.nl\/","name":"Dekofoodshop","description":"","potentialAction":[{"@type":"SearchAction","target":{"@type":"EntryPoint","urlTemplate":"https:\/\/decofoodshop.nl\/?s={search_term_string}"},"query-input":{"@type":"PropertyValueSpecification","valueRequired":true,"valueName":"search_term_string"}}],"inLanguage":"de"}]}},"_links":{"self":[{"href":"https:\/\/decofoodshop.nl\/de\/wp-json\/wp\/v2\/product\/3244","targetHints":{"allow":["GET"]}}],"collection":[{"href":"https:\/\/decofoodshop.nl\/de\/wp-json\/wp\/v2\/product"}],"about":[{"href":"https:\/\/decofoodshop.nl\/de\/wp-json\/wp\/v2\/types\/product"}],"wp:featuredmedia":[{"embeddable":true,"href":"https:\/\/decofoodshop.nl\/de\/wp-json\/wp\/v2\/media\/3245"}],"wp:attachment":[{"href":"https:\/\/decofoodshop.nl\/de\/wp-json\/wp\/v2\/media?parent=3244"}],"wp:term":[{"taxonomy":"product_brand","embeddable":true,"href":"https:\/\/decofoodshop.nl\/de\/wp-json\/wp\/v2\/product_brand?post=3244"},{"taxonomy":"product_cat","embeddable":true,"href":"https:\/\/decofoodshop.nl\/de\/wp-json\/wp\/v2\/product_cat?post=3244"},{"taxonomy":"product_tag","embeddable":true,"href":"https:\/\/decofoodshop.nl\/de\/wp-json\/wp\/v2\/product_tag?post=3244"}],"curies":[{"name":"wp","href":"https:\/\/api.w.org\/{rel}","templated":true}]}}