{"id":3249,"date":"2020-06-15T10:13:50","date_gmt":"2020-06-15T10:13:50","guid":{"rendered":"https:\/\/decofoodshop.nl\/?post_type=product&#038;p=3249"},"modified":"2026-04-01T22:26:40","modified_gmt":"2026-04-01T20:26:40","slug":"gefalschtes-schokoladeneis","status":"publish","type":"product","link":"https:\/\/decofoodshop.nl\/de\/product\/namaak-chocolade-ijsje\/","title":{"rendered":"Gef\u00e4lschtes Schokoladeneis"},"content":{"rendered":"<p>Super sch\u00f6nes gef\u00e4lschtes Schokoladeneis.<\/p>\n<p>Die N\u00fcsse machen dieses gef\u00e4lschte Eis fast nicht von der echten Eiscreme zu unterscheiden.<\/p>\n<p>Auch mit einem Holzgriff ausgestattet.<\/p>\n<p>Das Eis ist aus Schaum und daher komprimierbar.<\/p>\n<p>Sehr realistisch und nicht zerbrechlich.<\/p>\n<p>Weitere Leckereien finden Sie unter <strong><span style=\"color: #008000;\"><a style=\"color: #008000;\" href=\"https:\/\/decofoodshop.nl\/de\/produktkategorie-2\/brotkuchen\/\">&#039;Brot&amp;Geb\u00e4ck&#039;<\/a>.<\/span><\/strong><\/p>","protected":false},"excerpt":{"rendered":"<p>Super sch\u00f6nes gef\u00e4lschtes Schokoladeneis. Aufgrund der N\u00fcsse ist dieses gef\u00e4lschte Eis fast nicht vom echten zu unterscheiden. Auch mit einem Holzgriff ausgestattet. Das Eis besteht aus Schaum und kann daher gepresst werden. Sehr realistisch und nicht zerbrechlich. Weitere Leckereien finden Sie unter &#039;Brood &amp; Pastry&#039;.<\/p>","protected":false},"featured_media":3277,"template":"","meta":{"_acf_changed":false,"_genesis_hide_title":false,"_genesis_hide_breadcrumbs":false,"_genesis_hide_singular_image":false,"_genesis_hide_footer_widgets":false,"_genesis_custom_body_class":"","_genesis_custom_post_class":"","_genesis_layout":""},"product_brand":[],"product_cat":[51],"product_tag":[],"class_list":{"0":"post-3249","1":"product","2":"type-product","3":"status-publish","4":"has-post-thumbnail","6":"product_cat-overige","7":"entry","8":"wpx-has-gallery","10":"first","11":"instock","12":"taxable","13":"shipping-taxable","14":"purchasable","15":"product-type-simple"},"acf":[],"yoast_head":"<!-- This site is optimized with the Yoast SEO Premium plugin v27.3 (Yoast SEO v27.4) - https:\/\/yoast.com\/product\/yoast-seo-premium-wordpress\/ -->\n<title>Namaak Chocolade IJsje - Verkrijgbaar Bij Decofoodshop<\/title>\n<meta name=\"description\" content=\"Leuk namaak chocolade ijsje met nootjes. Ook hebben we een sinaasappel ijsje en nog meer leuke gebakjes. Voor meer kijk op Decofoodshop.nl\" \/>\n<meta name=\"robots\" content=\"index, follow, max-snippet:-1, max-image-preview:large, max-video-preview:-1\" \/>\n<link rel=\"canonical\" href=\"https:\/\/decofoodshop.nl\/de\/produkt\/gefalschtes-schokoladeneis\/\" \/>\n<meta property=\"og:locale\" content=\"de_DE\" \/>\n<meta property=\"og:type\" content=\"article\" \/>\n<meta property=\"og:title\" content=\"Namaak Chocolade IJsje\" \/>\n<meta property=\"og:description\" content=\"Leuk namaak chocolade ijsje met nootjes. Ook hebben we een sinaasappel ijsje en nog meer leuke gebakjes. Voor meer kijk op Decofoodshop.nl\" \/>\n<meta property=\"og:url\" content=\"https:\/\/decofoodshop.nl\/de\/produkt\/gefalschtes-schokoladeneis\/\" \/>\n<meta property=\"og:site_name\" content=\"Decofoodshop\" \/>\n<meta property=\"article:modified_time\" content=\"2026-04-01T20:26:40+00:00\" \/>\n<meta property=\"og:image\" content=\"https:\/\/decofoodshop.nl\/wp-content\/uploads\/2020\/06\/Namaak-Chocolade-Ijsje.jpg\" \/>\n\t<meta property=\"og:image:width\" content=\"1200\" \/>\n\t<meta property=\"og:image:height\" content=\"1200\" \/>\n\t<meta property=\"og:image:type\" content=\"image\/jpeg\" \/>\n<meta name=\"twitter:card\" content=\"summary_large_image\" \/>\n<meta name=\"twitter:label1\" content=\"Gesch\u00e4tzte Lesezeit\" \/>\n\t<meta name=\"twitter:data1\" content=\"1\u00a0Minute\" \/>\n<script type=\"application\/ld+json\" class=\"yoast-schema-graph\">{\"@context\":\"https:\\\/\\\/schema.org\",\"@graph\":[{\"@type\":\"WebPage\",\"@id\":\"https:\\\/\\\/decofoodshop.nl\\\/product\\\/namaak-chocolade-ijsje\\\/\",\"url\":\"https:\\\/\\\/decofoodshop.nl\\\/product\\\/namaak-chocolade-ijsje\\\/\",\"name\":\"Namaak Chocolade IJsje - Verkrijgbaar Bij Decofoodshop\",\"isPartOf\":{\"@id\":\"https:\\\/\\\/decofoodshop.nl\\\/#website\"},\"primaryImageOfPage\":{\"@id\":\"https:\\\/\\\/decofoodshop.nl\\\/product\\\/namaak-chocolade-ijsje\\\/#primaryimage\"},\"image\":{\"@id\":\"https:\\\/\\\/decofoodshop.nl\\\/product\\\/namaak-chocolade-ijsje\\\/#primaryimage\"},\"thumbnailUrl\":\"https:\\\/\\\/decofoodshop.nl\\\/wp-content\\\/uploads\\\/2020\\\/06\\\/Namaak-Chocolade-Ijsje.jpg\",\"datePublished\":\"2020-06-15T10:13:50+00:00\",\"dateModified\":\"2026-04-01T20:26:40+00:00\",\"description\":\"Leuk namaak chocolade ijsje met nootjes. Ook hebben we een sinaasappel ijsje en nog meer leuke gebakjes. Voor meer kijk op Decofoodshop.nl\",\"breadcrumb\":{\"@id\":\"https:\\\/\\\/decofoodshop.nl\\\/product\\\/namaak-chocolade-ijsje\\\/#breadcrumb\"},\"inLanguage\":\"de\",\"potentialAction\":[{\"@type\":\"ReadAction\",\"target\":[\"https:\\\/\\\/decofoodshop.nl\\\/product\\\/namaak-chocolade-ijsje\\\/\"]}]},{\"@type\":\"ImageObject\",\"inLanguage\":\"de\",\"@id\":\"https:\\\/\\\/decofoodshop.nl\\\/product\\\/namaak-chocolade-ijsje\\\/#primaryimage\",\"url\":\"https:\\\/\\\/decofoodshop.nl\\\/wp-content\\\/uploads\\\/2020\\\/06\\\/Namaak-Chocolade-Ijsje.jpg\",\"contentUrl\":\"https:\\\/\\\/decofoodshop.nl\\\/wp-content\\\/uploads\\\/2020\\\/06\\\/Namaak-Chocolade-Ijsje.jpg\",\"width\":1200,\"height\":1200,\"caption\":\"Namaak Chocolade Ijsje\"},{\"@type\":\"BreadcrumbList\",\"@id\":\"https:\\\/\\\/decofoodshop.nl\\\/product\\\/namaak-chocolade-ijsje\\\/#breadcrumb\",\"itemListElement\":[{\"@type\":\"ListItem\",\"position\":1,\"name\":\"Home\",\"item\":\"https:\\\/\\\/decofoodshop.nl\\\/\"},{\"@type\":\"ListItem\",\"position\":2,\"name\":\"Winkel\",\"item\":\"https:\\\/\\\/decofoodshop.nl\\\/winkel\\\/\"},{\"@type\":\"ListItem\",\"position\":3,\"name\":\"Namaak Chocolade IJsje\"}]},{\"@type\":\"WebSite\",\"@id\":\"https:\\\/\\\/decofoodshop.nl\\\/#website\",\"url\":\"https:\\\/\\\/decofoodshop.nl\\\/\",\"name\":\"Decofoodshop\",\"description\":\"\",\"potentialAction\":[{\"@type\":\"SearchAction\",\"target\":{\"@type\":\"EntryPoint\",\"urlTemplate\":\"https:\\\/\\\/decofoodshop.nl\\\/?s={search_term_string}\"},\"query-input\":{\"@type\":\"PropertyValueSpecification\",\"valueRequired\":true,\"valueName\":\"search_term_string\"}}],\"inLanguage\":\"de\"}]}<\/script>\n<!-- \/ Yoast SEO Premium plugin. -->","yoast_head_json":{"title":"Gef\u00e4lschtes Schokoladeneis \u2013 erh\u00e4ltlich bei Decofoodshop","description":"Sch\u00f6nes gef\u00e4lschtes Schokoladeneis mit N\u00fcssen. Wir haben auch ein Orangeneis und mehr sch\u00f6nes Geb\u00e4ck. Weitere Informationen finden Sie unter Decofoodshop.nl","robots":{"index":"index","follow":"follow","max-snippet":"max-snippet:-1","max-image-preview":"max-image-preview:large","max-video-preview":"max-video-preview:-1"},"canonical":"https:\/\/decofoodshop.nl\/de\/produkt\/gefalschtes-schokoladeneis\/","og_locale":"de_DE","og_type":"article","og_title":"Namaak Chocolade IJsje","og_description":"Leuk namaak chocolade ijsje met nootjes. Ook hebben we een sinaasappel ijsje en nog meer leuke gebakjes. Voor meer kijk op Decofoodshop.nl","og_url":"https:\/\/decofoodshop.nl\/de\/produkt\/gefalschtes-schokoladeneis\/","og_site_name":"Decofoodshop","article_modified_time":"2026-04-01T20:26:40+00:00","og_image":[{"width":1200,"height":1200,"url":"https:\/\/decofoodshop.nl\/wp-content\/uploads\/2020\/06\/Namaak-Chocolade-Ijsje.jpg","type":"image\/jpeg"}],"twitter_card":"summary_large_image","twitter_misc":{"Gesch\u00e4tzte Lesezeit":"1\u00a0Minute"},"schema":{"@context":"https:\/\/schema.org","@graph":[{"@type":"WebPage","@id":"https:\/\/decofoodshop.nl\/product\/namaak-chocolade-ijsje\/","url":"https:\/\/decofoodshop.nl\/product\/namaak-chocolade-ijsje\/","name":"Gef\u00e4lschtes Schokoladeneis \u2013 erh\u00e4ltlich bei Decofoodshop","isPartOf":{"@id":"https:\/\/decofoodshop.nl\/#website"},"primaryImageOfPage":{"@id":"https:\/\/decofoodshop.nl\/product\/namaak-chocolade-ijsje\/#primaryimage"},"image":{"@id":"https:\/\/decofoodshop.nl\/product\/namaak-chocolade-ijsje\/#primaryimage"},"thumbnailUrl":"https:\/\/decofoodshop.nl\/wp-content\/uploads\/2020\/06\/Namaak-Chocolade-Ijsje.jpg","datePublished":"2020-06-15T10:13:50+00:00","dateModified":"2026-04-01T20:26:40+00:00","description":"Sch\u00f6nes gef\u00e4lschtes Schokoladeneis mit N\u00fcssen. Wir haben auch ein Orangeneis und mehr sch\u00f6nes Geb\u00e4ck. Weitere Informationen finden Sie unter Decofoodshop.nl","breadcrumb":{"@id":"https:\/\/decofoodshop.nl\/product\/namaak-chocolade-ijsje\/#breadcrumb"},"inLanguage":"de","potentialAction":[{"@type":"ReadAction","target":["https:\/\/decofoodshop.nl\/product\/namaak-chocolade-ijsje\/"]}]},{"@type":"ImageObject","inLanguage":"de","@id":"https:\/\/decofoodshop.nl\/product\/namaak-chocolade-ijsje\/#primaryimage","url":"https:\/\/decofoodshop.nl\/wp-content\/uploads\/2020\/06\/Namaak-Chocolade-Ijsje.jpg","contentUrl":"https:\/\/decofoodshop.nl\/wp-content\/uploads\/2020\/06\/Namaak-Chocolade-Ijsje.jpg","width":1200,"height":1200,"caption":"Namaak Chocolade Ijsje"},{"@type":"BreadcrumbList","@id":"https:\/\/decofoodshop.nl\/product\/namaak-chocolade-ijsje\/#breadcrumb","itemListElement":[{"@type":"ListItem","position":1,"name":"Home","item":"https:\/\/decofoodshop.nl\/"},{"@type":"ListItem","position":2,"name":"Winkel","item":"https:\/\/decofoodshop.nl\/winkel\/"},{"@type":"ListItem","position":3,"name":"Namaak Chocolade IJsje"}]},{"@type":"WebSite","@id":"https:\/\/decofoodshop.nl\/#website","url":"https:\/\/decofoodshop.nl\/","name":"Dekofoodshop","description":"","potentialAction":[{"@type":"SearchAction","target":{"@type":"EntryPoint","urlTemplate":"https:\/\/decofoodshop.nl\/?s={search_term_string}"},"query-input":{"@type":"PropertyValueSpecification","valueRequired":true,"valueName":"search_term_string"}}],"inLanguage":"de"}]}},"_links":{"self":[{"href":"https:\/\/decofoodshop.nl\/de\/wp-json\/wp\/v2\/product\/3249","targetHints":{"allow":["GET"]}}],"collection":[{"href":"https:\/\/decofoodshop.nl\/de\/wp-json\/wp\/v2\/product"}],"about":[{"href":"https:\/\/decofoodshop.nl\/de\/wp-json\/wp\/v2\/types\/product"}],"wp:featuredmedia":[{"embeddable":true,"href":"https:\/\/decofoodshop.nl\/de\/wp-json\/wp\/v2\/media\/3277"}],"wp:attachment":[{"href":"https:\/\/decofoodshop.nl\/de\/wp-json\/wp\/v2\/media?parent=3249"}],"wp:term":[{"taxonomy":"product_brand","embeddable":true,"href":"https:\/\/decofoodshop.nl\/de\/wp-json\/wp\/v2\/product_brand?post=3249"},{"taxonomy":"product_cat","embeddable":true,"href":"https:\/\/decofoodshop.nl\/de\/wp-json\/wp\/v2\/product_cat?post=3249"},{"taxonomy":"product_tag","embeddable":true,"href":"https:\/\/decofoodshop.nl\/de\/wp-json\/wp\/v2\/product_tag?post=3249"}],"curies":[{"name":"wp","href":"https:\/\/api.w.org\/{rel}","templated":true}]}}