{"id":3256,"date":"2020-06-15T10:24:51","date_gmt":"2020-06-15T10:24:51","guid":{"rendered":"https:\/\/decofoodshop.nl\/?post_type=product&#038;p=3256"},"modified":"2026-04-01T22:26:39","modified_gmt":"2026-04-01T20:26:39","slug":"gefalschte-eiscreme-orange","status":"publish","type":"product","link":"https:\/\/decofoodshop.nl\/de\/product\/nep-ijsje-sinaasappel\/","title":{"rendered":"Gef\u00e4lschte Eiscreme Orange"},"content":{"rendered":"<p>Dieses sch\u00f6ne gef\u00e4lschte Eis mit Orangengeschmack macht super Spa\u00df.<\/p>\n<p>Es sieht aufgrund seiner sch\u00f6nen orangen Farbe genauso aus wie das Original.<\/p>\n<p>Dieses gef\u00e4lschte Eis hat auch einen Holzstiel.<\/p>\n<p>Dadurch wirkt das Eis noch echter.<\/p>\n<p>F\u00fcr mehr siehe<strong><span style=\"color: #008000;\"> <a style=\"color: #008000;\" href=\"https:\/\/decofoodshop.nl\/de\/produktkategorie-2\/brotkuchen\/\">&#039;Brot&amp;Geb\u00e4ck&#039;<\/a>.<\/span><\/strong><\/p>","protected":false},"excerpt":{"rendered":"<p>Dieses sch\u00f6ne gef\u00e4lschte Eis mit Orangengeschmack macht super Spa\u00df. Es sieht aufgrund seiner sch\u00f6nen orangen Farbe genauso aus wie das Original. Dieses gef\u00e4lschte Eis hat auch einen Holzstiel. Dadurch wirkt das Eis noch echter. Weitere Informationen finden Sie unter \u201eBrot &amp; Geb\u00e4ck\u201c.<\/p>","protected":false},"featured_media":3280,"template":"","meta":{"_acf_changed":false,"_genesis_hide_title":false,"_genesis_hide_breadcrumbs":false,"_genesis_hide_singular_image":false,"_genesis_hide_footer_widgets":false,"_genesis_custom_body_class":"","_genesis_custom_post_class":"","_genesis_layout":""},"product_brand":[],"product_cat":[51],"product_tag":[],"class_list":{"0":"post-3256","1":"product","2":"type-product","3":"status-publish","4":"has-post-thumbnail","6":"product_cat-overige","7":"entry","8":"wpx-has-gallery","10":"first","11":"instock","12":"taxable","13":"shipping-taxable","14":"purchasable","15":"product-type-simple"},"acf":[],"yoast_head":"<!-- This site is optimized with the Yoast SEO Premium plugin v27.3 (Yoast SEO v27.4) - https:\/\/yoast.com\/product\/yoast-seo-premium-wordpress\/ -->\n<title>Nep IJsje Sinaasappel - Verkrijgbaar Bij Decofoodshop<\/title>\n<meta name=\"description\" content=\"Leuk Nep Ijsje Sinaasappel met houten steeltje. Wij bieden ook een namaak chocolade ijsje met nootjes aan. Voor allerlei leuk namaak eten zit u bij ons goed!\" \/>\n<meta name=\"robots\" content=\"index, follow, max-snippet:-1, max-image-preview:large, max-video-preview:-1\" \/>\n<link rel=\"canonical\" href=\"https:\/\/decofoodshop.nl\/de\/produkt\/gefalschte-eiscreme-orange\/\" \/>\n<meta property=\"og:locale\" content=\"de_DE\" \/>\n<meta property=\"og:type\" content=\"article\" \/>\n<meta property=\"og:title\" content=\"Nep IJsje Sinaasappel\" \/>\n<meta property=\"og:description\" content=\"Leuk Nep Ijsje Sinaasappel met houten steeltje. Wij bieden ook een namaak chocolade ijsje met nootjes aan. Voor allerlei leuk namaak eten zit u bij ons goed!\" \/>\n<meta property=\"og:url\" content=\"https:\/\/decofoodshop.nl\/de\/produkt\/gefalschte-eiscreme-orange\/\" \/>\n<meta property=\"og:site_name\" content=\"Decofoodshop\" \/>\n<meta property=\"article:modified_time\" content=\"2026-04-01T20:26:39+00:00\" \/>\n<meta property=\"og:image\" content=\"https:\/\/decofoodshop.nl\/wp-content\/uploads\/2020\/06\/Nep-Ijsje-Sinaasappel.jpg\" \/>\n\t<meta property=\"og:image:width\" content=\"1200\" \/>\n\t<meta property=\"og:image:height\" content=\"1197\" \/>\n\t<meta property=\"og:image:type\" content=\"image\/jpeg\" \/>\n<meta name=\"twitter:card\" content=\"summary_large_image\" \/>\n<meta name=\"twitter:label1\" content=\"Gesch\u00e4tzte Lesezeit\" \/>\n\t<meta name=\"twitter:data1\" content=\"1\u00a0Minute\" \/>\n<script type=\"application\/ld+json\" class=\"yoast-schema-graph\">{\"@context\":\"https:\\\/\\\/schema.org\",\"@graph\":[{\"@type\":\"WebPage\",\"@id\":\"https:\\\/\\\/decofoodshop.nl\\\/product\\\/nep-ijsje-sinaasappel\\\/\",\"url\":\"https:\\\/\\\/decofoodshop.nl\\\/product\\\/nep-ijsje-sinaasappel\\\/\",\"name\":\"Nep IJsje Sinaasappel - Verkrijgbaar Bij Decofoodshop\",\"isPartOf\":{\"@id\":\"https:\\\/\\\/decofoodshop.nl\\\/#website\"},\"primaryImageOfPage\":{\"@id\":\"https:\\\/\\\/decofoodshop.nl\\\/product\\\/nep-ijsje-sinaasappel\\\/#primaryimage\"},\"image\":{\"@id\":\"https:\\\/\\\/decofoodshop.nl\\\/product\\\/nep-ijsje-sinaasappel\\\/#primaryimage\"},\"thumbnailUrl\":\"https:\\\/\\\/decofoodshop.nl\\\/wp-content\\\/uploads\\\/2020\\\/06\\\/Nep-Ijsje-Sinaasappel.jpg\",\"datePublished\":\"2020-06-15T10:24:51+00:00\",\"dateModified\":\"2026-04-01T20:26:39+00:00\",\"description\":\"Leuk Nep Ijsje Sinaasappel met houten steeltje. Wij bieden ook een namaak chocolade ijsje met nootjes aan. Voor allerlei leuk namaak eten zit u bij ons goed!\",\"breadcrumb\":{\"@id\":\"https:\\\/\\\/decofoodshop.nl\\\/product\\\/nep-ijsje-sinaasappel\\\/#breadcrumb\"},\"inLanguage\":\"de\",\"potentialAction\":[{\"@type\":\"ReadAction\",\"target\":[\"https:\\\/\\\/decofoodshop.nl\\\/product\\\/nep-ijsje-sinaasappel\\\/\"]}]},{\"@type\":\"ImageObject\",\"inLanguage\":\"de\",\"@id\":\"https:\\\/\\\/decofoodshop.nl\\\/product\\\/nep-ijsje-sinaasappel\\\/#primaryimage\",\"url\":\"https:\\\/\\\/decofoodshop.nl\\\/wp-content\\\/uploads\\\/2020\\\/06\\\/Nep-Ijsje-Sinaasappel.jpg\",\"contentUrl\":\"https:\\\/\\\/decofoodshop.nl\\\/wp-content\\\/uploads\\\/2020\\\/06\\\/Nep-Ijsje-Sinaasappel.jpg\",\"width\":1200,\"height\":1197,\"caption\":\"Nep Ijsje Sinaasappel\"},{\"@type\":\"BreadcrumbList\",\"@id\":\"https:\\\/\\\/decofoodshop.nl\\\/product\\\/nep-ijsje-sinaasappel\\\/#breadcrumb\",\"itemListElement\":[{\"@type\":\"ListItem\",\"position\":1,\"name\":\"Home\",\"item\":\"https:\\\/\\\/decofoodshop.nl\\\/\"},{\"@type\":\"ListItem\",\"position\":2,\"name\":\"Winkel\",\"item\":\"https:\\\/\\\/decofoodshop.nl\\\/winkel\\\/\"},{\"@type\":\"ListItem\",\"position\":3,\"name\":\"Nep IJsje Sinaasappel\"}]},{\"@type\":\"WebSite\",\"@id\":\"https:\\\/\\\/decofoodshop.nl\\\/#website\",\"url\":\"https:\\\/\\\/decofoodshop.nl\\\/\",\"name\":\"Decofoodshop\",\"description\":\"\",\"potentialAction\":[{\"@type\":\"SearchAction\",\"target\":{\"@type\":\"EntryPoint\",\"urlTemplate\":\"https:\\\/\\\/decofoodshop.nl\\\/?s={search_term_string}\"},\"query-input\":{\"@type\":\"PropertyValueSpecification\",\"valueRequired\":true,\"valueName\":\"search_term_string\"}}],\"inLanguage\":\"de\"}]}<\/script>\n<!-- \/ Yoast SEO Premium plugin. -->","yoast_head_json":{"title":"Gef\u00e4lschte Eiscreme Orange - Erh\u00e4ltlich bei Decofoodshop","description":"Sch\u00f6ne k\u00fcnstliche Eiscreme Orange mit Holzstiel. Wir bieten auch ein gef\u00e4lschtes Schokoladeneis mit N\u00fcssen an. Sie sind an der richtigen Stelle f\u00fcr alle Arten von lustigen gef\u00e4lschten Lebensmitteln!","robots":{"index":"index","follow":"follow","max-snippet":"max-snippet:-1","max-image-preview":"max-image-preview:large","max-video-preview":"max-video-preview:-1"},"canonical":"https:\/\/decofoodshop.nl\/de\/produkt\/gefalschte-eiscreme-orange\/","og_locale":"de_DE","og_type":"article","og_title":"Nep IJsje Sinaasappel","og_description":"Leuk Nep Ijsje Sinaasappel met houten steeltje. Wij bieden ook een namaak chocolade ijsje met nootjes aan. Voor allerlei leuk namaak eten zit u bij ons goed!","og_url":"https:\/\/decofoodshop.nl\/de\/produkt\/gefalschte-eiscreme-orange\/","og_site_name":"Decofoodshop","article_modified_time":"2026-04-01T20:26:39+00:00","og_image":[{"width":1200,"height":1197,"url":"https:\/\/decofoodshop.nl\/wp-content\/uploads\/2020\/06\/Nep-Ijsje-Sinaasappel.jpg","type":"image\/jpeg"}],"twitter_card":"summary_large_image","twitter_misc":{"Gesch\u00e4tzte Lesezeit":"1\u00a0Minute"},"schema":{"@context":"https:\/\/schema.org","@graph":[{"@type":"WebPage","@id":"https:\/\/decofoodshop.nl\/product\/nep-ijsje-sinaasappel\/","url":"https:\/\/decofoodshop.nl\/product\/nep-ijsje-sinaasappel\/","name":"Gef\u00e4lschte Eiscreme Orange - Erh\u00e4ltlich bei Decofoodshop","isPartOf":{"@id":"https:\/\/decofoodshop.nl\/#website"},"primaryImageOfPage":{"@id":"https:\/\/decofoodshop.nl\/product\/nep-ijsje-sinaasappel\/#primaryimage"},"image":{"@id":"https:\/\/decofoodshop.nl\/product\/nep-ijsje-sinaasappel\/#primaryimage"},"thumbnailUrl":"https:\/\/decofoodshop.nl\/wp-content\/uploads\/2020\/06\/Nep-Ijsje-Sinaasappel.jpg","datePublished":"2020-06-15T10:24:51+00:00","dateModified":"2026-04-01T20:26:39+00:00","description":"Sch\u00f6ne k\u00fcnstliche Eiscreme Orange mit Holzstiel. Wir bieten auch ein gef\u00e4lschtes Schokoladeneis mit N\u00fcssen an. Sie sind an der richtigen Stelle f\u00fcr alle Arten von lustigen gef\u00e4lschten Lebensmitteln!","breadcrumb":{"@id":"https:\/\/decofoodshop.nl\/product\/nep-ijsje-sinaasappel\/#breadcrumb"},"inLanguage":"de","potentialAction":[{"@type":"ReadAction","target":["https:\/\/decofoodshop.nl\/product\/nep-ijsje-sinaasappel\/"]}]},{"@type":"ImageObject","inLanguage":"de","@id":"https:\/\/decofoodshop.nl\/product\/nep-ijsje-sinaasappel\/#primaryimage","url":"https:\/\/decofoodshop.nl\/wp-content\/uploads\/2020\/06\/Nep-Ijsje-Sinaasappel.jpg","contentUrl":"https:\/\/decofoodshop.nl\/wp-content\/uploads\/2020\/06\/Nep-Ijsje-Sinaasappel.jpg","width":1200,"height":1197,"caption":"Nep Ijsje Sinaasappel"},{"@type":"BreadcrumbList","@id":"https:\/\/decofoodshop.nl\/product\/nep-ijsje-sinaasappel\/#breadcrumb","itemListElement":[{"@type":"ListItem","position":1,"name":"Home","item":"https:\/\/decofoodshop.nl\/"},{"@type":"ListItem","position":2,"name":"Winkel","item":"https:\/\/decofoodshop.nl\/winkel\/"},{"@type":"ListItem","position":3,"name":"Nep IJsje Sinaasappel"}]},{"@type":"WebSite","@id":"https:\/\/decofoodshop.nl\/#website","url":"https:\/\/decofoodshop.nl\/","name":"Dekofoodshop","description":"","potentialAction":[{"@type":"SearchAction","target":{"@type":"EntryPoint","urlTemplate":"https:\/\/decofoodshop.nl\/?s={search_term_string}"},"query-input":{"@type":"PropertyValueSpecification","valueRequired":true,"valueName":"search_term_string"}}],"inLanguage":"de"}]}},"_links":{"self":[{"href":"https:\/\/decofoodshop.nl\/de\/wp-json\/wp\/v2\/product\/3256","targetHints":{"allow":["GET"]}}],"collection":[{"href":"https:\/\/decofoodshop.nl\/de\/wp-json\/wp\/v2\/product"}],"about":[{"href":"https:\/\/decofoodshop.nl\/de\/wp-json\/wp\/v2\/types\/product"}],"wp:featuredmedia":[{"embeddable":true,"href":"https:\/\/decofoodshop.nl\/de\/wp-json\/wp\/v2\/media\/3280"}],"wp:attachment":[{"href":"https:\/\/decofoodshop.nl\/de\/wp-json\/wp\/v2\/media?parent=3256"}],"wp:term":[{"taxonomy":"product_brand","embeddable":true,"href":"https:\/\/decofoodshop.nl\/de\/wp-json\/wp\/v2\/product_brand?post=3256"},{"taxonomy":"product_cat","embeddable":true,"href":"https:\/\/decofoodshop.nl\/de\/wp-json\/wp\/v2\/product_cat?post=3256"},{"taxonomy":"product_tag","embeddable":true,"href":"https:\/\/decofoodshop.nl\/de\/wp-json\/wp\/v2\/product_tag?post=3256"}],"curies":[{"name":"wp","href":"https:\/\/api.w.org\/{rel}","templated":true}]}}