{"id":3263,"date":"2020-06-15T10:44:12","date_gmt":"2020-06-15T10:44:12","guid":{"rendered":"https:\/\/decofoodshop.nl\/?post_type=product&#038;p=3263"},"modified":"2026-03-02T12:57:33","modified_gmt":"2026-03-02T11:57:33","slug":"kunst-eicheln","status":"publish","type":"product","link":"https:\/\/decofoodshop.nl\/de\/product\/kunst-eikels\/","title":{"rendered":"Art Eicheln"},"content":{"rendered":"<p>Dies ist ein vollst\u00e4ndiger Satz von 24 Kunsteicheln.<\/p>\n<p>Jede gef\u00e4lschte Eichel ist anders und dadurch sehen sie alle echt aus.<\/p>\n<p>Die detaillierte Form und die Eichelkappe machen es nicht vom Original zu unterscheiden.<\/p>\n<p>Die Farbe der Eichelimitation ist wie bei einer echten und wechselt von gr\u00fcn-braun zu braun.<\/p>\n<p>F\u00fcr weitere sch\u00f6ne Imitationsartikel klicken<strong><span style=\"color: #008000;\"> <a style=\"color: #008000;\" href=\"https:\/\/decofoodshop.nl\/de\/produktkategorie-2\/andere\/\">&#039;Hier&#039;<\/a>.<\/span><\/strong><\/p>","protected":false},"excerpt":{"rendered":"<p>Dit is een volledige set van 24 kunst eikels. Elke nep eikel is anders en hierdoor lijken ze allemaal net echt. Door de gedetailleerde vorm en het eikel dopje is hij niet van echt te onderscheiden. De kleur van de imitatie eikel is net als een echte en loopt over van groenbruin naar bruin. Voor [&hellip;]<\/p>\n","protected":false},"featured_media":3264,"template":"","meta":{"_acf_changed":false,"_genesis_hide_title":false,"_genesis_hide_breadcrumbs":false,"_genesis_hide_singular_image":false,"_genesis_hide_footer_widgets":false,"_genesis_custom_body_class":"","_genesis_custom_post_class":"","_genesis_layout":""},"product_brand":[],"product_cat":[51],"product_tag":[],"class_list":{"0":"post-3263","1":"product","2":"type-product","3":"status-publish","4":"has-post-thumbnail","6":"product_cat-overige","7":"entry","8":"wpx-has-gallery","10":"first","11":"instock","12":"taxable","13":"shipping-taxable","14":"purchasable","15":"product-type-simple"},"acf":[],"yoast_head":"<!-- This site is optimized with the Yoast SEO Premium plugin v27.3 (Yoast SEO v27.3) - https:\/\/yoast.com\/product\/yoast-seo-premium-wordpress\/ -->\n<title>Kunst Eikels - Verkrijgbaar Bij Webshop Decofoodshop<\/title>\n<meta name=\"description\" content=\"Leuke set van 24 kunst eikels. Uiterst geschikt als decoratie voor allerlei doeleinden. Vind meer fraaie kunstvoeding bij decofoodshop!\" \/>\n<meta name=\"robots\" content=\"index, follow, max-snippet:-1, max-image-preview:large, max-video-preview:-1\" \/>\n<link rel=\"canonical\" href=\"https:\/\/decofoodshop.nl\/de\/produkt\/kunst-eicheln\/\" \/>\n<meta property=\"og:locale\" content=\"de_DE\" \/>\n<meta property=\"og:type\" content=\"article\" \/>\n<meta property=\"og:title\" content=\"Kunst Eikels\" \/>\n<meta property=\"og:description\" content=\"Leuke set van 24 kunst eikels. Uiterst geschikt als decoratie voor allerlei doeleinden. Vind meer fraaie kunstvoeding bij decofoodshop!\" \/>\n<meta property=\"og:url\" content=\"https:\/\/decofoodshop.nl\/de\/produkt\/kunst-eicheln\/\" \/>\n<meta property=\"og:site_name\" content=\"Decofoodshop\" \/>\n<meta property=\"article:modified_time\" content=\"2026-03-02T11:57:33+00:00\" \/>\n<meta property=\"og:image\" content=\"https:\/\/decofoodshop.nl\/wp-content\/uploads\/2020\/06\/IMG_9446.jpg\" \/>\n\t<meta property=\"og:image:width\" content=\"1200\" \/>\n\t<meta property=\"og:image:height\" content=\"1200\" \/>\n\t<meta property=\"og:image:type\" content=\"image\/jpeg\" \/>\n<meta name=\"twitter:card\" content=\"summary_large_image\" \/>\n<meta name=\"twitter:label1\" content=\"Gesch\u00e4tzte Lesezeit\" \/>\n\t<meta name=\"twitter:data1\" content=\"1\u00a0Minute\" \/>\n<script type=\"application\/ld+json\" class=\"yoast-schema-graph\">{\"@context\":\"https:\\\/\\\/schema.org\",\"@graph\":[{\"@type\":\"WebPage\",\"@id\":\"https:\\\/\\\/decofoodshop.nl\\\/product\\\/kunst-eikels\\\/\",\"url\":\"https:\\\/\\\/decofoodshop.nl\\\/product\\\/kunst-eikels\\\/\",\"name\":\"Kunst Eikels - Verkrijgbaar Bij Webshop Decofoodshop\",\"isPartOf\":{\"@id\":\"https:\\\/\\\/decofoodshop.nl\\\/#website\"},\"primaryImageOfPage\":{\"@id\":\"https:\\\/\\\/decofoodshop.nl\\\/product\\\/kunst-eikels\\\/#primaryimage\"},\"image\":{\"@id\":\"https:\\\/\\\/decofoodshop.nl\\\/product\\\/kunst-eikels\\\/#primaryimage\"},\"thumbnailUrl\":\"https:\\\/\\\/decofoodshop.nl\\\/wp-content\\\/uploads\\\/2020\\\/06\\\/IMG_9446.jpg\",\"datePublished\":\"2020-06-15T10:44:12+00:00\",\"dateModified\":\"2026-03-02T11:57:33+00:00\",\"description\":\"Leuke set van 24 kunst eikels. Uiterst geschikt als decoratie voor allerlei doeleinden. Vind meer fraaie kunstvoeding bij decofoodshop!\",\"breadcrumb\":{\"@id\":\"https:\\\/\\\/decofoodshop.nl\\\/product\\\/kunst-eikels\\\/#breadcrumb\"},\"inLanguage\":\"de\",\"potentialAction\":[{\"@type\":\"ReadAction\",\"target\":[\"https:\\\/\\\/decofoodshop.nl\\\/product\\\/kunst-eikels\\\/\"]}]},{\"@type\":\"ImageObject\",\"inLanguage\":\"de\",\"@id\":\"https:\\\/\\\/decofoodshop.nl\\\/product\\\/kunst-eikels\\\/#primaryimage\",\"url\":\"https:\\\/\\\/decofoodshop.nl\\\/wp-content\\\/uploads\\\/2020\\\/06\\\/IMG_9446.jpg\",\"contentUrl\":\"https:\\\/\\\/decofoodshop.nl\\\/wp-content\\\/uploads\\\/2020\\\/06\\\/IMG_9446.jpg\",\"width\":1200,\"height\":1200,\"caption\":\"Kunst Eikels Mandje\"},{\"@type\":\"BreadcrumbList\",\"@id\":\"https:\\\/\\\/decofoodshop.nl\\\/product\\\/kunst-eikels\\\/#breadcrumb\",\"itemListElement\":[{\"@type\":\"ListItem\",\"position\":1,\"name\":\"Home\",\"item\":\"https:\\\/\\\/decofoodshop.nl\\\/\"},{\"@type\":\"ListItem\",\"position\":2,\"name\":\"Winkel\",\"item\":\"https:\\\/\\\/decofoodshop.nl\\\/winkel\\\/\"},{\"@type\":\"ListItem\",\"position\":3,\"name\":\"Kunst Eikels\"}]},{\"@type\":\"WebSite\",\"@id\":\"https:\\\/\\\/decofoodshop.nl\\\/#website\",\"url\":\"https:\\\/\\\/decofoodshop.nl\\\/\",\"name\":\"Decofoodshop\",\"description\":\"\",\"potentialAction\":[{\"@type\":\"SearchAction\",\"target\":{\"@type\":\"EntryPoint\",\"urlTemplate\":\"https:\\\/\\\/decofoodshop.nl\\\/?s={search_term_string}\"},\"query-input\":{\"@type\":\"PropertyValueSpecification\",\"valueRequired\":true,\"valueName\":\"search_term_string\"}}],\"inLanguage\":\"de\"}]}<\/script>\n<!-- \/ Yoast SEO Premium plugin. -->","yoast_head_json":{"title":"Art Eicheln - Erh\u00e4ltlich im Webshop Decofoodshop","description":"Sch\u00f6nes Set mit 24 Kunsteicheln. Hervorragend geeignet als Dekoration f\u00fcr alle m\u00f6glichen Zwecke. Finden Sie weitere sch\u00f6ne Formeln bei decofoodshop!","robots":{"index":"index","follow":"follow","max-snippet":"max-snippet:-1","max-image-preview":"max-image-preview:large","max-video-preview":"max-video-preview:-1"},"canonical":"https:\/\/decofoodshop.nl\/de\/produkt\/kunst-eicheln\/","og_locale":"de_DE","og_type":"article","og_title":"Kunst Eikels","og_description":"Leuke set van 24 kunst eikels. Uiterst geschikt als decoratie voor allerlei doeleinden. Vind meer fraaie kunstvoeding bij decofoodshop!","og_url":"https:\/\/decofoodshop.nl\/de\/produkt\/kunst-eicheln\/","og_site_name":"Decofoodshop","article_modified_time":"2026-03-02T11:57:33+00:00","og_image":[{"width":1200,"height":1200,"url":"https:\/\/decofoodshop.nl\/wp-content\/uploads\/2020\/06\/IMG_9446.jpg","type":"image\/jpeg"}],"twitter_card":"summary_large_image","twitter_misc":{"Gesch\u00e4tzte Lesezeit":"1\u00a0Minute"},"schema":{"@context":"https:\/\/schema.org","@graph":[{"@type":"WebPage","@id":"https:\/\/decofoodshop.nl\/product\/kunst-eikels\/","url":"https:\/\/decofoodshop.nl\/product\/kunst-eikels\/","name":"Art Eicheln - Erh\u00e4ltlich im Webshop Decofoodshop","isPartOf":{"@id":"https:\/\/decofoodshop.nl\/#website"},"primaryImageOfPage":{"@id":"https:\/\/decofoodshop.nl\/product\/kunst-eikels\/#primaryimage"},"image":{"@id":"https:\/\/decofoodshop.nl\/product\/kunst-eikels\/#primaryimage"},"thumbnailUrl":"https:\/\/decofoodshop.nl\/wp-content\/uploads\/2020\/06\/IMG_9446.jpg","datePublished":"2020-06-15T10:44:12+00:00","dateModified":"2026-03-02T11:57:33+00:00","description":"Sch\u00f6nes Set mit 24 Kunsteicheln. Hervorragend geeignet als Dekoration f\u00fcr alle m\u00f6glichen Zwecke. Finden Sie weitere sch\u00f6ne Formeln bei decofoodshop!","breadcrumb":{"@id":"https:\/\/decofoodshop.nl\/product\/kunst-eikels\/#breadcrumb"},"inLanguage":"de","potentialAction":[{"@type":"ReadAction","target":["https:\/\/decofoodshop.nl\/product\/kunst-eikels\/"]}]},{"@type":"ImageObject","inLanguage":"de","@id":"https:\/\/decofoodshop.nl\/product\/kunst-eikels\/#primaryimage","url":"https:\/\/decofoodshop.nl\/wp-content\/uploads\/2020\/06\/IMG_9446.jpg","contentUrl":"https:\/\/decofoodshop.nl\/wp-content\/uploads\/2020\/06\/IMG_9446.jpg","width":1200,"height":1200,"caption":"Kunst Eikels Mandje"},{"@type":"BreadcrumbList","@id":"https:\/\/decofoodshop.nl\/product\/kunst-eikels\/#breadcrumb","itemListElement":[{"@type":"ListItem","position":1,"name":"Home","item":"https:\/\/decofoodshop.nl\/"},{"@type":"ListItem","position":2,"name":"Winkel","item":"https:\/\/decofoodshop.nl\/winkel\/"},{"@type":"ListItem","position":3,"name":"Kunst Eikels"}]},{"@type":"WebSite","@id":"https:\/\/decofoodshop.nl\/#website","url":"https:\/\/decofoodshop.nl\/","name":"Dekofoodshop","description":"","potentialAction":[{"@type":"SearchAction","target":{"@type":"EntryPoint","urlTemplate":"https:\/\/decofoodshop.nl\/?s={search_term_string}"},"query-input":{"@type":"PropertyValueSpecification","valueRequired":true,"valueName":"search_term_string"}}],"inLanguage":"de"}]}},"_links":{"self":[{"href":"https:\/\/decofoodshop.nl\/de\/wp-json\/wp\/v2\/product\/3263","targetHints":{"allow":["GET"]}}],"collection":[{"href":"https:\/\/decofoodshop.nl\/de\/wp-json\/wp\/v2\/product"}],"about":[{"href":"https:\/\/decofoodshop.nl\/de\/wp-json\/wp\/v2\/types\/product"}],"wp:featuredmedia":[{"embeddable":true,"href":"https:\/\/decofoodshop.nl\/de\/wp-json\/wp\/v2\/media\/3264"}],"wp:attachment":[{"href":"https:\/\/decofoodshop.nl\/de\/wp-json\/wp\/v2\/media?parent=3263"}],"wp:term":[{"taxonomy":"product_brand","embeddable":true,"href":"https:\/\/decofoodshop.nl\/de\/wp-json\/wp\/v2\/product_brand?post=3263"},{"taxonomy":"product_cat","embeddable":true,"href":"https:\/\/decofoodshop.nl\/de\/wp-json\/wp\/v2\/product_cat?post=3263"},{"taxonomy":"product_tag","embeddable":true,"href":"https:\/\/decofoodshop.nl\/de\/wp-json\/wp\/v2\/product_tag?post=3263"}],"curies":[{"name":"wp","href":"https:\/\/api.w.org\/{rel}","templated":true}]}}