{"id":3270,"date":"2020-06-15T10:53:50","date_gmt":"2020-06-15T10:53:50","guid":{"rendered":"https:\/\/decofoodshop.nl\/?post_type=product&#038;p=3270"},"modified":"2026-04-09T14:21:02","modified_gmt":"2026-04-09T12:21:02","slug":"kleine-gefalschte-daten","status":"publish","type":"product","link":"https:\/\/decofoodshop.nl\/de\/product\/kleine-namaak-dadels\/","title":{"rendered":"Kleine gef\u00e4lschte Datteln"},"content":{"rendered":"<p>Sch\u00f6ne kleine gef\u00e4lschte Datteln.<\/p>\n<p>Pro Satz von 12 St\u00fcck.<\/p>\n<p>Sie sind alle sehr detailliert in Form.<\/p>\n<p>Auch die Farbe der imitierten Datteln sieht aus wie echt.<\/p>\n<p>Die k\u00fcnstlichen Datteln bestehen aus einem harten Material.<\/p>\n<p>Das macht sie auch unzerbrechlich.<\/p>\n<p>Klicken Sie f\u00fcr weitere sch\u00f6ne Dekorationsartikel<span style=\"color: #008000;\"> <a style=\"color: #008000;\" href=\"https:\/\/decofoodshop.nl\/de\/produktkategorie-2\/andere\/\">&#8216;<strong>Hier<\/strong>&#8216;<\/a>.<\/span><\/p>","protected":false},"excerpt":{"rendered":"<p>Wundersch\u00f6ne kleine gef\u00e4lschte Datteln. Pro Satz \u00e0 12 St\u00fcck. Sie sind alle sehr detailliert in der Form. Auch die Farbe der Dattelimitate sieht genauso aus wie die Originale. Die k\u00fcnstlichen Datteln bestehen aus einem harten Material. Dadurch sind sie auch unzerbrechlich. F\u00fcr weitere sch\u00f6ne Dekorationsartikel klicken Sie auf \u201eHier\u201c.<\/p>","protected":false},"featured_media":3271,"template":"","meta":{"_acf_changed":false,"_genesis_hide_title":false,"_genesis_hide_breadcrumbs":false,"_genesis_hide_singular_image":false,"_genesis_hide_footer_widgets":false,"_genesis_custom_body_class":"","_genesis_custom_post_class":"","_genesis_layout":""},"product_brand":[],"product_cat":[51],"product_tag":[],"class_list":{"0":"post-3270","1":"product","2":"type-product","3":"status-publish","4":"has-post-thumbnail","6":"product_cat-overige","7":"entry","8":"wpx-has-gallery","10":"first","11":"instock","12":"taxable","13":"shipping-taxable","14":"purchasable","15":"product-type-simple"},"acf":[],"yoast_head":"<!-- This site is optimized with the Yoast SEO Premium plugin v27.3 (Yoast SEO v27.4) - https:\/\/yoast.com\/product\/yoast-seo-premium-wordpress\/ -->\n<title>Kleine Namaak Dadels - Verkrijgbaar Bij Decofoodshop<\/title>\n<meta name=\"description\" content=\"Leuke Kleine Namaak Dadels te koop bij Decofoodshop. Wij bieden veel leuke dingen net als namaak eikels, kunst groente en namaak gebakjes.\" \/>\n<meta name=\"robots\" content=\"index, follow, max-snippet:-1, max-image-preview:large, max-video-preview:-1\" \/>\n<link rel=\"canonical\" href=\"https:\/\/decofoodshop.nl\/de\/produkt\/kleine-gefalschte-daten\/\" \/>\n<meta property=\"og:locale\" content=\"de_DE\" \/>\n<meta property=\"og:type\" content=\"article\" \/>\n<meta property=\"og:title\" content=\"Kleine Namaak Dadels\" \/>\n<meta property=\"og:description\" content=\"Leuke Kleine Namaak Dadels te koop bij Decofoodshop. Wij bieden veel leuke dingen net als namaak eikels, kunst groente en namaak gebakjes.\" \/>\n<meta property=\"og:url\" content=\"https:\/\/decofoodshop.nl\/de\/produkt\/kleine-gefalschte-daten\/\" \/>\n<meta property=\"og:site_name\" content=\"Decofoodshop\" \/>\n<meta property=\"article:modified_time\" content=\"2026-04-09T12:21:02+00:00\" \/>\n<meta property=\"og:image\" content=\"https:\/\/decofoodshop.nl\/wp-content\/uploads\/2020\/06\/IMG_9491.jpg\" \/>\n\t<meta property=\"og:image:width\" content=\"1200\" \/>\n\t<meta property=\"og:image:height\" content=\"1200\" \/>\n\t<meta property=\"og:image:type\" content=\"image\/jpeg\" \/>\n<meta name=\"twitter:card\" content=\"summary_large_image\" \/>\n<meta name=\"twitter:label1\" content=\"Gesch\u00e4tzte Lesezeit\" \/>\n\t<meta name=\"twitter:data1\" content=\"1\u00a0Minute\" \/>\n<script type=\"application\/ld+json\" class=\"yoast-schema-graph\">{\"@context\":\"https:\\\/\\\/schema.org\",\"@graph\":[{\"@type\":\"WebPage\",\"@id\":\"https:\\\/\\\/decofoodshop.nl\\\/product\\\/kleine-namaak-dadels\\\/\",\"url\":\"https:\\\/\\\/decofoodshop.nl\\\/product\\\/kleine-namaak-dadels\\\/\",\"name\":\"Kleine Namaak Dadels - Verkrijgbaar Bij Decofoodshop\",\"isPartOf\":{\"@id\":\"https:\\\/\\\/decofoodshop.nl\\\/#website\"},\"primaryImageOfPage\":{\"@id\":\"https:\\\/\\\/decofoodshop.nl\\\/product\\\/kleine-namaak-dadels\\\/#primaryimage\"},\"image\":{\"@id\":\"https:\\\/\\\/decofoodshop.nl\\\/product\\\/kleine-namaak-dadels\\\/#primaryimage\"},\"thumbnailUrl\":\"https:\\\/\\\/decofoodshop.nl\\\/wp-content\\\/uploads\\\/2020\\\/06\\\/IMG_9491.jpg\",\"datePublished\":\"2020-06-15T10:53:50+00:00\",\"dateModified\":\"2026-04-09T12:21:02+00:00\",\"description\":\"Leuke Kleine Namaak Dadels te koop bij Decofoodshop. Wij bieden veel leuke dingen net als namaak eikels, kunst groente en namaak gebakjes.\",\"breadcrumb\":{\"@id\":\"https:\\\/\\\/decofoodshop.nl\\\/product\\\/kleine-namaak-dadels\\\/#breadcrumb\"},\"inLanguage\":\"de\",\"potentialAction\":[{\"@type\":\"ReadAction\",\"target\":[\"https:\\\/\\\/decofoodshop.nl\\\/product\\\/kleine-namaak-dadels\\\/\"]}]},{\"@type\":\"ImageObject\",\"inLanguage\":\"de\",\"@id\":\"https:\\\/\\\/decofoodshop.nl\\\/product\\\/kleine-namaak-dadels\\\/#primaryimage\",\"url\":\"https:\\\/\\\/decofoodshop.nl\\\/wp-content\\\/uploads\\\/2020\\\/06\\\/IMG_9491.jpg\",\"contentUrl\":\"https:\\\/\\\/decofoodshop.nl\\\/wp-content\\\/uploads\\\/2020\\\/06\\\/IMG_9491.jpg\",\"width\":1200,\"height\":1200,\"caption\":\"Kleine Namaak Dadels\"},{\"@type\":\"BreadcrumbList\",\"@id\":\"https:\\\/\\\/decofoodshop.nl\\\/product\\\/kleine-namaak-dadels\\\/#breadcrumb\",\"itemListElement\":[{\"@type\":\"ListItem\",\"position\":1,\"name\":\"Home\",\"item\":\"https:\\\/\\\/decofoodshop.nl\\\/\"},{\"@type\":\"ListItem\",\"position\":2,\"name\":\"Winkel\",\"item\":\"https:\\\/\\\/decofoodshop.nl\\\/winkel\\\/\"},{\"@type\":\"ListItem\",\"position\":3,\"name\":\"Kleine Namaak Dadels\"}]},{\"@type\":\"WebSite\",\"@id\":\"https:\\\/\\\/decofoodshop.nl\\\/#website\",\"url\":\"https:\\\/\\\/decofoodshop.nl\\\/\",\"name\":\"Decofoodshop\",\"description\":\"\",\"potentialAction\":[{\"@type\":\"SearchAction\",\"target\":{\"@type\":\"EntryPoint\",\"urlTemplate\":\"https:\\\/\\\/decofoodshop.nl\\\/?s={search_term_string}\"},\"query-input\":{\"@type\":\"PropertyValueSpecification\",\"valueRequired\":true,\"valueName\":\"search_term_string\"}}],\"inLanguage\":\"de\"}]}<\/script>\n<!-- \/ Yoast SEO Premium plugin. -->","yoast_head_json":{"title":"Kleine gef\u00e4lschte Datteln - Erh\u00e4ltlich bei Decofoodshop","description":"Sch\u00f6ne kleine gef\u00e4lschte Datteln zum Verkauf bei Decofoodshop. Wir bieten viele lustige Dinge wie k\u00fcnstliche Eicheln, k\u00fcnstliches Gem\u00fcse und gef\u00e4lschte Backwaren an.","robots":{"index":"index","follow":"follow","max-snippet":"max-snippet:-1","max-image-preview":"max-image-preview:large","max-video-preview":"max-video-preview:-1"},"canonical":"https:\/\/decofoodshop.nl\/de\/produkt\/kleine-gefalschte-daten\/","og_locale":"de_DE","og_type":"article","og_title":"Kleine Namaak Dadels","og_description":"Leuke Kleine Namaak Dadels te koop bij Decofoodshop. Wij bieden veel leuke dingen net als namaak eikels, kunst groente en namaak gebakjes.","og_url":"https:\/\/decofoodshop.nl\/de\/produkt\/kleine-gefalschte-daten\/","og_site_name":"Decofoodshop","article_modified_time":"2026-04-09T12:21:02+00:00","og_image":[{"width":1200,"height":1200,"url":"https:\/\/decofoodshop.nl\/wp-content\/uploads\/2020\/06\/IMG_9491.jpg","type":"image\/jpeg"}],"twitter_card":"summary_large_image","twitter_misc":{"Gesch\u00e4tzte Lesezeit":"1\u00a0Minute"},"schema":{"@context":"https:\/\/schema.org","@graph":[{"@type":"WebPage","@id":"https:\/\/decofoodshop.nl\/product\/kleine-namaak-dadels\/","url":"https:\/\/decofoodshop.nl\/product\/kleine-namaak-dadels\/","name":"Kleine gef\u00e4lschte Datteln - Erh\u00e4ltlich bei Decofoodshop","isPartOf":{"@id":"https:\/\/decofoodshop.nl\/#website"},"primaryImageOfPage":{"@id":"https:\/\/decofoodshop.nl\/product\/kleine-namaak-dadels\/#primaryimage"},"image":{"@id":"https:\/\/decofoodshop.nl\/product\/kleine-namaak-dadels\/#primaryimage"},"thumbnailUrl":"https:\/\/decofoodshop.nl\/wp-content\/uploads\/2020\/06\/IMG_9491.jpg","datePublished":"2020-06-15T10:53:50+00:00","dateModified":"2026-04-09T12:21:02+00:00","description":"Sch\u00f6ne kleine gef\u00e4lschte Datteln zum Verkauf bei Decofoodshop. Wir bieten viele lustige Dinge wie k\u00fcnstliche Eicheln, k\u00fcnstliches Gem\u00fcse und gef\u00e4lschte Backwaren an.","breadcrumb":{"@id":"https:\/\/decofoodshop.nl\/product\/kleine-namaak-dadels\/#breadcrumb"},"inLanguage":"de","potentialAction":[{"@type":"ReadAction","target":["https:\/\/decofoodshop.nl\/product\/kleine-namaak-dadels\/"]}]},{"@type":"ImageObject","inLanguage":"de","@id":"https:\/\/decofoodshop.nl\/product\/kleine-namaak-dadels\/#primaryimage","url":"https:\/\/decofoodshop.nl\/wp-content\/uploads\/2020\/06\/IMG_9491.jpg","contentUrl":"https:\/\/decofoodshop.nl\/wp-content\/uploads\/2020\/06\/IMG_9491.jpg","width":1200,"height":1200,"caption":"Kleine Namaak Dadels"},{"@type":"BreadcrumbList","@id":"https:\/\/decofoodshop.nl\/product\/kleine-namaak-dadels\/#breadcrumb","itemListElement":[{"@type":"ListItem","position":1,"name":"Home","item":"https:\/\/decofoodshop.nl\/"},{"@type":"ListItem","position":2,"name":"Winkel","item":"https:\/\/decofoodshop.nl\/winkel\/"},{"@type":"ListItem","position":3,"name":"Kleine Namaak Dadels"}]},{"@type":"WebSite","@id":"https:\/\/decofoodshop.nl\/#website","url":"https:\/\/decofoodshop.nl\/","name":"Dekofoodshop","description":"","potentialAction":[{"@type":"SearchAction","target":{"@type":"EntryPoint","urlTemplate":"https:\/\/decofoodshop.nl\/?s={search_term_string}"},"query-input":{"@type":"PropertyValueSpecification","valueRequired":true,"valueName":"search_term_string"}}],"inLanguage":"de"}]}},"_links":{"self":[{"href":"https:\/\/decofoodshop.nl\/de\/wp-json\/wp\/v2\/product\/3270","targetHints":{"allow":["GET"]}}],"collection":[{"href":"https:\/\/decofoodshop.nl\/de\/wp-json\/wp\/v2\/product"}],"about":[{"href":"https:\/\/decofoodshop.nl\/de\/wp-json\/wp\/v2\/types\/product"}],"wp:featuredmedia":[{"embeddable":true,"href":"https:\/\/decofoodshop.nl\/de\/wp-json\/wp\/v2\/media\/3271"}],"wp:attachment":[{"href":"https:\/\/decofoodshop.nl\/de\/wp-json\/wp\/v2\/media?parent=3270"}],"wp:term":[{"taxonomy":"product_brand","embeddable":true,"href":"https:\/\/decofoodshop.nl\/de\/wp-json\/wp\/v2\/product_brand?post=3270"},{"taxonomy":"product_cat","embeddable":true,"href":"https:\/\/decofoodshop.nl\/de\/wp-json\/wp\/v2\/product_cat?post=3270"},{"taxonomy":"product_tag","embeddable":true,"href":"https:\/\/decofoodshop.nl\/de\/wp-json\/wp\/v2\/product_tag?post=3270"}],"curies":[{"name":"wp","href":"https:\/\/api.w.org\/{rel}","templated":true}]}}