{"id":3303,"date":"2020-06-17T07:28:04","date_gmt":"2020-06-17T07:28:04","guid":{"rendered":"https:\/\/decofoodshop.nl\/?post_type=product&#038;p=3303"},"modified":"2026-04-09T20:53:14","modified_gmt":"2026-04-09T18:53:14","slug":"kunst-petersilie","status":"publish","type":"product","link":"https:\/\/decofoodshop.nl\/de\/product\/kunst-peterselie\/","title":{"rendered":"Kunst Petersilie"},"content":{"rendered":"<p>Super nat\u00fcrlicher k\u00fcnstlicher Petersilienzweig.<\/p>\n<p>Alle Bl\u00e4tter sehen echt aus und f\u00fchlen sich auch so an.<\/p>\n<p>Die Farbe der Bl\u00e4tter ist in der Mitte hellgr\u00fcn und an den R\u00e4ndern dunkler.<\/p>\n<p>Alle Zweige sind sehr detailliert und haben Wurzeln.<\/p>\n<p>Dieses k\u00fcnstliche Petersilienb\u00fcndel l\u00e4sst sich leicht nach Ihren W\u00fcnschen modellieren.<\/p>\n<p>Aufgrund des stabilen Bodens k\u00f6nnen Sie das k\u00fcnstliche Petersilienb\u00fcndel beispielsweise auch problemlos in eine Vase stellen.<\/p>\n<p>Weitere sch\u00f6ne gef\u00e4lschte Produkte finden Sie unter:<span style=\"color: #008000;\"> <a style=\"color: #008000;\" href=\"https:\/\/decofoodshop.nl\/de\/produktkategorie-2\/andere\/\">&#8216;<strong>Andere<\/strong>&#8216;<\/a>.<\/span><\/p>","protected":false},"excerpt":{"rendered":"<p>Super natuurlijk kunst peterselie takje. Alle blaadjes lijken net echt en voelen ook echt aan. De kleur van de blaadjes is licht groen in de kern en wat donkerder rond de randen. Alle twijgjes zijn heel gedetailleerd en voorzien van wortels. Dit namaak peterselie bundeltje is makkelijk te modelleren naar uw wens. Ook kunt u [&hellip;]<\/p>\n","protected":false},"featured_media":3304,"template":"","meta":{"_acf_changed":false,"_genesis_hide_title":false,"_genesis_hide_breadcrumbs":false,"_genesis_hide_singular_image":false,"_genesis_hide_footer_widgets":false,"_genesis_custom_body_class":"","_genesis_custom_post_class":"","_genesis_layout":""},"product_brand":[],"product_cat":[48,51],"product_tag":[],"class_list":{"0":"post-3303","1":"product","2":"type-product","3":"status-publish","4":"has-post-thumbnail","6":"product_cat-kunstgroenten","7":"product_cat-overige","8":"entry","9":"wpx-has-gallery","11":"first","12":"instock","13":"taxable","14":"shipping-taxable","15":"purchasable","16":"product-type-simple"},"acf":[],"yoast_head":"<!-- This site is optimized with the Yoast SEO Premium plugin v27.3 (Yoast SEO v27.4) - https:\/\/yoast.com\/product\/yoast-seo-premium-wordpress\/ -->\n<title>Kunst Peterselie - Verkrijgbaar bij Webshop Decofoodshop<\/title>\n<meta name=\"description\" content=\"Leuk firs groen kunst peterselie bundeltje. Zeer gedetailleerd en niet van echt te onderscheiden. Direct klaar voor gebruik.\" \/>\n<meta name=\"robots\" content=\"index, follow, max-snippet:-1, max-image-preview:large, max-video-preview:-1\" \/>\n<link rel=\"canonical\" href=\"https:\/\/decofoodshop.nl\/de\/produkt\/kunst-petersilie\/\" \/>\n<meta property=\"og:locale\" content=\"de_DE\" \/>\n<meta property=\"og:type\" content=\"article\" \/>\n<meta property=\"og:title\" content=\"Kunst Peterselie\" \/>\n<meta property=\"og:description\" content=\"Leuk firs groen kunst peterselie bundeltje. Zeer gedetailleerd en niet van echt te onderscheiden. Direct klaar voor gebruik.\" \/>\n<meta property=\"og:url\" content=\"https:\/\/decofoodshop.nl\/de\/produkt\/kunst-petersilie\/\" \/>\n<meta property=\"og:site_name\" content=\"Decofoodshop\" \/>\n<meta property=\"article:modified_time\" content=\"2026-04-09T18:53:14+00:00\" \/>\n<meta property=\"og:image\" content=\"https:\/\/decofoodshop.nl\/wp-content\/uploads\/2020\/06\/20200519_162057.jpg\" \/>\n\t<meta property=\"og:image:width\" content=\"1200\" \/>\n\t<meta property=\"og:image:height\" content=\"1200\" \/>\n\t<meta property=\"og:image:type\" content=\"image\/jpeg\" \/>\n<meta name=\"twitter:card\" content=\"summary_large_image\" \/>\n<meta name=\"twitter:label1\" content=\"Gesch\u00e4tzte Lesezeit\" \/>\n\t<meta name=\"twitter:data1\" content=\"1\u00a0Minute\" \/>\n<script type=\"application\/ld+json\" class=\"yoast-schema-graph\">{\"@context\":\"https:\\\/\\\/schema.org\",\"@graph\":[{\"@type\":\"WebPage\",\"@id\":\"https:\\\/\\\/decofoodshop.nl\\\/product\\\/kunst-peterselie\\\/\",\"url\":\"https:\\\/\\\/decofoodshop.nl\\\/product\\\/kunst-peterselie\\\/\",\"name\":\"Kunst Peterselie - Verkrijgbaar bij Webshop Decofoodshop\",\"isPartOf\":{\"@id\":\"https:\\\/\\\/decofoodshop.nl\\\/#website\"},\"primaryImageOfPage\":{\"@id\":\"https:\\\/\\\/decofoodshop.nl\\\/product\\\/kunst-peterselie\\\/#primaryimage\"},\"image\":{\"@id\":\"https:\\\/\\\/decofoodshop.nl\\\/product\\\/kunst-peterselie\\\/#primaryimage\"},\"thumbnailUrl\":\"https:\\\/\\\/decofoodshop.nl\\\/wp-content\\\/uploads\\\/2020\\\/06\\\/20200519_162057.jpg\",\"datePublished\":\"2020-06-17T07:28:04+00:00\",\"dateModified\":\"2026-04-09T18:53:14+00:00\",\"description\":\"Leuk firs groen kunst peterselie bundeltje. Zeer gedetailleerd en niet van echt te onderscheiden. Direct klaar voor gebruik.\",\"breadcrumb\":{\"@id\":\"https:\\\/\\\/decofoodshop.nl\\\/product\\\/kunst-peterselie\\\/#breadcrumb\"},\"inLanguage\":\"de\",\"potentialAction\":[{\"@type\":\"ReadAction\",\"target\":[\"https:\\\/\\\/decofoodshop.nl\\\/product\\\/kunst-peterselie\\\/\"]}]},{\"@type\":\"ImageObject\",\"inLanguage\":\"de\",\"@id\":\"https:\\\/\\\/decofoodshop.nl\\\/product\\\/kunst-peterselie\\\/#primaryimage\",\"url\":\"https:\\\/\\\/decofoodshop.nl\\\/wp-content\\\/uploads\\\/2020\\\/06\\\/20200519_162057.jpg\",\"contentUrl\":\"https:\\\/\\\/decofoodshop.nl\\\/wp-content\\\/uploads\\\/2020\\\/06\\\/20200519_162057.jpg\",\"width\":1200,\"height\":1200,\"caption\":\"Kunst Peterselie\"},{\"@type\":\"BreadcrumbList\",\"@id\":\"https:\\\/\\\/decofoodshop.nl\\\/product\\\/kunst-peterselie\\\/#breadcrumb\",\"itemListElement\":[{\"@type\":\"ListItem\",\"position\":1,\"name\":\"Home\",\"item\":\"https:\\\/\\\/decofoodshop.nl\\\/\"},{\"@type\":\"ListItem\",\"position\":2,\"name\":\"Winkel\",\"item\":\"https:\\\/\\\/decofoodshop.nl\\\/winkel\\\/\"},{\"@type\":\"ListItem\",\"position\":3,\"name\":\"Kunst Peterselie\"}]},{\"@type\":\"WebSite\",\"@id\":\"https:\\\/\\\/decofoodshop.nl\\\/#website\",\"url\":\"https:\\\/\\\/decofoodshop.nl\\\/\",\"name\":\"Decofoodshop\",\"description\":\"\",\"potentialAction\":[{\"@type\":\"SearchAction\",\"target\":{\"@type\":\"EntryPoint\",\"urlTemplate\":\"https:\\\/\\\/decofoodshop.nl\\\/?s={search_term_string}\"},\"query-input\":{\"@type\":\"PropertyValueSpecification\",\"valueRequired\":true,\"valueName\":\"search_term_string\"}}],\"inLanguage\":\"de\"}]}<\/script>\n<!-- \/ Yoast SEO Premium plugin. -->","yoast_head_json":{"title":"Art Petersilie - Erh\u00e4ltlich im Webshop Decofoodshop","description":"Sch\u00f6nes tannengr\u00fcnes k\u00fcnstliches Petersilienb\u00fcndel. Sehr detailliert und nicht von der Realit\u00e4t zu unterscheiden. Sofort einsatzbereit.","robots":{"index":"index","follow":"follow","max-snippet":"max-snippet:-1","max-image-preview":"max-image-preview:large","max-video-preview":"max-video-preview:-1"},"canonical":"https:\/\/decofoodshop.nl\/de\/produkt\/kunst-petersilie\/","og_locale":"de_DE","og_type":"article","og_title":"Kunst Peterselie","og_description":"Leuk firs groen kunst peterselie bundeltje. Zeer gedetailleerd en niet van echt te onderscheiden. Direct klaar voor gebruik.","og_url":"https:\/\/decofoodshop.nl\/de\/produkt\/kunst-petersilie\/","og_site_name":"Decofoodshop","article_modified_time":"2026-04-09T18:53:14+00:00","og_image":[{"width":1200,"height":1200,"url":"https:\/\/decofoodshop.nl\/wp-content\/uploads\/2020\/06\/20200519_162057.jpg","type":"image\/jpeg"}],"twitter_card":"summary_large_image","twitter_misc":{"Gesch\u00e4tzte Lesezeit":"1\u00a0Minute"},"schema":{"@context":"https:\/\/schema.org","@graph":[{"@type":"WebPage","@id":"https:\/\/decofoodshop.nl\/product\/kunst-peterselie\/","url":"https:\/\/decofoodshop.nl\/product\/kunst-peterselie\/","name":"Art Petersilie - Erh\u00e4ltlich im Webshop Decofoodshop","isPartOf":{"@id":"https:\/\/decofoodshop.nl\/#website"},"primaryImageOfPage":{"@id":"https:\/\/decofoodshop.nl\/product\/kunst-peterselie\/#primaryimage"},"image":{"@id":"https:\/\/decofoodshop.nl\/product\/kunst-peterselie\/#primaryimage"},"thumbnailUrl":"https:\/\/decofoodshop.nl\/wp-content\/uploads\/2020\/06\/20200519_162057.jpg","datePublished":"2020-06-17T07:28:04+00:00","dateModified":"2026-04-09T18:53:14+00:00","description":"Sch\u00f6nes tannengr\u00fcnes k\u00fcnstliches Petersilienb\u00fcndel. Sehr detailliert und nicht von der Realit\u00e4t zu unterscheiden. Sofort einsatzbereit.","breadcrumb":{"@id":"https:\/\/decofoodshop.nl\/product\/kunst-peterselie\/#breadcrumb"},"inLanguage":"de","potentialAction":[{"@type":"ReadAction","target":["https:\/\/decofoodshop.nl\/product\/kunst-peterselie\/"]}]},{"@type":"ImageObject","inLanguage":"de","@id":"https:\/\/decofoodshop.nl\/product\/kunst-peterselie\/#primaryimage","url":"https:\/\/decofoodshop.nl\/wp-content\/uploads\/2020\/06\/20200519_162057.jpg","contentUrl":"https:\/\/decofoodshop.nl\/wp-content\/uploads\/2020\/06\/20200519_162057.jpg","width":1200,"height":1200,"caption":"Kunst Peterselie"},{"@type":"BreadcrumbList","@id":"https:\/\/decofoodshop.nl\/product\/kunst-peterselie\/#breadcrumb","itemListElement":[{"@type":"ListItem","position":1,"name":"Home","item":"https:\/\/decofoodshop.nl\/"},{"@type":"ListItem","position":2,"name":"Winkel","item":"https:\/\/decofoodshop.nl\/winkel\/"},{"@type":"ListItem","position":3,"name":"Kunst Peterselie"}]},{"@type":"WebSite","@id":"https:\/\/decofoodshop.nl\/#website","url":"https:\/\/decofoodshop.nl\/","name":"Dekofoodshop","description":"","potentialAction":[{"@type":"SearchAction","target":{"@type":"EntryPoint","urlTemplate":"https:\/\/decofoodshop.nl\/?s={search_term_string}"},"query-input":{"@type":"PropertyValueSpecification","valueRequired":true,"valueName":"search_term_string"}}],"inLanguage":"de"}]}},"_links":{"self":[{"href":"https:\/\/decofoodshop.nl\/de\/wp-json\/wp\/v2\/product\/3303","targetHints":{"allow":["GET"]}}],"collection":[{"href":"https:\/\/decofoodshop.nl\/de\/wp-json\/wp\/v2\/product"}],"about":[{"href":"https:\/\/decofoodshop.nl\/de\/wp-json\/wp\/v2\/types\/product"}],"wp:featuredmedia":[{"embeddable":true,"href":"https:\/\/decofoodshop.nl\/de\/wp-json\/wp\/v2\/media\/3304"}],"wp:attachment":[{"href":"https:\/\/decofoodshop.nl\/de\/wp-json\/wp\/v2\/media?parent=3303"}],"wp:term":[{"taxonomy":"product_brand","embeddable":true,"href":"https:\/\/decofoodshop.nl\/de\/wp-json\/wp\/v2\/product_brand?post=3303"},{"taxonomy":"product_cat","embeddable":true,"href":"https:\/\/decofoodshop.nl\/de\/wp-json\/wp\/v2\/product_cat?post=3303"},{"taxonomy":"product_tag","embeddable":true,"href":"https:\/\/decofoodshop.nl\/de\/wp-json\/wp\/v2\/product_tag?post=3303"}],"curies":[{"name":"wp","href":"https:\/\/api.w.org\/{rel}","templated":true}]}}