{"id":3310,"date":"2020-06-17T07:40:24","date_gmt":"2020-06-17T07:40:24","guid":{"rendered":"https:\/\/decofoodshop.nl\/?post_type=product&#038;p=3310"},"modified":"2026-03-16T16:23:45","modified_gmt":"2026-03-16T15:23:45","slug":"groser-grun-orange-fake-kurbis-xl","status":"publish","type":"product","link":"https:\/\/decofoodshop.nl\/de\/product\/grote-groen-oranje-namaak-pompoen-xl\/","title":{"rendered":"Gro\u00dfer gr\u00fcner Orangenimitat-K\u00fcrbis XL"},"content":{"rendered":"<p>Gro\u00dfer gr\u00fcn-orangefarbener Fake-K\u00fcrbis XL mit Stiel.<\/p>\n<p>Seine dunkelgr\u00fcne Farbe wechselt an zwei Stellen in eine gelbe bis dunkelorange Farbe.<\/p>\n<p>Seine Form ist \u00e4u\u00dferst realistisch mit unterschiedlichen Dicken, genau wie bei einem echten K\u00fcrbis.<\/p>\n<p>Der flache Boden des k\u00fcnstlichen K\u00fcrbisses XL erleichtert das Platzieren.<\/p>\n<p>Sehr gut geeignet als Dekoration f\u00fcr die unterschiedlichsten Zwecke.<\/p>\n<p>Weiteres k\u00f6nnen Sie sich ansehen<span style=\"color: #008000;\"> <a style=\"color: #008000;\" href=\"https:\/\/decofoodshop.nl\/de\/produktkategorie-2\/andere\/\">&#8216;<strong>Andere<\/strong>&#8216;<\/a>.<\/span><\/p>","protected":false},"excerpt":{"rendered":"<p>Grote groen oranje namaak pompoen XL met steeltje. Zijn donker groene kleur loopt op twee plaatsen over in een geel tot donker oranje kleur. Zijn vorm is uiterst realistisch met verschillende diktes net als een echte pompoen. Door de vlakke onderkant van de nep pompoen XL is hij makkelijk te plaatsen. Zeer geschikt als decoratie [&hellip;]<\/p>\n","protected":false},"featured_media":3311,"template":"","meta":{"_acf_changed":false,"_genesis_hide_title":false,"_genesis_hide_breadcrumbs":false,"_genesis_hide_singular_image":false,"_genesis_hide_footer_widgets":false,"_genesis_custom_body_class":"","_genesis_custom_post_class":"","_genesis_layout":""},"product_brand":[],"product_cat":[48,51],"product_tag":[],"class_list":{"0":"post-3310","1":"product","2":"type-product","3":"status-publish","4":"has-post-thumbnail","6":"product_cat-kunstgroenten","7":"product_cat-overige","8":"entry","9":"wpx-has-gallery","11":"first","12":"instock","13":"taxable","14":"shipping-taxable","15":"purchasable","16":"product-type-simple"},"acf":[],"yoast_head":"<!-- This site is optimized with the Yoast SEO Premium plugin v27.3 (Yoast SEO v27.3) - https:\/\/yoast.com\/product\/yoast-seo-premium-wordpress\/ -->\n<title>Grote Groen Oranje Namaak Pompoen XL - Decofoodshop<\/title>\n<meta name=\"description\" content=\"Grote groen oranje namaak pompoen XL is super geschikt als decoratie. Bestel makkelijk en snel alle soorten kunstfruit bij decofoodshop.nl\" \/>\n<meta name=\"robots\" content=\"index, follow, max-snippet:-1, max-image-preview:large, max-video-preview:-1\" \/>\n<link rel=\"canonical\" href=\"https:\/\/decofoodshop.nl\/de\/produkt\/groser-grun-orange-fake-kurbis-xl\/\" \/>\n<meta property=\"og:locale\" content=\"de_DE\" \/>\n<meta property=\"og:type\" content=\"article\" \/>\n<meta property=\"og:title\" content=\"Grote Groen Oranje Namaak Pompoen XL\" \/>\n<meta property=\"og:description\" content=\"Grote groen oranje namaak pompoen XL is super geschikt als decoratie. Bestel makkelijk en snel alle soorten kunstfruit bij decofoodshop.nl\" \/>\n<meta property=\"og:url\" content=\"https:\/\/decofoodshop.nl\/de\/produkt\/groser-grun-orange-fake-kurbis-xl\/\" \/>\n<meta property=\"og:site_name\" content=\"Decofoodshop\" \/>\n<meta property=\"article:modified_time\" content=\"2026-03-16T15:23:45+00:00\" \/>\n<meta property=\"og:image\" content=\"https:\/\/decofoodshop.nl\/wp-content\/uploads\/2020\/06\/Grote-Groen-Oranje-Namaak-Pompoen-XL.jpg\" \/>\n\t<meta property=\"og:image:width\" content=\"1200\" \/>\n\t<meta property=\"og:image:height\" content=\"1200\" \/>\n\t<meta property=\"og:image:type\" content=\"image\/jpeg\" \/>\n<meta name=\"twitter:card\" content=\"summary_large_image\" \/>\n<meta name=\"twitter:label1\" content=\"Gesch\u00e4tzte Lesezeit\" \/>\n\t<meta name=\"twitter:data1\" content=\"1\u00a0Minute\" \/>\n<script type=\"application\/ld+json\" class=\"yoast-schema-graph\">{\"@context\":\"https:\\\/\\\/schema.org\",\"@graph\":[{\"@type\":\"WebPage\",\"@id\":\"https:\\\/\\\/decofoodshop.nl\\\/product\\\/grote-groen-oranje-namaak-pompoen-xl\\\/\",\"url\":\"https:\\\/\\\/decofoodshop.nl\\\/product\\\/grote-groen-oranje-namaak-pompoen-xl\\\/\",\"name\":\"Grote Groen Oranje Namaak Pompoen XL - Decofoodshop\",\"isPartOf\":{\"@id\":\"https:\\\/\\\/decofoodshop.nl\\\/#website\"},\"primaryImageOfPage\":{\"@id\":\"https:\\\/\\\/decofoodshop.nl\\\/product\\\/grote-groen-oranje-namaak-pompoen-xl\\\/#primaryimage\"},\"image\":{\"@id\":\"https:\\\/\\\/decofoodshop.nl\\\/product\\\/grote-groen-oranje-namaak-pompoen-xl\\\/#primaryimage\"},\"thumbnailUrl\":\"https:\\\/\\\/decofoodshop.nl\\\/wp-content\\\/uploads\\\/2020\\\/06\\\/Grote-Groen-Oranje-Namaak-Pompoen-XL.jpg\",\"datePublished\":\"2020-06-17T07:40:24+00:00\",\"dateModified\":\"2026-03-16T15:23:45+00:00\",\"description\":\"Grote groen oranje namaak pompoen XL is super geschikt als decoratie. Bestel makkelijk en snel alle soorten kunstfruit bij decofoodshop.nl\",\"breadcrumb\":{\"@id\":\"https:\\\/\\\/decofoodshop.nl\\\/product\\\/grote-groen-oranje-namaak-pompoen-xl\\\/#breadcrumb\"},\"inLanguage\":\"de\",\"potentialAction\":[{\"@type\":\"ReadAction\",\"target\":[\"https:\\\/\\\/decofoodshop.nl\\\/product\\\/grote-groen-oranje-namaak-pompoen-xl\\\/\"]}]},{\"@type\":\"ImageObject\",\"inLanguage\":\"de\",\"@id\":\"https:\\\/\\\/decofoodshop.nl\\\/product\\\/grote-groen-oranje-namaak-pompoen-xl\\\/#primaryimage\",\"url\":\"https:\\\/\\\/decofoodshop.nl\\\/wp-content\\\/uploads\\\/2020\\\/06\\\/Grote-Groen-Oranje-Namaak-Pompoen-XL.jpg\",\"contentUrl\":\"https:\\\/\\\/decofoodshop.nl\\\/wp-content\\\/uploads\\\/2020\\\/06\\\/Grote-Groen-Oranje-Namaak-Pompoen-XL.jpg\",\"width\":1200,\"height\":1200,\"caption\":\"Grote Groen Oranje Namaak Pompoen XL\"},{\"@type\":\"BreadcrumbList\",\"@id\":\"https:\\\/\\\/decofoodshop.nl\\\/product\\\/grote-groen-oranje-namaak-pompoen-xl\\\/#breadcrumb\",\"itemListElement\":[{\"@type\":\"ListItem\",\"position\":1,\"name\":\"Home\",\"item\":\"https:\\\/\\\/decofoodshop.nl\\\/\"},{\"@type\":\"ListItem\",\"position\":2,\"name\":\"Winkel\",\"item\":\"https:\\\/\\\/decofoodshop.nl\\\/winkel\\\/\"},{\"@type\":\"ListItem\",\"position\":3,\"name\":\"Grote Groen Oranje Namaak Pompoen XL\"}]},{\"@type\":\"WebSite\",\"@id\":\"https:\\\/\\\/decofoodshop.nl\\\/#website\",\"url\":\"https:\\\/\\\/decofoodshop.nl\\\/\",\"name\":\"Decofoodshop\",\"description\":\"\",\"potentialAction\":[{\"@type\":\"SearchAction\",\"target\":{\"@type\":\"EntryPoint\",\"urlTemplate\":\"https:\\\/\\\/decofoodshop.nl\\\/?s={search_term_string}\"},\"query-input\":{\"@type\":\"PropertyValueSpecification\",\"valueRequired\":true,\"valueName\":\"search_term_string\"}}],\"inLanguage\":\"de\"}]}<\/script>\n<!-- \/ Yoast SEO Premium plugin. -->","yoast_head_json":{"title":"Gro\u00dfer gr\u00fcner orangefarbener Fake-K\u00fcrbis XL - Decofoodshop","description":"Gro\u00dfer gr\u00fcner orangefarbener Kunstk\u00fcrbis XL eignet sich sehr gut als Dekoration. Bestellen Sie alle Arten von Kunstobst einfach und schnell bei decofoodshop.nl","robots":{"index":"index","follow":"follow","max-snippet":"max-snippet:-1","max-image-preview":"max-image-preview:large","max-video-preview":"max-video-preview:-1"},"canonical":"https:\/\/decofoodshop.nl\/de\/produkt\/groser-grun-orange-fake-kurbis-xl\/","og_locale":"de_DE","og_type":"article","og_title":"Grote Groen Oranje Namaak Pompoen XL","og_description":"Grote groen oranje namaak pompoen XL is super geschikt als decoratie. Bestel makkelijk en snel alle soorten kunstfruit bij decofoodshop.nl","og_url":"https:\/\/decofoodshop.nl\/de\/produkt\/groser-grun-orange-fake-kurbis-xl\/","og_site_name":"Decofoodshop","article_modified_time":"2026-03-16T15:23:45+00:00","og_image":[{"width":1200,"height":1200,"url":"https:\/\/decofoodshop.nl\/wp-content\/uploads\/2020\/06\/Grote-Groen-Oranje-Namaak-Pompoen-XL.jpg","type":"image\/jpeg"}],"twitter_card":"summary_large_image","twitter_misc":{"Gesch\u00e4tzte Lesezeit":"1\u00a0Minute"},"schema":{"@context":"https:\/\/schema.org","@graph":[{"@type":"WebPage","@id":"https:\/\/decofoodshop.nl\/product\/grote-groen-oranje-namaak-pompoen-xl\/","url":"https:\/\/decofoodshop.nl\/product\/grote-groen-oranje-namaak-pompoen-xl\/","name":"Gro\u00dfer gr\u00fcner orangefarbener Fake-K\u00fcrbis XL - Decofoodshop","isPartOf":{"@id":"https:\/\/decofoodshop.nl\/#website"},"primaryImageOfPage":{"@id":"https:\/\/decofoodshop.nl\/product\/grote-groen-oranje-namaak-pompoen-xl\/#primaryimage"},"image":{"@id":"https:\/\/decofoodshop.nl\/product\/grote-groen-oranje-namaak-pompoen-xl\/#primaryimage"},"thumbnailUrl":"https:\/\/decofoodshop.nl\/wp-content\/uploads\/2020\/06\/Grote-Groen-Oranje-Namaak-Pompoen-XL.jpg","datePublished":"2020-06-17T07:40:24+00:00","dateModified":"2026-03-16T15:23:45+00:00","description":"Gro\u00dfer gr\u00fcner orangefarbener Kunstk\u00fcrbis XL eignet sich sehr gut als Dekoration. Bestellen Sie alle Arten von Kunstobst einfach und schnell bei decofoodshop.nl","breadcrumb":{"@id":"https:\/\/decofoodshop.nl\/product\/grote-groen-oranje-namaak-pompoen-xl\/#breadcrumb"},"inLanguage":"de","potentialAction":[{"@type":"ReadAction","target":["https:\/\/decofoodshop.nl\/product\/grote-groen-oranje-namaak-pompoen-xl\/"]}]},{"@type":"ImageObject","inLanguage":"de","@id":"https:\/\/decofoodshop.nl\/product\/grote-groen-oranje-namaak-pompoen-xl\/#primaryimage","url":"https:\/\/decofoodshop.nl\/wp-content\/uploads\/2020\/06\/Grote-Groen-Oranje-Namaak-Pompoen-XL.jpg","contentUrl":"https:\/\/decofoodshop.nl\/wp-content\/uploads\/2020\/06\/Grote-Groen-Oranje-Namaak-Pompoen-XL.jpg","width":1200,"height":1200,"caption":"Grote Groen Oranje Namaak Pompoen XL"},{"@type":"BreadcrumbList","@id":"https:\/\/decofoodshop.nl\/product\/grote-groen-oranje-namaak-pompoen-xl\/#breadcrumb","itemListElement":[{"@type":"ListItem","position":1,"name":"Home","item":"https:\/\/decofoodshop.nl\/"},{"@type":"ListItem","position":2,"name":"Winkel","item":"https:\/\/decofoodshop.nl\/winkel\/"},{"@type":"ListItem","position":3,"name":"Grote Groen Oranje Namaak Pompoen XL"}]},{"@type":"WebSite","@id":"https:\/\/decofoodshop.nl\/#website","url":"https:\/\/decofoodshop.nl\/","name":"Dekofoodshop","description":"","potentialAction":[{"@type":"SearchAction","target":{"@type":"EntryPoint","urlTemplate":"https:\/\/decofoodshop.nl\/?s={search_term_string}"},"query-input":{"@type":"PropertyValueSpecification","valueRequired":true,"valueName":"search_term_string"}}],"inLanguage":"de"}]}},"_links":{"self":[{"href":"https:\/\/decofoodshop.nl\/de\/wp-json\/wp\/v2\/product\/3310","targetHints":{"allow":["GET"]}}],"collection":[{"href":"https:\/\/decofoodshop.nl\/de\/wp-json\/wp\/v2\/product"}],"about":[{"href":"https:\/\/decofoodshop.nl\/de\/wp-json\/wp\/v2\/types\/product"}],"wp:featuredmedia":[{"embeddable":true,"href":"https:\/\/decofoodshop.nl\/de\/wp-json\/wp\/v2\/media\/3311"}],"wp:attachment":[{"href":"https:\/\/decofoodshop.nl\/de\/wp-json\/wp\/v2\/media?parent=3310"}],"wp:term":[{"taxonomy":"product_brand","embeddable":true,"href":"https:\/\/decofoodshop.nl\/de\/wp-json\/wp\/v2\/product_brand?post=3310"},{"taxonomy":"product_cat","embeddable":true,"href":"https:\/\/decofoodshop.nl\/de\/wp-json\/wp\/v2\/product_cat?post=3310"},{"taxonomy":"product_tag","embeddable":true,"href":"https:\/\/decofoodshop.nl\/de\/wp-json\/wp\/v2\/product_tag?post=3310"}],"curies":[{"name":"wp","href":"https:\/\/api.w.org\/{rel}","templated":true}]}}