{"id":3314,"date":"2020-06-17T09:00:44","date_gmt":"2020-06-17T09:00:44","guid":{"rendered":"https:\/\/decofoodshop.nl\/?post_type=product&#038;p=3314"},"modified":"2026-02-28T15:10:12","modified_gmt":"2026-02-28T14:10:12","slug":"gefalschter-flaschenkurbis","status":"publish","type":"product","link":"https:\/\/decofoodshop.nl\/de\/product\/namaak-fles-pompoen\/","title":{"rendered":"Gef\u00e4lschter Flaschenk\u00fcrbis"},"content":{"rendered":"<p>Dieser sch\u00f6ne gef\u00e4lschte Flaschenk\u00fcrbis hat eine sch\u00f6ne leuchtend orange Farbe.<\/p>\n<p>Seine Form ist sehr realistisch und sorgt f\u00fcr ein fr\u00f6hliches Aussehen.<\/p>\n<p>Die gef\u00e4lschte K\u00fcrbisflasche ist au\u00dferdem sehr robust und leicht.<\/p>\n<p>Hervorragend geeignet f\u00fcr alle m\u00f6glichen Zwecke.<\/p>\n<p>Klicken Sie hier f\u00fcr sch\u00f6ne k\u00fcnstliche Fruchtartikel<strong><span style=\"color: #008000;\"> <a style=\"color: #008000;\" href=\"https:\/\/decofoodshop.nl\/de\/produktkategorie-2\/kunstliche-fruchte\/\">&#039;Hier&#039;<\/a>.<\/span><\/strong><\/p>","protected":false},"excerpt":{"rendered":"<p>Dieser sch\u00f6ne gef\u00e4lschte Flaschenk\u00fcrbis hat eine sch\u00f6ne leuchtend orange Farbe. Seine Form ist sehr realistisch und sorgt f\u00fcr ein fr\u00f6hliches Aussehen. Die gef\u00e4lschte K\u00fcrbisflasche ist au\u00dferdem sehr robust und leicht. Hervorragend geeignet f\u00fcr alle m\u00f6glichen Zwecke. F\u00fcr sch\u00f6ne k\u00fcnstliche Fruchtartikel klicken Sie &#039;Hier&#039;.<\/p>","protected":false},"featured_media":3318,"template":"","meta":{"_acf_changed":false,"_genesis_hide_title":false,"_genesis_hide_breadcrumbs":false,"_genesis_hide_singular_image":false,"_genesis_hide_footer_widgets":false,"_genesis_custom_body_class":"","_genesis_custom_post_class":"","_genesis_layout":""},"product_brand":[],"product_cat":[48,51],"product_tag":[],"class_list":{"0":"post-3314","1":"product","2":"type-product","3":"status-publish","4":"has-post-thumbnail","6":"product_cat-kunstgroenten","7":"product_cat-overige","8":"entry","9":"wpx-has-gallery","11":"first","12":"instock","13":"taxable","14":"shipping-taxable","15":"purchasable","16":"product-type-simple"},"acf":[],"yoast_head":"<!-- This site is optimized with the Yoast SEO Premium plugin v27.3 (Yoast SEO v27.4) - https:\/\/yoast.com\/product\/yoast-seo-premium-wordpress\/ -->\n<title>Namaak Fles Pompoen - Verkrijgbaar Bij Decofoodshop<\/title>\n<meta name=\"description\" content=\"Namaak fles pompoen kopen bij decofoodshop. Bijzondere decoratieve nep sierpompoenen en meer nepgroenten direct bezorgd.\" \/>\n<meta name=\"robots\" content=\"index, follow, max-snippet:-1, max-image-preview:large, max-video-preview:-1\" \/>\n<link rel=\"canonical\" href=\"https:\/\/decofoodshop.nl\/de\/produkt\/gefalschter-flaschenkurbis\/\" \/>\n<meta property=\"og:locale\" content=\"de_DE\" \/>\n<meta property=\"og:type\" content=\"article\" \/>\n<meta property=\"og:title\" content=\"Namaak Fles Pompoen\" \/>\n<meta property=\"og:description\" content=\"Namaak fles pompoen kopen bij decofoodshop. Bijzondere decoratieve nep sierpompoenen en meer nepgroenten direct bezorgd.\" \/>\n<meta property=\"og:url\" content=\"https:\/\/decofoodshop.nl\/de\/produkt\/gefalschter-flaschenkurbis\/\" \/>\n<meta property=\"og:site_name\" content=\"Decofoodshop\" \/>\n<meta property=\"article:modified_time\" content=\"2026-02-28T14:10:12+00:00\" \/>\n<meta property=\"og:image\" content=\"https:\/\/decofoodshop.nl\/wp-content\/uploads\/2020\/06\/namaak-fles-pompoen.jpg\" \/>\n\t<meta property=\"og:image:width\" content=\"1200\" \/>\n\t<meta property=\"og:image:height\" content=\"1200\" \/>\n\t<meta property=\"og:image:type\" content=\"image\/jpeg\" \/>\n<meta name=\"twitter:card\" content=\"summary_large_image\" \/>\n<meta name=\"twitter:label1\" content=\"Gesch\u00e4tzte Lesezeit\" \/>\n\t<meta name=\"twitter:data1\" content=\"1\u00a0Minute\" \/>\n<script type=\"application\/ld+json\" class=\"yoast-schema-graph\">{\"@context\":\"https:\\\/\\\/schema.org\",\"@graph\":[{\"@type\":\"WebPage\",\"@id\":\"https:\\\/\\\/decofoodshop.nl\\\/product\\\/namaak-fles-pompoen\\\/\",\"url\":\"https:\\\/\\\/decofoodshop.nl\\\/product\\\/namaak-fles-pompoen\\\/\",\"name\":\"Namaak Fles Pompoen - Verkrijgbaar Bij Decofoodshop\",\"isPartOf\":{\"@id\":\"https:\\\/\\\/decofoodshop.nl\\\/#website\"},\"primaryImageOfPage\":{\"@id\":\"https:\\\/\\\/decofoodshop.nl\\\/product\\\/namaak-fles-pompoen\\\/#primaryimage\"},\"image\":{\"@id\":\"https:\\\/\\\/decofoodshop.nl\\\/product\\\/namaak-fles-pompoen\\\/#primaryimage\"},\"thumbnailUrl\":\"https:\\\/\\\/decofoodshop.nl\\\/wp-content\\\/uploads\\\/2020\\\/06\\\/namaak-fles-pompoen.jpg\",\"datePublished\":\"2020-06-17T09:00:44+00:00\",\"dateModified\":\"2026-02-28T14:10:12+00:00\",\"description\":\"Namaak fles pompoen kopen bij decofoodshop. Bijzondere decoratieve nep sierpompoenen en meer nepgroenten direct bezorgd.\",\"breadcrumb\":{\"@id\":\"https:\\\/\\\/decofoodshop.nl\\\/product\\\/namaak-fles-pompoen\\\/#breadcrumb\"},\"inLanguage\":\"de\",\"potentialAction\":[{\"@type\":\"ReadAction\",\"target\":[\"https:\\\/\\\/decofoodshop.nl\\\/product\\\/namaak-fles-pompoen\\\/\"]}]},{\"@type\":\"ImageObject\",\"inLanguage\":\"de\",\"@id\":\"https:\\\/\\\/decofoodshop.nl\\\/product\\\/namaak-fles-pompoen\\\/#primaryimage\",\"url\":\"https:\\\/\\\/decofoodshop.nl\\\/wp-content\\\/uploads\\\/2020\\\/06\\\/namaak-fles-pompoen.jpg\",\"contentUrl\":\"https:\\\/\\\/decofoodshop.nl\\\/wp-content\\\/uploads\\\/2020\\\/06\\\/namaak-fles-pompoen.jpg\",\"width\":1200,\"height\":1200,\"caption\":\"Namaak Fles Pompoen\"},{\"@type\":\"BreadcrumbList\",\"@id\":\"https:\\\/\\\/decofoodshop.nl\\\/product\\\/namaak-fles-pompoen\\\/#breadcrumb\",\"itemListElement\":[{\"@type\":\"ListItem\",\"position\":1,\"name\":\"Home\",\"item\":\"https:\\\/\\\/decofoodshop.nl\\\/\"},{\"@type\":\"ListItem\",\"position\":2,\"name\":\"Winkel\",\"item\":\"https:\\\/\\\/decofoodshop.nl\\\/winkel\\\/\"},{\"@type\":\"ListItem\",\"position\":3,\"name\":\"Namaak Fles Pompoen\"}]},{\"@type\":\"WebSite\",\"@id\":\"https:\\\/\\\/decofoodshop.nl\\\/#website\",\"url\":\"https:\\\/\\\/decofoodshop.nl\\\/\",\"name\":\"Decofoodshop\",\"description\":\"\",\"potentialAction\":[{\"@type\":\"SearchAction\",\"target\":{\"@type\":\"EntryPoint\",\"urlTemplate\":\"https:\\\/\\\/decofoodshop.nl\\\/?s={search_term_string}\"},\"query-input\":{\"@type\":\"PropertyValueSpecification\",\"valueRequired\":true,\"valueName\":\"search_term_string\"}}],\"inLanguage\":\"de\"}]}<\/script>\n<!-- \/ Yoast SEO Premium plugin. -->","yoast_head_json":{"title":"Gef\u00e4lschter Flaschenk\u00fcrbis - Erh\u00e4ltlich bei Decofoodshop","description":"Kaufen Sie gef\u00e4lschten Flaschenk\u00fcrbis bei decofoodshop. Spezielle Deko-Fake Zierk\u00fcrbisse und noch mehr Fake-Gem\u00fcse sofort lieferbar.","robots":{"index":"index","follow":"follow","max-snippet":"max-snippet:-1","max-image-preview":"max-image-preview:large","max-video-preview":"max-video-preview:-1"},"canonical":"https:\/\/decofoodshop.nl\/de\/produkt\/gefalschter-flaschenkurbis\/","og_locale":"de_DE","og_type":"article","og_title":"Namaak Fles Pompoen","og_description":"Namaak fles pompoen kopen bij decofoodshop. Bijzondere decoratieve nep sierpompoenen en meer nepgroenten direct bezorgd.","og_url":"https:\/\/decofoodshop.nl\/de\/produkt\/gefalschter-flaschenkurbis\/","og_site_name":"Decofoodshop","article_modified_time":"2026-02-28T14:10:12+00:00","og_image":[{"width":1200,"height":1200,"url":"https:\/\/decofoodshop.nl\/wp-content\/uploads\/2020\/06\/namaak-fles-pompoen.jpg","type":"image\/jpeg"}],"twitter_card":"summary_large_image","twitter_misc":{"Gesch\u00e4tzte Lesezeit":"1\u00a0Minute"},"schema":{"@context":"https:\/\/schema.org","@graph":[{"@type":"WebPage","@id":"https:\/\/decofoodshop.nl\/product\/namaak-fles-pompoen\/","url":"https:\/\/decofoodshop.nl\/product\/namaak-fles-pompoen\/","name":"Gef\u00e4lschter Flaschenk\u00fcrbis - Erh\u00e4ltlich bei Decofoodshop","isPartOf":{"@id":"https:\/\/decofoodshop.nl\/#website"},"primaryImageOfPage":{"@id":"https:\/\/decofoodshop.nl\/product\/namaak-fles-pompoen\/#primaryimage"},"image":{"@id":"https:\/\/decofoodshop.nl\/product\/namaak-fles-pompoen\/#primaryimage"},"thumbnailUrl":"https:\/\/decofoodshop.nl\/wp-content\/uploads\/2020\/06\/namaak-fles-pompoen.jpg","datePublished":"2020-06-17T09:00:44+00:00","dateModified":"2026-02-28T14:10:12+00:00","description":"Kaufen Sie gef\u00e4lschten Flaschenk\u00fcrbis bei decofoodshop. Spezielle Deko-Fake Zierk\u00fcrbisse und noch mehr Fake-Gem\u00fcse sofort lieferbar.","breadcrumb":{"@id":"https:\/\/decofoodshop.nl\/product\/namaak-fles-pompoen\/#breadcrumb"},"inLanguage":"de","potentialAction":[{"@type":"ReadAction","target":["https:\/\/decofoodshop.nl\/product\/namaak-fles-pompoen\/"]}]},{"@type":"ImageObject","inLanguage":"de","@id":"https:\/\/decofoodshop.nl\/product\/namaak-fles-pompoen\/#primaryimage","url":"https:\/\/decofoodshop.nl\/wp-content\/uploads\/2020\/06\/namaak-fles-pompoen.jpg","contentUrl":"https:\/\/decofoodshop.nl\/wp-content\/uploads\/2020\/06\/namaak-fles-pompoen.jpg","width":1200,"height":1200,"caption":"Namaak Fles Pompoen"},{"@type":"BreadcrumbList","@id":"https:\/\/decofoodshop.nl\/product\/namaak-fles-pompoen\/#breadcrumb","itemListElement":[{"@type":"ListItem","position":1,"name":"Home","item":"https:\/\/decofoodshop.nl\/"},{"@type":"ListItem","position":2,"name":"Winkel","item":"https:\/\/decofoodshop.nl\/winkel\/"},{"@type":"ListItem","position":3,"name":"Namaak Fles Pompoen"}]},{"@type":"WebSite","@id":"https:\/\/decofoodshop.nl\/#website","url":"https:\/\/decofoodshop.nl\/","name":"Dekofoodshop","description":"","potentialAction":[{"@type":"SearchAction","target":{"@type":"EntryPoint","urlTemplate":"https:\/\/decofoodshop.nl\/?s={search_term_string}"},"query-input":{"@type":"PropertyValueSpecification","valueRequired":true,"valueName":"search_term_string"}}],"inLanguage":"de"}]}},"_links":{"self":[{"href":"https:\/\/decofoodshop.nl\/de\/wp-json\/wp\/v2\/product\/3314","targetHints":{"allow":["GET"]}}],"collection":[{"href":"https:\/\/decofoodshop.nl\/de\/wp-json\/wp\/v2\/product"}],"about":[{"href":"https:\/\/decofoodshop.nl\/de\/wp-json\/wp\/v2\/types\/product"}],"wp:featuredmedia":[{"embeddable":true,"href":"https:\/\/decofoodshop.nl\/de\/wp-json\/wp\/v2\/media\/3318"}],"wp:attachment":[{"href":"https:\/\/decofoodshop.nl\/de\/wp-json\/wp\/v2\/media?parent=3314"}],"wp:term":[{"taxonomy":"product_brand","embeddable":true,"href":"https:\/\/decofoodshop.nl\/de\/wp-json\/wp\/v2\/product_brand?post=3314"},{"taxonomy":"product_cat","embeddable":true,"href":"https:\/\/decofoodshop.nl\/de\/wp-json\/wp\/v2\/product_cat?post=3314"},{"taxonomy":"product_tag","embeddable":true,"href":"https:\/\/decofoodshop.nl\/de\/wp-json\/wp\/v2\/product_tag?post=3314"}],"curies":[{"name":"wp","href":"https:\/\/api.w.org\/{rel}","templated":true}]}}