{"id":3324,"date":"2020-06-17T09:27:40","date_gmt":"2020-06-17T09:27:40","guid":{"rendered":"https:\/\/decofoodshop.nl\/?post_type=product&#038;p=3324"},"modified":"2026-02-28T14:59:21","modified_gmt":"2026-02-28T13:59:21","slug":"open-art-kurbis-xl","status":"publish","type":"product","link":"https:\/\/decofoodshop.nl\/de\/product\/open-kunst-pompoen-xl\/","title":{"rendered":"Open Art K\u00fcrbis XL"},"content":{"rendered":"<p>Dieser besondere Open-Art-K\u00fcrbis XL ist eine sch\u00f6ne Erscheinung.<\/p>\n<p>Aus dem falschen K\u00fcrbis wurde ein Viertel herausgeschnitten.<\/p>\n<p>Dadurch wird das sch\u00f6n verarbeitete Innere des k\u00fcnstlichen K\u00fcrbisses sichtbar.<\/p>\n<p>Die Farbe ist ein sch\u00f6nes leuchtendes Orange mit einem gr\u00fcnen Finish oben.<\/p>\n<p>Der k\u00fcnstliche K\u00fcrbis XL ist ebenfalls mit wei\u00dfen Punkten \u00fcbers\u00e4t.<\/p>\n<p>Alles in allem ein \u00e4u\u00dferst nat\u00fcrliches K\u00fcrbisimitat.<\/p>\n<p>Klicken Sie f\u00fcr sch\u00f6nere k\u00fcnstliche Gem\u00fcseprodukte<span style=\"color: #008000;\"> <a style=\"color: #008000;\" href=\"https:\/\/decofoodshop.nl\/de\/produktkategorie-2\/kunstliches-gemuse\/\">&#8216;<strong>Hier<\/strong>&#8216;<\/a>.<\/span><\/p>","protected":false},"excerpt":{"rendered":"<p>Deze speciale open kunst pompoen XL is een prachtige verschijning. Er is een kwart uit de nep pompoen gesneden. Hierdoor is de prachtige afgewerkte binnenkant van de neppompoen zichtbaar. De kleur is prachtig fel oranje met bovenop groene afwerking. Ook is de namaak pompoen XL bedekt met witte stipjes. Al met al een uiterst natuurgetrouwe [&hellip;]<\/p>\n","protected":false},"featured_media":3325,"template":"","meta":{"_acf_changed":false,"_genesis_hide_title":false,"_genesis_hide_breadcrumbs":false,"_genesis_hide_singular_image":false,"_genesis_hide_footer_widgets":false,"_genesis_custom_body_class":"","_genesis_custom_post_class":"","_genesis_layout":""},"product_brand":[],"product_cat":[48,51],"product_tag":[],"class_list":{"0":"post-3324","1":"product","2":"type-product","3":"status-publish","4":"has-post-thumbnail","6":"product_cat-kunstgroenten","7":"product_cat-overige","8":"entry","9":"wpx-has-gallery","11":"first","12":"instock","13":"taxable","14":"shipping-taxable","15":"purchasable","16":"product-type-simple"},"acf":[],"yoast_head":"<!-- This site is optimized with the Yoast SEO Premium plugin v27.4 (Yoast SEO v27.4) - https:\/\/yoast.com\/product\/yoast-seo-premium-wordpress\/ -->\n<title>Open Kunst Pompoen XL - Verkrijgbaar Bij Decofoodshop<\/title>\n<meta name=\"description\" content=\"Open kunst pompoen XL. Decofoodshop verkoopt een breed aanbod namaak pompoenen en kunst kalebassen. Een compleet aanbod direct leverbaar.\" \/>\n<meta name=\"robots\" content=\"index, follow, max-snippet:-1, max-image-preview:large, max-video-preview:-1\" \/>\n<link rel=\"canonical\" href=\"https:\/\/decofoodshop.nl\/de\/produkt\/open-art-kurbis-xl\/\" \/>\n<meta property=\"og:locale\" content=\"de_DE\" \/>\n<meta property=\"og:type\" content=\"article\" \/>\n<meta property=\"og:title\" content=\"Open Kunst Pompoen XL\" \/>\n<meta property=\"og:description\" content=\"Open kunst pompoen XL. Decofoodshop verkoopt een breed aanbod namaak pompoenen en kunst kalebassen. Een compleet aanbod direct leverbaar.\" \/>\n<meta property=\"og:url\" content=\"https:\/\/decofoodshop.nl\/de\/produkt\/open-art-kurbis-xl\/\" \/>\n<meta property=\"og:site_name\" content=\"Decofoodshop\" \/>\n<meta property=\"article:modified_time\" content=\"2026-02-28T13:59:21+00:00\" \/>\n<meta property=\"og:image\" content=\"https:\/\/decofoodshop.nl\/wp-content\/uploads\/2020\/06\/open-pompoen-zij.jpg\" \/>\n\t<meta property=\"og:image:width\" content=\"1066\" \/>\n\t<meta property=\"og:image:height\" content=\"1066\" \/>\n\t<meta property=\"og:image:type\" content=\"image\/jpeg\" \/>\n<meta name=\"twitter:card\" content=\"summary_large_image\" \/>\n<meta name=\"twitter:label1\" content=\"Gesch\u00e4tzte Lesezeit\" \/>\n\t<meta name=\"twitter:data1\" content=\"1\u00a0Minute\" \/>\n<script type=\"application\/ld+json\" class=\"yoast-schema-graph\">{\"@context\":\"https:\\\/\\\/schema.org\",\"@graph\":[{\"@type\":\"WebPage\",\"@id\":\"https:\\\/\\\/decofoodshop.nl\\\/product\\\/open-kunst-pompoen-xl\\\/\",\"url\":\"https:\\\/\\\/decofoodshop.nl\\\/product\\\/open-kunst-pompoen-xl\\\/\",\"name\":\"Open Kunst Pompoen XL - Verkrijgbaar Bij Decofoodshop\",\"isPartOf\":{\"@id\":\"https:\\\/\\\/decofoodshop.nl\\\/#website\"},\"primaryImageOfPage\":{\"@id\":\"https:\\\/\\\/decofoodshop.nl\\\/product\\\/open-kunst-pompoen-xl\\\/#primaryimage\"},\"image\":{\"@id\":\"https:\\\/\\\/decofoodshop.nl\\\/product\\\/open-kunst-pompoen-xl\\\/#primaryimage\"},\"thumbnailUrl\":\"https:\\\/\\\/decofoodshop.nl\\\/wp-content\\\/uploads\\\/2020\\\/06\\\/open-pompoen-zij.jpg\",\"datePublished\":\"2020-06-17T09:27:40+00:00\",\"dateModified\":\"2026-02-28T13:59:21+00:00\",\"description\":\"Open kunst pompoen XL. Decofoodshop verkoopt een breed aanbod namaak pompoenen en kunst kalebassen. Een compleet aanbod direct leverbaar.\",\"breadcrumb\":{\"@id\":\"https:\\\/\\\/decofoodshop.nl\\\/product\\\/open-kunst-pompoen-xl\\\/#breadcrumb\"},\"inLanguage\":\"de\",\"potentialAction\":[{\"@type\":\"ReadAction\",\"target\":[\"https:\\\/\\\/decofoodshop.nl\\\/product\\\/open-kunst-pompoen-xl\\\/\"]}]},{\"@type\":\"ImageObject\",\"inLanguage\":\"de\",\"@id\":\"https:\\\/\\\/decofoodshop.nl\\\/product\\\/open-kunst-pompoen-xl\\\/#primaryimage\",\"url\":\"https:\\\/\\\/decofoodshop.nl\\\/wp-content\\\/uploads\\\/2020\\\/06\\\/open-pompoen-zij.jpg\",\"contentUrl\":\"https:\\\/\\\/decofoodshop.nl\\\/wp-content\\\/uploads\\\/2020\\\/06\\\/open-pompoen-zij.jpg\",\"width\":1066,\"height\":1066,\"caption\":\"Open Kunst Pompoen XL\"},{\"@type\":\"BreadcrumbList\",\"@id\":\"https:\\\/\\\/decofoodshop.nl\\\/product\\\/open-kunst-pompoen-xl\\\/#breadcrumb\",\"itemListElement\":[{\"@type\":\"ListItem\",\"position\":1,\"name\":\"Home\",\"item\":\"https:\\\/\\\/decofoodshop.nl\\\/\"},{\"@type\":\"ListItem\",\"position\":2,\"name\":\"Winkel\",\"item\":\"https:\\\/\\\/decofoodshop.nl\\\/winkel\\\/\"},{\"@type\":\"ListItem\",\"position\":3,\"name\":\"Open Kunst Pompoen XL\"}]},{\"@type\":\"WebSite\",\"@id\":\"https:\\\/\\\/decofoodshop.nl\\\/#website\",\"url\":\"https:\\\/\\\/decofoodshop.nl\\\/\",\"name\":\"Decofoodshop\",\"description\":\"\",\"potentialAction\":[{\"@type\":\"SearchAction\",\"target\":{\"@type\":\"EntryPoint\",\"urlTemplate\":\"https:\\\/\\\/decofoodshop.nl\\\/?s={search_term_string}\"},\"query-input\":{\"@type\":\"PropertyValueSpecification\",\"valueRequired\":true,\"valueName\":\"search_term_string\"}}],\"inLanguage\":\"de\"}]}<\/script>\n<!-- \/ Yoast SEO Premium plugin. -->","yoast_head_json":{"title":"Offener k\u00fcnstlicher K\u00fcrbis XL - Erh\u00e4ltlich bei Decofoodshop","description":"Offener Kunstk\u00fcrbis XL. Decofoodshop verkauft eine gro\u00dfe Auswahl an k\u00fcnstlichen K\u00fcrbissen und k\u00fcnstlichen K\u00fcrbissen. Ein komplettes Sortiment sofort verf\u00fcgbar.","robots":{"index":"index","follow":"follow","max-snippet":"max-snippet:-1","max-image-preview":"max-image-preview:large","max-video-preview":"max-video-preview:-1"},"canonical":"https:\/\/decofoodshop.nl\/de\/produkt\/open-art-kurbis-xl\/","og_locale":"de_DE","og_type":"article","og_title":"Open Kunst Pompoen XL","og_description":"Open kunst pompoen XL. Decofoodshop verkoopt een breed aanbod namaak pompoenen en kunst kalebassen. Een compleet aanbod direct leverbaar.","og_url":"https:\/\/decofoodshop.nl\/de\/produkt\/open-art-kurbis-xl\/","og_site_name":"Decofoodshop","article_modified_time":"2026-02-28T13:59:21+00:00","og_image":[{"width":1066,"height":1066,"url":"https:\/\/decofoodshop.nl\/wp-content\/uploads\/2020\/06\/open-pompoen-zij.jpg","type":"image\/jpeg"}],"twitter_card":"summary_large_image","twitter_misc":{"Gesch\u00e4tzte Lesezeit":"1\u00a0Minute"},"schema":{"@context":"https:\/\/schema.org","@graph":[{"@type":"WebPage","@id":"https:\/\/decofoodshop.nl\/product\/open-kunst-pompoen-xl\/","url":"https:\/\/decofoodshop.nl\/product\/open-kunst-pompoen-xl\/","name":"Offener k\u00fcnstlicher K\u00fcrbis XL - Erh\u00e4ltlich bei Decofoodshop","isPartOf":{"@id":"https:\/\/decofoodshop.nl\/#website"},"primaryImageOfPage":{"@id":"https:\/\/decofoodshop.nl\/product\/open-kunst-pompoen-xl\/#primaryimage"},"image":{"@id":"https:\/\/decofoodshop.nl\/product\/open-kunst-pompoen-xl\/#primaryimage"},"thumbnailUrl":"https:\/\/decofoodshop.nl\/wp-content\/uploads\/2020\/06\/open-pompoen-zij.jpg","datePublished":"2020-06-17T09:27:40+00:00","dateModified":"2026-02-28T13:59:21+00:00","description":"Offener Kunstk\u00fcrbis XL. Decofoodshop verkauft eine gro\u00dfe Auswahl an k\u00fcnstlichen K\u00fcrbissen und k\u00fcnstlichen K\u00fcrbissen. Ein komplettes Sortiment sofort verf\u00fcgbar.","breadcrumb":{"@id":"https:\/\/decofoodshop.nl\/product\/open-kunst-pompoen-xl\/#breadcrumb"},"inLanguage":"de","potentialAction":[{"@type":"ReadAction","target":["https:\/\/decofoodshop.nl\/product\/open-kunst-pompoen-xl\/"]}]},{"@type":"ImageObject","inLanguage":"de","@id":"https:\/\/decofoodshop.nl\/product\/open-kunst-pompoen-xl\/#primaryimage","url":"https:\/\/decofoodshop.nl\/wp-content\/uploads\/2020\/06\/open-pompoen-zij.jpg","contentUrl":"https:\/\/decofoodshop.nl\/wp-content\/uploads\/2020\/06\/open-pompoen-zij.jpg","width":1066,"height":1066,"caption":"Open Kunst Pompoen XL"},{"@type":"BreadcrumbList","@id":"https:\/\/decofoodshop.nl\/product\/open-kunst-pompoen-xl\/#breadcrumb","itemListElement":[{"@type":"ListItem","position":1,"name":"Home","item":"https:\/\/decofoodshop.nl\/"},{"@type":"ListItem","position":2,"name":"Winkel","item":"https:\/\/decofoodshop.nl\/winkel\/"},{"@type":"ListItem","position":3,"name":"Open Kunst Pompoen XL"}]},{"@type":"WebSite","@id":"https:\/\/decofoodshop.nl\/#website","url":"https:\/\/decofoodshop.nl\/","name":"Dekofoodshop","description":"","potentialAction":[{"@type":"SearchAction","target":{"@type":"EntryPoint","urlTemplate":"https:\/\/decofoodshop.nl\/?s={search_term_string}"},"query-input":{"@type":"PropertyValueSpecification","valueRequired":true,"valueName":"search_term_string"}}],"inLanguage":"de"}]}},"_links":{"self":[{"href":"https:\/\/decofoodshop.nl\/de\/wp-json\/wp\/v2\/product\/3324","targetHints":{"allow":["GET"]}}],"collection":[{"href":"https:\/\/decofoodshop.nl\/de\/wp-json\/wp\/v2\/product"}],"about":[{"href":"https:\/\/decofoodshop.nl\/de\/wp-json\/wp\/v2\/types\/product"}],"wp:featuredmedia":[{"embeddable":true,"href":"https:\/\/decofoodshop.nl\/de\/wp-json\/wp\/v2\/media\/3325"}],"wp:attachment":[{"href":"https:\/\/decofoodshop.nl\/de\/wp-json\/wp\/v2\/media?parent=3324"}],"wp:term":[{"taxonomy":"product_brand","embeddable":true,"href":"https:\/\/decofoodshop.nl\/de\/wp-json\/wp\/v2\/product_brand?post=3324"},{"taxonomy":"product_cat","embeddable":true,"href":"https:\/\/decofoodshop.nl\/de\/wp-json\/wp\/v2\/product_cat?post=3324"},{"taxonomy":"product_tag","embeddable":true,"href":"https:\/\/decofoodshop.nl\/de\/wp-json\/wp\/v2\/product_tag?post=3324"}],"curies":[{"name":"wp","href":"https:\/\/api.w.org\/{rel}","templated":true}]}}