{"id":3331,"date":"2020-06-17T10:12:23","date_gmt":"2020-06-17T10:12:23","guid":{"rendered":"https:\/\/decofoodshop.nl\/?post_type=product&#038;p=3331"},"modified":"2026-03-26T18:38:26","modified_gmt":"2026-03-26T17:38:26","slug":"gefalschter-kurbis","status":"publish","type":"product","link":"https:\/\/decofoodshop.nl\/de\/product\/namaak-pompoen\/","title":{"rendered":"Gef\u00e4lschter K\u00fcrbis"},"content":{"rendered":"<p>Dieser sch\u00f6ne k\u00fcnstliche K\u00fcrbis hat einen Stumpf.<\/p>\n<p>Dieses Produkt ist \u00e4u\u00dferst dekorativ und macht Spa\u00df f\u00fcr verschiedene Zwecke.<\/p>\n<p>Dieser k\u00fcnstliche K\u00fcrbis hat auch eine sch\u00f6ne nat\u00fcrliche Form.<\/p>\n<p>Die Farbe ist gr\u00fcn mit einem Gelb, das in Orange \u00fcbergeht.<\/p>\n<p>Der k\u00fcnstliche Zierk\u00fcrbis hat auch wei\u00dfe Punkte f\u00fcr ein nat\u00fcrlicheres Aussehen.<\/p>\n<p>F\u00fcr sch\u00f6neres k\u00fcnstliches Gem\u00fcse k\u00f6nnen Sie sich ansehen:<span style=\"color: #008000;\"> <a style=\"color: #008000;\" href=\"https:\/\/decofoodshop.nl\/de\/produktkategorie-2\/kunstliches-gemuse\/\">&#8216;<strong>K\u00fcnstliches Gem\u00fcse<\/strong>&#8216;<\/a>.<\/span><\/p>","protected":false},"excerpt":{"rendered":"<p>Deze prachtige namaak pompoen is voorzien van stronkje. Dit product is uiterst decoratief en leuk voor diverse doeleinden. Ook heeft deze neppompoen een mooie natuurlijke vorm. De kleur is groen met een geel overlopend in oranje. Ook heeft de namaak sierpompoen witte stipjes voor een natuurlijker uiterlijk. Voor meer mooie kunstgroenten kunt u kijken bij: [&hellip;]<\/p>\n","protected":false},"featured_media":3332,"template":"","meta":{"_acf_changed":false,"_genesis_hide_title":false,"_genesis_hide_breadcrumbs":false,"_genesis_hide_singular_image":false,"_genesis_hide_footer_widgets":false,"_genesis_custom_body_class":"","_genesis_custom_post_class":"","_genesis_layout":""},"product_brand":[],"product_cat":[48,51],"product_tag":[],"class_list":{"0":"post-3331","1":"product","2":"type-product","3":"status-publish","4":"has-post-thumbnail","6":"product_cat-kunstgroenten","7":"product_cat-overige","8":"entry","9":"wpx-has-gallery","11":"first","12":"instock","13":"taxable","14":"shipping-taxable","15":"purchasable","16":"product-type-simple"},"acf":[],"yoast_head":"<!-- This site is optimized with the Yoast SEO Premium plugin v27.4 (Yoast SEO v27.4) - https:\/\/yoast.com\/product\/yoast-seo-premium-wordpress\/ -->\n<title>Namaak Pompoen - Verkrijgbaar Bij Decofoodshop<\/title>\n<meta name=\"description\" content=\"Namaak pompoen en meer neppoempoenen kopen bij decofoodhsop. Een breed assortiment namaak pompoenen direct leverbaar.\" \/>\n<meta name=\"robots\" content=\"index, follow, max-snippet:-1, max-image-preview:large, max-video-preview:-1\" \/>\n<link rel=\"canonical\" href=\"https:\/\/decofoodshop.nl\/de\/produkt\/gefalschter-kurbis\/\" \/>\n<meta property=\"og:locale\" content=\"de_DE\" \/>\n<meta property=\"og:type\" content=\"article\" \/>\n<meta property=\"og:title\" content=\"Namaak Pompoen\" \/>\n<meta property=\"og:description\" content=\"Namaak pompoen en meer neppoempoenen kopen bij decofoodhsop. Een breed assortiment namaak pompoenen direct leverbaar.\" \/>\n<meta property=\"og:url\" content=\"https:\/\/decofoodshop.nl\/de\/produkt\/gefalschter-kurbis\/\" \/>\n<meta property=\"og:site_name\" content=\"Decofoodshop\" \/>\n<meta property=\"article:modified_time\" content=\"2026-03-26T17:38:26+00:00\" \/>\n<meta property=\"og:image\" content=\"https:\/\/decofoodshop.nl\/wp-content\/uploads\/2020\/06\/namaak-pompoen.jpg\" \/>\n\t<meta property=\"og:image:width\" content=\"1066\" \/>\n\t<meta property=\"og:image:height\" content=\"1066\" \/>\n\t<meta property=\"og:image:type\" content=\"image\/jpeg\" \/>\n<meta name=\"twitter:card\" content=\"summary_large_image\" \/>\n<meta name=\"twitter:label1\" content=\"Gesch\u00e4tzte Lesezeit\" \/>\n\t<meta name=\"twitter:data1\" content=\"1\u00a0Minute\" \/>\n<script type=\"application\/ld+json\" class=\"yoast-schema-graph\">{\"@context\":\"https:\\\/\\\/schema.org\",\"@graph\":[{\"@type\":\"WebPage\",\"@id\":\"https:\\\/\\\/decofoodshop.nl\\\/product\\\/namaak-pompoen\\\/\",\"url\":\"https:\\\/\\\/decofoodshop.nl\\\/product\\\/namaak-pompoen\\\/\",\"name\":\"Namaak Pompoen - Verkrijgbaar Bij Decofoodshop\",\"isPartOf\":{\"@id\":\"https:\\\/\\\/decofoodshop.nl\\\/#website\"},\"primaryImageOfPage\":{\"@id\":\"https:\\\/\\\/decofoodshop.nl\\\/product\\\/namaak-pompoen\\\/#primaryimage\"},\"image\":{\"@id\":\"https:\\\/\\\/decofoodshop.nl\\\/product\\\/namaak-pompoen\\\/#primaryimage\"},\"thumbnailUrl\":\"https:\\\/\\\/decofoodshop.nl\\\/wp-content\\\/uploads\\\/2020\\\/06\\\/namaak-pompoen.jpg\",\"datePublished\":\"2020-06-17T10:12:23+00:00\",\"dateModified\":\"2026-03-26T17:38:26+00:00\",\"description\":\"Namaak pompoen en meer neppoempoenen kopen bij decofoodhsop. Een breed assortiment namaak pompoenen direct leverbaar.\",\"breadcrumb\":{\"@id\":\"https:\\\/\\\/decofoodshop.nl\\\/product\\\/namaak-pompoen\\\/#breadcrumb\"},\"inLanguage\":\"de\",\"potentialAction\":[{\"@type\":\"ReadAction\",\"target\":[\"https:\\\/\\\/decofoodshop.nl\\\/product\\\/namaak-pompoen\\\/\"]}]},{\"@type\":\"ImageObject\",\"inLanguage\":\"de\",\"@id\":\"https:\\\/\\\/decofoodshop.nl\\\/product\\\/namaak-pompoen\\\/#primaryimage\",\"url\":\"https:\\\/\\\/decofoodshop.nl\\\/wp-content\\\/uploads\\\/2020\\\/06\\\/namaak-pompoen.jpg\",\"contentUrl\":\"https:\\\/\\\/decofoodshop.nl\\\/wp-content\\\/uploads\\\/2020\\\/06\\\/namaak-pompoen.jpg\",\"width\":1066,\"height\":1066,\"caption\":\"namaak pompoen\"},{\"@type\":\"BreadcrumbList\",\"@id\":\"https:\\\/\\\/decofoodshop.nl\\\/product\\\/namaak-pompoen\\\/#breadcrumb\",\"itemListElement\":[{\"@type\":\"ListItem\",\"position\":1,\"name\":\"Home\",\"item\":\"https:\\\/\\\/decofoodshop.nl\\\/\"},{\"@type\":\"ListItem\",\"position\":2,\"name\":\"Winkel\",\"item\":\"https:\\\/\\\/decofoodshop.nl\\\/winkel\\\/\"},{\"@type\":\"ListItem\",\"position\":3,\"name\":\"Namaak Pompoen\"}]},{\"@type\":\"WebSite\",\"@id\":\"https:\\\/\\\/decofoodshop.nl\\\/#website\",\"url\":\"https:\\\/\\\/decofoodshop.nl\\\/\",\"name\":\"Decofoodshop\",\"description\":\"\",\"potentialAction\":[{\"@type\":\"SearchAction\",\"target\":{\"@type\":\"EntryPoint\",\"urlTemplate\":\"https:\\\/\\\/decofoodshop.nl\\\/?s={search_term_string}\"},\"query-input\":{\"@type\":\"PropertyValueSpecification\",\"valueRequired\":true,\"valueName\":\"search_term_string\"}}],\"inLanguage\":\"de\"}]}<\/script>\n<!-- \/ Yoast SEO Premium plugin. -->","yoast_head_json":{"title":"Gef\u00e4lschter K\u00fcrbis - Erh\u00e4ltlich bei Decofoodshop","description":"Kaufen Sie gef\u00e4lschte K\u00fcrbisse und mehr gef\u00e4lschte K\u00fcrbisse bei decofoodhsop. Eine gro\u00dfe Auswahl an k\u00fcnstlichen K\u00fcrbissen sofort verf\u00fcgbar.","robots":{"index":"index","follow":"follow","max-snippet":"max-snippet:-1","max-image-preview":"max-image-preview:large","max-video-preview":"max-video-preview:-1"},"canonical":"https:\/\/decofoodshop.nl\/de\/produkt\/gefalschter-kurbis\/","og_locale":"de_DE","og_type":"article","og_title":"Namaak Pompoen","og_description":"Namaak pompoen en meer neppoempoenen kopen bij decofoodhsop. Een breed assortiment namaak pompoenen direct leverbaar.","og_url":"https:\/\/decofoodshop.nl\/de\/produkt\/gefalschter-kurbis\/","og_site_name":"Decofoodshop","article_modified_time":"2026-03-26T17:38:26+00:00","og_image":[{"width":1066,"height":1066,"url":"https:\/\/decofoodshop.nl\/wp-content\/uploads\/2020\/06\/namaak-pompoen.jpg","type":"image\/jpeg"}],"twitter_card":"summary_large_image","twitter_misc":{"Gesch\u00e4tzte Lesezeit":"1\u00a0Minute"},"schema":{"@context":"https:\/\/schema.org","@graph":[{"@type":"WebPage","@id":"https:\/\/decofoodshop.nl\/product\/namaak-pompoen\/","url":"https:\/\/decofoodshop.nl\/product\/namaak-pompoen\/","name":"Gef\u00e4lschter K\u00fcrbis - Erh\u00e4ltlich bei Decofoodshop","isPartOf":{"@id":"https:\/\/decofoodshop.nl\/#website"},"primaryImageOfPage":{"@id":"https:\/\/decofoodshop.nl\/product\/namaak-pompoen\/#primaryimage"},"image":{"@id":"https:\/\/decofoodshop.nl\/product\/namaak-pompoen\/#primaryimage"},"thumbnailUrl":"https:\/\/decofoodshop.nl\/wp-content\/uploads\/2020\/06\/namaak-pompoen.jpg","datePublished":"2020-06-17T10:12:23+00:00","dateModified":"2026-03-26T17:38:26+00:00","description":"Kaufen Sie gef\u00e4lschte K\u00fcrbisse und mehr gef\u00e4lschte K\u00fcrbisse bei decofoodhsop. Eine gro\u00dfe Auswahl an k\u00fcnstlichen K\u00fcrbissen sofort verf\u00fcgbar.","breadcrumb":{"@id":"https:\/\/decofoodshop.nl\/product\/namaak-pompoen\/#breadcrumb"},"inLanguage":"de","potentialAction":[{"@type":"ReadAction","target":["https:\/\/decofoodshop.nl\/product\/namaak-pompoen\/"]}]},{"@type":"ImageObject","inLanguage":"de","@id":"https:\/\/decofoodshop.nl\/product\/namaak-pompoen\/#primaryimage","url":"https:\/\/decofoodshop.nl\/wp-content\/uploads\/2020\/06\/namaak-pompoen.jpg","contentUrl":"https:\/\/decofoodshop.nl\/wp-content\/uploads\/2020\/06\/namaak-pompoen.jpg","width":1066,"height":1066,"caption":"namaak pompoen"},{"@type":"BreadcrumbList","@id":"https:\/\/decofoodshop.nl\/product\/namaak-pompoen\/#breadcrumb","itemListElement":[{"@type":"ListItem","position":1,"name":"Home","item":"https:\/\/decofoodshop.nl\/"},{"@type":"ListItem","position":2,"name":"Winkel","item":"https:\/\/decofoodshop.nl\/winkel\/"},{"@type":"ListItem","position":3,"name":"Namaak Pompoen"}]},{"@type":"WebSite","@id":"https:\/\/decofoodshop.nl\/#website","url":"https:\/\/decofoodshop.nl\/","name":"Dekofoodshop","description":"","potentialAction":[{"@type":"SearchAction","target":{"@type":"EntryPoint","urlTemplate":"https:\/\/decofoodshop.nl\/?s={search_term_string}"},"query-input":{"@type":"PropertyValueSpecification","valueRequired":true,"valueName":"search_term_string"}}],"inLanguage":"de"}]}},"_links":{"self":[{"href":"https:\/\/decofoodshop.nl\/de\/wp-json\/wp\/v2\/product\/3331","targetHints":{"allow":["GET"]}}],"collection":[{"href":"https:\/\/decofoodshop.nl\/de\/wp-json\/wp\/v2\/product"}],"about":[{"href":"https:\/\/decofoodshop.nl\/de\/wp-json\/wp\/v2\/types\/product"}],"wp:featuredmedia":[{"embeddable":true,"href":"https:\/\/decofoodshop.nl\/de\/wp-json\/wp\/v2\/media\/3332"}],"wp:attachment":[{"href":"https:\/\/decofoodshop.nl\/de\/wp-json\/wp\/v2\/media?parent=3331"}],"wp:term":[{"taxonomy":"product_brand","embeddable":true,"href":"https:\/\/decofoodshop.nl\/de\/wp-json\/wp\/v2\/product_brand?post=3331"},{"taxonomy":"product_cat","embeddable":true,"href":"https:\/\/decofoodshop.nl\/de\/wp-json\/wp\/v2\/product_cat?post=3331"},{"taxonomy":"product_tag","embeddable":true,"href":"https:\/\/decofoodshop.nl\/de\/wp-json\/wp\/v2\/product_tag?post=3331"}],"curies":[{"name":"wp","href":"https:\/\/api.w.org\/{rel}","templated":true}]}}