{"id":3366,"date":"2020-06-18T08:13:29","date_gmt":"2020-06-18T08:13:29","guid":{"rendered":"https:\/\/decofoodshop.nl\/?post_type=product&#038;p=3366"},"modified":"2026-02-28T14:59:03","modified_gmt":"2026-02-28T13:59:03","slug":"roter-gefalschter-beerenzweig","status":"publish","type":"product","link":"https:\/\/decofoodshop.nl\/de\/product\/rode-nep-bessen-tak\/","title":{"rendered":"Rote k\u00fcnstliche Beeren Tak"},"content":{"rendered":"<p>\u00c4u\u00dferst realistischer roter k\u00fcnstlicher Beerenzweig mit 60 Beeren pro Zweig.<\/p>\n<p>Dieser k\u00fcnstliche Beerenzweig hat auch eine Reihe von Zweigen mit kleinen Bl\u00e4ttern.<\/p>\n<p>Die Bl\u00e4tter haben verschiedene Gr\u00fcnt\u00f6ne f\u00fcr ein naturgetreues Aussehen.<\/p>\n<p>Der Stiel des Zierbeerenzweiges ist sehr robust.<\/p>\n<p>Auch die obersten Zweige k\u00f6nnen nach Belieben modelliert werden.<\/p>\n<p>Weitere sch\u00f6ne k\u00fcnstliche Beerenzweige k\u00f6nnen Sie sich ansehen<strong><span style=\"color: #008000;\"> <a style=\"color: #008000;\" href=\"https:\/\/decofoodshop.nl\/de\/produktkategorie-2\/kunstliche-fruchte\/\">&quot;K\u00fcnstliche Frucht&quot;<\/a>.<\/span><\/strong><\/p>\n<p>&nbsp;<\/p>","protected":false},"excerpt":{"rendered":"<p>Uiterst realistische rode nep bessen tak met 60 bessen per tak. Ook is deze nep bessen tak voorzien van een aantal takjes met kleine blaadjes. De blaadjes hebben verschillende kleuren groen voor een natuurgetrouw uiterlijk. De steel van de sier bessen tak is zeer stevig. Ook kunnen de bovenste twijgjes naar wens gemodelleerd worden. Voor [&hellip;]<\/p>\n","protected":false},"featured_media":3367,"template":"","meta":{"_acf_changed":false,"_genesis_hide_title":false,"_genesis_hide_breadcrumbs":false,"_genesis_hide_singular_image":false,"_genesis_hide_footer_widgets":false,"_genesis_custom_body_class":"","_genesis_custom_post_class":"","_genesis_layout":""},"product_brand":[],"product_cat":[47,51],"product_tag":[],"class_list":{"0":"post-3366","1":"product","2":"type-product","3":"status-publish","4":"has-post-thumbnail","6":"product_cat-kunstfruit","7":"product_cat-overige","8":"entry","9":"wpx-has-gallery","11":"first","12":"instock","13":"taxable","14":"shipping-taxable","15":"purchasable","16":"product-type-simple"},"acf":[],"yoast_head":"<!-- This site is optimized with the Yoast SEO Premium plugin v27.3 (Yoast SEO v27.4) - https:\/\/yoast.com\/product\/yoast-seo-premium-wordpress\/ -->\n<title>Rode Nep Bessen Tak - Verkrijgbaar Bij Decofoodshop<\/title>\n<meta name=\"description\" content=\"Leuke Rode Nep Bessen Tak met 60 bessen per tak. Zeer stevig en uiterst realistisch. Ook bieden wij groen en blauwe bessen takken.\" \/>\n<meta name=\"robots\" content=\"index, follow, max-snippet:-1, max-image-preview:large, max-video-preview:-1\" \/>\n<link rel=\"canonical\" href=\"https:\/\/decofoodshop.nl\/de\/produkt\/roter-gefalschter-beerenzweig\/\" \/>\n<meta property=\"og:locale\" content=\"de_DE\" \/>\n<meta property=\"og:type\" content=\"article\" \/>\n<meta property=\"og:title\" content=\"Rode Nep Bessen Tak\" \/>\n<meta property=\"og:description\" content=\"Leuke Rode Nep Bessen Tak met 60 bessen per tak. Zeer stevig en uiterst realistisch. Ook bieden wij groen en blauwe bessen takken.\" \/>\n<meta property=\"og:url\" content=\"https:\/\/decofoodshop.nl\/de\/produkt\/roter-gefalschter-beerenzweig\/\" \/>\n<meta property=\"og:site_name\" content=\"Decofoodshop\" \/>\n<meta property=\"article:modified_time\" content=\"2026-02-28T13:59:03+00:00\" \/>\n<meta property=\"og:image\" content=\"https:\/\/decofoodshop.nl\/wp-content\/uploads\/2020\/06\/IMG_0535.jpg\" \/>\n\t<meta property=\"og:image:width\" content=\"1200\" \/>\n\t<meta property=\"og:image:height\" content=\"1200\" \/>\n\t<meta property=\"og:image:type\" content=\"image\/jpeg\" \/>\n<meta name=\"twitter:card\" content=\"summary_large_image\" \/>\n<meta name=\"twitter:label1\" content=\"Gesch\u00e4tzte Lesezeit\" \/>\n\t<meta name=\"twitter:data1\" content=\"1\u00a0Minute\" \/>\n<script type=\"application\/ld+json\" class=\"yoast-schema-graph\">{\"@context\":\"https:\\\/\\\/schema.org\",\"@graph\":[{\"@type\":\"WebPage\",\"@id\":\"https:\\\/\\\/decofoodshop.nl\\\/product\\\/rode-nep-bessen-tak\\\/\",\"url\":\"https:\\\/\\\/decofoodshop.nl\\\/product\\\/rode-nep-bessen-tak\\\/\",\"name\":\"Rode Nep Bessen Tak - Verkrijgbaar Bij Decofoodshop\",\"isPartOf\":{\"@id\":\"https:\\\/\\\/decofoodshop.nl\\\/#website\"},\"primaryImageOfPage\":{\"@id\":\"https:\\\/\\\/decofoodshop.nl\\\/product\\\/rode-nep-bessen-tak\\\/#primaryimage\"},\"image\":{\"@id\":\"https:\\\/\\\/decofoodshop.nl\\\/product\\\/rode-nep-bessen-tak\\\/#primaryimage\"},\"thumbnailUrl\":\"https:\\\/\\\/decofoodshop.nl\\\/wp-content\\\/uploads\\\/2020\\\/06\\\/IMG_0535.jpg\",\"datePublished\":\"2020-06-18T08:13:29+00:00\",\"dateModified\":\"2026-02-28T13:59:03+00:00\",\"description\":\"Leuke Rode Nep Bessen Tak met 60 bessen per tak. Zeer stevig en uiterst realistisch. Ook bieden wij groen en blauwe bessen takken.\",\"breadcrumb\":{\"@id\":\"https:\\\/\\\/decofoodshop.nl\\\/product\\\/rode-nep-bessen-tak\\\/#breadcrumb\"},\"inLanguage\":\"de\",\"potentialAction\":[{\"@type\":\"ReadAction\",\"target\":[\"https:\\\/\\\/decofoodshop.nl\\\/product\\\/rode-nep-bessen-tak\\\/\"]}]},{\"@type\":\"ImageObject\",\"inLanguage\":\"de\",\"@id\":\"https:\\\/\\\/decofoodshop.nl\\\/product\\\/rode-nep-bessen-tak\\\/#primaryimage\",\"url\":\"https:\\\/\\\/decofoodshop.nl\\\/wp-content\\\/uploads\\\/2020\\\/06\\\/IMG_0535.jpg\",\"contentUrl\":\"https:\\\/\\\/decofoodshop.nl\\\/wp-content\\\/uploads\\\/2020\\\/06\\\/IMG_0535.jpg\",\"width\":1200,\"height\":1200,\"caption\":\"Rode Nep Bessen Tak\"},{\"@type\":\"BreadcrumbList\",\"@id\":\"https:\\\/\\\/decofoodshop.nl\\\/product\\\/rode-nep-bessen-tak\\\/#breadcrumb\",\"itemListElement\":[{\"@type\":\"ListItem\",\"position\":1,\"name\":\"Home\",\"item\":\"https:\\\/\\\/decofoodshop.nl\\\/\"},{\"@type\":\"ListItem\",\"position\":2,\"name\":\"Winkel\",\"item\":\"https:\\\/\\\/decofoodshop.nl\\\/winkel\\\/\"},{\"@type\":\"ListItem\",\"position\":3,\"name\":\"Rode Nep Bessen Tak\"}]},{\"@type\":\"WebSite\",\"@id\":\"https:\\\/\\\/decofoodshop.nl\\\/#website\",\"url\":\"https:\\\/\\\/decofoodshop.nl\\\/\",\"name\":\"Decofoodshop\",\"description\":\"\",\"potentialAction\":[{\"@type\":\"SearchAction\",\"target\":{\"@type\":\"EntryPoint\",\"urlTemplate\":\"https:\\\/\\\/decofoodshop.nl\\\/?s={search_term_string}\"},\"query-input\":{\"@type\":\"PropertyValueSpecification\",\"valueRequired\":true,\"valueName\":\"search_term_string\"}}],\"inLanguage\":\"de\"}]}<\/script>\n<!-- \/ Yoast SEO Premium plugin. -->","yoast_head_json":{"title":"Roter gef\u00e4lschter Beerenzweig - Erh\u00e4ltlich bei Decofoodshop","description":"Sch\u00f6ner roter gef\u00e4lschter Beerenzweig mit 60 Beeren pro Zweig. Sehr robust und extrem realistisch. Wir bieten auch gr\u00fcne und Heidelbeerzweige an.","robots":{"index":"index","follow":"follow","max-snippet":"max-snippet:-1","max-image-preview":"max-image-preview:large","max-video-preview":"max-video-preview:-1"},"canonical":"https:\/\/decofoodshop.nl\/de\/produkt\/roter-gefalschter-beerenzweig\/","og_locale":"de_DE","og_type":"article","og_title":"Rode Nep Bessen Tak","og_description":"Leuke Rode Nep Bessen Tak met 60 bessen per tak. Zeer stevig en uiterst realistisch. Ook bieden wij groen en blauwe bessen takken.","og_url":"https:\/\/decofoodshop.nl\/de\/produkt\/roter-gefalschter-beerenzweig\/","og_site_name":"Decofoodshop","article_modified_time":"2026-02-28T13:59:03+00:00","og_image":[{"width":1200,"height":1200,"url":"https:\/\/decofoodshop.nl\/wp-content\/uploads\/2020\/06\/IMG_0535.jpg","type":"image\/jpeg"}],"twitter_card":"summary_large_image","twitter_misc":{"Gesch\u00e4tzte Lesezeit":"1\u00a0Minute"},"schema":{"@context":"https:\/\/schema.org","@graph":[{"@type":"WebPage","@id":"https:\/\/decofoodshop.nl\/product\/rode-nep-bessen-tak\/","url":"https:\/\/decofoodshop.nl\/product\/rode-nep-bessen-tak\/","name":"Roter gef\u00e4lschter Beerenzweig - Erh\u00e4ltlich bei Decofoodshop","isPartOf":{"@id":"https:\/\/decofoodshop.nl\/#website"},"primaryImageOfPage":{"@id":"https:\/\/decofoodshop.nl\/product\/rode-nep-bessen-tak\/#primaryimage"},"image":{"@id":"https:\/\/decofoodshop.nl\/product\/rode-nep-bessen-tak\/#primaryimage"},"thumbnailUrl":"https:\/\/decofoodshop.nl\/wp-content\/uploads\/2020\/06\/IMG_0535.jpg","datePublished":"2020-06-18T08:13:29+00:00","dateModified":"2026-02-28T13:59:03+00:00","description":"Sch\u00f6ner roter gef\u00e4lschter Beerenzweig mit 60 Beeren pro Zweig. Sehr robust und extrem realistisch. Wir bieten auch gr\u00fcne und Heidelbeerzweige an.","breadcrumb":{"@id":"https:\/\/decofoodshop.nl\/product\/rode-nep-bessen-tak\/#breadcrumb"},"inLanguage":"de","potentialAction":[{"@type":"ReadAction","target":["https:\/\/decofoodshop.nl\/product\/rode-nep-bessen-tak\/"]}]},{"@type":"ImageObject","inLanguage":"de","@id":"https:\/\/decofoodshop.nl\/product\/rode-nep-bessen-tak\/#primaryimage","url":"https:\/\/decofoodshop.nl\/wp-content\/uploads\/2020\/06\/IMG_0535.jpg","contentUrl":"https:\/\/decofoodshop.nl\/wp-content\/uploads\/2020\/06\/IMG_0535.jpg","width":1200,"height":1200,"caption":"Rode Nep Bessen Tak"},{"@type":"BreadcrumbList","@id":"https:\/\/decofoodshop.nl\/product\/rode-nep-bessen-tak\/#breadcrumb","itemListElement":[{"@type":"ListItem","position":1,"name":"Home","item":"https:\/\/decofoodshop.nl\/"},{"@type":"ListItem","position":2,"name":"Winkel","item":"https:\/\/decofoodshop.nl\/winkel\/"},{"@type":"ListItem","position":3,"name":"Rode Nep Bessen Tak"}]},{"@type":"WebSite","@id":"https:\/\/decofoodshop.nl\/#website","url":"https:\/\/decofoodshop.nl\/","name":"Dekofoodshop","description":"","potentialAction":[{"@type":"SearchAction","target":{"@type":"EntryPoint","urlTemplate":"https:\/\/decofoodshop.nl\/?s={search_term_string}"},"query-input":{"@type":"PropertyValueSpecification","valueRequired":true,"valueName":"search_term_string"}}],"inLanguage":"de"}]}},"_links":{"self":[{"href":"https:\/\/decofoodshop.nl\/de\/wp-json\/wp\/v2\/product\/3366","targetHints":{"allow":["GET"]}}],"collection":[{"href":"https:\/\/decofoodshop.nl\/de\/wp-json\/wp\/v2\/product"}],"about":[{"href":"https:\/\/decofoodshop.nl\/de\/wp-json\/wp\/v2\/types\/product"}],"wp:featuredmedia":[{"embeddable":true,"href":"https:\/\/decofoodshop.nl\/de\/wp-json\/wp\/v2\/media\/3367"}],"wp:attachment":[{"href":"https:\/\/decofoodshop.nl\/de\/wp-json\/wp\/v2\/media?parent=3366"}],"wp:term":[{"taxonomy":"product_brand","embeddable":true,"href":"https:\/\/decofoodshop.nl\/de\/wp-json\/wp\/v2\/product_brand?post=3366"},{"taxonomy":"product_cat","embeddable":true,"href":"https:\/\/decofoodshop.nl\/de\/wp-json\/wp\/v2\/product_cat?post=3366"},{"taxonomy":"product_tag","embeddable":true,"href":"https:\/\/decofoodshop.nl\/de\/wp-json\/wp\/v2\/product_tag?post=3366"}],"curies":[{"name":"wp","href":"https:\/\/api.w.org\/{rel}","templated":true}]}}