{"id":3379,"date":"2020-07-27T09:13:08","date_gmt":"2020-07-27T09:13:08","guid":{"rendered":"https:\/\/decofoodshop.nl\/?post_type=product&#038;p=3379"},"modified":"2026-02-28T14:57:36","modified_gmt":"2026-02-28T13:57:36","slug":"gruner-falscher-beeren-zweig","status":"publish","type":"product","link":"https:\/\/decofoodshop.nl\/de\/product\/groene-nep-bessen-tak\/","title":{"rendered":"Gr\u00fcne gef\u00e4lschte Beeren Tak"},"content":{"rendered":"<p>Sehr sch\u00f6ner gr\u00fcner Fake-Beerenzweig.<\/p>\n<p>Es ist voll von Klumpen von sch\u00f6nen gr\u00fcnen Beeren.<\/p>\n<p>Mit 3 Zweigen mit Bl\u00e4ttern f\u00fcr ein nat\u00fcrliches Aussehen.<\/p>\n<p>Die gr\u00fcnen Beeren haben einen sch\u00f6nen \u00dcbergang von hellem zu dunklerem Gr\u00fcn.<\/p>\n<p>Die Beeren haben auch rote Sprenkel, wodurch sie noch nat\u00fcrlicher aussehen.<\/p>\n<p>Weitere sch\u00f6ne dekorative Zweige finden Sie unter &#039;<a href=\"https:\/\/decofoodshop.nl\/de\/produktkategorie-2\/andere\/\"><strong><span style=\"color: #008000;\">Andere<\/span><\/strong><\/a>&#8216;.<\/p>","protected":false},"excerpt":{"rendered":"<p>Ontzettend leuke groene nep bessen tak. Het is een vol bosjes met prachtige groene bessen. Ook voorzien van 3 takjes met blaadjes voor een natuurlijk uiterlijk. De groen besjes hebben een mooie overgang van licht naar wat donkerder groen. Ook zijn de besjes voorzien van rode spikkels hierdoor zien ze er nog natuurlijker uit. Voor [&hellip;]<\/p>\n","protected":false},"featured_media":3380,"template":"","meta":{"_acf_changed":false,"_genesis_hide_title":false,"_genesis_hide_breadcrumbs":false,"_genesis_hide_singular_image":false,"_genesis_hide_footer_widgets":false,"_genesis_custom_body_class":"","_genesis_custom_post_class":"","_genesis_layout":""},"product_brand":[],"product_cat":[47,51],"product_tag":[],"class_list":{"0":"post-3379","1":"product","2":"type-product","3":"status-publish","4":"has-post-thumbnail","6":"product_cat-kunstfruit","7":"product_cat-overige","8":"entry","9":"wpx-has-gallery","11":"first","12":"instock","13":"taxable","14":"shipping-taxable","15":"purchasable","16":"product-type-simple"},"acf":[],"yoast_head":"<!-- This site is optimized with the Yoast SEO Premium plugin v27.3 (Yoast SEO v27.3) - https:\/\/yoast.com\/product\/yoast-seo-premium-wordpress\/ -->\n<title>Groene Nep Bessen Tak - Verkrijgbaar Bij Decofoodshop<\/title>\n<meta name=\"description\" content=\"Super leuke groene nep bessen tak. Een leuk vol bosje groen nep besjes. Ook verkrijgbaar in rode bessen en blauwe bessen.\" \/>\n<meta name=\"robots\" content=\"index, follow, max-snippet:-1, max-image-preview:large, max-video-preview:-1\" \/>\n<link rel=\"canonical\" href=\"https:\/\/decofoodshop.nl\/de\/produkt\/gruner-falscher-beeren-zweig\/\" \/>\n<meta property=\"og:locale\" content=\"de_DE\" \/>\n<meta property=\"og:type\" content=\"article\" \/>\n<meta property=\"og:title\" content=\"Groene Nep Bessen Tak\" \/>\n<meta property=\"og:description\" content=\"Super leuke groene nep bessen tak. Een leuk vol bosje groen nep besjes. Ook verkrijgbaar in rode bessen en blauwe bessen.\" \/>\n<meta property=\"og:url\" content=\"https:\/\/decofoodshop.nl\/de\/produkt\/gruner-falscher-beeren-zweig\/\" \/>\n<meta property=\"og:site_name\" content=\"Decofoodshop\" \/>\n<meta property=\"article:modified_time\" content=\"2026-02-28T13:57:36+00:00\" \/>\n<meta property=\"og:image\" content=\"https:\/\/decofoodshop.nl\/wp-content\/uploads\/2020\/06\/IMG_0534.jpg\" \/>\n\t<meta property=\"og:image:width\" content=\"1200\" \/>\n\t<meta property=\"og:image:height\" content=\"1200\" \/>\n\t<meta property=\"og:image:type\" content=\"image\/jpeg\" \/>\n<meta name=\"twitter:card\" content=\"summary_large_image\" \/>\n<meta name=\"twitter:label1\" content=\"Gesch\u00e4tzte Lesezeit\" \/>\n\t<meta name=\"twitter:data1\" content=\"1\u00a0Minute\" \/>\n<script type=\"application\/ld+json\" class=\"yoast-schema-graph\">{\"@context\":\"https:\\\/\\\/schema.org\",\"@graph\":[{\"@type\":\"WebPage\",\"@id\":\"https:\\\/\\\/decofoodshop.nl\\\/product\\\/groene-nep-bessen-tak\\\/\",\"url\":\"https:\\\/\\\/decofoodshop.nl\\\/product\\\/groene-nep-bessen-tak\\\/\",\"name\":\"Groene Nep Bessen Tak - Verkrijgbaar Bij Decofoodshop\",\"isPartOf\":{\"@id\":\"https:\\\/\\\/decofoodshop.nl\\\/#website\"},\"primaryImageOfPage\":{\"@id\":\"https:\\\/\\\/decofoodshop.nl\\\/product\\\/groene-nep-bessen-tak\\\/#primaryimage\"},\"image\":{\"@id\":\"https:\\\/\\\/decofoodshop.nl\\\/product\\\/groene-nep-bessen-tak\\\/#primaryimage\"},\"thumbnailUrl\":\"https:\\\/\\\/decofoodshop.nl\\\/wp-content\\\/uploads\\\/2020\\\/06\\\/IMG_0534.jpg\",\"datePublished\":\"2020-07-27T09:13:08+00:00\",\"dateModified\":\"2026-02-28T13:57:36+00:00\",\"description\":\"Super leuke groene nep bessen tak. Een leuk vol bosje groen nep besjes. Ook verkrijgbaar in rode bessen en blauwe bessen.\",\"breadcrumb\":{\"@id\":\"https:\\\/\\\/decofoodshop.nl\\\/product\\\/groene-nep-bessen-tak\\\/#breadcrumb\"},\"inLanguage\":\"de\",\"potentialAction\":[{\"@type\":\"ReadAction\",\"target\":[\"https:\\\/\\\/decofoodshop.nl\\\/product\\\/groene-nep-bessen-tak\\\/\"]}]},{\"@type\":\"ImageObject\",\"inLanguage\":\"de\",\"@id\":\"https:\\\/\\\/decofoodshop.nl\\\/product\\\/groene-nep-bessen-tak\\\/#primaryimage\",\"url\":\"https:\\\/\\\/decofoodshop.nl\\\/wp-content\\\/uploads\\\/2020\\\/06\\\/IMG_0534.jpg\",\"contentUrl\":\"https:\\\/\\\/decofoodshop.nl\\\/wp-content\\\/uploads\\\/2020\\\/06\\\/IMG_0534.jpg\",\"width\":1200,\"height\":1200,\"caption\":\"Groene Nep Bessen Tak\"},{\"@type\":\"BreadcrumbList\",\"@id\":\"https:\\\/\\\/decofoodshop.nl\\\/product\\\/groene-nep-bessen-tak\\\/#breadcrumb\",\"itemListElement\":[{\"@type\":\"ListItem\",\"position\":1,\"name\":\"Home\",\"item\":\"https:\\\/\\\/decofoodshop.nl\\\/\"},{\"@type\":\"ListItem\",\"position\":2,\"name\":\"Winkel\",\"item\":\"https:\\\/\\\/decofoodshop.nl\\\/winkel\\\/\"},{\"@type\":\"ListItem\",\"position\":3,\"name\":\"Groene Nep Bessen Tak\"}]},{\"@type\":\"WebSite\",\"@id\":\"https:\\\/\\\/decofoodshop.nl\\\/#website\",\"url\":\"https:\\\/\\\/decofoodshop.nl\\\/\",\"name\":\"Decofoodshop\",\"description\":\"\",\"potentialAction\":[{\"@type\":\"SearchAction\",\"target\":{\"@type\":\"EntryPoint\",\"urlTemplate\":\"https:\\\/\\\/decofoodshop.nl\\\/?s={search_term_string}\"},\"query-input\":{\"@type\":\"PropertyValueSpecification\",\"valueRequired\":true,\"valueName\":\"search_term_string\"}}],\"inLanguage\":\"de\"}]}<\/script>\n<!-- \/ Yoast SEO Premium plugin. -->","yoast_head_json":{"title":"Gr\u00fcner gef\u00e4lschter Beerenzweig - Erh\u00e4ltlich bei Decofoodshop","description":"Super s\u00fc\u00dfer gr\u00fcner gef\u00e4lschter Beerenzweig. Ein sch\u00f6nes volles B\u00fcndel gr\u00fcner gef\u00e4lschter Beeren. Auch in Johannisbeere und Heidelbeere erh\u00e4ltlich.","robots":{"index":"index","follow":"follow","max-snippet":"max-snippet:-1","max-image-preview":"max-image-preview:large","max-video-preview":"max-video-preview:-1"},"canonical":"https:\/\/decofoodshop.nl\/de\/produkt\/gruner-falscher-beeren-zweig\/","og_locale":"de_DE","og_type":"article","og_title":"Groene Nep Bessen Tak","og_description":"Super leuke groene nep bessen tak. Een leuk vol bosje groen nep besjes. Ook verkrijgbaar in rode bessen en blauwe bessen.","og_url":"https:\/\/decofoodshop.nl\/de\/produkt\/gruner-falscher-beeren-zweig\/","og_site_name":"Decofoodshop","article_modified_time":"2026-02-28T13:57:36+00:00","og_image":[{"width":1200,"height":1200,"url":"https:\/\/decofoodshop.nl\/wp-content\/uploads\/2020\/06\/IMG_0534.jpg","type":"image\/jpeg"}],"twitter_card":"summary_large_image","twitter_misc":{"Gesch\u00e4tzte Lesezeit":"1\u00a0Minute"},"schema":{"@context":"https:\/\/schema.org","@graph":[{"@type":"WebPage","@id":"https:\/\/decofoodshop.nl\/product\/groene-nep-bessen-tak\/","url":"https:\/\/decofoodshop.nl\/product\/groene-nep-bessen-tak\/","name":"Gr\u00fcner gef\u00e4lschter Beerenzweig - Erh\u00e4ltlich bei Decofoodshop","isPartOf":{"@id":"https:\/\/decofoodshop.nl\/#website"},"primaryImageOfPage":{"@id":"https:\/\/decofoodshop.nl\/product\/groene-nep-bessen-tak\/#primaryimage"},"image":{"@id":"https:\/\/decofoodshop.nl\/product\/groene-nep-bessen-tak\/#primaryimage"},"thumbnailUrl":"https:\/\/decofoodshop.nl\/wp-content\/uploads\/2020\/06\/IMG_0534.jpg","datePublished":"2020-07-27T09:13:08+00:00","dateModified":"2026-02-28T13:57:36+00:00","description":"Super s\u00fc\u00dfer gr\u00fcner gef\u00e4lschter Beerenzweig. Ein sch\u00f6nes volles B\u00fcndel gr\u00fcner gef\u00e4lschter Beeren. Auch in Johannisbeere und Heidelbeere erh\u00e4ltlich.","breadcrumb":{"@id":"https:\/\/decofoodshop.nl\/product\/groene-nep-bessen-tak\/#breadcrumb"},"inLanguage":"de","potentialAction":[{"@type":"ReadAction","target":["https:\/\/decofoodshop.nl\/product\/groene-nep-bessen-tak\/"]}]},{"@type":"ImageObject","inLanguage":"de","@id":"https:\/\/decofoodshop.nl\/product\/groene-nep-bessen-tak\/#primaryimage","url":"https:\/\/decofoodshop.nl\/wp-content\/uploads\/2020\/06\/IMG_0534.jpg","contentUrl":"https:\/\/decofoodshop.nl\/wp-content\/uploads\/2020\/06\/IMG_0534.jpg","width":1200,"height":1200,"caption":"Groene Nep Bessen Tak"},{"@type":"BreadcrumbList","@id":"https:\/\/decofoodshop.nl\/product\/groene-nep-bessen-tak\/#breadcrumb","itemListElement":[{"@type":"ListItem","position":1,"name":"Home","item":"https:\/\/decofoodshop.nl\/"},{"@type":"ListItem","position":2,"name":"Winkel","item":"https:\/\/decofoodshop.nl\/winkel\/"},{"@type":"ListItem","position":3,"name":"Groene Nep Bessen Tak"}]},{"@type":"WebSite","@id":"https:\/\/decofoodshop.nl\/#website","url":"https:\/\/decofoodshop.nl\/","name":"Dekofoodshop","description":"","potentialAction":[{"@type":"SearchAction","target":{"@type":"EntryPoint","urlTemplate":"https:\/\/decofoodshop.nl\/?s={search_term_string}"},"query-input":{"@type":"PropertyValueSpecification","valueRequired":true,"valueName":"search_term_string"}}],"inLanguage":"de"}]}},"_links":{"self":[{"href":"https:\/\/decofoodshop.nl\/de\/wp-json\/wp\/v2\/product\/3379","targetHints":{"allow":["GET"]}}],"collection":[{"href":"https:\/\/decofoodshop.nl\/de\/wp-json\/wp\/v2\/product"}],"about":[{"href":"https:\/\/decofoodshop.nl\/de\/wp-json\/wp\/v2\/types\/product"}],"wp:featuredmedia":[{"embeddable":true,"href":"https:\/\/decofoodshop.nl\/de\/wp-json\/wp\/v2\/media\/3380"}],"wp:attachment":[{"href":"https:\/\/decofoodshop.nl\/de\/wp-json\/wp\/v2\/media?parent=3379"}],"wp:term":[{"taxonomy":"product_brand","embeddable":true,"href":"https:\/\/decofoodshop.nl\/de\/wp-json\/wp\/v2\/product_brand?post=3379"},{"taxonomy":"product_cat","embeddable":true,"href":"https:\/\/decofoodshop.nl\/de\/wp-json\/wp\/v2\/product_cat?post=3379"},{"taxonomy":"product_tag","embeddable":true,"href":"https:\/\/decofoodshop.nl\/de\/wp-json\/wp\/v2\/product_tag?post=3379"}],"curies":[{"name":"wp","href":"https:\/\/api.w.org\/{rel}","templated":true}]}}