{"id":3421,"date":"2020-07-27T11:07:43","date_gmt":"2020-07-27T11:07:43","guid":{"rendered":"https:\/\/decofoodshop.nl\/?post_type=product&#038;p=3421"},"modified":"2026-03-08T16:39:35","modified_gmt":"2026-03-08T15:39:35","slug":"gruner-pfefferstrang","status":"publish","type":"product","link":"https:\/\/decofoodshop.nl\/de\/product\/groene-pepertjes-streng\/","title":{"rendered":"Gr\u00fcne Paprikaschnur"},"content":{"rendered":"<p>Sch\u00f6ner gr\u00fcner Chili-Strang.<\/p>\n<p>Mit 20 Paprikaschoten pro Strang.<\/p>\n<p>Auch mit Paprikaimitat erh\u00e4ltlich.<\/p>\n<p>Das Sisalseil hat eine \u00d6se zum Aufh\u00e4ngen.<\/p>\n<p>Sch\u00f6ne dunkelgr\u00fcne Farbe und hervorragend als Dekoration geeignet.<\/p>\n<p>Noch besser kommt diese Litze in einer Traverse zur Geltung.<\/p>\n<p>F\u00fcr Kunstgem\u00fcse klicken <span style=\"color: #008000;\"><a style=\"color: #008000;\" href=\"https:\/\/decofoodshop.nl\/de\/produktkategorie-2\/kunstliches-gemuse\/\">&#8216;<strong>Hier<\/strong>&#8216;<\/a>.<\/span><\/p>","protected":false},"excerpt":{"rendered":"<p>Sch\u00f6ner gr\u00fcner Paprikastrang. Mit 20 Paprika pro Strang. Auch mit rotem Paprika-Imitat erh\u00e4ltlich. Das Sisalseil hat eine \u00d6se zum Aufh\u00e4ngen. Sch\u00f6ne dunkelgr\u00fcne Farbe und hervorragend als Dekoration geeignet. Im B\u00fcndel kommt diese Str\u00e4hne noch besser zur Geltung. F\u00fcr Kunstgem\u00fcse klicken Sie auf \u201eHier\u201c.<\/p>","protected":false},"featured_media":3422,"template":"","meta":{"_acf_changed":false,"_genesis_hide_title":false,"_genesis_hide_breadcrumbs":false,"_genesis_hide_singular_image":false,"_genesis_hide_footer_widgets":false,"_genesis_custom_body_class":"","_genesis_custom_post_class":"","_genesis_layout":""},"product_brand":[],"product_cat":[48,51],"product_tag":[],"class_list":{"0":"post-3421","1":"product","2":"type-product","3":"status-publish","4":"has-post-thumbnail","6":"product_cat-kunstgroenten","7":"product_cat-overige","8":"entry","9":"wpx-has-gallery","11":"first","12":"instock","13":"taxable","14":"shipping-taxable","15":"purchasable","16":"product-type-simple"},"acf":[],"yoast_head":"<!-- This site is optimized with the Yoast SEO Premium plugin v27.3 (Yoast SEO v27.3) - https:\/\/yoast.com\/product\/yoast-seo-premium-wordpress\/ -->\n<title>Groene Pepertjes Streng - Verkijgbaar Bij Decofoodshop<\/title>\n<meta name=\"description\" content=\"Leuke groene namaak pepertjes streng. Ook bieden wij de rode namaak pepertjes streng en andere namaak pepers en namaak groenten aan.\" \/>\n<meta name=\"robots\" content=\"index, follow, max-snippet:-1, max-image-preview:large, max-video-preview:-1\" \/>\n<link rel=\"canonical\" href=\"https:\/\/decofoodshop.nl\/de\/produkt\/gruner-pfefferstrang\/\" \/>\n<meta property=\"og:locale\" content=\"de_DE\" \/>\n<meta property=\"og:type\" content=\"article\" \/>\n<meta property=\"og:title\" content=\"Groene Pepertjes Streng\" \/>\n<meta property=\"og:description\" content=\"Leuke groene namaak pepertjes streng. Ook bieden wij de rode namaak pepertjes streng en andere namaak pepers en namaak groenten aan.\" \/>\n<meta property=\"og:url\" content=\"https:\/\/decofoodshop.nl\/de\/produkt\/gruner-pfefferstrang\/\" \/>\n<meta property=\"og:site_name\" content=\"Decofoodshop\" \/>\n<meta property=\"article:modified_time\" content=\"2026-03-08T15:39:35+00:00\" \/>\n<meta property=\"og:image\" content=\"https:\/\/decofoodshop.nl\/wp-content\/uploads\/2020\/07\/Groene-Pepertjes-Streng.jpg\" \/>\n\t<meta property=\"og:image:width\" content=\"1200\" \/>\n\t<meta property=\"og:image:height\" content=\"1200\" \/>\n\t<meta property=\"og:image:type\" content=\"image\/jpeg\" \/>\n<meta name=\"twitter:card\" content=\"summary_large_image\" \/>\n<meta name=\"twitter:label1\" content=\"Gesch\u00e4tzte Lesezeit\" \/>\n\t<meta name=\"twitter:data1\" content=\"1\u00a0Minute\" \/>\n<script type=\"application\/ld+json\" class=\"yoast-schema-graph\">{\"@context\":\"https:\\\/\\\/schema.org\",\"@graph\":[{\"@type\":\"WebPage\",\"@id\":\"https:\\\/\\\/decofoodshop.nl\\\/product\\\/groene-pepertjes-streng\\\/\",\"url\":\"https:\\\/\\\/decofoodshop.nl\\\/product\\\/groene-pepertjes-streng\\\/\",\"name\":\"Groene Pepertjes Streng - Verkijgbaar Bij Decofoodshop\",\"isPartOf\":{\"@id\":\"https:\\\/\\\/decofoodshop.nl\\\/#website\"},\"primaryImageOfPage\":{\"@id\":\"https:\\\/\\\/decofoodshop.nl\\\/product\\\/groene-pepertjes-streng\\\/#primaryimage\"},\"image\":{\"@id\":\"https:\\\/\\\/decofoodshop.nl\\\/product\\\/groene-pepertjes-streng\\\/#primaryimage\"},\"thumbnailUrl\":\"https:\\\/\\\/decofoodshop.nl\\\/wp-content\\\/uploads\\\/2020\\\/07\\\/Groene-Pepertjes-Streng.jpg\",\"datePublished\":\"2020-07-27T11:07:43+00:00\",\"dateModified\":\"2026-03-08T15:39:35+00:00\",\"description\":\"Leuke groene namaak pepertjes streng. Ook bieden wij de rode namaak pepertjes streng en andere namaak pepers en namaak groenten aan.\",\"breadcrumb\":{\"@id\":\"https:\\\/\\\/decofoodshop.nl\\\/product\\\/groene-pepertjes-streng\\\/#breadcrumb\"},\"inLanguage\":\"de\",\"potentialAction\":[{\"@type\":\"ReadAction\",\"target\":[\"https:\\\/\\\/decofoodshop.nl\\\/product\\\/groene-pepertjes-streng\\\/\"]}]},{\"@type\":\"ImageObject\",\"inLanguage\":\"de\",\"@id\":\"https:\\\/\\\/decofoodshop.nl\\\/product\\\/groene-pepertjes-streng\\\/#primaryimage\",\"url\":\"https:\\\/\\\/decofoodshop.nl\\\/wp-content\\\/uploads\\\/2020\\\/07\\\/Groene-Pepertjes-Streng.jpg\",\"contentUrl\":\"https:\\\/\\\/decofoodshop.nl\\\/wp-content\\\/uploads\\\/2020\\\/07\\\/Groene-Pepertjes-Streng.jpg\",\"width\":1200,\"height\":1200,\"caption\":\"Groene Pepertjes Streng\"},{\"@type\":\"BreadcrumbList\",\"@id\":\"https:\\\/\\\/decofoodshop.nl\\\/product\\\/groene-pepertjes-streng\\\/#breadcrumb\",\"itemListElement\":[{\"@type\":\"ListItem\",\"position\":1,\"name\":\"Home\",\"item\":\"https:\\\/\\\/decofoodshop.nl\\\/\"},{\"@type\":\"ListItem\",\"position\":2,\"name\":\"Winkel\",\"item\":\"https:\\\/\\\/decofoodshop.nl\\\/winkel\\\/\"},{\"@type\":\"ListItem\",\"position\":3,\"name\":\"Groene Pepertjes Streng\"}]},{\"@type\":\"WebSite\",\"@id\":\"https:\\\/\\\/decofoodshop.nl\\\/#website\",\"url\":\"https:\\\/\\\/decofoodshop.nl\\\/\",\"name\":\"Decofoodshop\",\"description\":\"\",\"potentialAction\":[{\"@type\":\"SearchAction\",\"target\":{\"@type\":\"EntryPoint\",\"urlTemplate\":\"https:\\\/\\\/decofoodshop.nl\\\/?s={search_term_string}\"},\"query-input\":{\"@type\":\"PropertyValueSpecification\",\"valueRequired\":true,\"valueName\":\"search_term_string\"}}],\"inLanguage\":\"de\"}]}<\/script>\n<!-- \/ Yoast SEO Premium plugin. -->","yoast_head_json":{"title":"Green Peppers String - Erh\u00e4ltlich bei Decofoodshop","description":"Sch\u00f6ner gr\u00fcner falscher Paprikastrang. Wir bieten auch das rote Paprika-Imitat und andere Paprika-Imitate und Gem\u00fcse-Imitate an.","robots":{"index":"index","follow":"follow","max-snippet":"max-snippet:-1","max-image-preview":"max-image-preview:large","max-video-preview":"max-video-preview:-1"},"canonical":"https:\/\/decofoodshop.nl\/de\/produkt\/gruner-pfefferstrang\/","og_locale":"de_DE","og_type":"article","og_title":"Groene Pepertjes Streng","og_description":"Leuke groene namaak pepertjes streng. Ook bieden wij de rode namaak pepertjes streng en andere namaak pepers en namaak groenten aan.","og_url":"https:\/\/decofoodshop.nl\/de\/produkt\/gruner-pfefferstrang\/","og_site_name":"Decofoodshop","article_modified_time":"2026-03-08T15:39:35+00:00","og_image":[{"width":1200,"height":1200,"url":"https:\/\/decofoodshop.nl\/wp-content\/uploads\/2020\/07\/Groene-Pepertjes-Streng.jpg","type":"image\/jpeg"}],"twitter_card":"summary_large_image","twitter_misc":{"Gesch\u00e4tzte Lesezeit":"1\u00a0Minute"},"schema":{"@context":"https:\/\/schema.org","@graph":[{"@type":"WebPage","@id":"https:\/\/decofoodshop.nl\/product\/groene-pepertjes-streng\/","url":"https:\/\/decofoodshop.nl\/product\/groene-pepertjes-streng\/","name":"Green Peppers String - Erh\u00e4ltlich bei Decofoodshop","isPartOf":{"@id":"https:\/\/decofoodshop.nl\/#website"},"primaryImageOfPage":{"@id":"https:\/\/decofoodshop.nl\/product\/groene-pepertjes-streng\/#primaryimage"},"image":{"@id":"https:\/\/decofoodshop.nl\/product\/groene-pepertjes-streng\/#primaryimage"},"thumbnailUrl":"https:\/\/decofoodshop.nl\/wp-content\/uploads\/2020\/07\/Groene-Pepertjes-Streng.jpg","datePublished":"2020-07-27T11:07:43+00:00","dateModified":"2026-03-08T15:39:35+00:00","description":"Sch\u00f6ner gr\u00fcner falscher Paprikastrang. Wir bieten auch das rote Paprika-Imitat und andere Paprika-Imitate und Gem\u00fcse-Imitate an.","breadcrumb":{"@id":"https:\/\/decofoodshop.nl\/product\/groene-pepertjes-streng\/#breadcrumb"},"inLanguage":"de","potentialAction":[{"@type":"ReadAction","target":["https:\/\/decofoodshop.nl\/product\/groene-pepertjes-streng\/"]}]},{"@type":"ImageObject","inLanguage":"de","@id":"https:\/\/decofoodshop.nl\/product\/groene-pepertjes-streng\/#primaryimage","url":"https:\/\/decofoodshop.nl\/wp-content\/uploads\/2020\/07\/Groene-Pepertjes-Streng.jpg","contentUrl":"https:\/\/decofoodshop.nl\/wp-content\/uploads\/2020\/07\/Groene-Pepertjes-Streng.jpg","width":1200,"height":1200,"caption":"Groene Pepertjes Streng"},{"@type":"BreadcrumbList","@id":"https:\/\/decofoodshop.nl\/product\/groene-pepertjes-streng\/#breadcrumb","itemListElement":[{"@type":"ListItem","position":1,"name":"Home","item":"https:\/\/decofoodshop.nl\/"},{"@type":"ListItem","position":2,"name":"Winkel","item":"https:\/\/decofoodshop.nl\/winkel\/"},{"@type":"ListItem","position":3,"name":"Groene Pepertjes Streng"}]},{"@type":"WebSite","@id":"https:\/\/decofoodshop.nl\/#website","url":"https:\/\/decofoodshop.nl\/","name":"Dekofoodshop","description":"","potentialAction":[{"@type":"SearchAction","target":{"@type":"EntryPoint","urlTemplate":"https:\/\/decofoodshop.nl\/?s={search_term_string}"},"query-input":{"@type":"PropertyValueSpecification","valueRequired":true,"valueName":"search_term_string"}}],"inLanguage":"de"}]}},"_links":{"self":[{"href":"https:\/\/decofoodshop.nl\/de\/wp-json\/wp\/v2\/product\/3421","targetHints":{"allow":["GET"]}}],"collection":[{"href":"https:\/\/decofoodshop.nl\/de\/wp-json\/wp\/v2\/product"}],"about":[{"href":"https:\/\/decofoodshop.nl\/de\/wp-json\/wp\/v2\/types\/product"}],"wp:featuredmedia":[{"embeddable":true,"href":"https:\/\/decofoodshop.nl\/de\/wp-json\/wp\/v2\/media\/3422"}],"wp:attachment":[{"href":"https:\/\/decofoodshop.nl\/de\/wp-json\/wp\/v2\/media?parent=3421"}],"wp:term":[{"taxonomy":"product_brand","embeddable":true,"href":"https:\/\/decofoodshop.nl\/de\/wp-json\/wp\/v2\/product_brand?post=3421"},{"taxonomy":"product_cat","embeddable":true,"href":"https:\/\/decofoodshop.nl\/de\/wp-json\/wp\/v2\/product_cat?post=3421"},{"taxonomy":"product_tag","embeddable":true,"href":"https:\/\/decofoodshop.nl\/de\/wp-json\/wp\/v2\/product_tag?post=3421"}],"curies":[{"name":"wp","href":"https:\/\/api.w.org\/{rel}","templated":true}]}}