{"id":3440,"date":"2020-09-01T09:39:54","date_gmt":"2020-09-01T09:39:54","guid":{"rendered":"https:\/\/decofoodshop.nl\/?post_type=product&#038;p=3440"},"modified":"2026-03-03T15:06:07","modified_gmt":"2026-03-03T14:06:07","slug":"kunstliches-obst-paket-gros","status":"publish","type":"product","link":"https:\/\/decofoodshop.nl\/de\/product\/kunstfruit-pakket-groot\/","title":{"rendered":"K\u00fcnstliche Fruchtpackung gro\u00df"},"content":{"rendered":"<p>Dies ist eine gro\u00dfe, vielseitige und lebensechte k\u00fcnstliche Fruchtpackung.<\/p>\n<p>Das Paket wurde sorgf\u00e4ltig zusammengestellt, damit die Fr\u00fcchte gut zusammenpassen.<\/p>\n<p>Alle Paketpreise sind extra vorteilhaft.<\/p>\n<p>Ideal, wenn Sie nach einer dekorativen k\u00fcnstlichen Obstverpackung suchen.<\/p>\n<p>Zum Beispiel f\u00fcr den Laden oder als Dekoration zu Hause.<\/p>\n<p>Wir bieten auch kleine gef\u00e4lschte Fruchtpackungen und exotische gef\u00e4lschte Fruchtpackungen an.<\/p>\n<p>Klicken <strong><span style=\"color: #008000;\"><a style=\"color: #008000;\" href=\"https:\/\/decofoodshop.nl\/de\/produktkategorie-2\/pakete\/\">&#039;hier&#039;<\/a> <\/span><\/strong>f\u00fcr weitere decofood-Pakete.<\/p>","protected":false},"excerpt":{"rendered":"<p>Dit is een veelzijdig en natuurgetrouw kunstfruit pakket groot. Het pakket is zorgvuldig samengesteld zodat het fruit goed bij elkaar past. Alle pakketprijzen zijn extra voordelig. Ideaal als u zoekt naar een decoratief kunstfruitpakket. Bijvoorbeeld voor in een winkel of als decoratie bij u thuis. Wij bieden ook een klein nep fruitpakket en een exotisch [&hellip;]<\/p>\n","protected":false},"featured_media":3501,"template":"","meta":{"_acf_changed":false,"_genesis_hide_title":false,"_genesis_hide_breadcrumbs":false,"_genesis_hide_singular_image":false,"_genesis_hide_footer_widgets":false,"_genesis_custom_body_class":"","_genesis_custom_post_class":"","_genesis_layout":""},"product_brand":[],"product_cat":[47,49],"product_tag":[],"class_list":{"0":"post-3440","1":"product","2":"type-product","3":"status-publish","4":"has-post-thumbnail","6":"product_cat-kunstfruit","7":"product_cat-pakketten","8":"entry","9":"wpx-has-gallery","11":"first","12":"outofstock","13":"taxable","14":"shipping-taxable","15":"purchasable","16":"product-type-woosb"},"acf":[],"yoast_head":"<!-- This site is optimized with the Yoast SEO Premium plugin v27.4 (Yoast SEO v27.4) - https:\/\/yoast.com\/product\/yoast-seo-premium-wordpress\/ -->\n<title>Kunstfruit Pakket Groot - Verkrijgbaar Bij Decofoodshop<\/title>\n<meta name=\"description\" content=\"Super leuk en compleet kunstfruit pakket groot! Wij bieden meerdere soorten pakketten in verschillende formaten en met gevarieerde inhoud aan.\" \/>\n<meta name=\"robots\" content=\"index, follow, max-snippet:-1, max-image-preview:large, max-video-preview:-1\" \/>\n<link rel=\"canonical\" href=\"https:\/\/decofoodshop.nl\/de\/produkt\/kunstliches-obst-paket-gros\/\" \/>\n<meta property=\"og:locale\" content=\"de_DE\" \/>\n<meta property=\"og:type\" content=\"article\" \/>\n<meta property=\"og:title\" content=\"Kunstfruit Pakket Groot\" \/>\n<meta property=\"og:description\" content=\"Super leuk en compleet kunstfruit pakket groot! Wij bieden meerdere soorten pakketten in verschillende formaten en met gevarieerde inhoud aan.\" \/>\n<meta property=\"og:url\" content=\"https:\/\/decofoodshop.nl\/de\/produkt\/kunstliches-obst-paket-gros\/\" \/>\n<meta property=\"og:site_name\" content=\"Decofoodshop\" \/>\n<meta property=\"article:modified_time\" content=\"2026-03-03T14:06:07+00:00\" \/>\n<meta property=\"og:image\" content=\"https:\/\/decofoodshop.nl\/wp-content\/uploads\/2020\/09\/Kunstfruit-Pakket-Groot-Aanzicht.jpg\" \/>\n\t<meta property=\"og:image:width\" content=\"750\" \/>\n\t<meta property=\"og:image:height\" content=\"749\" \/>\n\t<meta property=\"og:image:type\" content=\"image\/jpeg\" \/>\n<meta name=\"twitter:card\" content=\"summary_large_image\" \/>\n<meta name=\"twitter:label1\" content=\"Gesch\u00e4tzte Lesezeit\" \/>\n\t<meta name=\"twitter:data1\" content=\"1\u00a0Minute\" \/>\n<script type=\"application\/ld+json\" class=\"yoast-schema-graph\">{\"@context\":\"https:\\\/\\\/schema.org\",\"@graph\":[{\"@type\":\"WebPage\",\"@id\":\"https:\\\/\\\/decofoodshop.nl\\\/product\\\/kunstfruit-pakket-groot\\\/\",\"url\":\"https:\\\/\\\/decofoodshop.nl\\\/product\\\/kunstfruit-pakket-groot\\\/\",\"name\":\"Kunstfruit Pakket Groot - Verkrijgbaar Bij Decofoodshop\",\"isPartOf\":{\"@id\":\"https:\\\/\\\/decofoodshop.nl\\\/#website\"},\"primaryImageOfPage\":{\"@id\":\"https:\\\/\\\/decofoodshop.nl\\\/product\\\/kunstfruit-pakket-groot\\\/#primaryimage\"},\"image\":{\"@id\":\"https:\\\/\\\/decofoodshop.nl\\\/product\\\/kunstfruit-pakket-groot\\\/#primaryimage\"},\"thumbnailUrl\":\"https:\\\/\\\/decofoodshop.nl\\\/wp-content\\\/uploads\\\/2020\\\/09\\\/Kunstfruit-Pakket-Groot-Aanzicht.jpg\",\"datePublished\":\"2020-09-01T09:39:54+00:00\",\"dateModified\":\"2026-03-03T14:06:07+00:00\",\"description\":\"Super leuk en compleet kunstfruit pakket groot! Wij bieden meerdere soorten pakketten in verschillende formaten en met gevarieerde inhoud aan.\",\"breadcrumb\":{\"@id\":\"https:\\\/\\\/decofoodshop.nl\\\/product\\\/kunstfruit-pakket-groot\\\/#breadcrumb\"},\"inLanguage\":\"de\",\"potentialAction\":[{\"@type\":\"ReadAction\",\"target\":[\"https:\\\/\\\/decofoodshop.nl\\\/product\\\/kunstfruit-pakket-groot\\\/\"]}]},{\"@type\":\"ImageObject\",\"inLanguage\":\"de\",\"@id\":\"https:\\\/\\\/decofoodshop.nl\\\/product\\\/kunstfruit-pakket-groot\\\/#primaryimage\",\"url\":\"https:\\\/\\\/decofoodshop.nl\\\/wp-content\\\/uploads\\\/2020\\\/09\\\/Kunstfruit-Pakket-Groot-Aanzicht.jpg\",\"contentUrl\":\"https:\\\/\\\/decofoodshop.nl\\\/wp-content\\\/uploads\\\/2020\\\/09\\\/Kunstfruit-Pakket-Groot-Aanzicht.jpg\",\"width\":750,\"height\":749,\"caption\":\"Kunstfruit Pakket Groot van Decofoodshop\"},{\"@type\":\"BreadcrumbList\",\"@id\":\"https:\\\/\\\/decofoodshop.nl\\\/product\\\/kunstfruit-pakket-groot\\\/#breadcrumb\",\"itemListElement\":[{\"@type\":\"ListItem\",\"position\":1,\"name\":\"Home\",\"item\":\"https:\\\/\\\/decofoodshop.nl\\\/\"},{\"@type\":\"ListItem\",\"position\":2,\"name\":\"Winkel\",\"item\":\"https:\\\/\\\/decofoodshop.nl\\\/winkel\\\/\"},{\"@type\":\"ListItem\",\"position\":3,\"name\":\"Kunstfruit Pakket Groot\"}]},{\"@type\":\"WebSite\",\"@id\":\"https:\\\/\\\/decofoodshop.nl\\\/#website\",\"url\":\"https:\\\/\\\/decofoodshop.nl\\\/\",\"name\":\"Decofoodshop\",\"description\":\"\",\"potentialAction\":[{\"@type\":\"SearchAction\",\"target\":{\"@type\":\"EntryPoint\",\"urlTemplate\":\"https:\\\/\\\/decofoodshop.nl\\\/?s={search_term_string}\"},\"query-input\":{\"@type\":\"PropertyValueSpecification\",\"valueRequired\":true,\"valueName\":\"search_term_string\"}}],\"inLanguage\":\"de\"}]}<\/script>\n<!-- \/ Yoast SEO Premium plugin. -->","yoast_head_json":{"title":"Kunstobstpaket gro\u00df - erh\u00e4ltlich bei Decofoodshop","description":"Super Spa\u00df und komplettes k\u00fcnstliches Fruchtpaket gro\u00df! Wir bieten verschiedene Arten von Paketen in verschiedenen Formaten und mit unterschiedlichem Inhalt an.","robots":{"index":"index","follow":"follow","max-snippet":"max-snippet:-1","max-image-preview":"max-image-preview:large","max-video-preview":"max-video-preview:-1"},"canonical":"https:\/\/decofoodshop.nl\/de\/produkt\/kunstliches-obst-paket-gros\/","og_locale":"de_DE","og_type":"article","og_title":"Kunstfruit Pakket Groot","og_description":"Super leuk en compleet kunstfruit pakket groot! Wij bieden meerdere soorten pakketten in verschillende formaten en met gevarieerde inhoud aan.","og_url":"https:\/\/decofoodshop.nl\/de\/produkt\/kunstliches-obst-paket-gros\/","og_site_name":"Decofoodshop","article_modified_time":"2026-03-03T14:06:07+00:00","og_image":[{"width":750,"height":749,"url":"https:\/\/decofoodshop.nl\/wp-content\/uploads\/2020\/09\/Kunstfruit-Pakket-Groot-Aanzicht.jpg","type":"image\/jpeg"}],"twitter_card":"summary_large_image","twitter_misc":{"Gesch\u00e4tzte Lesezeit":"1\u00a0Minute"},"schema":{"@context":"https:\/\/schema.org","@graph":[{"@type":"WebPage","@id":"https:\/\/decofoodshop.nl\/product\/kunstfruit-pakket-groot\/","url":"https:\/\/decofoodshop.nl\/product\/kunstfruit-pakket-groot\/","name":"Kunstobstpaket gro\u00df - erh\u00e4ltlich bei Decofoodshop","isPartOf":{"@id":"https:\/\/decofoodshop.nl\/#website"},"primaryImageOfPage":{"@id":"https:\/\/decofoodshop.nl\/product\/kunstfruit-pakket-groot\/#primaryimage"},"image":{"@id":"https:\/\/decofoodshop.nl\/product\/kunstfruit-pakket-groot\/#primaryimage"},"thumbnailUrl":"https:\/\/decofoodshop.nl\/wp-content\/uploads\/2020\/09\/Kunstfruit-Pakket-Groot-Aanzicht.jpg","datePublished":"2020-09-01T09:39:54+00:00","dateModified":"2026-03-03T14:06:07+00:00","description":"Super Spa\u00df und komplettes k\u00fcnstliches Fruchtpaket gro\u00df! Wir bieten verschiedene Arten von Paketen in verschiedenen Formaten und mit unterschiedlichem Inhalt an.","breadcrumb":{"@id":"https:\/\/decofoodshop.nl\/product\/kunstfruit-pakket-groot\/#breadcrumb"},"inLanguage":"de","potentialAction":[{"@type":"ReadAction","target":["https:\/\/decofoodshop.nl\/product\/kunstfruit-pakket-groot\/"]}]},{"@type":"ImageObject","inLanguage":"de","@id":"https:\/\/decofoodshop.nl\/product\/kunstfruit-pakket-groot\/#primaryimage","url":"https:\/\/decofoodshop.nl\/wp-content\/uploads\/2020\/09\/Kunstfruit-Pakket-Groot-Aanzicht.jpg","contentUrl":"https:\/\/decofoodshop.nl\/wp-content\/uploads\/2020\/09\/Kunstfruit-Pakket-Groot-Aanzicht.jpg","width":750,"height":749,"caption":"Kunstfruit Pakket Groot van Decofoodshop"},{"@type":"BreadcrumbList","@id":"https:\/\/decofoodshop.nl\/product\/kunstfruit-pakket-groot\/#breadcrumb","itemListElement":[{"@type":"ListItem","position":1,"name":"Home","item":"https:\/\/decofoodshop.nl\/"},{"@type":"ListItem","position":2,"name":"Winkel","item":"https:\/\/decofoodshop.nl\/winkel\/"},{"@type":"ListItem","position":3,"name":"Kunstfruit Pakket Groot"}]},{"@type":"WebSite","@id":"https:\/\/decofoodshop.nl\/#website","url":"https:\/\/decofoodshop.nl\/","name":"Dekofoodshop","description":"","potentialAction":[{"@type":"SearchAction","target":{"@type":"EntryPoint","urlTemplate":"https:\/\/decofoodshop.nl\/?s={search_term_string}"},"query-input":{"@type":"PropertyValueSpecification","valueRequired":true,"valueName":"search_term_string"}}],"inLanguage":"de"}]}},"_links":{"self":[{"href":"https:\/\/decofoodshop.nl\/de\/wp-json\/wp\/v2\/product\/3440","targetHints":{"allow":["GET"]}}],"collection":[{"href":"https:\/\/decofoodshop.nl\/de\/wp-json\/wp\/v2\/product"}],"about":[{"href":"https:\/\/decofoodshop.nl\/de\/wp-json\/wp\/v2\/types\/product"}],"wp:featuredmedia":[{"embeddable":true,"href":"https:\/\/decofoodshop.nl\/de\/wp-json\/wp\/v2\/media\/3501"}],"wp:attachment":[{"href":"https:\/\/decofoodshop.nl\/de\/wp-json\/wp\/v2\/media?parent=3440"}],"wp:term":[{"taxonomy":"product_brand","embeddable":true,"href":"https:\/\/decofoodshop.nl\/de\/wp-json\/wp\/v2\/product_brand?post=3440"},{"taxonomy":"product_cat","embeddable":true,"href":"https:\/\/decofoodshop.nl\/de\/wp-json\/wp\/v2\/product_cat?post=3440"},{"taxonomy":"product_tag","embeddable":true,"href":"https:\/\/decofoodshop.nl\/de\/wp-json\/wp\/v2\/product_tag?post=3440"}],"curies":[{"name":"wp","href":"https:\/\/api.w.org\/{rel}","templated":true}]}}