{"id":3448,"date":"2020-09-08T07:18:55","date_gmt":"2020-09-08T05:18:55","guid":{"rendered":"https:\/\/decofoodshop.nl\/?post_type=product&#038;p=3448"},"modified":"2026-04-25T14:02:46","modified_gmt":"2026-04-25T12:02:46","slug":"kunstliches-obst-paket-klein","status":"publish","type":"product","link":"https:\/\/decofoodshop.nl\/de\/product\/kunstfruit-pakket-klein\/","title":{"rendered":"Kunstobst Paket Klein"},"content":{"rendered":"<p>Dies ist ein sehr komplettes kleines k\u00fcnstliches Fruchtpaket.<\/p>\n<p>Alle Produkte in der gef\u00e4lschten Fruchtverpackung sind sehr naturgetreu.<\/p>\n<p>Das Paket besteht aus 14 Artikeln.<\/p>\n<p>Bitte beachten Sie: Die Duo-Kirschen wurden derzeit durch die Imitat-Kirschen ersetzt!<\/p>\n<p>Die Pakete sind von professioneller Qualit\u00e4t und sorgf\u00e4ltig zusammengestellt<\/p>\n<p>Alle Teile dieser kleinen k\u00fcnstlichen Fruchtpackung sind auch einzeln erh\u00e4ltlich.<\/p>\n<p>Wir bieten auch eine gro\u00dfe Obstpackung mit noch realistischeren gef\u00e4lschten Fr\u00fcchten an.<\/p>\n<p>Weitere Obst- und Gem\u00fcseimitate finden Sie in der \u201e<span style=\"color: #008000;\"><strong><a style=\"color: #008000;\" href=\"https:\/\/decofoodshop.nl\/de\/produktkategorie-2\/andere\/\">Andere Decofood<\/a><\/strong><\/span>&#8220;.<\/p>","protected":false},"excerpt":{"rendered":"<p>Dit is een zeer compleet kunstfruit pakket klein. Alle producten in het namaak fruitpakket zijn bijzonder natuurgetrouw. Het pakket bestaat uit 14 items. Let op: momenteel zijn de Duo kersen vervangen door de Namaak Kersen! De pakketten zijn van professionele kwaliteit en zorgvuldig samengesteld Alle onderdelen van dit kleine nepfruit pakket zijn ook los verkrijgbaar. [&hellip;]<\/p>\n","protected":false},"featured_media":3507,"template":"","meta":{"_acf_changed":false,"_genesis_hide_title":false,"_genesis_hide_breadcrumbs":false,"_genesis_hide_singular_image":false,"_genesis_hide_footer_widgets":false,"_genesis_custom_body_class":"","_genesis_custom_post_class":"","_genesis_layout":""},"product_brand":[],"product_cat":[47,49],"product_tag":[],"class_list":{"0":"post-3448","1":"product","2":"type-product","3":"status-publish","4":"has-post-thumbnail","6":"product_cat-kunstfruit","7":"product_cat-pakketten","8":"entry","9":"wpx-has-gallery","11":"first","12":"instock","13":"taxable","14":"shipping-taxable","15":"purchasable","16":"product-type-woosb"},"acf":[],"yoast_head":"<!-- This site is optimized with the Yoast SEO Premium plugin v27.4 (Yoast SEO v27.4) - https:\/\/yoast.com\/product\/yoast-seo-premium-wordpress\/ -->\n<title>Kunstfruit Pakket Klein - Verkrijgbaar Bij Decofoodshop<\/title>\n<meta name=\"description\" content=\"Leuk en compleet kunstfruit pakket klein. Decofodshop biedt een breed assortiment namaak fruit, nepgroente en ander namaak voedsel aan.\" \/>\n<meta name=\"robots\" content=\"index, follow, max-snippet:-1, max-image-preview:large, max-video-preview:-1\" \/>\n<link rel=\"canonical\" href=\"https:\/\/decofoodshop.nl\/de\/produkt\/kunstliches-obst-paket-klein\/\" \/>\n<meta property=\"og:locale\" content=\"de_DE\" \/>\n<meta property=\"og:type\" content=\"article\" \/>\n<meta property=\"og:title\" content=\"Kunstfruit Pakket Klein\" \/>\n<meta property=\"og:description\" content=\"Leuk en compleet kunstfruit pakket klein. Decofodshop biedt een breed assortiment namaak fruit, nepgroente en ander namaak voedsel aan.\" \/>\n<meta property=\"og:url\" content=\"https:\/\/decofoodshop.nl\/de\/produkt\/kunstliches-obst-paket-klein\/\" \/>\n<meta property=\"og:site_name\" content=\"Decofoodshop\" \/>\n<meta property=\"article:modified_time\" content=\"2026-04-25T12:02:46+00:00\" \/>\n<meta property=\"og:image\" content=\"https:\/\/decofoodshop.nl\/wp-content\/uploads\/2020\/09\/Kunstfruit-Pakket-Klein-Aanzicht.jpg\" \/>\n\t<meta property=\"og:image:width\" content=\"750\" \/>\n\t<meta property=\"og:image:height\" content=\"749\" \/>\n\t<meta property=\"og:image:type\" content=\"image\/jpeg\" \/>\n<meta name=\"twitter:card\" content=\"summary_large_image\" \/>\n<meta name=\"twitter:label1\" content=\"Gesch\u00e4tzte Lesezeit\" \/>\n\t<meta name=\"twitter:data1\" content=\"1\u00a0Minute\" \/>\n<script type=\"application\/ld+json\" class=\"yoast-schema-graph\">{\"@context\":\"https:\\\/\\\/schema.org\",\"@graph\":[{\"@type\":\"WebPage\",\"@id\":\"https:\\\/\\\/decofoodshop.nl\\\/product\\\/kunstfruit-pakket-klein\\\/\",\"url\":\"https:\\\/\\\/decofoodshop.nl\\\/product\\\/kunstfruit-pakket-klein\\\/\",\"name\":\"Kunstfruit Pakket Klein - Verkrijgbaar Bij Decofoodshop\",\"isPartOf\":{\"@id\":\"https:\\\/\\\/decofoodshop.nl\\\/#website\"},\"primaryImageOfPage\":{\"@id\":\"https:\\\/\\\/decofoodshop.nl\\\/product\\\/kunstfruit-pakket-klein\\\/#primaryimage\"},\"image\":{\"@id\":\"https:\\\/\\\/decofoodshop.nl\\\/product\\\/kunstfruit-pakket-klein\\\/#primaryimage\"},\"thumbnailUrl\":\"https:\\\/\\\/decofoodshop.nl\\\/wp-content\\\/uploads\\\/2020\\\/09\\\/Kunstfruit-Pakket-Klein-Aanzicht.jpg\",\"datePublished\":\"2020-09-08T05:18:55+00:00\",\"dateModified\":\"2026-04-25T12:02:46+00:00\",\"description\":\"Leuk en compleet kunstfruit pakket klein. Decofodshop biedt een breed assortiment namaak fruit, nepgroente en ander namaak voedsel aan.\",\"breadcrumb\":{\"@id\":\"https:\\\/\\\/decofoodshop.nl\\\/product\\\/kunstfruit-pakket-klein\\\/#breadcrumb\"},\"inLanguage\":\"de\",\"potentialAction\":[{\"@type\":\"ReadAction\",\"target\":[\"https:\\\/\\\/decofoodshop.nl\\\/product\\\/kunstfruit-pakket-klein\\\/\"]}]},{\"@type\":\"ImageObject\",\"inLanguage\":\"de\",\"@id\":\"https:\\\/\\\/decofoodshop.nl\\\/product\\\/kunstfruit-pakket-klein\\\/#primaryimage\",\"url\":\"https:\\\/\\\/decofoodshop.nl\\\/wp-content\\\/uploads\\\/2020\\\/09\\\/Kunstfruit-Pakket-Klein-Aanzicht.jpg\",\"contentUrl\":\"https:\\\/\\\/decofoodshop.nl\\\/wp-content\\\/uploads\\\/2020\\\/09\\\/Kunstfruit-Pakket-Klein-Aanzicht.jpg\",\"width\":750,\"height\":749,\"caption\":\"Kunstfruit Pakket Klein van decofoodshop\"},{\"@type\":\"BreadcrumbList\",\"@id\":\"https:\\\/\\\/decofoodshop.nl\\\/product\\\/kunstfruit-pakket-klein\\\/#breadcrumb\",\"itemListElement\":[{\"@type\":\"ListItem\",\"position\":1,\"name\":\"Home\",\"item\":\"https:\\\/\\\/decofoodshop.nl\\\/\"},{\"@type\":\"ListItem\",\"position\":2,\"name\":\"Winkel\",\"item\":\"https:\\\/\\\/decofoodshop.nl\\\/winkel\\\/\"},{\"@type\":\"ListItem\",\"position\":3,\"name\":\"Kunstfruit Pakket Klein\"}]},{\"@type\":\"WebSite\",\"@id\":\"https:\\\/\\\/decofoodshop.nl\\\/#website\",\"url\":\"https:\\\/\\\/decofoodshop.nl\\\/\",\"name\":\"Decofoodshop\",\"description\":\"\",\"potentialAction\":[{\"@type\":\"SearchAction\",\"target\":{\"@type\":\"EntryPoint\",\"urlTemplate\":\"https:\\\/\\\/decofoodshop.nl\\\/?s={search_term_string}\"},\"query-input\":{\"@type\":\"PropertyValueSpecification\",\"valueRequired\":true,\"valueName\":\"search_term_string\"}}],\"inLanguage\":\"de\"}]}<\/script>\n<!-- \/ Yoast SEO Premium plugin. -->","yoast_head_json":{"title":"Kunstobstpaket klein - erh\u00e4ltlich bei Decofoodshop","description":"Sch\u00f6ne und komplette k\u00fcnstliche Fruchtpackung klein. Decofodshop bietet eine gro\u00dfe Auswahl an gef\u00e4lschtem Obst, gef\u00e4lschtem Gem\u00fcse und anderen gef\u00e4lschten Lebensmitteln.","robots":{"index":"index","follow":"follow","max-snippet":"max-snippet:-1","max-image-preview":"max-image-preview:large","max-video-preview":"max-video-preview:-1"},"canonical":"https:\/\/decofoodshop.nl\/de\/produkt\/kunstliches-obst-paket-klein\/","og_locale":"de_DE","og_type":"article","og_title":"Kunstfruit Pakket Klein","og_description":"Leuk en compleet kunstfruit pakket klein. Decofodshop biedt een breed assortiment namaak fruit, nepgroente en ander namaak voedsel aan.","og_url":"https:\/\/decofoodshop.nl\/de\/produkt\/kunstliches-obst-paket-klein\/","og_site_name":"Decofoodshop","article_modified_time":"2026-04-25T12:02:46+00:00","og_image":[{"width":750,"height":749,"url":"https:\/\/decofoodshop.nl\/wp-content\/uploads\/2020\/09\/Kunstfruit-Pakket-Klein-Aanzicht.jpg","type":"image\/jpeg"}],"twitter_card":"summary_large_image","twitter_misc":{"Gesch\u00e4tzte Lesezeit":"1\u00a0Minute"},"schema":{"@context":"https:\/\/schema.org","@graph":[{"@type":"WebPage","@id":"https:\/\/decofoodshop.nl\/product\/kunstfruit-pakket-klein\/","url":"https:\/\/decofoodshop.nl\/product\/kunstfruit-pakket-klein\/","name":"Kunstobstpaket klein - erh\u00e4ltlich bei Decofoodshop","isPartOf":{"@id":"https:\/\/decofoodshop.nl\/#website"},"primaryImageOfPage":{"@id":"https:\/\/decofoodshop.nl\/product\/kunstfruit-pakket-klein\/#primaryimage"},"image":{"@id":"https:\/\/decofoodshop.nl\/product\/kunstfruit-pakket-klein\/#primaryimage"},"thumbnailUrl":"https:\/\/decofoodshop.nl\/wp-content\/uploads\/2020\/09\/Kunstfruit-Pakket-Klein-Aanzicht.jpg","datePublished":"2020-09-08T05:18:55+00:00","dateModified":"2026-04-25T12:02:46+00:00","description":"Sch\u00f6ne und komplette k\u00fcnstliche Fruchtpackung klein. Decofodshop bietet eine gro\u00dfe Auswahl an gef\u00e4lschtem Obst, gef\u00e4lschtem Gem\u00fcse und anderen gef\u00e4lschten Lebensmitteln.","breadcrumb":{"@id":"https:\/\/decofoodshop.nl\/product\/kunstfruit-pakket-klein\/#breadcrumb"},"inLanguage":"de","potentialAction":[{"@type":"ReadAction","target":["https:\/\/decofoodshop.nl\/product\/kunstfruit-pakket-klein\/"]}]},{"@type":"ImageObject","inLanguage":"de","@id":"https:\/\/decofoodshop.nl\/product\/kunstfruit-pakket-klein\/#primaryimage","url":"https:\/\/decofoodshop.nl\/wp-content\/uploads\/2020\/09\/Kunstfruit-Pakket-Klein-Aanzicht.jpg","contentUrl":"https:\/\/decofoodshop.nl\/wp-content\/uploads\/2020\/09\/Kunstfruit-Pakket-Klein-Aanzicht.jpg","width":750,"height":749,"caption":"Kunstfruit Pakket Klein van decofoodshop"},{"@type":"BreadcrumbList","@id":"https:\/\/decofoodshop.nl\/product\/kunstfruit-pakket-klein\/#breadcrumb","itemListElement":[{"@type":"ListItem","position":1,"name":"Home","item":"https:\/\/decofoodshop.nl\/"},{"@type":"ListItem","position":2,"name":"Winkel","item":"https:\/\/decofoodshop.nl\/winkel\/"},{"@type":"ListItem","position":3,"name":"Kunstfruit Pakket Klein"}]},{"@type":"WebSite","@id":"https:\/\/decofoodshop.nl\/#website","url":"https:\/\/decofoodshop.nl\/","name":"Dekofoodshop","description":"","potentialAction":[{"@type":"SearchAction","target":{"@type":"EntryPoint","urlTemplate":"https:\/\/decofoodshop.nl\/?s={search_term_string}"},"query-input":{"@type":"PropertyValueSpecification","valueRequired":true,"valueName":"search_term_string"}}],"inLanguage":"de"}]}},"_links":{"self":[{"href":"https:\/\/decofoodshop.nl\/de\/wp-json\/wp\/v2\/product\/3448","targetHints":{"allow":["GET"]}}],"collection":[{"href":"https:\/\/decofoodshop.nl\/de\/wp-json\/wp\/v2\/product"}],"about":[{"href":"https:\/\/decofoodshop.nl\/de\/wp-json\/wp\/v2\/types\/product"}],"wp:featuredmedia":[{"embeddable":true,"href":"https:\/\/decofoodshop.nl\/de\/wp-json\/wp\/v2\/media\/3507"}],"wp:attachment":[{"href":"https:\/\/decofoodshop.nl\/de\/wp-json\/wp\/v2\/media?parent=3448"}],"wp:term":[{"taxonomy":"product_brand","embeddable":true,"href":"https:\/\/decofoodshop.nl\/de\/wp-json\/wp\/v2\/product_brand?post=3448"},{"taxonomy":"product_cat","embeddable":true,"href":"https:\/\/decofoodshop.nl\/de\/wp-json\/wp\/v2\/product_cat?post=3448"},{"taxonomy":"product_tag","embeddable":true,"href":"https:\/\/decofoodshop.nl\/de\/wp-json\/wp\/v2\/product_tag?post=3448"}],"curies":[{"name":"wp","href":"https:\/\/api.w.org\/{rel}","templated":true}]}}