{"id":3450,"date":"2020-09-01T13:29:41","date_gmt":"2020-09-01T11:29:41","guid":{"rendered":"https:\/\/decofoodshop.nl\/?post_type=product&#038;p=3450"},"modified":"2026-02-28T14:57:32","modified_gmt":"2026-02-28T13:57:32","slug":"grun-orange-falsche-mango","status":"publish","type":"product","link":"https:\/\/decofoodshop.nl\/de\/product\/groen-oranje-namaak-mango\/","title":{"rendered":"Gr\u00fcne orange gef\u00e4lschte Mango"},"content":{"rendered":"<p>Von echter Green Orange Fake Mango nicht zu unterscheiden<\/p>\n<p>Mit wunderbar mischenden Farben.<\/p>\n<p>mit Sprenkeln und Unvollkommenheiten wie bei echten Mangos versehen<\/p>\n<p>Nat\u00fcrliche Gr\u00f6\u00dfe und sehr robust.<\/p>\n<p>Weitere nat\u00fcrlich aussehende k\u00fcnstliche Lebensmittel finden Sie auch in der Kategorie: \u201e <span style=\"color: #008000;\"><strong><a style=\"color: #008000;\" href=\"https:\/\/decofoodshop.nl\/de\/produktkategorie-2\/brotkuchen\/\">gef\u00e4lschte Brote und gef\u00e4lschte Kuchen<\/a><\/strong><\/span>&#8220;.<\/p>","protected":false},"excerpt":{"rendered":"<p>Von der echten Green Orange Imitation Mango nicht zu unterscheiden, mit wundersch\u00f6n verschmelzenden Farben. mit Sprenkeln und Unregelm\u00e4\u00dfigkeiten wie echte Mangos. Nat\u00fcrliche Gr\u00f6\u00dfe und sehr fest. Weitere nat\u00fcrliche k\u00fcnstliche Lebensmittel finden Sie in der Kategorie \u201eKunstbrote und Kunstgeb\u00e4ck\u201c.<\/p>","protected":false},"featured_media":3452,"template":"","meta":{"_acf_changed":false,"_genesis_hide_title":false,"_genesis_hide_breadcrumbs":false,"_genesis_hide_singular_image":false,"_genesis_hide_footer_widgets":false,"_genesis_custom_body_class":"","_genesis_custom_post_class":"","_genesis_layout":""},"product_brand":[],"product_cat":[15,47],"product_tag":[],"class_list":{"0":"post-3450","1":"product","2":"type-product","3":"status-publish","4":"has-post-thumbnail","6":"product_cat-geen-categorie","7":"product_cat-kunstfruit","8":"entry","9":"wpx-has-gallery","11":"first","12":"instock","13":"taxable","14":"shipping-taxable","15":"purchasable","16":"product-type-simple"},"acf":[],"yoast_head":"<!-- This site is optimized with the Yoast SEO Premium plugin v27.3 (Yoast SEO v27.4) - https:\/\/yoast.com\/product\/yoast-seo-premium-wordpress\/ -->\n<title>Groen Oranje Namaak Mango en meer nepvoedsel bij Decofoodshop<\/title>\n<meta name=\"description\" content=\"Groen Oranje Namaak Mango en nog vele meer nepmango&#039;s en kunstfruit kopen doe je bij Decofoodshop. Altijd directe levering in heel Europa.\" \/>\n<meta name=\"robots\" content=\"index, follow, max-snippet:-1, max-image-preview:large, max-video-preview:-1\" \/>\n<link rel=\"canonical\" href=\"https:\/\/decofoodshop.nl\/de\/produkt\/grun-orange-falsche-mango\/\" \/>\n<meta property=\"og:locale\" content=\"de_DE\" \/>\n<meta property=\"og:type\" content=\"article\" \/>\n<meta property=\"og:title\" content=\"Groen Oranje Namaak Mango\" \/>\n<meta property=\"og:description\" content=\"Groen Oranje Namaak Mango en nog vele meer nepmango&#039;s en kunstfruit kopen doe je bij Decofoodshop. Altijd directe levering in heel Europa.\" \/>\n<meta property=\"og:url\" content=\"https:\/\/decofoodshop.nl\/de\/produkt\/grun-orange-falsche-mango\/\" \/>\n<meta property=\"og:site_name\" content=\"Decofoodshop\" \/>\n<meta property=\"article:modified_time\" content=\"2026-02-28T13:57:32+00:00\" \/>\n<meta property=\"og:image\" content=\"https:\/\/decofoodshop.nl\/wp-content\/uploads\/2020\/09\/Groen-Oranje-Namaak-Mango.jpg\" \/>\n\t<meta property=\"og:image:width\" content=\"1788\" \/>\n\t<meta property=\"og:image:height\" content=\"1788\" \/>\n\t<meta property=\"og:image:type\" content=\"image\/jpeg\" \/>\n<meta name=\"twitter:card\" content=\"summary_large_image\" \/>\n<meta name=\"twitter:label1\" content=\"Gesch\u00e4tzte Lesezeit\" \/>\n\t<meta name=\"twitter:data1\" content=\"1\u00a0Minute\" \/>\n<script type=\"application\/ld+json\" class=\"yoast-schema-graph\">{\"@context\":\"https:\\\/\\\/schema.org\",\"@graph\":[{\"@type\":\"WebPage\",\"@id\":\"https:\\\/\\\/decofoodshop.nl\\\/product\\\/groen-oranje-namaak-mango\\\/\",\"url\":\"https:\\\/\\\/decofoodshop.nl\\\/product\\\/groen-oranje-namaak-mango\\\/\",\"name\":\"Groen Oranje Namaak Mango en meer nepvoedsel bij Decofoodshop\",\"isPartOf\":{\"@id\":\"https:\\\/\\\/decofoodshop.nl\\\/#website\"},\"primaryImageOfPage\":{\"@id\":\"https:\\\/\\\/decofoodshop.nl\\\/product\\\/groen-oranje-namaak-mango\\\/#primaryimage\"},\"image\":{\"@id\":\"https:\\\/\\\/decofoodshop.nl\\\/product\\\/groen-oranje-namaak-mango\\\/#primaryimage\"},\"thumbnailUrl\":\"https:\\\/\\\/decofoodshop.nl\\\/wp-content\\\/uploads\\\/2020\\\/09\\\/Groen-Oranje-Namaak-Mango.jpg\",\"datePublished\":\"2020-09-01T11:29:41+00:00\",\"dateModified\":\"2026-02-28T13:57:32+00:00\",\"description\":\"Groen Oranje Namaak Mango en nog vele meer nepmango's en kunstfruit kopen doe je bij Decofoodshop. Altijd directe levering in heel Europa.\",\"breadcrumb\":{\"@id\":\"https:\\\/\\\/decofoodshop.nl\\\/product\\\/groen-oranje-namaak-mango\\\/#breadcrumb\"},\"inLanguage\":\"de\",\"potentialAction\":[{\"@type\":\"ReadAction\",\"target\":[\"https:\\\/\\\/decofoodshop.nl\\\/product\\\/groen-oranje-namaak-mango\\\/\"]}]},{\"@type\":\"ImageObject\",\"inLanguage\":\"de\",\"@id\":\"https:\\\/\\\/decofoodshop.nl\\\/product\\\/groen-oranje-namaak-mango\\\/#primaryimage\",\"url\":\"https:\\\/\\\/decofoodshop.nl\\\/wp-content\\\/uploads\\\/2020\\\/09\\\/Groen-Oranje-Namaak-Mango.jpg\",\"contentUrl\":\"https:\\\/\\\/decofoodshop.nl\\\/wp-content\\\/uploads\\\/2020\\\/09\\\/Groen-Oranje-Namaak-Mango.jpg\",\"width\":1788,\"height\":1788,\"caption\":\"Groen Oranje Namaak Mango van Decofoodshop\"},{\"@type\":\"BreadcrumbList\",\"@id\":\"https:\\\/\\\/decofoodshop.nl\\\/product\\\/groen-oranje-namaak-mango\\\/#breadcrumb\",\"itemListElement\":[{\"@type\":\"ListItem\",\"position\":1,\"name\":\"Home\",\"item\":\"https:\\\/\\\/decofoodshop.nl\\\/\"},{\"@type\":\"ListItem\",\"position\":2,\"name\":\"Winkel\",\"item\":\"https:\\\/\\\/decofoodshop.nl\\\/winkel\\\/\"},{\"@type\":\"ListItem\",\"position\":3,\"name\":\"Groen Oranje Namaak Mango\"}]},{\"@type\":\"WebSite\",\"@id\":\"https:\\\/\\\/decofoodshop.nl\\\/#website\",\"url\":\"https:\\\/\\\/decofoodshop.nl\\\/\",\"name\":\"Decofoodshop\",\"description\":\"\",\"potentialAction\":[{\"@type\":\"SearchAction\",\"target\":{\"@type\":\"EntryPoint\",\"urlTemplate\":\"https:\\\/\\\/decofoodshop.nl\\\/?s={search_term_string}\"},\"query-input\":{\"@type\":\"PropertyValueSpecification\",\"valueRequired\":true,\"valueName\":\"search_term_string\"}}],\"inLanguage\":\"de\"}]}<\/script>\n<!-- \/ Yoast SEO Premium plugin. -->","yoast_head_json":{"title":"Green Orange Fake Mango und mehr Fake Food bei Decofoodshop","description":"Green Orange Fake Mango und viele weitere gef\u00e4lschte Mangos und k\u00fcnstliche Fr\u00fcchte k\u00f6nnen Sie bei Decofoodshop kaufen. Immer Direktlieferung in ganz Europa.","robots":{"index":"index","follow":"follow","max-snippet":"max-snippet:-1","max-image-preview":"max-image-preview:large","max-video-preview":"max-video-preview:-1"},"canonical":"https:\/\/decofoodshop.nl\/de\/produkt\/grun-orange-falsche-mango\/","og_locale":"de_DE","og_type":"article","og_title":"Groen Oranje Namaak Mango","og_description":"Groen Oranje Namaak Mango en nog vele meer nepmango's en kunstfruit kopen doe je bij Decofoodshop. Altijd directe levering in heel Europa.","og_url":"https:\/\/decofoodshop.nl\/de\/produkt\/grun-orange-falsche-mango\/","og_site_name":"Decofoodshop","article_modified_time":"2026-02-28T13:57:32+00:00","og_image":[{"width":1788,"height":1788,"url":"https:\/\/decofoodshop.nl\/wp-content\/uploads\/2020\/09\/Groen-Oranje-Namaak-Mango.jpg","type":"image\/jpeg"}],"twitter_card":"summary_large_image","twitter_misc":{"Gesch\u00e4tzte Lesezeit":"1\u00a0Minute"},"schema":{"@context":"https:\/\/schema.org","@graph":[{"@type":"WebPage","@id":"https:\/\/decofoodshop.nl\/product\/groen-oranje-namaak-mango\/","url":"https:\/\/decofoodshop.nl\/product\/groen-oranje-namaak-mango\/","name":"Green Orange Fake Mango und mehr Fake Food bei Decofoodshop","isPartOf":{"@id":"https:\/\/decofoodshop.nl\/#website"},"primaryImageOfPage":{"@id":"https:\/\/decofoodshop.nl\/product\/groen-oranje-namaak-mango\/#primaryimage"},"image":{"@id":"https:\/\/decofoodshop.nl\/product\/groen-oranje-namaak-mango\/#primaryimage"},"thumbnailUrl":"https:\/\/decofoodshop.nl\/wp-content\/uploads\/2020\/09\/Groen-Oranje-Namaak-Mango.jpg","datePublished":"2020-09-01T11:29:41+00:00","dateModified":"2026-02-28T13:57:32+00:00","description":"Green Orange Fake Mango und viele weitere gef\u00e4lschte Mangos und k\u00fcnstliche Fr\u00fcchte k\u00f6nnen Sie bei Decofoodshop kaufen. Immer Direktlieferung in ganz Europa.","breadcrumb":{"@id":"https:\/\/decofoodshop.nl\/product\/groen-oranje-namaak-mango\/#breadcrumb"},"inLanguage":"de","potentialAction":[{"@type":"ReadAction","target":["https:\/\/decofoodshop.nl\/product\/groen-oranje-namaak-mango\/"]}]},{"@type":"ImageObject","inLanguage":"de","@id":"https:\/\/decofoodshop.nl\/product\/groen-oranje-namaak-mango\/#primaryimage","url":"https:\/\/decofoodshop.nl\/wp-content\/uploads\/2020\/09\/Groen-Oranje-Namaak-Mango.jpg","contentUrl":"https:\/\/decofoodshop.nl\/wp-content\/uploads\/2020\/09\/Groen-Oranje-Namaak-Mango.jpg","width":1788,"height":1788,"caption":"Groen Oranje Namaak Mango van Decofoodshop"},{"@type":"BreadcrumbList","@id":"https:\/\/decofoodshop.nl\/product\/groen-oranje-namaak-mango\/#breadcrumb","itemListElement":[{"@type":"ListItem","position":1,"name":"Home","item":"https:\/\/decofoodshop.nl\/"},{"@type":"ListItem","position":2,"name":"Winkel","item":"https:\/\/decofoodshop.nl\/winkel\/"},{"@type":"ListItem","position":3,"name":"Groen Oranje Namaak Mango"}]},{"@type":"WebSite","@id":"https:\/\/decofoodshop.nl\/#website","url":"https:\/\/decofoodshop.nl\/","name":"Dekofoodshop","description":"","potentialAction":[{"@type":"SearchAction","target":{"@type":"EntryPoint","urlTemplate":"https:\/\/decofoodshop.nl\/?s={search_term_string}"},"query-input":{"@type":"PropertyValueSpecification","valueRequired":true,"valueName":"search_term_string"}}],"inLanguage":"de"}]}},"_links":{"self":[{"href":"https:\/\/decofoodshop.nl\/de\/wp-json\/wp\/v2\/product\/3450","targetHints":{"allow":["GET"]}}],"collection":[{"href":"https:\/\/decofoodshop.nl\/de\/wp-json\/wp\/v2\/product"}],"about":[{"href":"https:\/\/decofoodshop.nl\/de\/wp-json\/wp\/v2\/types\/product"}],"wp:featuredmedia":[{"embeddable":true,"href":"https:\/\/decofoodshop.nl\/de\/wp-json\/wp\/v2\/media\/3452"}],"wp:attachment":[{"href":"https:\/\/decofoodshop.nl\/de\/wp-json\/wp\/v2\/media?parent=3450"}],"wp:term":[{"taxonomy":"product_brand","embeddable":true,"href":"https:\/\/decofoodshop.nl\/de\/wp-json\/wp\/v2\/product_brand?post=3450"},{"taxonomy":"product_cat","embeddable":true,"href":"https:\/\/decofoodshop.nl\/de\/wp-json\/wp\/v2\/product_cat?post=3450"},{"taxonomy":"product_tag","embeddable":true,"href":"https:\/\/decofoodshop.nl\/de\/wp-json\/wp\/v2\/product_tag?post=3450"}],"curies":[{"name":"wp","href":"https:\/\/api.w.org\/{rel}","templated":true}]}}