{"id":3458,"date":"2020-09-22T18:24:03","date_gmt":"2020-09-22T18:24:03","guid":{"rendered":"https:\/\/decofoodshop.nl\/?post_type=product&#038;p=3458"},"modified":"2026-02-28T15:50:26","modified_gmt":"2026-02-28T14:50:26","slug":"exotische-fruchtpackung","status":"publish","type":"product","link":"https:\/\/decofoodshop.nl\/de\/product\/exotisch-fruitpakket\/","title":{"rendered":"Exotische Fruchtpackung"},"content":{"rendered":"<p>Holen Sie sich die Tropen mit diesem exotischen Fruchtpaket nach Hause!<\/p>\n<p>Das gesamte Kunstobstpaket besteht aus exotischen und farbenfrohen Fr\u00fcchten.<\/p>\n<p>Alle gef\u00e4lschten Fr\u00fcchte sehen einfach echt aus.<\/p>\n<p>Nicht weniger als 15 St\u00fcck tropische Zierfr\u00fcchte pro Packung.<\/p>\n<p>Auf jeden Fall eine farbenfrohe Dekoration und auch noch schnell geliefert.<\/p>\n<p>Weitere bunte gef\u00e4lschte Fr\u00fcchte finden Sie in der Kategorie: \u201e<span style=\"color: #008000;\"><strong><a style=\"color: #008000;\" href=\"https:\/\/decofoodshop.nl\/de\/produktkategorie-2\/kunstliche-fruchte\/\">k\u00fcnstliche Fr\u00fcchte<\/a><\/strong><\/span>&#8220;.<\/p>\n<p>&nbsp;<\/p>","protected":false},"excerpt":{"rendered":"<p>Holen Sie sich die Tropen mit diesem exotischen Fruchtpaket nach Hause! Das gesamte Kunstobstpaket besteht aus exotischen und farbenfrohen Fr\u00fcchten. Alle gef\u00e4lschten Fr\u00fcchte sehen genauso aus wie die echten. Nicht weniger als 15 St\u00fcck tropische Zierfr\u00fcchte pro Packung. Auf jeden Fall eine farbenfrohe Dekoration und auch noch schnell geliefert. Weitere bunte Fruchtf\u00e4lschungen finden Sie auch in der Kategorie: \u201eKunstobst\u201c. &nbsp;<\/p>","protected":false},"featured_media":3527,"template":"","meta":{"_acf_changed":false,"_genesis_hide_title":false,"_genesis_hide_breadcrumbs":false,"_genesis_hide_singular_image":false,"_genesis_hide_footer_widgets":false,"_genesis_custom_body_class":"","_genesis_custom_post_class":"","_genesis_layout":""},"product_brand":[],"product_cat":[47,49],"product_tag":[],"class_list":{"0":"post-3458","1":"product","2":"type-product","3":"status-publish","4":"has-post-thumbnail","6":"product_cat-kunstfruit","7":"product_cat-pakketten","8":"entry","9":"wpx-has-gallery","11":"first","12":"instock","13":"taxable","14":"shipping-taxable","15":"purchasable","16":"product-type-simple"},"acf":[],"yoast_head":"<!-- This site is optimized with the Yoast SEO Premium plugin v27.3 (Yoast SEO v27.3) - https:\/\/yoast.com\/product\/yoast-seo-premium-wordpress\/ -->\n<title>Exotisch Fruitpakket - Verkrijgbaar Bij Decofoodshop<\/title>\n<meta name=\"description\" content=\"Met dit Exotisch Fruitpakket van Decofoodshop haal je de tropen in huis. Vrolijk en kleurrijk decoratie fruit van Decofoodshop.\" \/>\n<meta name=\"robots\" content=\"index, follow, max-snippet:-1, max-image-preview:large, max-video-preview:-1\" \/>\n<link rel=\"canonical\" href=\"https:\/\/decofoodshop.nl\/de\/produkt\/exotische-fruchtpackung\/\" \/>\n<meta property=\"og:locale\" content=\"de_DE\" \/>\n<meta property=\"og:type\" content=\"article\" \/>\n<meta property=\"og:title\" content=\"Exotisch Fruitpakket\" \/>\n<meta property=\"og:description\" content=\"Met dit Exotisch Fruitpakket van Decofoodshop haal je de tropen in huis. Vrolijk en kleurrijk decoratie fruit van Decofoodshop.\" \/>\n<meta property=\"og:url\" content=\"https:\/\/decofoodshop.nl\/de\/produkt\/exotische-fruchtpackung\/\" \/>\n<meta property=\"og:site_name\" content=\"Decofoodshop\" \/>\n<meta property=\"article:modified_time\" content=\"2026-02-28T14:50:26+00:00\" \/>\n<meta property=\"og:image\" content=\"https:\/\/decofoodshop.nl\/wp-content\/uploads\/2020\/09\/Exotisch-Fruitpakket-Aanzicht.jpg\" \/>\n\t<meta property=\"og:image:width\" content=\"793\" \/>\n\t<meta property=\"og:image:height\" content=\"898\" \/>\n\t<meta property=\"og:image:type\" content=\"image\/jpeg\" \/>\n<meta name=\"twitter:card\" content=\"summary_large_image\" \/>\n<meta name=\"twitter:label1\" content=\"Gesch\u00e4tzte Lesezeit\" \/>\n\t<meta name=\"twitter:data1\" content=\"1\u00a0Minute\" \/>\n<script type=\"application\/ld+json\" class=\"yoast-schema-graph\">{\"@context\":\"https:\\\/\\\/schema.org\",\"@graph\":[{\"@type\":\"WebPage\",\"@id\":\"https:\\\/\\\/decofoodshop.nl\\\/product\\\/exotisch-fruitpakket\\\/\",\"url\":\"https:\\\/\\\/decofoodshop.nl\\\/product\\\/exotisch-fruitpakket\\\/\",\"name\":\"Exotisch Fruitpakket - Verkrijgbaar Bij Decofoodshop\",\"isPartOf\":{\"@id\":\"https:\\\/\\\/decofoodshop.nl\\\/#website\"},\"primaryImageOfPage\":{\"@id\":\"https:\\\/\\\/decofoodshop.nl\\\/product\\\/exotisch-fruitpakket\\\/#primaryimage\"},\"image\":{\"@id\":\"https:\\\/\\\/decofoodshop.nl\\\/product\\\/exotisch-fruitpakket\\\/#primaryimage\"},\"thumbnailUrl\":\"https:\\\/\\\/decofoodshop.nl\\\/wp-content\\\/uploads\\\/2020\\\/09\\\/Exotisch-Fruitpakket-Aanzicht.jpg\",\"datePublished\":\"2020-09-22T18:24:03+00:00\",\"dateModified\":\"2026-02-28T14:50:26+00:00\",\"description\":\"Met dit Exotisch Fruitpakket van Decofoodshop haal je de tropen in huis. Vrolijk en kleurrijk decoratie fruit van Decofoodshop.\",\"breadcrumb\":{\"@id\":\"https:\\\/\\\/decofoodshop.nl\\\/product\\\/exotisch-fruitpakket\\\/#breadcrumb\"},\"inLanguage\":\"de\",\"potentialAction\":[{\"@type\":\"ReadAction\",\"target\":[\"https:\\\/\\\/decofoodshop.nl\\\/product\\\/exotisch-fruitpakket\\\/\"]}]},{\"@type\":\"ImageObject\",\"inLanguage\":\"de\",\"@id\":\"https:\\\/\\\/decofoodshop.nl\\\/product\\\/exotisch-fruitpakket\\\/#primaryimage\",\"url\":\"https:\\\/\\\/decofoodshop.nl\\\/wp-content\\\/uploads\\\/2020\\\/09\\\/Exotisch-Fruitpakket-Aanzicht.jpg\",\"contentUrl\":\"https:\\\/\\\/decofoodshop.nl\\\/wp-content\\\/uploads\\\/2020\\\/09\\\/Exotisch-Fruitpakket-Aanzicht.jpg\",\"width\":793,\"height\":898,\"caption\":\"Exotisch Fruitpakket bestellen bij Decofoodshop\"},{\"@type\":\"BreadcrumbList\",\"@id\":\"https:\\\/\\\/decofoodshop.nl\\\/product\\\/exotisch-fruitpakket\\\/#breadcrumb\",\"itemListElement\":[{\"@type\":\"ListItem\",\"position\":1,\"name\":\"Home\",\"item\":\"https:\\\/\\\/decofoodshop.nl\\\/\"},{\"@type\":\"ListItem\",\"position\":2,\"name\":\"Winkel\",\"item\":\"https:\\\/\\\/decofoodshop.nl\\\/winkel\\\/\"},{\"@type\":\"ListItem\",\"position\":3,\"name\":\"Exotisch Fruitpakket\"}]},{\"@type\":\"WebSite\",\"@id\":\"https:\\\/\\\/decofoodshop.nl\\\/#website\",\"url\":\"https:\\\/\\\/decofoodshop.nl\\\/\",\"name\":\"Decofoodshop\",\"description\":\"\",\"potentialAction\":[{\"@type\":\"SearchAction\",\"target\":{\"@type\":\"EntryPoint\",\"urlTemplate\":\"https:\\\/\\\/decofoodshop.nl\\\/?s={search_term_string}\"},\"query-input\":{\"@type\":\"PropertyValueSpecification\",\"valueRequired\":true,\"valueName\":\"search_term_string\"}}],\"inLanguage\":\"de\"}]}<\/script>\n<!-- \/ Yoast SEO Premium plugin. -->","yoast_head_json":{"title":"Exotisches Fruchtpaket - Erh\u00e4ltlich bei Decofoodshop","description":"Mit diesem Exotic Fruit Package von Decofoodshop bringen Sie die Tropen in Ihr Zuhause. Fr\u00f6hliches und farbenfrohes Deko-Obst von Decofoodshop.","robots":{"index":"index","follow":"follow","max-snippet":"max-snippet:-1","max-image-preview":"max-image-preview:large","max-video-preview":"max-video-preview:-1"},"canonical":"https:\/\/decofoodshop.nl\/de\/produkt\/exotische-fruchtpackung\/","og_locale":"de_DE","og_type":"article","og_title":"Exotisch Fruitpakket","og_description":"Met dit Exotisch Fruitpakket van Decofoodshop haal je de tropen in huis. Vrolijk en kleurrijk decoratie fruit van Decofoodshop.","og_url":"https:\/\/decofoodshop.nl\/de\/produkt\/exotische-fruchtpackung\/","og_site_name":"Decofoodshop","article_modified_time":"2026-02-28T14:50:26+00:00","og_image":[{"width":793,"height":898,"url":"https:\/\/decofoodshop.nl\/wp-content\/uploads\/2020\/09\/Exotisch-Fruitpakket-Aanzicht.jpg","type":"image\/jpeg"}],"twitter_card":"summary_large_image","twitter_misc":{"Gesch\u00e4tzte Lesezeit":"1\u00a0Minute"},"schema":{"@context":"https:\/\/schema.org","@graph":[{"@type":"WebPage","@id":"https:\/\/decofoodshop.nl\/product\/exotisch-fruitpakket\/","url":"https:\/\/decofoodshop.nl\/product\/exotisch-fruitpakket\/","name":"Exotisches Fruchtpaket - Erh\u00e4ltlich bei Decofoodshop","isPartOf":{"@id":"https:\/\/decofoodshop.nl\/#website"},"primaryImageOfPage":{"@id":"https:\/\/decofoodshop.nl\/product\/exotisch-fruitpakket\/#primaryimage"},"image":{"@id":"https:\/\/decofoodshop.nl\/product\/exotisch-fruitpakket\/#primaryimage"},"thumbnailUrl":"https:\/\/decofoodshop.nl\/wp-content\/uploads\/2020\/09\/Exotisch-Fruitpakket-Aanzicht.jpg","datePublished":"2020-09-22T18:24:03+00:00","dateModified":"2026-02-28T14:50:26+00:00","description":"Mit diesem Exotic Fruit Package von Decofoodshop bringen Sie die Tropen in Ihr Zuhause. Fr\u00f6hliches und farbenfrohes Deko-Obst von Decofoodshop.","breadcrumb":{"@id":"https:\/\/decofoodshop.nl\/product\/exotisch-fruitpakket\/#breadcrumb"},"inLanguage":"de","potentialAction":[{"@type":"ReadAction","target":["https:\/\/decofoodshop.nl\/product\/exotisch-fruitpakket\/"]}]},{"@type":"ImageObject","inLanguage":"de","@id":"https:\/\/decofoodshop.nl\/product\/exotisch-fruitpakket\/#primaryimage","url":"https:\/\/decofoodshop.nl\/wp-content\/uploads\/2020\/09\/Exotisch-Fruitpakket-Aanzicht.jpg","contentUrl":"https:\/\/decofoodshop.nl\/wp-content\/uploads\/2020\/09\/Exotisch-Fruitpakket-Aanzicht.jpg","width":793,"height":898,"caption":"Exotisch Fruitpakket bestellen bij Decofoodshop"},{"@type":"BreadcrumbList","@id":"https:\/\/decofoodshop.nl\/product\/exotisch-fruitpakket\/#breadcrumb","itemListElement":[{"@type":"ListItem","position":1,"name":"Home","item":"https:\/\/decofoodshop.nl\/"},{"@type":"ListItem","position":2,"name":"Winkel","item":"https:\/\/decofoodshop.nl\/winkel\/"},{"@type":"ListItem","position":3,"name":"Exotisch Fruitpakket"}]},{"@type":"WebSite","@id":"https:\/\/decofoodshop.nl\/#website","url":"https:\/\/decofoodshop.nl\/","name":"Dekofoodshop","description":"","potentialAction":[{"@type":"SearchAction","target":{"@type":"EntryPoint","urlTemplate":"https:\/\/decofoodshop.nl\/?s={search_term_string}"},"query-input":{"@type":"PropertyValueSpecification","valueRequired":true,"valueName":"search_term_string"}}],"inLanguage":"de"}]}},"_links":{"self":[{"href":"https:\/\/decofoodshop.nl\/de\/wp-json\/wp\/v2\/product\/3458","targetHints":{"allow":["GET"]}}],"collection":[{"href":"https:\/\/decofoodshop.nl\/de\/wp-json\/wp\/v2\/product"}],"about":[{"href":"https:\/\/decofoodshop.nl\/de\/wp-json\/wp\/v2\/types\/product"}],"wp:featuredmedia":[{"embeddable":true,"href":"https:\/\/decofoodshop.nl\/de\/wp-json\/wp\/v2\/media\/3527"}],"wp:attachment":[{"href":"https:\/\/decofoodshop.nl\/de\/wp-json\/wp\/v2\/media?parent=3458"}],"wp:term":[{"taxonomy":"product_brand","embeddable":true,"href":"https:\/\/decofoodshop.nl\/de\/wp-json\/wp\/v2\/product_brand?post=3458"},{"taxonomy":"product_cat","embeddable":true,"href":"https:\/\/decofoodshop.nl\/de\/wp-json\/wp\/v2\/product_cat?post=3458"},{"taxonomy":"product_tag","embeddable":true,"href":"https:\/\/decofoodshop.nl\/de\/wp-json\/wp\/v2\/product_tag?post=3458"}],"curies":[{"name":"wp","href":"https:\/\/api.w.org\/{rel}","templated":true}]}}