{"id":3459,"date":"2020-09-22T18:31:56","date_gmt":"2020-09-22T18:31:56","guid":{"rendered":"https:\/\/decofoodshop.nl\/?post_type=product&#038;p=3459"},"modified":"2026-03-23T12:36:46","modified_gmt":"2026-03-23T11:36:46","slug":"gefalschte-gemuse-packung-klein","status":"publish","type":"product","link":"https:\/\/decofoodshop.nl\/de\/product\/namaak-groente-pakket-klein\/","title":{"rendered":"Gef\u00e4lschte Gem\u00fcsepackung klein"},"content":{"rendered":"<p>Diese kleine Packung Gem\u00fcsef\u00e4lschung hat von allem etwas.<\/p>\n<p>Mit 13 St\u00fcck sehr nat\u00fcrlichem Kunstgem\u00fcse.<\/p>\n<p>Das Paket wurde sorgf\u00e4ltig zusammengestellt und ist sofort einsatzbereit.<\/p>\n<p>Das Ziergem\u00fcse ist sehr nat\u00fcrlich und f\u00fchlt sich sogar echt an.<\/p>\n<p>Das Material ist robust und h\u00e4lt St\u00fcrzen und St\u00f6\u00dfen stand.<\/p>\n<p>Kurz gesagt, eine sch\u00f6ne und sehr erschwingliche gef\u00e4lschte Gem\u00fcseverpackung.<\/p>\n<p>ACHTUNG! Jetzt mit dem Salatimitat statt dem gr\u00fcnen Salatkopfimitat.<\/p>\n<p>Suchen Sie nach weiteren speziellen gef\u00e4lschten Lebensmitteln in der Kategorie: <span style=\"color: #008000;\">&#8220;<strong><a style=\"color: #008000;\" href=\"https:\/\/decofoodshop.nl\/de\/produktkategorie-2\/andere\/\">Andere<\/a><\/strong>&#8220;<\/span>.<\/p>","protected":false},"excerpt":{"rendered":"<p>Dit Namaak Groente Pakket Klein heeft van alles wat. Met 13 stuks zeer natuurlijke kunstgroenten. Het pakket is zorgvuldig samengesteld en direct klaar voor gebruik. De siergroenten zijn zeer natuurlijk en voelen zelfs echt aan. Het materiaal is stevig en kan tegen vallen en stoten. Kortom een fraai en zeer voordelig nepgroente pakket. Let op! [&hellip;]<\/p>\n","protected":false},"featured_media":3542,"template":"","meta":{"_acf_changed":false,"_genesis_hide_title":false,"_genesis_hide_breadcrumbs":false,"_genesis_hide_singular_image":false,"_genesis_hide_footer_widgets":false,"_genesis_custom_body_class":"","_genesis_custom_post_class":"","_genesis_layout":""},"product_brand":[],"product_cat":[48,49],"product_tag":[],"class_list":{"0":"post-3459","1":"product","2":"type-product","3":"status-publish","4":"has-post-thumbnail","6":"product_cat-kunstgroenten","7":"product_cat-pakketten","8":"entry","9":"wpx-has-gallery","11":"first","12":"instock","13":"taxable","14":"shipping-taxable","15":"purchasable","16":"product-type-simple"},"acf":[],"yoast_head":"<!-- This site is optimized with the Yoast SEO Premium plugin v27.3 (Yoast SEO v27.3) - https:\/\/yoast.com\/product\/yoast-seo-premium-wordpress\/ -->\n<title>Namaak Groente Pakket Klein - Verkrijgbaar bij Decofoodshop<\/title>\n<meta name=\"description\" content=\"Decoratief en compleet namaak groente pakket klein. Ook bieden wij een uitgebreider namaak groente pakket aan met heel veel nepgroenten.\" \/>\n<meta name=\"robots\" content=\"index, follow, max-snippet:-1, max-image-preview:large, max-video-preview:-1\" \/>\n<link rel=\"canonical\" href=\"https:\/\/decofoodshop.nl\/de\/produkt\/gefalschte-gemuse-packung-klein\/\" \/>\n<meta property=\"og:locale\" content=\"de_DE\" \/>\n<meta property=\"og:type\" content=\"article\" \/>\n<meta property=\"og:title\" content=\"Namaak Groente Pakket Klein\" \/>\n<meta property=\"og:description\" content=\"Decoratief en compleet namaak groente pakket klein. Ook bieden wij een uitgebreider namaak groente pakket aan met heel veel nepgroenten.\" \/>\n<meta property=\"og:url\" content=\"https:\/\/decofoodshop.nl\/de\/produkt\/gefalschte-gemuse-packung-klein\/\" \/>\n<meta property=\"og:site_name\" content=\"Decofoodshop\" \/>\n<meta property=\"article:modified_time\" content=\"2026-03-23T11:36:46+00:00\" \/>\n<meta property=\"og:image\" content=\"https:\/\/decofoodshop.nl\/wp-content\/uploads\/2020\/09\/Kunst-Groente-Pakket-Klein-.jpg\" \/>\n\t<meta property=\"og:image:width\" content=\"750\" \/>\n\t<meta property=\"og:image:height\" content=\"749\" \/>\n\t<meta property=\"og:image:type\" content=\"image\/jpeg\" \/>\n<meta name=\"twitter:card\" content=\"summary_large_image\" \/>\n<meta name=\"twitter:label1\" content=\"Gesch\u00e4tzte Lesezeit\" \/>\n\t<meta name=\"twitter:data1\" content=\"1\u00a0Minute\" \/>\n<script type=\"application\/ld+json\" class=\"yoast-schema-graph\">{\"@context\":\"https:\\\/\\\/schema.org\",\"@graph\":[{\"@type\":\"WebPage\",\"@id\":\"https:\\\/\\\/decofoodshop.nl\\\/product\\\/namaak-groente-pakket-klein\\\/\",\"url\":\"https:\\\/\\\/decofoodshop.nl\\\/product\\\/namaak-groente-pakket-klein\\\/\",\"name\":\"Namaak Groente Pakket Klein - Verkrijgbaar bij Decofoodshop\",\"isPartOf\":{\"@id\":\"https:\\\/\\\/decofoodshop.nl\\\/#website\"},\"primaryImageOfPage\":{\"@id\":\"https:\\\/\\\/decofoodshop.nl\\\/product\\\/namaak-groente-pakket-klein\\\/#primaryimage\"},\"image\":{\"@id\":\"https:\\\/\\\/decofoodshop.nl\\\/product\\\/namaak-groente-pakket-klein\\\/#primaryimage\"},\"thumbnailUrl\":\"https:\\\/\\\/decofoodshop.nl\\\/wp-content\\\/uploads\\\/2020\\\/09\\\/Kunst-Groente-Pakket-Klein-.jpg\",\"datePublished\":\"2020-09-22T18:31:56+00:00\",\"dateModified\":\"2026-03-23T11:36:46+00:00\",\"description\":\"Decoratief en compleet namaak groente pakket klein. Ook bieden wij een uitgebreider namaak groente pakket aan met heel veel nepgroenten.\",\"breadcrumb\":{\"@id\":\"https:\\\/\\\/decofoodshop.nl\\\/product\\\/namaak-groente-pakket-klein\\\/#breadcrumb\"},\"inLanguage\":\"de\",\"potentialAction\":[{\"@type\":\"ReadAction\",\"target\":[\"https:\\\/\\\/decofoodshop.nl\\\/product\\\/namaak-groente-pakket-klein\\\/\"]}]},{\"@type\":\"ImageObject\",\"inLanguage\":\"de\",\"@id\":\"https:\\\/\\\/decofoodshop.nl\\\/product\\\/namaak-groente-pakket-klein\\\/#primaryimage\",\"url\":\"https:\\\/\\\/decofoodshop.nl\\\/wp-content\\\/uploads\\\/2020\\\/09\\\/Kunst-Groente-Pakket-Klein-.jpg\",\"contentUrl\":\"https:\\\/\\\/decofoodshop.nl\\\/wp-content\\\/uploads\\\/2020\\\/09\\\/Kunst-Groente-Pakket-Klein-.jpg\",\"width\":750,\"height\":749,\"caption\":\"Namaak Groente Pakket Klein bij decofoodshop\"},{\"@type\":\"BreadcrumbList\",\"@id\":\"https:\\\/\\\/decofoodshop.nl\\\/product\\\/namaak-groente-pakket-klein\\\/#breadcrumb\",\"itemListElement\":[{\"@type\":\"ListItem\",\"position\":1,\"name\":\"Home\",\"item\":\"https:\\\/\\\/decofoodshop.nl\\\/\"},{\"@type\":\"ListItem\",\"position\":2,\"name\":\"Winkel\",\"item\":\"https:\\\/\\\/decofoodshop.nl\\\/winkel\\\/\"},{\"@type\":\"ListItem\",\"position\":3,\"name\":\"Namaak Groente Pakket Klein\"}]},{\"@type\":\"WebSite\",\"@id\":\"https:\\\/\\\/decofoodshop.nl\\\/#website\",\"url\":\"https:\\\/\\\/decofoodshop.nl\\\/\",\"name\":\"Decofoodshop\",\"description\":\"\",\"potentialAction\":[{\"@type\":\"SearchAction\",\"target\":{\"@type\":\"EntryPoint\",\"urlTemplate\":\"https:\\\/\\\/decofoodshop.nl\\\/?s={search_term_string}\"},\"query-input\":{\"@type\":\"PropertyValueSpecification\",\"valueRequired\":true,\"valueName\":\"search_term_string\"}}],\"inLanguage\":\"de\"}]}<\/script>\n<!-- \/ Yoast SEO Premium plugin. -->","yoast_head_json":{"title":"Gef\u00e4lschtes Gem\u00fcsepaket Klein - Erh\u00e4ltlich bei Decofoodshop","description":"Dekorative und komplette gef\u00e4lschte Gem\u00fcsepackung klein. Wir bieten auch ein umfangreicheres Fake-Gem\u00fcse-Paket mit viel Fake-Gem\u00fcse an.","robots":{"index":"index","follow":"follow","max-snippet":"max-snippet:-1","max-image-preview":"max-image-preview:large","max-video-preview":"max-video-preview:-1"},"canonical":"https:\/\/decofoodshop.nl\/de\/produkt\/gefalschte-gemuse-packung-klein\/","og_locale":"de_DE","og_type":"article","og_title":"Namaak Groente Pakket Klein","og_description":"Decoratief en compleet namaak groente pakket klein. Ook bieden wij een uitgebreider namaak groente pakket aan met heel veel nepgroenten.","og_url":"https:\/\/decofoodshop.nl\/de\/produkt\/gefalschte-gemuse-packung-klein\/","og_site_name":"Decofoodshop","article_modified_time":"2026-03-23T11:36:46+00:00","og_image":[{"width":750,"height":749,"url":"https:\/\/decofoodshop.nl\/wp-content\/uploads\/2020\/09\/Kunst-Groente-Pakket-Klein-.jpg","type":"image\/jpeg"}],"twitter_card":"summary_large_image","twitter_misc":{"Gesch\u00e4tzte Lesezeit":"1\u00a0Minute"},"schema":{"@context":"https:\/\/schema.org","@graph":[{"@type":"WebPage","@id":"https:\/\/decofoodshop.nl\/product\/namaak-groente-pakket-klein\/","url":"https:\/\/decofoodshop.nl\/product\/namaak-groente-pakket-klein\/","name":"Gef\u00e4lschtes Gem\u00fcsepaket Klein - Erh\u00e4ltlich bei Decofoodshop","isPartOf":{"@id":"https:\/\/decofoodshop.nl\/#website"},"primaryImageOfPage":{"@id":"https:\/\/decofoodshop.nl\/product\/namaak-groente-pakket-klein\/#primaryimage"},"image":{"@id":"https:\/\/decofoodshop.nl\/product\/namaak-groente-pakket-klein\/#primaryimage"},"thumbnailUrl":"https:\/\/decofoodshop.nl\/wp-content\/uploads\/2020\/09\/Kunst-Groente-Pakket-Klein-.jpg","datePublished":"2020-09-22T18:31:56+00:00","dateModified":"2026-03-23T11:36:46+00:00","description":"Dekorative und komplette gef\u00e4lschte Gem\u00fcsepackung klein. Wir bieten auch ein umfangreicheres Fake-Gem\u00fcse-Paket mit viel Fake-Gem\u00fcse an.","breadcrumb":{"@id":"https:\/\/decofoodshop.nl\/product\/namaak-groente-pakket-klein\/#breadcrumb"},"inLanguage":"de","potentialAction":[{"@type":"ReadAction","target":["https:\/\/decofoodshop.nl\/product\/namaak-groente-pakket-klein\/"]}]},{"@type":"ImageObject","inLanguage":"de","@id":"https:\/\/decofoodshop.nl\/product\/namaak-groente-pakket-klein\/#primaryimage","url":"https:\/\/decofoodshop.nl\/wp-content\/uploads\/2020\/09\/Kunst-Groente-Pakket-Klein-.jpg","contentUrl":"https:\/\/decofoodshop.nl\/wp-content\/uploads\/2020\/09\/Kunst-Groente-Pakket-Klein-.jpg","width":750,"height":749,"caption":"Namaak Groente Pakket Klein bij decofoodshop"},{"@type":"BreadcrumbList","@id":"https:\/\/decofoodshop.nl\/product\/namaak-groente-pakket-klein\/#breadcrumb","itemListElement":[{"@type":"ListItem","position":1,"name":"Home","item":"https:\/\/decofoodshop.nl\/"},{"@type":"ListItem","position":2,"name":"Winkel","item":"https:\/\/decofoodshop.nl\/winkel\/"},{"@type":"ListItem","position":3,"name":"Namaak Groente Pakket Klein"}]},{"@type":"WebSite","@id":"https:\/\/decofoodshop.nl\/#website","url":"https:\/\/decofoodshop.nl\/","name":"Dekofoodshop","description":"","potentialAction":[{"@type":"SearchAction","target":{"@type":"EntryPoint","urlTemplate":"https:\/\/decofoodshop.nl\/?s={search_term_string}"},"query-input":{"@type":"PropertyValueSpecification","valueRequired":true,"valueName":"search_term_string"}}],"inLanguage":"de"}]}},"_links":{"self":[{"href":"https:\/\/decofoodshop.nl\/de\/wp-json\/wp\/v2\/product\/3459","targetHints":{"allow":["GET"]}}],"collection":[{"href":"https:\/\/decofoodshop.nl\/de\/wp-json\/wp\/v2\/product"}],"about":[{"href":"https:\/\/decofoodshop.nl\/de\/wp-json\/wp\/v2\/types\/product"}],"wp:featuredmedia":[{"embeddable":true,"href":"https:\/\/decofoodshop.nl\/de\/wp-json\/wp\/v2\/media\/3542"}],"wp:attachment":[{"href":"https:\/\/decofoodshop.nl\/de\/wp-json\/wp\/v2\/media?parent=3459"}],"wp:term":[{"taxonomy":"product_brand","embeddable":true,"href":"https:\/\/decofoodshop.nl\/de\/wp-json\/wp\/v2\/product_brand?post=3459"},{"taxonomy":"product_cat","embeddable":true,"href":"https:\/\/decofoodshop.nl\/de\/wp-json\/wp\/v2\/product_cat?post=3459"},{"taxonomy":"product_tag","embeddable":true,"href":"https:\/\/decofoodshop.nl\/de\/wp-json\/wp\/v2\/product_tag?post=3459"}],"curies":[{"name":"wp","href":"https:\/\/api.w.org\/{rel}","templated":true}]}}