{"id":3460,"date":"2020-09-22T18:44:23","date_gmt":"2020-09-22T18:44:23","guid":{"rendered":"https:\/\/decofoodshop.nl\/?post_type=product&#038;p=3460"},"modified":"2026-03-26T18:38:26","modified_gmt":"2026-03-26T17:38:26","slug":"art-gemusepaket-gross","status":"publish","type":"product","link":"https:\/\/decofoodshop.nl\/de\/product\/kunst-groente-pakket-groot\/","title":{"rendered":"Art Gem\u00fcsepaket gro\u00df"},"content":{"rendered":"<p>Dieses Kunstgem\u00fcsepaket gro\u00df eignet sich ideal als komplettes Dekorationspaket.<\/p>\n<p>Das Paket besteht aus nicht weniger als 26 St\u00fcck k\u00fcnstlichem Gem\u00fcse.<\/p>\n<p>Das Ziergem\u00fcse ist von professioneller Qualit\u00e4t.<\/p>\n<p>Das gef\u00e4lschte Gem\u00fcse ist nicht nur wie das Original, sondern auch sehr fest.<\/p>\n<p>Dieses gef\u00e4lschte Gem\u00fcse f\u00fchlt sich sogar echt an.<\/p>\n<p>Es ist ein sehr komplettes Paket.<\/p>\n<p>Gebrauchsfertig und sorgf\u00e4ltig zusammengestellt.<\/p>\n<p>Hoe meer van deze pakketten u bestelt, hoe groter de korting!<\/p>\n<p>F\u00fcr loses Dekogem\u00fcse schauen Sie auch in der Kategorie nach: <span style=\"color: #008000;\">&#8220;<strong><a style=\"color: #008000;\" href=\"https:\/\/decofoodshop.nl\/de\/produktkategorie-2\/andere\/\">Andere<\/a><\/strong>&#8220;<\/span>.<\/p>","protected":false},"excerpt":{"rendered":"<p>Dit kunst groente pakket groot is ideaal als compleet decoratie pakket. Het pakket bestaat uit maar liefst 26 stuks kunstgroenten. De decoratieve groenten zijn van professionele kwaliteit. Behalve net echt zijn de nepgroenten ook zeer stevig. Deze namaak groenten voelen zelfs echt aan. Het betreft een zeer compleet pakket. Kant en klaar voor gebruik en [&hellip;]<\/p>\n","protected":false},"featured_media":3563,"template":"","meta":{"_acf_changed":false,"_genesis_hide_title":false,"_genesis_hide_breadcrumbs":false,"_genesis_hide_singular_image":false,"_genesis_hide_footer_widgets":false,"_genesis_custom_body_class":"","_genesis_custom_post_class":"","_genesis_layout":""},"product_brand":[],"product_cat":[48,49],"product_tag":[],"class_list":{"0":"post-3460","1":"product","2":"type-product","3":"status-publish","4":"has-post-thumbnail","6":"product_cat-kunstgroenten","7":"product_cat-pakketten","8":"entry","9":"wpx-has-gallery","11":"first","12":"instock","13":"taxable","14":"shipping-taxable","15":"purchasable","16":"product-type-simple"},"acf":[],"yoast_head":"<!-- This site is optimized with the Yoast SEO Premium plugin v27.3 (Yoast SEO v27.4) - https:\/\/yoast.com\/product\/yoast-seo-premium-wordpress\/ -->\n<title>Kunst Groente Pakket Groot - Verkrijgbaar Bij Decofoodshop<\/title>\n<meta name=\"description\" content=\"Kunst Groente Pakket Groot en nog veel meer groentedummies kopen bij Decofoodshop. Professioneel kunstvoedsel altijd direct geleverd.\" \/>\n<meta name=\"robots\" content=\"index, follow, max-snippet:-1, max-image-preview:large, max-video-preview:-1\" \/>\n<link rel=\"canonical\" href=\"https:\/\/decofoodshop.nl\/de\/produkt\/art-gemusepaket-gross\/\" \/>\n<meta property=\"og:locale\" content=\"de_DE\" \/>\n<meta property=\"og:type\" content=\"article\" \/>\n<meta property=\"og:title\" content=\"Kunst Groente Pakket Groot\" \/>\n<meta property=\"og:description\" content=\"Kunst Groente Pakket Groot en nog veel meer groentedummies kopen bij Decofoodshop. Professioneel kunstvoedsel altijd direct geleverd.\" \/>\n<meta property=\"og:url\" content=\"https:\/\/decofoodshop.nl\/de\/produkt\/art-gemusepaket-gross\/\" \/>\n<meta property=\"og:site_name\" content=\"Decofoodshop\" \/>\n<meta property=\"article:modified_time\" content=\"2026-03-26T17:38:26+00:00\" \/>\n<meta property=\"og:image\" content=\"https:\/\/decofoodshop.nl\/wp-content\/uploads\/2020\/09\/Kunst-Groente-Pakket-groot.jpg\" \/>\n\t<meta property=\"og:image:width\" content=\"750\" \/>\n\t<meta property=\"og:image:height\" content=\"749\" \/>\n\t<meta property=\"og:image:type\" content=\"image\/jpeg\" \/>\n<meta name=\"twitter:card\" content=\"summary_large_image\" \/>\n<meta name=\"twitter:label1\" content=\"Gesch\u00e4tzte Lesezeit\" \/>\n\t<meta name=\"twitter:data1\" content=\"1\u00a0Minute\" \/>\n<script type=\"application\/ld+json\" class=\"yoast-schema-graph\">{\"@context\":\"https:\\\/\\\/schema.org\",\"@graph\":[{\"@type\":\"WebPage\",\"@id\":\"https:\\\/\\\/decofoodshop.nl\\\/product\\\/kunst-groente-pakket-groot\\\/\",\"url\":\"https:\\\/\\\/decofoodshop.nl\\\/product\\\/kunst-groente-pakket-groot\\\/\",\"name\":\"Kunst Groente Pakket Groot - Verkrijgbaar Bij Decofoodshop\",\"isPartOf\":{\"@id\":\"https:\\\/\\\/decofoodshop.nl\\\/#website\"},\"primaryImageOfPage\":{\"@id\":\"https:\\\/\\\/decofoodshop.nl\\\/product\\\/kunst-groente-pakket-groot\\\/#primaryimage\"},\"image\":{\"@id\":\"https:\\\/\\\/decofoodshop.nl\\\/product\\\/kunst-groente-pakket-groot\\\/#primaryimage\"},\"thumbnailUrl\":\"https:\\\/\\\/decofoodshop.nl\\\/wp-content\\\/uploads\\\/2020\\\/09\\\/Kunst-Groente-Pakket-groot.jpg\",\"datePublished\":\"2020-09-22T18:44:23+00:00\",\"dateModified\":\"2026-03-26T17:38:26+00:00\",\"description\":\"Kunst Groente Pakket Groot en nog veel meer groentedummies kopen bij Decofoodshop. Professioneel kunstvoedsel altijd direct geleverd.\",\"breadcrumb\":{\"@id\":\"https:\\\/\\\/decofoodshop.nl\\\/product\\\/kunst-groente-pakket-groot\\\/#breadcrumb\"},\"inLanguage\":\"de\",\"potentialAction\":[{\"@type\":\"ReadAction\",\"target\":[\"https:\\\/\\\/decofoodshop.nl\\\/product\\\/kunst-groente-pakket-groot\\\/\"]}]},{\"@type\":\"ImageObject\",\"inLanguage\":\"de\",\"@id\":\"https:\\\/\\\/decofoodshop.nl\\\/product\\\/kunst-groente-pakket-groot\\\/#primaryimage\",\"url\":\"https:\\\/\\\/decofoodshop.nl\\\/wp-content\\\/uploads\\\/2020\\\/09\\\/Kunst-Groente-Pakket-groot.jpg\",\"contentUrl\":\"https:\\\/\\\/decofoodshop.nl\\\/wp-content\\\/uploads\\\/2020\\\/09\\\/Kunst-Groente-Pakket-groot.jpg\",\"width\":750,\"height\":749,\"caption\":\"Kunst Groente Pakket Groot bestellen bij Decofoodshop\"},{\"@type\":\"BreadcrumbList\",\"@id\":\"https:\\\/\\\/decofoodshop.nl\\\/product\\\/kunst-groente-pakket-groot\\\/#breadcrumb\",\"itemListElement\":[{\"@type\":\"ListItem\",\"position\":1,\"name\":\"Home\",\"item\":\"https:\\\/\\\/decofoodshop.nl\\\/\"},{\"@type\":\"ListItem\",\"position\":2,\"name\":\"Winkel\",\"item\":\"https:\\\/\\\/decofoodshop.nl\\\/winkel\\\/\"},{\"@type\":\"ListItem\",\"position\":3,\"name\":\"Kunst Groente Pakket Groot\"}]},{\"@type\":\"WebSite\",\"@id\":\"https:\\\/\\\/decofoodshop.nl\\\/#website\",\"url\":\"https:\\\/\\\/decofoodshop.nl\\\/\",\"name\":\"Decofoodshop\",\"description\":\"\",\"potentialAction\":[{\"@type\":\"SearchAction\",\"target\":{\"@type\":\"EntryPoint\",\"urlTemplate\":\"https:\\\/\\\/decofoodshop.nl\\\/?s={search_term_string}\"},\"query-input\":{\"@type\":\"PropertyValueSpecification\",\"valueRequired\":true,\"valueName\":\"search_term_string\"}}],\"inLanguage\":\"de\"}]}<\/script>\n<!-- \/ Yoast SEO Premium plugin. -->","yoast_head_json":{"title":"K\u00fcnstliches Gem\u00fcse Paket gro\u00df - Erh\u00e4ltlich bei Decofoodshop","description":"Kaufen Sie Art Vegetable Package Large und viele weitere Gem\u00fcseattrappen bei Decofoodshop. Professionelle Kunstnahrung immer sofort geliefert.","robots":{"index":"index","follow":"follow","max-snippet":"max-snippet:-1","max-image-preview":"max-image-preview:large","max-video-preview":"max-video-preview:-1"},"canonical":"https:\/\/decofoodshop.nl\/de\/produkt\/art-gemusepaket-gross\/","og_locale":"de_DE","og_type":"article","og_title":"Kunst Groente Pakket Groot","og_description":"Kunst Groente Pakket Groot en nog veel meer groentedummies kopen bij Decofoodshop. Professioneel kunstvoedsel altijd direct geleverd.","og_url":"https:\/\/decofoodshop.nl\/de\/produkt\/art-gemusepaket-gross\/","og_site_name":"Decofoodshop","article_modified_time":"2026-03-26T17:38:26+00:00","og_image":[{"width":750,"height":749,"url":"https:\/\/decofoodshop.nl\/wp-content\/uploads\/2020\/09\/Kunst-Groente-Pakket-groot.jpg","type":"image\/jpeg"}],"twitter_card":"summary_large_image","twitter_misc":{"Gesch\u00e4tzte Lesezeit":"1\u00a0Minute"},"schema":{"@context":"https:\/\/schema.org","@graph":[{"@type":"WebPage","@id":"https:\/\/decofoodshop.nl\/product\/kunst-groente-pakket-groot\/","url":"https:\/\/decofoodshop.nl\/product\/kunst-groente-pakket-groot\/","name":"K\u00fcnstliches Gem\u00fcse Paket gro\u00df - Erh\u00e4ltlich bei Decofoodshop","isPartOf":{"@id":"https:\/\/decofoodshop.nl\/#website"},"primaryImageOfPage":{"@id":"https:\/\/decofoodshop.nl\/product\/kunst-groente-pakket-groot\/#primaryimage"},"image":{"@id":"https:\/\/decofoodshop.nl\/product\/kunst-groente-pakket-groot\/#primaryimage"},"thumbnailUrl":"https:\/\/decofoodshop.nl\/wp-content\/uploads\/2020\/09\/Kunst-Groente-Pakket-groot.jpg","datePublished":"2020-09-22T18:44:23+00:00","dateModified":"2026-03-26T17:38:26+00:00","description":"Kaufen Sie Art Vegetable Package Large und viele weitere Gem\u00fcseattrappen bei Decofoodshop. Professionelle Kunstnahrung immer sofort geliefert.","breadcrumb":{"@id":"https:\/\/decofoodshop.nl\/product\/kunst-groente-pakket-groot\/#breadcrumb"},"inLanguage":"de","potentialAction":[{"@type":"ReadAction","target":["https:\/\/decofoodshop.nl\/product\/kunst-groente-pakket-groot\/"]}]},{"@type":"ImageObject","inLanguage":"de","@id":"https:\/\/decofoodshop.nl\/product\/kunst-groente-pakket-groot\/#primaryimage","url":"https:\/\/decofoodshop.nl\/wp-content\/uploads\/2020\/09\/Kunst-Groente-Pakket-groot.jpg","contentUrl":"https:\/\/decofoodshop.nl\/wp-content\/uploads\/2020\/09\/Kunst-Groente-Pakket-groot.jpg","width":750,"height":749,"caption":"Kunst Groente Pakket Groot bestellen bij Decofoodshop"},{"@type":"BreadcrumbList","@id":"https:\/\/decofoodshop.nl\/product\/kunst-groente-pakket-groot\/#breadcrumb","itemListElement":[{"@type":"ListItem","position":1,"name":"Home","item":"https:\/\/decofoodshop.nl\/"},{"@type":"ListItem","position":2,"name":"Winkel","item":"https:\/\/decofoodshop.nl\/winkel\/"},{"@type":"ListItem","position":3,"name":"Kunst Groente Pakket Groot"}]},{"@type":"WebSite","@id":"https:\/\/decofoodshop.nl\/#website","url":"https:\/\/decofoodshop.nl\/","name":"Dekofoodshop","description":"","potentialAction":[{"@type":"SearchAction","target":{"@type":"EntryPoint","urlTemplate":"https:\/\/decofoodshop.nl\/?s={search_term_string}"},"query-input":{"@type":"PropertyValueSpecification","valueRequired":true,"valueName":"search_term_string"}}],"inLanguage":"de"}]}},"_links":{"self":[{"href":"https:\/\/decofoodshop.nl\/de\/wp-json\/wp\/v2\/product\/3460","targetHints":{"allow":["GET"]}}],"collection":[{"href":"https:\/\/decofoodshop.nl\/de\/wp-json\/wp\/v2\/product"}],"about":[{"href":"https:\/\/decofoodshop.nl\/de\/wp-json\/wp\/v2\/types\/product"}],"wp:featuredmedia":[{"embeddable":true,"href":"https:\/\/decofoodshop.nl\/de\/wp-json\/wp\/v2\/media\/3563"}],"wp:attachment":[{"href":"https:\/\/decofoodshop.nl\/de\/wp-json\/wp\/v2\/media?parent=3460"}],"wp:term":[{"taxonomy":"product_brand","embeddable":true,"href":"https:\/\/decofoodshop.nl\/de\/wp-json\/wp\/v2\/product_brand?post=3460"},{"taxonomy":"product_cat","embeddable":true,"href":"https:\/\/decofoodshop.nl\/de\/wp-json\/wp\/v2\/product_cat?post=3460"},{"taxonomy":"product_tag","embeddable":true,"href":"https:\/\/decofoodshop.nl\/de\/wp-json\/wp\/v2\/product_tag?post=3460"}],"curies":[{"name":"wp","href":"https:\/\/api.w.org\/{rel}","templated":true}]}}