{"id":3461,"date":"2020-09-22T18:27:20","date_gmt":"2020-09-22T18:27:20","guid":{"rendered":"https:\/\/decofoodshop.nl\/?post_type=product&#038;p=3461"},"modified":"2026-03-03T16:08:49","modified_gmt":"2026-03-03T15:08:49","slug":"gefalschtes-brotpaket","status":"publish","type":"product","link":"https:\/\/decofoodshop.nl\/de\/product\/namaak-broden-pakket\/","title":{"rendered":"Gef\u00e4lschtes Brotpaket"},"content":{"rendered":"<p>Dit Namaak Broden Pakket is van zeer levensechte en hoge kwaliteit.<\/p>\n<p>Das vorteilhafte Paket besteht aus 10 St\u00fcck gef\u00e4lschtem Brot und gef\u00e4lschten Br\u00f6tchen.<\/p>\n<p>Al het kunstbrood is van professionele kwaliteit en op ware grootte.<\/p>\n<p>Die Kunstbrote sind weich an der Oberfl\u00e4che und behalten immer ihre Form.<\/p>\n<p>Das Material ist sehr robust und h\u00e4lt St\u00fcrzen und St\u00f6\u00dfen stand.<\/p>\n<p>Dieses Paket wurde sorgf\u00e4ltig zusammengestellt, in dem die Teile gut zusammenpassen.<\/p>\n<p>Als langlebige Dekoration an verschiedenen Orten geeignet.<\/p>\n<p>Diese Brotattrappen sind ein einzigartiger und auff\u00e4lliger Hingucker.<\/p>\n<p>Weitere Deko-Lebensmittel finden Sie auch in der Kategorie:<span style=\"color: #008000;\"> &#8220;<a style=\"color: #008000;\" href=\"https:\/\/decofoodshop.nl\/de\/produktkategorie-2\/andere\/\"><strong>Andere<\/strong><\/a>&#8220;<\/span>.<\/p>","protected":false},"excerpt":{"rendered":"<p>Dit Namaak Broden Pakket is van zeer levensechte en hoge kwaliteit. Het voordelige pakket bestaat uit 10 stuks nepbroden en nepbroodjes. Al het kunstbrood is van professionele kwaliteit en op ware grootte. De kunstbroden zijn zacht aan het oppervlak en blijven altijd goed in model. Het materiaal zeer stevig en kan tegen vallen en stoten. [&hellip;]<\/p>\n","protected":false},"featured_media":3533,"template":"","meta":{"_acf_changed":false,"_genesis_hide_title":false,"_genesis_hide_breadcrumbs":false,"_genesis_hide_singular_image":false,"_genesis_hide_footer_widgets":false,"_genesis_custom_body_class":"","_genesis_custom_post_class":"","_genesis_layout":""},"product_brand":[],"product_cat":[46,49],"product_tag":[],"class_list":{"0":"post-3461","1":"product","2":"type-product","3":"status-publish","4":"has-post-thumbnail","6":"product_cat-broodengebak","7":"product_cat-pakketten","8":"entry","9":"wpx-has-gallery","11":"first","12":"instock","13":"taxable","14":"shipping-taxable","15":"purchasable","16":"product-type-woosb"},"acf":[],"yoast_head":"<!-- This site is optimized with the Yoast SEO Premium plugin v27.3 (Yoast SEO v27.3) - https:\/\/yoast.com\/product\/yoast-seo-premium-wordpress\/ -->\n<title>Namaak Broden Pakket - Verkrijgbaar Bij Decofoodshop<\/title>\n<meta name=\"description\" content=\"Dit Namaak Broden Pakket is een unieke blikvanger. Een pakket vol bijzondere dummiebroden. Snel en makkelijk bestellen bij Decofoodshop.\" \/>\n<meta name=\"robots\" content=\"index, follow, max-snippet:-1, max-image-preview:large, max-video-preview:-1\" \/>\n<link rel=\"canonical\" href=\"https:\/\/decofoodshop.nl\/de\/produkt\/gefalschtes-brotpaket\/\" \/>\n<meta property=\"og:locale\" content=\"de_DE\" \/>\n<meta property=\"og:type\" content=\"article\" \/>\n<meta property=\"og:title\" content=\"Namaak Broden Pakket\" \/>\n<meta property=\"og:description\" content=\"Dit Namaak Broden Pakket is een unieke blikvanger. Een pakket vol bijzondere dummiebroden. Snel en makkelijk bestellen bij Decofoodshop.\" \/>\n<meta property=\"og:url\" content=\"https:\/\/decofoodshop.nl\/de\/produkt\/gefalschtes-brotpaket\/\" \/>\n<meta property=\"og:site_name\" content=\"Decofoodshop\" \/>\n<meta property=\"article:modified_time\" content=\"2026-03-03T15:08:49+00:00\" \/>\n<meta property=\"og:image\" content=\"https:\/\/decofoodshop.nl\/wp-content\/uploads\/2020\/09\/Namaak-Broden-Pakket-Side-Photo.jpg\" \/>\n\t<meta property=\"og:image:width\" content=\"750\" \/>\n\t<meta property=\"og:image:height\" content=\"749\" \/>\n\t<meta property=\"og:image:type\" content=\"image\/jpeg\" \/>\n<meta name=\"twitter:card\" content=\"summary_large_image\" \/>\n<meta name=\"twitter:label1\" content=\"Gesch\u00e4tzte Lesezeit\" \/>\n\t<meta name=\"twitter:data1\" content=\"1\u00a0Minute\" \/>\n<script type=\"application\/ld+json\" class=\"yoast-schema-graph\">{\"@context\":\"https:\\\/\\\/schema.org\",\"@graph\":[{\"@type\":\"WebPage\",\"@id\":\"https:\\\/\\\/decofoodshop.nl\\\/product\\\/namaak-broden-pakket\\\/\",\"url\":\"https:\\\/\\\/decofoodshop.nl\\\/product\\\/namaak-broden-pakket\\\/\",\"name\":\"Namaak Broden Pakket - Verkrijgbaar Bij Decofoodshop\",\"isPartOf\":{\"@id\":\"https:\\\/\\\/decofoodshop.nl\\\/#website\"},\"primaryImageOfPage\":{\"@id\":\"https:\\\/\\\/decofoodshop.nl\\\/product\\\/namaak-broden-pakket\\\/#primaryimage\"},\"image\":{\"@id\":\"https:\\\/\\\/decofoodshop.nl\\\/product\\\/namaak-broden-pakket\\\/#primaryimage\"},\"thumbnailUrl\":\"https:\\\/\\\/decofoodshop.nl\\\/wp-content\\\/uploads\\\/2020\\\/09\\\/Namaak-Broden-Pakket-Side-Photo.jpg\",\"datePublished\":\"2020-09-22T18:27:20+00:00\",\"dateModified\":\"2026-03-03T15:08:49+00:00\",\"description\":\"Dit Namaak Broden Pakket is een unieke blikvanger. Een pakket vol bijzondere dummiebroden. Snel en makkelijk bestellen bij Decofoodshop.\",\"breadcrumb\":{\"@id\":\"https:\\\/\\\/decofoodshop.nl\\\/product\\\/namaak-broden-pakket\\\/#breadcrumb\"},\"inLanguage\":\"de\",\"potentialAction\":[{\"@type\":\"ReadAction\",\"target\":[\"https:\\\/\\\/decofoodshop.nl\\\/product\\\/namaak-broden-pakket\\\/\"]}]},{\"@type\":\"ImageObject\",\"inLanguage\":\"de\",\"@id\":\"https:\\\/\\\/decofoodshop.nl\\\/product\\\/namaak-broden-pakket\\\/#primaryimage\",\"url\":\"https:\\\/\\\/decofoodshop.nl\\\/wp-content\\\/uploads\\\/2020\\\/09\\\/Namaak-Broden-Pakket-Side-Photo.jpg\",\"contentUrl\":\"https:\\\/\\\/decofoodshop.nl\\\/wp-content\\\/uploads\\\/2020\\\/09\\\/Namaak-Broden-Pakket-Side-Photo.jpg\",\"width\":750,\"height\":749,\"caption\":\"Namaak Broden Pakket kopen bij Decofoodshop\"},{\"@type\":\"BreadcrumbList\",\"@id\":\"https:\\\/\\\/decofoodshop.nl\\\/product\\\/namaak-broden-pakket\\\/#breadcrumb\",\"itemListElement\":[{\"@type\":\"ListItem\",\"position\":1,\"name\":\"Home\",\"item\":\"https:\\\/\\\/decofoodshop.nl\\\/\"},{\"@type\":\"ListItem\",\"position\":2,\"name\":\"Winkel\",\"item\":\"https:\\\/\\\/decofoodshop.nl\\\/winkel\\\/\"},{\"@type\":\"ListItem\",\"position\":3,\"name\":\"Namaak Broden Pakket\"}]},{\"@type\":\"WebSite\",\"@id\":\"https:\\\/\\\/decofoodshop.nl\\\/#website\",\"url\":\"https:\\\/\\\/decofoodshop.nl\\\/\",\"name\":\"Decofoodshop\",\"description\":\"\",\"potentialAction\":[{\"@type\":\"SearchAction\",\"target\":{\"@type\":\"EntryPoint\",\"urlTemplate\":\"https:\\\/\\\/decofoodshop.nl\\\/?s={search_term_string}\"},\"query-input\":{\"@type\":\"PropertyValueSpecification\",\"valueRequired\":true,\"valueName\":\"search_term_string\"}}],\"inLanguage\":\"de\"}]}<\/script>\n<!-- \/ Yoast SEO Premium plugin. -->","yoast_head_json":{"title":"Gef\u00e4lschtes Brot Paket - Erh\u00e4ltlich bei Decofoodshop","description":"Diese Falschbrotpackung ist ein einzigartiger Hingucker. Ein Paket voller spezieller Blindbrote. Bestellen Sie schnell und einfach bei Decofoodshop.","robots":{"index":"index","follow":"follow","max-snippet":"max-snippet:-1","max-image-preview":"max-image-preview:large","max-video-preview":"max-video-preview:-1"},"canonical":"https:\/\/decofoodshop.nl\/de\/produkt\/gefalschtes-brotpaket\/","og_locale":"de_DE","og_type":"article","og_title":"Namaak Broden Pakket","og_description":"Dit Namaak Broden Pakket is een unieke blikvanger. Een pakket vol bijzondere dummiebroden. Snel en makkelijk bestellen bij Decofoodshop.","og_url":"https:\/\/decofoodshop.nl\/de\/produkt\/gefalschtes-brotpaket\/","og_site_name":"Decofoodshop","article_modified_time":"2026-03-03T15:08:49+00:00","og_image":[{"width":750,"height":749,"url":"https:\/\/decofoodshop.nl\/wp-content\/uploads\/2020\/09\/Namaak-Broden-Pakket-Side-Photo.jpg","type":"image\/jpeg"}],"twitter_card":"summary_large_image","twitter_misc":{"Gesch\u00e4tzte Lesezeit":"1\u00a0Minute"},"schema":{"@context":"https:\/\/schema.org","@graph":[{"@type":"WebPage","@id":"https:\/\/decofoodshop.nl\/product\/namaak-broden-pakket\/","url":"https:\/\/decofoodshop.nl\/product\/namaak-broden-pakket\/","name":"Gef\u00e4lschtes Brot Paket - Erh\u00e4ltlich bei Decofoodshop","isPartOf":{"@id":"https:\/\/decofoodshop.nl\/#website"},"primaryImageOfPage":{"@id":"https:\/\/decofoodshop.nl\/product\/namaak-broden-pakket\/#primaryimage"},"image":{"@id":"https:\/\/decofoodshop.nl\/product\/namaak-broden-pakket\/#primaryimage"},"thumbnailUrl":"https:\/\/decofoodshop.nl\/wp-content\/uploads\/2020\/09\/Namaak-Broden-Pakket-Side-Photo.jpg","datePublished":"2020-09-22T18:27:20+00:00","dateModified":"2026-03-03T15:08:49+00:00","description":"Diese Falschbrotpackung ist ein einzigartiger Hingucker. Ein Paket voller spezieller Blindbrote. Bestellen Sie schnell und einfach bei Decofoodshop.","breadcrumb":{"@id":"https:\/\/decofoodshop.nl\/product\/namaak-broden-pakket\/#breadcrumb"},"inLanguage":"de","potentialAction":[{"@type":"ReadAction","target":["https:\/\/decofoodshop.nl\/product\/namaak-broden-pakket\/"]}]},{"@type":"ImageObject","inLanguage":"de","@id":"https:\/\/decofoodshop.nl\/product\/namaak-broden-pakket\/#primaryimage","url":"https:\/\/decofoodshop.nl\/wp-content\/uploads\/2020\/09\/Namaak-Broden-Pakket-Side-Photo.jpg","contentUrl":"https:\/\/decofoodshop.nl\/wp-content\/uploads\/2020\/09\/Namaak-Broden-Pakket-Side-Photo.jpg","width":750,"height":749,"caption":"Namaak Broden Pakket kopen bij Decofoodshop"},{"@type":"BreadcrumbList","@id":"https:\/\/decofoodshop.nl\/product\/namaak-broden-pakket\/#breadcrumb","itemListElement":[{"@type":"ListItem","position":1,"name":"Home","item":"https:\/\/decofoodshop.nl\/"},{"@type":"ListItem","position":2,"name":"Winkel","item":"https:\/\/decofoodshop.nl\/winkel\/"},{"@type":"ListItem","position":3,"name":"Namaak Broden Pakket"}]},{"@type":"WebSite","@id":"https:\/\/decofoodshop.nl\/#website","url":"https:\/\/decofoodshop.nl\/","name":"Dekofoodshop","description":"","potentialAction":[{"@type":"SearchAction","target":{"@type":"EntryPoint","urlTemplate":"https:\/\/decofoodshop.nl\/?s={search_term_string}"},"query-input":{"@type":"PropertyValueSpecification","valueRequired":true,"valueName":"search_term_string"}}],"inLanguage":"de"}]}},"_links":{"self":[{"href":"https:\/\/decofoodshop.nl\/de\/wp-json\/wp\/v2\/product\/3461","targetHints":{"allow":["GET"]}}],"collection":[{"href":"https:\/\/decofoodshop.nl\/de\/wp-json\/wp\/v2\/product"}],"about":[{"href":"https:\/\/decofoodshop.nl\/de\/wp-json\/wp\/v2\/types\/product"}],"wp:featuredmedia":[{"embeddable":true,"href":"https:\/\/decofoodshop.nl\/de\/wp-json\/wp\/v2\/media\/3533"}],"wp:attachment":[{"href":"https:\/\/decofoodshop.nl\/de\/wp-json\/wp\/v2\/media?parent=3461"}],"wp:term":[{"taxonomy":"product_brand","embeddable":true,"href":"https:\/\/decofoodshop.nl\/de\/wp-json\/wp\/v2\/product_brand?post=3461"},{"taxonomy":"product_cat","embeddable":true,"href":"https:\/\/decofoodshop.nl\/de\/wp-json\/wp\/v2\/product_cat?post=3461"},{"taxonomy":"product_tag","embeddable":true,"href":"https:\/\/decofoodshop.nl\/de\/wp-json\/wp\/v2\/product_tag?post=3461"}],"curies":[{"name":"wp","href":"https:\/\/api.w.org\/{rel}","templated":true}]}}