{"id":3462,"date":"2020-09-22T18:34:38","date_gmt":"2020-09-22T18:34:38","guid":{"rendered":"https:\/\/decofoodshop.nl\/?post_type=product&#038;p=3462"},"modified":"2026-04-09T20:53:13","modified_gmt":"2026-04-09T18:53:13","slug":"gefalschte-strangpackung","status":"publish","type":"product","link":"https:\/\/decofoodshop.nl\/de\/product\/namaak-strengen-pakket\/","title":{"rendered":"Gef\u00e4lschte Str\u00e4nge Paket"},"content":{"rendered":"<p>Wundersch\u00f6nes Paket gef\u00e4lschter Kn\u00e4uel bestehend aus drei Kn\u00e4ueln.<\/p>\n<p>Ausgestattet mit einem k\u00fcnstlichen Knoblauchstrang, einem k\u00fcnstlichen wei\u00dfen Zwiebelstrang und einem k\u00fcnstlichen roten Zwiebelstrang.<\/p>\n<p>Ein besonderes und abwechslungsreiches Paket, schnell und einfach zu bestellen.<\/p>\n<p>Die Str\u00e4nge sind sehr nat\u00fcrlich in Form und Farbe.<\/p>\n<p>Einfach an der geflochtenen \u00d6se am Ende des Fadens aufzuh\u00e4ngen.<\/p>\n<p>Weitere spezielle gef\u00e4lschte Lebensmittel finden Sie in der Kategorie: \u201e<span style=\"color: #008000;\"><strong><a style=\"color: #008000;\" href=\"https:\/\/decofoodshop.nl\/de\/produktkategorie-2\/andere\/\">Andere<\/a><\/strong><\/span>&#8220;.<\/p>","protected":false},"excerpt":{"rendered":"<p>Prachtig namaak strengen pakket bestaande uit drie strengen. Voorzien van \u00e9\u00e9n nep knoflook streng, \u00e9\u00e9n namaak witte uien streng en \u00e9\u00e9n namaak rode uien streng. Een bijzonder en gevarieerd pakket, snel en makkelijk te bestellen. De strengen zijn zeer natuurgetrouw zowel qua vorm als kleur. Eenvoudig op te hangen aan het gevlochten oog aan het [&hellip;]<\/p>\n","protected":false},"featured_media":3551,"template":"","meta":{"_acf_changed":false,"_genesis_hide_title":false,"_genesis_hide_breadcrumbs":false,"_genesis_hide_singular_image":false,"_genesis_hide_footer_widgets":false,"_genesis_custom_body_class":"","_genesis_custom_post_class":"","_genesis_layout":""},"product_brand":[],"product_cat":[48,49],"product_tag":[],"class_list":{"0":"post-3462","1":"product","2":"type-product","3":"status-publish","4":"has-post-thumbnail","6":"product_cat-kunstgroenten","7":"product_cat-pakketten","8":"entry","9":"wpx-has-gallery","11":"first","12":"instock","13":"taxable","14":"shipping-taxable","15":"purchasable","16":"product-type-woosb"},"acf":[],"yoast_head":"<!-- This site is optimized with the Yoast SEO Premium plugin v27.3 (Yoast SEO v27.4) - https:\/\/yoast.com\/product\/yoast-seo-premium-wordpress\/ -->\n<title>Namaak Strengen Pakket - Verkrijgbaar Bij Decofoodshop<\/title>\n<meta name=\"description\" content=\"Namaak Strengen Pakket van decofoodshop. Voordelig nepuien stengen kopen of nep knoflook strengen bestellen? Decofoodshop heeft het in huis!\" \/>\n<meta name=\"robots\" content=\"index, follow, max-snippet:-1, max-image-preview:large, max-video-preview:-1\" \/>\n<link rel=\"canonical\" href=\"https:\/\/decofoodshop.nl\/de\/produkt\/gefalschte-strangpackung\/\" \/>\n<meta property=\"og:locale\" content=\"de_DE\" \/>\n<meta property=\"og:type\" content=\"article\" \/>\n<meta property=\"og:title\" content=\"Namaak Strengen Pakket\" \/>\n<meta property=\"og:description\" content=\"Namaak Strengen Pakket van decofoodshop. Voordelig nepuien stengen kopen of nep knoflook strengen bestellen? Decofoodshop heeft het in huis!\" \/>\n<meta property=\"og:url\" content=\"https:\/\/decofoodshop.nl\/de\/produkt\/gefalschte-strangpackung\/\" \/>\n<meta property=\"og:site_name\" content=\"Decofoodshop\" \/>\n<meta property=\"article:modified_time\" content=\"2026-04-09T18:53:13+00:00\" \/>\n<meta property=\"og:image\" content=\"https:\/\/decofoodshop.nl\/wp-content\/uploads\/2020\/09\/Namaak-Strengen-Pakket-front-photo.jpg\" \/>\n\t<meta property=\"og:image:width\" content=\"750\" \/>\n\t<meta property=\"og:image:height\" content=\"906\" \/>\n\t<meta property=\"og:image:type\" content=\"image\/jpeg\" \/>\n<meta name=\"twitter:card\" content=\"summary_large_image\" \/>\n<meta name=\"twitter:label1\" content=\"Gesch\u00e4tzte Lesezeit\" \/>\n\t<meta name=\"twitter:data1\" content=\"1\u00a0Minute\" \/>\n<script type=\"application\/ld+json\" class=\"yoast-schema-graph\">{\"@context\":\"https:\\\/\\\/schema.org\",\"@graph\":[{\"@type\":\"WebPage\",\"@id\":\"https:\\\/\\\/decofoodshop.nl\\\/product\\\/namaak-strengen-pakket\\\/\",\"url\":\"https:\\\/\\\/decofoodshop.nl\\\/product\\\/namaak-strengen-pakket\\\/\",\"name\":\"Namaak Strengen Pakket - Verkrijgbaar Bij Decofoodshop\",\"isPartOf\":{\"@id\":\"https:\\\/\\\/decofoodshop.nl\\\/#website\"},\"primaryImageOfPage\":{\"@id\":\"https:\\\/\\\/decofoodshop.nl\\\/product\\\/namaak-strengen-pakket\\\/#primaryimage\"},\"image\":{\"@id\":\"https:\\\/\\\/decofoodshop.nl\\\/product\\\/namaak-strengen-pakket\\\/#primaryimage\"},\"thumbnailUrl\":\"https:\\\/\\\/decofoodshop.nl\\\/wp-content\\\/uploads\\\/2020\\\/09\\\/Namaak-Strengen-Pakket-front-photo.jpg\",\"datePublished\":\"2020-09-22T18:34:38+00:00\",\"dateModified\":\"2026-04-09T18:53:13+00:00\",\"description\":\"Namaak Strengen Pakket van decofoodshop. Voordelig nepuien stengen kopen of nep knoflook strengen bestellen? Decofoodshop heeft het in huis!\",\"breadcrumb\":{\"@id\":\"https:\\\/\\\/decofoodshop.nl\\\/product\\\/namaak-strengen-pakket\\\/#breadcrumb\"},\"inLanguage\":\"de\",\"potentialAction\":[{\"@type\":\"ReadAction\",\"target\":[\"https:\\\/\\\/decofoodshop.nl\\\/product\\\/namaak-strengen-pakket\\\/\"]}]},{\"@type\":\"ImageObject\",\"inLanguage\":\"de\",\"@id\":\"https:\\\/\\\/decofoodshop.nl\\\/product\\\/namaak-strengen-pakket\\\/#primaryimage\",\"url\":\"https:\\\/\\\/decofoodshop.nl\\\/wp-content\\\/uploads\\\/2020\\\/09\\\/Namaak-Strengen-Pakket-front-photo.jpg\",\"contentUrl\":\"https:\\\/\\\/decofoodshop.nl\\\/wp-content\\\/uploads\\\/2020\\\/09\\\/Namaak-Strengen-Pakket-front-photo.jpg\",\"width\":750,\"height\":906,\"caption\":\"Namaak Strengen Pakket van decofoodshop\"},{\"@type\":\"BreadcrumbList\",\"@id\":\"https:\\\/\\\/decofoodshop.nl\\\/product\\\/namaak-strengen-pakket\\\/#breadcrumb\",\"itemListElement\":[{\"@type\":\"ListItem\",\"position\":1,\"name\":\"Home\",\"item\":\"https:\\\/\\\/decofoodshop.nl\\\/\"},{\"@type\":\"ListItem\",\"position\":2,\"name\":\"Winkel\",\"item\":\"https:\\\/\\\/decofoodshop.nl\\\/winkel\\\/\"},{\"@type\":\"ListItem\",\"position\":3,\"name\":\"Namaak Strengen Pakket\"}]},{\"@type\":\"WebSite\",\"@id\":\"https:\\\/\\\/decofoodshop.nl\\\/#website\",\"url\":\"https:\\\/\\\/decofoodshop.nl\\\/\",\"name\":\"Decofoodshop\",\"description\":\"\",\"potentialAction\":[{\"@type\":\"SearchAction\",\"target\":{\"@type\":\"EntryPoint\",\"urlTemplate\":\"https:\\\/\\\/decofoodshop.nl\\\/?s={search_term_string}\"},\"query-input\":{\"@type\":\"PropertyValueSpecification\",\"valueRequired\":true,\"valueName\":\"search_term_string\"}}],\"inLanguage\":\"de\"}]}<\/script>\n<!-- \/ Yoast SEO Premium plugin. -->","yoast_head_json":{"title":"Gef\u00e4lschte Str\u00e4nge Paket - Erh\u00e4ltlich bei Decofoodshop","description":"Paket mit gef\u00e4lschten Kn\u00e4ueln von decofoodshop. G\u00fcnstig gef\u00e4lschte Zwiebelstiele kaufen oder gef\u00e4lschte Knoblauchstr\u00e4nge bestellen? Decofoodshop hat alles!","robots":{"index":"index","follow":"follow","max-snippet":"max-snippet:-1","max-image-preview":"max-image-preview:large","max-video-preview":"max-video-preview:-1"},"canonical":"https:\/\/decofoodshop.nl\/de\/produkt\/gefalschte-strangpackung\/","og_locale":"de_DE","og_type":"article","og_title":"Namaak Strengen Pakket","og_description":"Namaak Strengen Pakket van decofoodshop. Voordelig nepuien stengen kopen of nep knoflook strengen bestellen? Decofoodshop heeft het in huis!","og_url":"https:\/\/decofoodshop.nl\/de\/produkt\/gefalschte-strangpackung\/","og_site_name":"Decofoodshop","article_modified_time":"2026-04-09T18:53:13+00:00","og_image":[{"width":750,"height":906,"url":"https:\/\/decofoodshop.nl\/wp-content\/uploads\/2020\/09\/Namaak-Strengen-Pakket-front-photo.jpg","type":"image\/jpeg"}],"twitter_card":"summary_large_image","twitter_misc":{"Gesch\u00e4tzte Lesezeit":"1\u00a0Minute"},"schema":{"@context":"https:\/\/schema.org","@graph":[{"@type":"WebPage","@id":"https:\/\/decofoodshop.nl\/product\/namaak-strengen-pakket\/","url":"https:\/\/decofoodshop.nl\/product\/namaak-strengen-pakket\/","name":"Gef\u00e4lschte Str\u00e4nge Paket - Erh\u00e4ltlich bei Decofoodshop","isPartOf":{"@id":"https:\/\/decofoodshop.nl\/#website"},"primaryImageOfPage":{"@id":"https:\/\/decofoodshop.nl\/product\/namaak-strengen-pakket\/#primaryimage"},"image":{"@id":"https:\/\/decofoodshop.nl\/product\/namaak-strengen-pakket\/#primaryimage"},"thumbnailUrl":"https:\/\/decofoodshop.nl\/wp-content\/uploads\/2020\/09\/Namaak-Strengen-Pakket-front-photo.jpg","datePublished":"2020-09-22T18:34:38+00:00","dateModified":"2026-04-09T18:53:13+00:00","description":"Paket mit gef\u00e4lschten Kn\u00e4ueln von decofoodshop. G\u00fcnstig gef\u00e4lschte Zwiebelstiele kaufen oder gef\u00e4lschte Knoblauchstr\u00e4nge bestellen? Decofoodshop hat alles!","breadcrumb":{"@id":"https:\/\/decofoodshop.nl\/product\/namaak-strengen-pakket\/#breadcrumb"},"inLanguage":"de","potentialAction":[{"@type":"ReadAction","target":["https:\/\/decofoodshop.nl\/product\/namaak-strengen-pakket\/"]}]},{"@type":"ImageObject","inLanguage":"de","@id":"https:\/\/decofoodshop.nl\/product\/namaak-strengen-pakket\/#primaryimage","url":"https:\/\/decofoodshop.nl\/wp-content\/uploads\/2020\/09\/Namaak-Strengen-Pakket-front-photo.jpg","contentUrl":"https:\/\/decofoodshop.nl\/wp-content\/uploads\/2020\/09\/Namaak-Strengen-Pakket-front-photo.jpg","width":750,"height":906,"caption":"Namaak Strengen Pakket van decofoodshop"},{"@type":"BreadcrumbList","@id":"https:\/\/decofoodshop.nl\/product\/namaak-strengen-pakket\/#breadcrumb","itemListElement":[{"@type":"ListItem","position":1,"name":"Home","item":"https:\/\/decofoodshop.nl\/"},{"@type":"ListItem","position":2,"name":"Winkel","item":"https:\/\/decofoodshop.nl\/winkel\/"},{"@type":"ListItem","position":3,"name":"Namaak Strengen Pakket"}]},{"@type":"WebSite","@id":"https:\/\/decofoodshop.nl\/#website","url":"https:\/\/decofoodshop.nl\/","name":"Dekofoodshop","description":"","potentialAction":[{"@type":"SearchAction","target":{"@type":"EntryPoint","urlTemplate":"https:\/\/decofoodshop.nl\/?s={search_term_string}"},"query-input":{"@type":"PropertyValueSpecification","valueRequired":true,"valueName":"search_term_string"}}],"inLanguage":"de"}]}},"_links":{"self":[{"href":"https:\/\/decofoodshop.nl\/de\/wp-json\/wp\/v2\/product\/3462","targetHints":{"allow":["GET"]}}],"collection":[{"href":"https:\/\/decofoodshop.nl\/de\/wp-json\/wp\/v2\/product"}],"about":[{"href":"https:\/\/decofoodshop.nl\/de\/wp-json\/wp\/v2\/types\/product"}],"wp:featuredmedia":[{"embeddable":true,"href":"https:\/\/decofoodshop.nl\/de\/wp-json\/wp\/v2\/media\/3551"}],"wp:attachment":[{"href":"https:\/\/decofoodshop.nl\/de\/wp-json\/wp\/v2\/media?parent=3462"}],"wp:term":[{"taxonomy":"product_brand","embeddable":true,"href":"https:\/\/decofoodshop.nl\/de\/wp-json\/wp\/v2\/product_brand?post=3462"},{"taxonomy":"product_cat","embeddable":true,"href":"https:\/\/decofoodshop.nl\/de\/wp-json\/wp\/v2\/product_cat?post=3462"},{"taxonomy":"product_tag","embeddable":true,"href":"https:\/\/decofoodshop.nl\/de\/wp-json\/wp\/v2\/product_tag?post=3462"}],"curies":[{"name":"wp","href":"https:\/\/api.w.org\/{rel}","templated":true}]}}