{"id":3463,"date":"2020-09-22T18:39:39","date_gmt":"2020-09-22T18:39:39","guid":{"rendered":"https:\/\/decofoodshop.nl\/?post_type=product&#038;p=3463"},"modified":"2026-03-18T16:39:40","modified_gmt":"2026-03-18T15:39:40","slug":"obstkorb-klein","status":"publish","type":"product","link":"https:\/\/decofoodshop.nl\/de\/product\/fruitmand-klein\/","title":{"rendered":"Obstkorb klein"},"content":{"rendered":"<p>Dieser fr\u00f6hliche Obstkorb Small ist fertig und fertig!<\/p>\n<p>Ein robuster naturfarbener Weidenkorb.<\/p>\n<p>Gevuld met 14 stuks natuurlijk nepfruit.<\/p>\n<p>Gut verpackt und mit einer Schicht Holzwolle versehen.<\/p>\n<p>De mand is gemaakt van stevig kunststof met een natuurlijke lichte kleur.<\/p>\n<p>Sch\u00f6n als Geschenk und Obstdekoration.<\/p>\n<p>Weitere sch\u00f6ne gef\u00e4lschte Fr\u00fcchte finden Sie auch in der Kategorie: \u201e<span style=\"color: #008000;\"><strong><a style=\"color: #008000;\" href=\"https:\/\/decofoodshop.nl\/de\/produktkategorie-2\/kunstliche-fruchte\/\">k\u00fcnstliche Fr\u00fcchte<\/a><\/strong><\/span>&#8220;.<\/p>\n<p>&nbsp;<\/p>\n<p>&nbsp;<\/p>","protected":false},"excerpt":{"rendered":"<p>Deze vrolijke Fruitmand Klein is kant en klaar! Een stevig naturel gekleurd rieten mandje. Gevuld met 14 stuks natuurlijk nepfruit. Goed verpakt en voorzien van een laagje houtwol. De mand is gemaakt van stevig kunststof met een natuurlijke lichte kleur. Leuk als cadeau en fruitdecoratie. Kijk voor meer fraai namaak fruit ook in de categorie: [&hellip;]<\/p>\n","protected":false},"featured_media":3582,"template":"","meta":{"_acf_changed":false,"_genesis_hide_title":false,"_genesis_hide_breadcrumbs":false,"_genesis_hide_singular_image":false,"_genesis_hide_footer_widgets":false,"_genesis_custom_body_class":"","_genesis_custom_post_class":"","_genesis_layout":""},"product_brand":[],"product_cat":[47,49],"product_tag":[],"class_list":{"0":"post-3463","1":"product","2":"type-product","3":"status-publish","4":"has-post-thumbnail","6":"product_cat-kunstfruit","7":"product_cat-pakketten","8":"entry","9":"wpx-has-gallery","11":"first","12":"instock","13":"taxable","14":"shipping-taxable","15":"purchasable","16":"product-type-simple"},"acf":[],"yoast_head":"<!-- This site is optimized with the Yoast SEO Premium plugin v27.3 (Yoast SEO v27.4) - https:\/\/yoast.com\/product\/yoast-seo-premium-wordpress\/ -->\n<title>Fruitmand Klein - Verkrijgbaar online bij Decofoodshop<\/title>\n<meta name=\"description\" content=\"Nep Fruitmand Klein en meer namaak fruit kopen bij Decofoodshop. Alle soorten imitatie fruit en namaak groenten direct leverbaar.\" \/>\n<meta name=\"robots\" content=\"index, follow, max-snippet:-1, max-image-preview:large, max-video-preview:-1\" \/>\n<link rel=\"canonical\" href=\"https:\/\/decofoodshop.nl\/de\/produkt\/obstkorb-klein\/\" \/>\n<meta property=\"og:locale\" content=\"de_DE\" \/>\n<meta property=\"og:type\" content=\"article\" \/>\n<meta property=\"og:title\" content=\"Fruitmand Klein\" \/>\n<meta property=\"og:description\" content=\"Nep Fruitmand Klein en meer namaak fruit kopen bij Decofoodshop. Alle soorten imitatie fruit en namaak groenten direct leverbaar.\" \/>\n<meta property=\"og:url\" content=\"https:\/\/decofoodshop.nl\/de\/produkt\/obstkorb-klein\/\" \/>\n<meta property=\"og:site_name\" content=\"Decofoodshop\" \/>\n<meta property=\"article:modified_time\" content=\"2026-03-18T15:39:40+00:00\" \/>\n<meta property=\"og:image\" content=\"https:\/\/decofoodshop.nl\/wp-content\/uploads\/2020\/09\/Fruitmand-Klein-1.jpg\" \/>\n\t<meta property=\"og:image:width\" content=\"866\" \/>\n\t<meta property=\"og:image:height\" content=\"864\" \/>\n\t<meta property=\"og:image:type\" content=\"image\/jpeg\" \/>\n<meta name=\"twitter:card\" content=\"summary_large_image\" \/>\n<meta name=\"twitter:label1\" content=\"Gesch\u00e4tzte Lesezeit\" \/>\n\t<meta name=\"twitter:data1\" content=\"1\u00a0Minute\" \/>\n<script type=\"application\/ld+json\" class=\"yoast-schema-graph\">{\"@context\":\"https:\\\/\\\/schema.org\",\"@graph\":[{\"@type\":\"WebPage\",\"@id\":\"https:\\\/\\\/decofoodshop.nl\\\/product\\\/fruitmand-klein\\\/\",\"url\":\"https:\\\/\\\/decofoodshop.nl\\\/product\\\/fruitmand-klein\\\/\",\"name\":\"Fruitmand Klein - Verkrijgbaar online bij Decofoodshop\",\"isPartOf\":{\"@id\":\"https:\\\/\\\/decofoodshop.nl\\\/#website\"},\"primaryImageOfPage\":{\"@id\":\"https:\\\/\\\/decofoodshop.nl\\\/product\\\/fruitmand-klein\\\/#primaryimage\"},\"image\":{\"@id\":\"https:\\\/\\\/decofoodshop.nl\\\/product\\\/fruitmand-klein\\\/#primaryimage\"},\"thumbnailUrl\":\"https:\\\/\\\/decofoodshop.nl\\\/wp-content\\\/uploads\\\/2020\\\/09\\\/Fruitmand-Klein-1.jpg\",\"datePublished\":\"2020-09-22T18:39:39+00:00\",\"dateModified\":\"2026-03-18T15:39:40+00:00\",\"description\":\"Nep Fruitmand Klein en meer namaak fruit kopen bij Decofoodshop. Alle soorten imitatie fruit en namaak groenten direct leverbaar.\",\"breadcrumb\":{\"@id\":\"https:\\\/\\\/decofoodshop.nl\\\/product\\\/fruitmand-klein\\\/#breadcrumb\"},\"inLanguage\":\"de\",\"potentialAction\":[{\"@type\":\"ReadAction\",\"target\":[\"https:\\\/\\\/decofoodshop.nl\\\/product\\\/fruitmand-klein\\\/\"]}]},{\"@type\":\"ImageObject\",\"inLanguage\":\"de\",\"@id\":\"https:\\\/\\\/decofoodshop.nl\\\/product\\\/fruitmand-klein\\\/#primaryimage\",\"url\":\"https:\\\/\\\/decofoodshop.nl\\\/wp-content\\\/uploads\\\/2020\\\/09\\\/Fruitmand-Klein-1.jpg\",\"contentUrl\":\"https:\\\/\\\/decofoodshop.nl\\\/wp-content\\\/uploads\\\/2020\\\/09\\\/Fruitmand-Klein-1.jpg\",\"width\":866,\"height\":864,\"caption\":\"Fruitmand Klein\"},{\"@type\":\"BreadcrumbList\",\"@id\":\"https:\\\/\\\/decofoodshop.nl\\\/product\\\/fruitmand-klein\\\/#breadcrumb\",\"itemListElement\":[{\"@type\":\"ListItem\",\"position\":1,\"name\":\"Home\",\"item\":\"https:\\\/\\\/decofoodshop.nl\\\/\"},{\"@type\":\"ListItem\",\"position\":2,\"name\":\"Winkel\",\"item\":\"https:\\\/\\\/decofoodshop.nl\\\/winkel\\\/\"},{\"@type\":\"ListItem\",\"position\":3,\"name\":\"Fruitmand Klein\"}]},{\"@type\":\"WebSite\",\"@id\":\"https:\\\/\\\/decofoodshop.nl\\\/#website\",\"url\":\"https:\\\/\\\/decofoodshop.nl\\\/\",\"name\":\"Decofoodshop\",\"description\":\"\",\"potentialAction\":[{\"@type\":\"SearchAction\",\"target\":{\"@type\":\"EntryPoint\",\"urlTemplate\":\"https:\\\/\\\/decofoodshop.nl\\\/?s={search_term_string}\"},\"query-input\":{\"@type\":\"PropertyValueSpecification\",\"valueRequired\":true,\"valueName\":\"search_term_string\"}}],\"inLanguage\":\"de\"}]}<\/script>\n<!-- \/ Yoast SEO Premium plugin. -->","yoast_head_json":{"title":"Obstkorb Klein - Online erh\u00e4ltlich bei Decofoodshop","description":"Gef\u00e4lschter Obstkorb Kaufen Sie kleine und mehr gef\u00e4lschte Fr\u00fcchte im Decofoodshop. Alle Arten von Obstimitaten und Gem\u00fcseimitaten sofort verf\u00fcgbar.","robots":{"index":"index","follow":"follow","max-snippet":"max-snippet:-1","max-image-preview":"max-image-preview:large","max-video-preview":"max-video-preview:-1"},"canonical":"https:\/\/decofoodshop.nl\/de\/produkt\/obstkorb-klein\/","og_locale":"de_DE","og_type":"article","og_title":"Fruitmand Klein","og_description":"Nep Fruitmand Klein en meer namaak fruit kopen bij Decofoodshop. Alle soorten imitatie fruit en namaak groenten direct leverbaar.","og_url":"https:\/\/decofoodshop.nl\/de\/produkt\/obstkorb-klein\/","og_site_name":"Decofoodshop","article_modified_time":"2026-03-18T15:39:40+00:00","og_image":[{"width":866,"height":864,"url":"https:\/\/decofoodshop.nl\/wp-content\/uploads\/2020\/09\/Fruitmand-Klein-1.jpg","type":"image\/jpeg"}],"twitter_card":"summary_large_image","twitter_misc":{"Gesch\u00e4tzte Lesezeit":"1\u00a0Minute"},"schema":{"@context":"https:\/\/schema.org","@graph":[{"@type":"WebPage","@id":"https:\/\/decofoodshop.nl\/product\/fruitmand-klein\/","url":"https:\/\/decofoodshop.nl\/product\/fruitmand-klein\/","name":"Obstkorb Klein - Online erh\u00e4ltlich bei Decofoodshop","isPartOf":{"@id":"https:\/\/decofoodshop.nl\/#website"},"primaryImageOfPage":{"@id":"https:\/\/decofoodshop.nl\/product\/fruitmand-klein\/#primaryimage"},"image":{"@id":"https:\/\/decofoodshop.nl\/product\/fruitmand-klein\/#primaryimage"},"thumbnailUrl":"https:\/\/decofoodshop.nl\/wp-content\/uploads\/2020\/09\/Fruitmand-Klein-1.jpg","datePublished":"2020-09-22T18:39:39+00:00","dateModified":"2026-03-18T15:39:40+00:00","description":"Gef\u00e4lschter Obstkorb Kaufen Sie kleine und mehr gef\u00e4lschte Fr\u00fcchte im Decofoodshop. Alle Arten von Obstimitaten und Gem\u00fcseimitaten sofort verf\u00fcgbar.","breadcrumb":{"@id":"https:\/\/decofoodshop.nl\/product\/fruitmand-klein\/#breadcrumb"},"inLanguage":"de","potentialAction":[{"@type":"ReadAction","target":["https:\/\/decofoodshop.nl\/product\/fruitmand-klein\/"]}]},{"@type":"ImageObject","inLanguage":"de","@id":"https:\/\/decofoodshop.nl\/product\/fruitmand-klein\/#primaryimage","url":"https:\/\/decofoodshop.nl\/wp-content\/uploads\/2020\/09\/Fruitmand-Klein-1.jpg","contentUrl":"https:\/\/decofoodshop.nl\/wp-content\/uploads\/2020\/09\/Fruitmand-Klein-1.jpg","width":866,"height":864,"caption":"Fruitmand Klein"},{"@type":"BreadcrumbList","@id":"https:\/\/decofoodshop.nl\/product\/fruitmand-klein\/#breadcrumb","itemListElement":[{"@type":"ListItem","position":1,"name":"Home","item":"https:\/\/decofoodshop.nl\/"},{"@type":"ListItem","position":2,"name":"Winkel","item":"https:\/\/decofoodshop.nl\/winkel\/"},{"@type":"ListItem","position":3,"name":"Fruitmand Klein"}]},{"@type":"WebSite","@id":"https:\/\/decofoodshop.nl\/#website","url":"https:\/\/decofoodshop.nl\/","name":"Dekofoodshop","description":"","potentialAction":[{"@type":"SearchAction","target":{"@type":"EntryPoint","urlTemplate":"https:\/\/decofoodshop.nl\/?s={search_term_string}"},"query-input":{"@type":"PropertyValueSpecification","valueRequired":true,"valueName":"search_term_string"}}],"inLanguage":"de"}]}},"_links":{"self":[{"href":"https:\/\/decofoodshop.nl\/de\/wp-json\/wp\/v2\/product\/3463","targetHints":{"allow":["GET"]}}],"collection":[{"href":"https:\/\/decofoodshop.nl\/de\/wp-json\/wp\/v2\/product"}],"about":[{"href":"https:\/\/decofoodshop.nl\/de\/wp-json\/wp\/v2\/types\/product"}],"wp:featuredmedia":[{"embeddable":true,"href":"https:\/\/decofoodshop.nl\/de\/wp-json\/wp\/v2\/media\/3582"}],"wp:attachment":[{"href":"https:\/\/decofoodshop.nl\/de\/wp-json\/wp\/v2\/media?parent=3463"}],"wp:term":[{"taxonomy":"product_brand","embeddable":true,"href":"https:\/\/decofoodshop.nl\/de\/wp-json\/wp\/v2\/product_brand?post=3463"},{"taxonomy":"product_cat","embeddable":true,"href":"https:\/\/decofoodshop.nl\/de\/wp-json\/wp\/v2\/product_cat?post=3463"},{"taxonomy":"product_tag","embeddable":true,"href":"https:\/\/decofoodshop.nl\/de\/wp-json\/wp\/v2\/product_tag?post=3463"}],"curies":[{"name":"wp","href":"https:\/\/api.w.org\/{rel}","templated":true}]}}