{"id":3464,"date":"2020-09-08T10:25:05","date_gmt":"2020-09-08T10:25:05","guid":{"rendered":"https:\/\/decofoodshop.nl\/?post_type=product&#038;p=3464"},"modified":"2026-02-28T15:49:49","modified_gmt":"2026-02-28T14:49:49","slug":"obstkorb-gros","status":"publish","type":"product","link":"https:\/\/decofoodshop.nl\/de\/product\/fruitmand-groot\/","title":{"rendered":"Obstkorb gro\u00df"},"content":{"rendered":"<p>Gro\u00dfer reich gef\u00fcllter Weidenkorb mit Zierfr\u00fcchten.<\/p>\n<p>Voller hochwertiger k\u00fcnstlicher Fr\u00fcchte.<\/p>\n<p>Es befinden sich nicht weniger als 24 Artikel im Warenkorb.<\/p>\n<p>Super dekorativ und immer verf\u00fcgbar.<\/p>\n<p>Sch\u00f6n als Geschenk oder totale Kunst-Obstdekoration.<\/p>\n<p>Weitere spezielle decofood Produkte in der Kategorie: \u201e<span style=\"color: #008000;\"><strong><a style=\"color: #008000;\" href=\"https:\/\/decofoodshop.nl\/de\/produktkategorie-2\/andere\/\">Andere Decofood<\/a><\/strong><\/span>&#8220;.<\/p>\n<p>&nbsp;<\/p>\n<p>&nbsp;<\/p>","protected":false},"excerpt":{"rendered":"<p>Gro\u00dfer, reich gef\u00fcllter Weidenkorb mit Zierfr\u00fcchten. Voller hochwertiger k\u00fcnstlicher Fr\u00fcchte. Der Warenkorb enth\u00e4lt nicht weniger als 24 Artikel. Super dekorativ und immer verf\u00fcgbar. Sch\u00f6n als Geschenk oder als kunstvolle Obstdekoration. Weitere spezielle Deko-Lebensmittel in der Kategorie: \u201eSonstige Deko-Lebensmittel\u201c. &nbsp; &nbsp;<\/p>","protected":false},"featured_media":3572,"template":"","meta":{"_acf_changed":false,"_genesis_hide_title":false,"_genesis_hide_breadcrumbs":false,"_genesis_hide_singular_image":false,"_genesis_hide_footer_widgets":false,"_genesis_custom_body_class":"","_genesis_custom_post_class":"","_genesis_layout":""},"product_brand":[],"product_cat":[47,49],"product_tag":[],"class_list":{"0":"post-3464","1":"product","2":"type-product","3":"status-publish","4":"has-post-thumbnail","6":"product_cat-kunstfruit","7":"product_cat-pakketten","8":"entry","9":"wpx-has-gallery","11":"first","12":"instock","13":"taxable","14":"shipping-taxable","15":"purchasable","16":"product-type-simple"},"acf":[],"yoast_head":"<!-- This site is optimized with the Yoast SEO Premium plugin v27.3 (Yoast SEO v27.4) - https:\/\/yoast.com\/product\/yoast-seo-premium-wordpress\/ -->\n<title>Fruitmand Groot - en veel meer decoratie fruit bij Decofoodshop<\/title>\n<meta name=\"description\" content=\"Fruitmand Groot en meer kunstfruit manden kopen bij Decofoodshop. Absoluut professionele kwaliteit, altijd voorraad en directe levering.\" \/>\n<meta name=\"robots\" content=\"index, follow, max-snippet:-1, max-image-preview:large, max-video-preview:-1\" \/>\n<link rel=\"canonical\" href=\"https:\/\/decofoodshop.nl\/de\/produkt\/obstkorb-gros\/\" \/>\n<meta property=\"og:locale\" content=\"de_DE\" \/>\n<meta property=\"og:type\" content=\"article\" \/>\n<meta property=\"og:title\" content=\"Fruitmand Groot\" \/>\n<meta property=\"og:description\" content=\"Fruitmand Groot en meer kunstfruit manden kopen bij Decofoodshop. Absoluut professionele kwaliteit, altijd voorraad en directe levering.\" \/>\n<meta property=\"og:url\" content=\"https:\/\/decofoodshop.nl\/de\/produkt\/obstkorb-gros\/\" \/>\n<meta property=\"og:site_name\" content=\"Decofoodshop\" \/>\n<meta property=\"article:modified_time\" content=\"2026-02-28T14:49:49+00:00\" \/>\n<meta property=\"og:image\" content=\"https:\/\/decofoodshop.nl\/wp-content\/uploads\/2020\/09\/Fruitmand-Groot-Aanzicht.jpg\" \/>\n\t<meta property=\"og:image:width\" content=\"750\" \/>\n\t<meta property=\"og:image:height\" content=\"750\" \/>\n\t<meta property=\"og:image:type\" content=\"image\/jpeg\" \/>\n<meta name=\"twitter:card\" content=\"summary_large_image\" \/>\n<meta name=\"twitter:label1\" content=\"Gesch\u00e4tzte Lesezeit\" \/>\n\t<meta name=\"twitter:data1\" content=\"1\u00a0Minute\" \/>\n<script type=\"application\/ld+json\" class=\"yoast-schema-graph\">{\"@context\":\"https:\\\/\\\/schema.org\",\"@graph\":[{\"@type\":\"WebPage\",\"@id\":\"https:\\\/\\\/decofoodshop.nl\\\/product\\\/fruitmand-groot\\\/\",\"url\":\"https:\\\/\\\/decofoodshop.nl\\\/product\\\/fruitmand-groot\\\/\",\"name\":\"Fruitmand Groot - en veel meer decoratie fruit bij Decofoodshop\",\"isPartOf\":{\"@id\":\"https:\\\/\\\/decofoodshop.nl\\\/#website\"},\"primaryImageOfPage\":{\"@id\":\"https:\\\/\\\/decofoodshop.nl\\\/product\\\/fruitmand-groot\\\/#primaryimage\"},\"image\":{\"@id\":\"https:\\\/\\\/decofoodshop.nl\\\/product\\\/fruitmand-groot\\\/#primaryimage\"},\"thumbnailUrl\":\"https:\\\/\\\/decofoodshop.nl\\\/wp-content\\\/uploads\\\/2020\\\/09\\\/Fruitmand-Groot-Aanzicht.jpg\",\"datePublished\":\"2020-09-08T10:25:05+00:00\",\"dateModified\":\"2026-02-28T14:49:49+00:00\",\"description\":\"Fruitmand Groot en meer kunstfruit manden kopen bij Decofoodshop. Absoluut professionele kwaliteit, altijd voorraad en directe levering.\",\"breadcrumb\":{\"@id\":\"https:\\\/\\\/decofoodshop.nl\\\/product\\\/fruitmand-groot\\\/#breadcrumb\"},\"inLanguage\":\"de\",\"potentialAction\":[{\"@type\":\"ReadAction\",\"target\":[\"https:\\\/\\\/decofoodshop.nl\\\/product\\\/fruitmand-groot\\\/\"]}]},{\"@type\":\"ImageObject\",\"inLanguage\":\"de\",\"@id\":\"https:\\\/\\\/decofoodshop.nl\\\/product\\\/fruitmand-groot\\\/#primaryimage\",\"url\":\"https:\\\/\\\/decofoodshop.nl\\\/wp-content\\\/uploads\\\/2020\\\/09\\\/Fruitmand-Groot-Aanzicht.jpg\",\"contentUrl\":\"https:\\\/\\\/decofoodshop.nl\\\/wp-content\\\/uploads\\\/2020\\\/09\\\/Fruitmand-Groot-Aanzicht.jpg\",\"width\":750,\"height\":750,\"caption\":\"Fruitmand Groot van Decofoodshop\"},{\"@type\":\"BreadcrumbList\",\"@id\":\"https:\\\/\\\/decofoodshop.nl\\\/product\\\/fruitmand-groot\\\/#breadcrumb\",\"itemListElement\":[{\"@type\":\"ListItem\",\"position\":1,\"name\":\"Home\",\"item\":\"https:\\\/\\\/decofoodshop.nl\\\/\"},{\"@type\":\"ListItem\",\"position\":2,\"name\":\"Winkel\",\"item\":\"https:\\\/\\\/decofoodshop.nl\\\/winkel\\\/\"},{\"@type\":\"ListItem\",\"position\":3,\"name\":\"Fruitmand Groot\"}]},{\"@type\":\"WebSite\",\"@id\":\"https:\\\/\\\/decofoodshop.nl\\\/#website\",\"url\":\"https:\\\/\\\/decofoodshop.nl\\\/\",\"name\":\"Decofoodshop\",\"description\":\"\",\"potentialAction\":[{\"@type\":\"SearchAction\",\"target\":{\"@type\":\"EntryPoint\",\"urlTemplate\":\"https:\\\/\\\/decofoodshop.nl\\\/?s={search_term_string}\"},\"query-input\":{\"@type\":\"PropertyValueSpecification\",\"valueRequired\":true,\"valueName\":\"search_term_string\"}}],\"inLanguage\":\"de\"}]}<\/script>\n<!-- \/ Yoast SEO Premium plugin. -->","yoast_head_json":{"title":"Obstkorb Gro\u00df - und noch viel mehr dekoratives Obst bei Decofoodshop","description":"Obstkorb Kaufen Sie gro\u00dfe und k\u00fcnstliche Obstk\u00f6rbe bei Decofoodshop. Absolut professionelle Qualit\u00e4t, immer auf Lager und direkt lieferbar.","robots":{"index":"index","follow":"follow","max-snippet":"max-snippet:-1","max-image-preview":"max-image-preview:large","max-video-preview":"max-video-preview:-1"},"canonical":"https:\/\/decofoodshop.nl\/de\/produkt\/obstkorb-gros\/","og_locale":"de_DE","og_type":"article","og_title":"Fruitmand Groot","og_description":"Fruitmand Groot en meer kunstfruit manden kopen bij Decofoodshop. Absoluut professionele kwaliteit, altijd voorraad en directe levering.","og_url":"https:\/\/decofoodshop.nl\/de\/produkt\/obstkorb-gros\/","og_site_name":"Decofoodshop","article_modified_time":"2026-02-28T14:49:49+00:00","og_image":[{"width":750,"height":750,"url":"https:\/\/decofoodshop.nl\/wp-content\/uploads\/2020\/09\/Fruitmand-Groot-Aanzicht.jpg","type":"image\/jpeg"}],"twitter_card":"summary_large_image","twitter_misc":{"Gesch\u00e4tzte Lesezeit":"1\u00a0Minute"},"schema":{"@context":"https:\/\/schema.org","@graph":[{"@type":"WebPage","@id":"https:\/\/decofoodshop.nl\/product\/fruitmand-groot\/","url":"https:\/\/decofoodshop.nl\/product\/fruitmand-groot\/","name":"Obstkorb Gro\u00df - und noch viel mehr dekoratives Obst bei Decofoodshop","isPartOf":{"@id":"https:\/\/decofoodshop.nl\/#website"},"primaryImageOfPage":{"@id":"https:\/\/decofoodshop.nl\/product\/fruitmand-groot\/#primaryimage"},"image":{"@id":"https:\/\/decofoodshop.nl\/product\/fruitmand-groot\/#primaryimage"},"thumbnailUrl":"https:\/\/decofoodshop.nl\/wp-content\/uploads\/2020\/09\/Fruitmand-Groot-Aanzicht.jpg","datePublished":"2020-09-08T10:25:05+00:00","dateModified":"2026-02-28T14:49:49+00:00","description":"Obstkorb Kaufen Sie gro\u00dfe und k\u00fcnstliche Obstk\u00f6rbe bei Decofoodshop. Absolut professionelle Qualit\u00e4t, immer auf Lager und direkt lieferbar.","breadcrumb":{"@id":"https:\/\/decofoodshop.nl\/product\/fruitmand-groot\/#breadcrumb"},"inLanguage":"de","potentialAction":[{"@type":"ReadAction","target":["https:\/\/decofoodshop.nl\/product\/fruitmand-groot\/"]}]},{"@type":"ImageObject","inLanguage":"de","@id":"https:\/\/decofoodshop.nl\/product\/fruitmand-groot\/#primaryimage","url":"https:\/\/decofoodshop.nl\/wp-content\/uploads\/2020\/09\/Fruitmand-Groot-Aanzicht.jpg","contentUrl":"https:\/\/decofoodshop.nl\/wp-content\/uploads\/2020\/09\/Fruitmand-Groot-Aanzicht.jpg","width":750,"height":750,"caption":"Fruitmand Groot van Decofoodshop"},{"@type":"BreadcrumbList","@id":"https:\/\/decofoodshop.nl\/product\/fruitmand-groot\/#breadcrumb","itemListElement":[{"@type":"ListItem","position":1,"name":"Home","item":"https:\/\/decofoodshop.nl\/"},{"@type":"ListItem","position":2,"name":"Winkel","item":"https:\/\/decofoodshop.nl\/winkel\/"},{"@type":"ListItem","position":3,"name":"Fruitmand Groot"}]},{"@type":"WebSite","@id":"https:\/\/decofoodshop.nl\/#website","url":"https:\/\/decofoodshop.nl\/","name":"Dekofoodshop","description":"","potentialAction":[{"@type":"SearchAction","target":{"@type":"EntryPoint","urlTemplate":"https:\/\/decofoodshop.nl\/?s={search_term_string}"},"query-input":{"@type":"PropertyValueSpecification","valueRequired":true,"valueName":"search_term_string"}}],"inLanguage":"de"}]}},"_links":{"self":[{"href":"https:\/\/decofoodshop.nl\/de\/wp-json\/wp\/v2\/product\/3464","targetHints":{"allow":["GET"]}}],"collection":[{"href":"https:\/\/decofoodshop.nl\/de\/wp-json\/wp\/v2\/product"}],"about":[{"href":"https:\/\/decofoodshop.nl\/de\/wp-json\/wp\/v2\/types\/product"}],"wp:featuredmedia":[{"embeddable":true,"href":"https:\/\/decofoodshop.nl\/de\/wp-json\/wp\/v2\/media\/3572"}],"wp:attachment":[{"href":"https:\/\/decofoodshop.nl\/de\/wp-json\/wp\/v2\/media?parent=3464"}],"wp:term":[{"taxonomy":"product_brand","embeddable":true,"href":"https:\/\/decofoodshop.nl\/de\/wp-json\/wp\/v2\/product_brand?post=3464"},{"taxonomy":"product_cat","embeddable":true,"href":"https:\/\/decofoodshop.nl\/de\/wp-json\/wp\/v2\/product_cat?post=3464"},{"taxonomy":"product_tag","embeddable":true,"href":"https:\/\/decofoodshop.nl\/de\/wp-json\/wp\/v2\/product_tag?post=3464"}],"curies":[{"name":"wp","href":"https:\/\/api.w.org\/{rel}","templated":true}]}}