{"id":3610,"date":"2020-09-24T09:01:59","date_gmt":"2020-09-24T09:01:59","guid":{"rendered":"https:\/\/decofoodshop.nl\/?post_type=product&#038;p=3610"},"modified":"2026-04-03T14:32:15","modified_gmt":"2026-04-03T12:32:15","slug":"fake-traube-paket-blau","status":"publish","type":"product","link":"https:\/\/decofoodshop.nl\/de\/product\/nep-druiven-pakket-blauw\/","title":{"rendered":"Gef\u00e4lschte Traubenpackung Blau"},"content":{"rendered":"<p>Komplette gef\u00e4lschte Traubenpackung blau.<\/p>\n<p>Die Trauben sind von echten nicht zu unterscheiden.<\/p>\n<p>Auch die Traubengirlande ist sehr detailliert.<\/p>\n<p>Mit sch\u00f6nen Adern und frischen gr\u00fcnen Farben wirkt es sehr nat\u00fcrlich.<\/p>\n<p>Das Paket ist vollst\u00e4ndig und einsatzbereit.<\/p>\n<p>Suchen Sie nach mehr k\u00fcnstlichen Fr\u00fcchten in der Kategorie: <span style=\"color: #008000;\">&#8220;<strong><a style=\"color: #008000;\" href=\"https:\/\/decofoodshop.nl\/de\/produktkategorie-2\/kunstliche-fruchte\/\">k\u00fcnstliche Fr\u00fcchte<\/a><\/strong>&#8220;.<\/span><\/p>","protected":false},"excerpt":{"rendered":"<p>Komplettes gef\u00e4lschtes Traubenpaket blau. Die Trauben sind vom Original nicht zu unterscheiden. Auch die Traubengirlande ist sehr detailliert. Mit seinen sch\u00f6nen Maserungen und frischen gr\u00fcnen Farben ist es sehr nat\u00fcrlich. Das Paket ist vollst\u00e4ndig und einsatzbereit. Weitere Kunstfr\u00fcchte finden Sie in der Kategorie: \u201eK\u00fcnstliche Fr\u00fcchte\u201c.<\/p>","protected":false},"featured_media":3615,"template":"","meta":{"_acf_changed":false,"_genesis_hide_title":false,"_genesis_hide_breadcrumbs":false,"_genesis_hide_singular_image":false,"_genesis_hide_footer_widgets":false,"_genesis_custom_body_class":"","_genesis_custom_post_class":"","_genesis_layout":""},"product_brand":[],"product_cat":[47,49],"product_tag":[],"class_list":{"0":"post-3610","1":"product","2":"type-product","3":"status-publish","4":"has-post-thumbnail","6":"product_cat-kunstfruit","7":"product_cat-pakketten","8":"entry","9":"wpx-has-gallery","11":"first","12":"instock","13":"taxable","14":"shipping-taxable","15":"purchasable","16":"product-type-woosb"},"acf":[],"yoast_head":"<!-- This site is optimized with the Yoast SEO Premium plugin v27.3 (Yoast SEO v27.4) - https:\/\/yoast.com\/product\/yoast-seo-premium-wordpress\/ -->\n<title>Nep Druiven Pakket Blauw - Verkrijgbaar Bij Decofoodshop<\/title>\n<meta name=\"description\" content=\"Compleet nep druiven pakket blauw. Erg realistisch en bijna niet van echt te onderscheiden. In meerdere kleuren verkrijgbaar.\" \/>\n<meta name=\"robots\" content=\"index, follow, max-snippet:-1, max-image-preview:large, max-video-preview:-1\" \/>\n<link rel=\"canonical\" href=\"https:\/\/decofoodshop.nl\/de\/produkt\/fake-traube-paket-blau\/\" \/>\n<meta property=\"og:locale\" content=\"de_DE\" \/>\n<meta property=\"og:type\" content=\"article\" \/>\n<meta property=\"og:title\" content=\"Nep Druiven Pakket Blauw\" \/>\n<meta property=\"og:description\" content=\"Compleet nep druiven pakket blauw. Erg realistisch en bijna niet van echt te onderscheiden. In meerdere kleuren verkrijgbaar.\" \/>\n<meta property=\"og:url\" content=\"https:\/\/decofoodshop.nl\/de\/produkt\/fake-traube-paket-blau\/\" \/>\n<meta property=\"og:site_name\" content=\"Decofoodshop\" \/>\n<meta property=\"article:modified_time\" content=\"2026-04-03T12:32:15+00:00\" \/>\n<meta property=\"og:image\" content=\"https:\/\/decofoodshop.nl\/wp-content\/uploads\/2020\/09\/Nep-Druiven-Pakket-Blauw-scaled.jpg\" \/>\n\t<meta property=\"og:image:width\" content=\"1707\" \/>\n\t<meta property=\"og:image:height\" content=\"2560\" \/>\n\t<meta property=\"og:image:type\" content=\"image\/jpeg\" \/>\n<meta name=\"twitter:card\" content=\"summary_large_image\" \/>\n<meta name=\"twitter:label1\" content=\"Gesch\u00e4tzte Lesezeit\" \/>\n\t<meta name=\"twitter:data1\" content=\"1\u00a0Minute\" \/>\n<script type=\"application\/ld+json\" class=\"yoast-schema-graph\">{\"@context\":\"https:\\\/\\\/schema.org\",\"@graph\":[{\"@type\":\"WebPage\",\"@id\":\"https:\\\/\\\/decofoodshop.nl\\\/product\\\/nep-druiven-pakket-blauw\\\/\",\"url\":\"https:\\\/\\\/decofoodshop.nl\\\/product\\\/nep-druiven-pakket-blauw\\\/\",\"name\":\"Nep Druiven Pakket Blauw - Verkrijgbaar Bij Decofoodshop\",\"isPartOf\":{\"@id\":\"https:\\\/\\\/decofoodshop.nl\\\/#website\"},\"primaryImageOfPage\":{\"@id\":\"https:\\\/\\\/decofoodshop.nl\\\/product\\\/nep-druiven-pakket-blauw\\\/#primaryimage\"},\"image\":{\"@id\":\"https:\\\/\\\/decofoodshop.nl\\\/product\\\/nep-druiven-pakket-blauw\\\/#primaryimage\"},\"thumbnailUrl\":\"https:\\\/\\\/decofoodshop.nl\\\/wp-content\\\/uploads\\\/2020\\\/09\\\/Nep-Druiven-Pakket-Blauw-scaled.jpg\",\"datePublished\":\"2020-09-24T09:01:59+00:00\",\"dateModified\":\"2026-04-03T12:32:15+00:00\",\"description\":\"Compleet nep druiven pakket blauw. Erg realistisch en bijna niet van echt te onderscheiden. In meerdere kleuren verkrijgbaar.\",\"breadcrumb\":{\"@id\":\"https:\\\/\\\/decofoodshop.nl\\\/product\\\/nep-druiven-pakket-blauw\\\/#breadcrumb\"},\"inLanguage\":\"de\",\"potentialAction\":[{\"@type\":\"ReadAction\",\"target\":[\"https:\\\/\\\/decofoodshop.nl\\\/product\\\/nep-druiven-pakket-blauw\\\/\"]}]},{\"@type\":\"ImageObject\",\"inLanguage\":\"de\",\"@id\":\"https:\\\/\\\/decofoodshop.nl\\\/product\\\/nep-druiven-pakket-blauw\\\/#primaryimage\",\"url\":\"https:\\\/\\\/decofoodshop.nl\\\/wp-content\\\/uploads\\\/2020\\\/09\\\/Nep-Druiven-Pakket-Blauw-scaled.jpg\",\"contentUrl\":\"https:\\\/\\\/decofoodshop.nl\\\/wp-content\\\/uploads\\\/2020\\\/09\\\/Nep-Druiven-Pakket-Blauw-scaled.jpg\",\"width\":1707,\"height\":2560,\"caption\":\"Nep Druiven Pakket Blauw\"},{\"@type\":\"BreadcrumbList\",\"@id\":\"https:\\\/\\\/decofoodshop.nl\\\/product\\\/nep-druiven-pakket-blauw\\\/#breadcrumb\",\"itemListElement\":[{\"@type\":\"ListItem\",\"position\":1,\"name\":\"Home\",\"item\":\"https:\\\/\\\/decofoodshop.nl\\\/\"},{\"@type\":\"ListItem\",\"position\":2,\"name\":\"Winkel\",\"item\":\"https:\\\/\\\/decofoodshop.nl\\\/winkel\\\/\"},{\"@type\":\"ListItem\",\"position\":3,\"name\":\"Nep Druiven Pakket Blauw\"}]},{\"@type\":\"WebSite\",\"@id\":\"https:\\\/\\\/decofoodshop.nl\\\/#website\",\"url\":\"https:\\\/\\\/decofoodshop.nl\\\/\",\"name\":\"Decofoodshop\",\"description\":\"\",\"potentialAction\":[{\"@type\":\"SearchAction\",\"target\":{\"@type\":\"EntryPoint\",\"urlTemplate\":\"https:\\\/\\\/decofoodshop.nl\\\/?s={search_term_string}\"},\"query-input\":{\"@type\":\"PropertyValueSpecification\",\"valueRequired\":true,\"valueName\":\"search_term_string\"}}],\"inLanguage\":\"de\"}]}<\/script>\n<!-- \/ Yoast SEO Premium plugin. -->","yoast_head_json":{"title":"Falsche Weintraube Blau - Erh\u00e4ltlich bei Decofoodshop","description":"Komplette gef\u00e4lschte Traubenpackung blau. Sehr realistisch und kaum von der Realit\u00e4t zu unterscheiden. Erh\u00e4ltlich in mehreren Farben.","robots":{"index":"index","follow":"follow","max-snippet":"max-snippet:-1","max-image-preview":"max-image-preview:large","max-video-preview":"max-video-preview:-1"},"canonical":"https:\/\/decofoodshop.nl\/de\/produkt\/fake-traube-paket-blau\/","og_locale":"de_DE","og_type":"article","og_title":"Nep Druiven Pakket Blauw","og_description":"Compleet nep druiven pakket blauw. Erg realistisch en bijna niet van echt te onderscheiden. In meerdere kleuren verkrijgbaar.","og_url":"https:\/\/decofoodshop.nl\/de\/produkt\/fake-traube-paket-blau\/","og_site_name":"Decofoodshop","article_modified_time":"2026-04-03T12:32:15+00:00","og_image":[{"width":1707,"height":2560,"url":"https:\/\/decofoodshop.nl\/wp-content\/uploads\/2020\/09\/Nep-Druiven-Pakket-Blauw-scaled.jpg","type":"image\/jpeg"}],"twitter_card":"summary_large_image","twitter_misc":{"Gesch\u00e4tzte Lesezeit":"1\u00a0Minute"},"schema":{"@context":"https:\/\/schema.org","@graph":[{"@type":"WebPage","@id":"https:\/\/decofoodshop.nl\/product\/nep-druiven-pakket-blauw\/","url":"https:\/\/decofoodshop.nl\/product\/nep-druiven-pakket-blauw\/","name":"Falsche Weintraube Blau - Erh\u00e4ltlich bei Decofoodshop","isPartOf":{"@id":"https:\/\/decofoodshop.nl\/#website"},"primaryImageOfPage":{"@id":"https:\/\/decofoodshop.nl\/product\/nep-druiven-pakket-blauw\/#primaryimage"},"image":{"@id":"https:\/\/decofoodshop.nl\/product\/nep-druiven-pakket-blauw\/#primaryimage"},"thumbnailUrl":"https:\/\/decofoodshop.nl\/wp-content\/uploads\/2020\/09\/Nep-Druiven-Pakket-Blauw-scaled.jpg","datePublished":"2020-09-24T09:01:59+00:00","dateModified":"2026-04-03T12:32:15+00:00","description":"Komplette gef\u00e4lschte Traubenpackung blau. Sehr realistisch und kaum von der Realit\u00e4t zu unterscheiden. Erh\u00e4ltlich in mehreren Farben.","breadcrumb":{"@id":"https:\/\/decofoodshop.nl\/product\/nep-druiven-pakket-blauw\/#breadcrumb"},"inLanguage":"de","potentialAction":[{"@type":"ReadAction","target":["https:\/\/decofoodshop.nl\/product\/nep-druiven-pakket-blauw\/"]}]},{"@type":"ImageObject","inLanguage":"de","@id":"https:\/\/decofoodshop.nl\/product\/nep-druiven-pakket-blauw\/#primaryimage","url":"https:\/\/decofoodshop.nl\/wp-content\/uploads\/2020\/09\/Nep-Druiven-Pakket-Blauw-scaled.jpg","contentUrl":"https:\/\/decofoodshop.nl\/wp-content\/uploads\/2020\/09\/Nep-Druiven-Pakket-Blauw-scaled.jpg","width":1707,"height":2560,"caption":"Nep Druiven Pakket Blauw"},{"@type":"BreadcrumbList","@id":"https:\/\/decofoodshop.nl\/product\/nep-druiven-pakket-blauw\/#breadcrumb","itemListElement":[{"@type":"ListItem","position":1,"name":"Home","item":"https:\/\/decofoodshop.nl\/"},{"@type":"ListItem","position":2,"name":"Winkel","item":"https:\/\/decofoodshop.nl\/winkel\/"},{"@type":"ListItem","position":3,"name":"Nep Druiven Pakket Blauw"}]},{"@type":"WebSite","@id":"https:\/\/decofoodshop.nl\/#website","url":"https:\/\/decofoodshop.nl\/","name":"Dekofoodshop","description":"","potentialAction":[{"@type":"SearchAction","target":{"@type":"EntryPoint","urlTemplate":"https:\/\/decofoodshop.nl\/?s={search_term_string}"},"query-input":{"@type":"PropertyValueSpecification","valueRequired":true,"valueName":"search_term_string"}}],"inLanguage":"de"}]}},"_links":{"self":[{"href":"https:\/\/decofoodshop.nl\/de\/wp-json\/wp\/v2\/product\/3610","targetHints":{"allow":["GET"]}}],"collection":[{"href":"https:\/\/decofoodshop.nl\/de\/wp-json\/wp\/v2\/product"}],"about":[{"href":"https:\/\/decofoodshop.nl\/de\/wp-json\/wp\/v2\/types\/product"}],"wp:featuredmedia":[{"embeddable":true,"href":"https:\/\/decofoodshop.nl\/de\/wp-json\/wp\/v2\/media\/3615"}],"wp:attachment":[{"href":"https:\/\/decofoodshop.nl\/de\/wp-json\/wp\/v2\/media?parent=3610"}],"wp:term":[{"taxonomy":"product_brand","embeddable":true,"href":"https:\/\/decofoodshop.nl\/de\/wp-json\/wp\/v2\/product_brand?post=3610"},{"taxonomy":"product_cat","embeddable":true,"href":"https:\/\/decofoodshop.nl\/de\/wp-json\/wp\/v2\/product_cat?post=3610"},{"taxonomy":"product_tag","embeddable":true,"href":"https:\/\/decofoodshop.nl\/de\/wp-json\/wp\/v2\/product_tag?post=3610"}],"curies":[{"name":"wp","href":"https:\/\/api.w.org\/{rel}","templated":true}]}}