{"id":3621,"date":"2020-09-25T10:24:13","date_gmt":"2020-09-25T10:24:13","guid":{"rendered":"https:\/\/decofoodshop.nl\/?post_type=product&#038;p=3621"},"modified":"2026-04-01T00:03:40","modified_gmt":"2026-03-31T22:03:40","slug":"fake-traube-paket-weis","status":"publish","type":"product","link":"https:\/\/decofoodshop.nl\/de\/product\/nep-druiven-pakket-wit\/","title":{"rendered":"Gef\u00e4lschte Traubenpackung Wei\u00df"},"content":{"rendered":"<p>Mit diesem Fake Grapes Package White holen Sie sich eine komplette Dekoration nach Hause.<\/p>\n<p>Die 6 Weintrauben sind kaum von der Realit\u00e4t zu unterscheiden.<\/p>\n<p>Die 2 x 220 cm langen Weinblattgirlanden haben kleine und gro\u00dfe Bl\u00e4tter.<\/p>\n<p>Das Ganze ist einfach zu befestigen und von robuster Qualit\u00e4t.<\/p>\n<p>Auch mit anderen Farben der Kunststofftrauben erh\u00e4ltlich.<\/p>\n<p>Mit einem extra vorteilhaften Paketpreis.<\/p>\n<p>Suchen Sie nach weiteren gef\u00e4lschten Lebensmitteln in der Kategorie: <span style=\"color: #008000;\">&#8220;<strong><a style=\"color: #008000;\" href=\"https:\/\/decofoodshop.nl\/de\/produktkategorie-2\/andere\/\">Andere<\/a><\/strong>&#8220;<\/span><\/p>","protected":false},"excerpt":{"rendered":"<p>Met dit Nep Druiven Pakket Wit haalt u een complete decoratie in huis. De 6 stuks druiventrosjes zijn nauwelijks van echt te onderscheiden. De 2 x 220cm lange druifblad slingers zijn voorzien van kleine en grote bladeren. Het geheel is makkelijk te bevestigen en van stevige kwaliteit. Ook verkrijgbaar met andere kleuren plastic druiventrosjes. Met [&hellip;]<\/p>\n","protected":false},"featured_media":3625,"template":"","meta":{"_acf_changed":false,"_genesis_hide_title":false,"_genesis_hide_breadcrumbs":false,"_genesis_hide_singular_image":false,"_genesis_hide_footer_widgets":false,"_genesis_custom_body_class":"","_genesis_custom_post_class":"","_genesis_layout":""},"product_brand":[],"product_cat":[47,49],"product_tag":[],"class_list":{"0":"post-3621","1":"product","2":"type-product","3":"status-publish","4":"has-post-thumbnail","6":"product_cat-kunstfruit","7":"product_cat-pakketten","8":"entry","9":"wpx-has-gallery","11":"first","12":"instock","13":"taxable","14":"shipping-taxable","15":"purchasable","16":"product-type-woosb"},"acf":[],"yoast_head":"<!-- This site is optimized with the Yoast SEO Premium plugin v27.3 (Yoast SEO v27.3) - https:\/\/yoast.com\/product\/yoast-seo-premium-wordpress\/ -->\n<title>Nep Druiven Pakket Wit - kunstdruifranken bij Decofoodshop<\/title>\n<meta name=\"description\" content=\"Nep Druiven Pakket Wit en nog veel meer sierfruit en namaak druivenranken kopen bij Decofoodshop. Heel veel keuze en direct bezorgd.\" \/>\n<meta name=\"robots\" content=\"index, follow, max-snippet:-1, max-image-preview:large, max-video-preview:-1\" \/>\n<link rel=\"canonical\" href=\"https:\/\/decofoodshop.nl\/de\/produkt\/fake-traube-paket-weis\/\" \/>\n<meta property=\"og:locale\" content=\"de_DE\" \/>\n<meta property=\"og:type\" content=\"article\" \/>\n<meta property=\"og:title\" content=\"Nep Druiven Pakket Wit\" \/>\n<meta property=\"og:description\" content=\"Nep Druiven Pakket Wit en nog veel meer sierfruit en namaak druivenranken kopen bij Decofoodshop. Heel veel keuze en direct bezorgd.\" \/>\n<meta property=\"og:url\" content=\"https:\/\/decofoodshop.nl\/de\/produkt\/fake-traube-paket-weis\/\" \/>\n<meta property=\"og:site_name\" content=\"Decofoodshop\" \/>\n<meta property=\"article:modified_time\" content=\"2026-03-31T22:03:40+00:00\" \/>\n<meta property=\"og:image\" content=\"https:\/\/decofoodshop.nl\/wp-content\/uploads\/2020\/09\/Nep-Druiven-Pakket-Wit-scaled.jpg\" \/>\n\t<meta property=\"og:image:width\" content=\"2560\" \/>\n\t<meta property=\"og:image:height\" content=\"2560\" \/>\n\t<meta property=\"og:image:type\" content=\"image\/jpeg\" \/>\n<meta name=\"twitter:card\" content=\"summary_large_image\" \/>\n<meta name=\"twitter:label1\" content=\"Gesch\u00e4tzte Lesezeit\" \/>\n\t<meta name=\"twitter:data1\" content=\"1\u00a0Minute\" \/>\n<script type=\"application\/ld+json\" class=\"yoast-schema-graph\">{\"@context\":\"https:\\\/\\\/schema.org\",\"@graph\":[{\"@type\":\"WebPage\",\"@id\":\"https:\\\/\\\/decofoodshop.nl\\\/product\\\/nep-druiven-pakket-wit\\\/\",\"url\":\"https:\\\/\\\/decofoodshop.nl\\\/product\\\/nep-druiven-pakket-wit\\\/\",\"name\":\"Nep Druiven Pakket Wit - kunstdruifranken bij Decofoodshop\",\"isPartOf\":{\"@id\":\"https:\\\/\\\/decofoodshop.nl\\\/#website\"},\"primaryImageOfPage\":{\"@id\":\"https:\\\/\\\/decofoodshop.nl\\\/product\\\/nep-druiven-pakket-wit\\\/#primaryimage\"},\"image\":{\"@id\":\"https:\\\/\\\/decofoodshop.nl\\\/product\\\/nep-druiven-pakket-wit\\\/#primaryimage\"},\"thumbnailUrl\":\"https:\\\/\\\/decofoodshop.nl\\\/wp-content\\\/uploads\\\/2020\\\/09\\\/Nep-Druiven-Pakket-Wit-scaled.jpg\",\"datePublished\":\"2020-09-25T10:24:13+00:00\",\"dateModified\":\"2026-03-31T22:03:40+00:00\",\"description\":\"Nep Druiven Pakket Wit en nog veel meer sierfruit en namaak druivenranken kopen bij Decofoodshop. Heel veel keuze en direct bezorgd.\",\"breadcrumb\":{\"@id\":\"https:\\\/\\\/decofoodshop.nl\\\/product\\\/nep-druiven-pakket-wit\\\/#breadcrumb\"},\"inLanguage\":\"de\",\"potentialAction\":[{\"@type\":\"ReadAction\",\"target\":[\"https:\\\/\\\/decofoodshop.nl\\\/product\\\/nep-druiven-pakket-wit\\\/\"]}]},{\"@type\":\"ImageObject\",\"inLanguage\":\"de\",\"@id\":\"https:\\\/\\\/decofoodshop.nl\\\/product\\\/nep-druiven-pakket-wit\\\/#primaryimage\",\"url\":\"https:\\\/\\\/decofoodshop.nl\\\/wp-content\\\/uploads\\\/2020\\\/09\\\/Nep-Druiven-Pakket-Wit-scaled.jpg\",\"contentUrl\":\"https:\\\/\\\/decofoodshop.nl\\\/wp-content\\\/uploads\\\/2020\\\/09\\\/Nep-Druiven-Pakket-Wit-scaled.jpg\",\"width\":2560,\"height\":2560,\"caption\":\"Nep Druiven Pakket Wit bij Decofoodshop\"},{\"@type\":\"BreadcrumbList\",\"@id\":\"https:\\\/\\\/decofoodshop.nl\\\/product\\\/nep-druiven-pakket-wit\\\/#breadcrumb\",\"itemListElement\":[{\"@type\":\"ListItem\",\"position\":1,\"name\":\"Home\",\"item\":\"https:\\\/\\\/decofoodshop.nl\\\/\"},{\"@type\":\"ListItem\",\"position\":2,\"name\":\"Winkel\",\"item\":\"https:\\\/\\\/decofoodshop.nl\\\/winkel\\\/\"},{\"@type\":\"ListItem\",\"position\":3,\"name\":\"Nep Druiven Pakket Wit\"}]},{\"@type\":\"WebSite\",\"@id\":\"https:\\\/\\\/decofoodshop.nl\\\/#website\",\"url\":\"https:\\\/\\\/decofoodshop.nl\\\/\",\"name\":\"Decofoodshop\",\"description\":\"\",\"potentialAction\":[{\"@type\":\"SearchAction\",\"target\":{\"@type\":\"EntryPoint\",\"urlTemplate\":\"https:\\\/\\\/decofoodshop.nl\\\/?s={search_term_string}\"},\"query-input\":{\"@type\":\"PropertyValueSpecification\",\"valueRequired\":true,\"valueName\":\"search_term_string\"}}],\"inLanguage\":\"de\"}]}<\/script>\n<!-- \/ Yoast SEO Premium plugin. -->","yoast_head_json":{"title":"Fake Grapes Package White - k\u00fcnstliche Weintrauben bei Decofoodshop","description":"Kaufen Sie Fake Grapes Package White und viele weitere Zierfr\u00fcchte und gef\u00e4lschte Weinreben bei Decofoodshop. Gro\u00dfe Auswahl und sofort geliefert.","robots":{"index":"index","follow":"follow","max-snippet":"max-snippet:-1","max-image-preview":"max-image-preview:large","max-video-preview":"max-video-preview:-1"},"canonical":"https:\/\/decofoodshop.nl\/de\/produkt\/fake-traube-paket-weis\/","og_locale":"de_DE","og_type":"article","og_title":"Nep Druiven Pakket Wit","og_description":"Nep Druiven Pakket Wit en nog veel meer sierfruit en namaak druivenranken kopen bij Decofoodshop. Heel veel keuze en direct bezorgd.","og_url":"https:\/\/decofoodshop.nl\/de\/produkt\/fake-traube-paket-weis\/","og_site_name":"Decofoodshop","article_modified_time":"2026-03-31T22:03:40+00:00","og_image":[{"width":2560,"height":2560,"url":"https:\/\/decofoodshop.nl\/wp-content\/uploads\/2020\/09\/Nep-Druiven-Pakket-Wit-scaled.jpg","type":"image\/jpeg"}],"twitter_card":"summary_large_image","twitter_misc":{"Gesch\u00e4tzte Lesezeit":"1\u00a0Minute"},"schema":{"@context":"https:\/\/schema.org","@graph":[{"@type":"WebPage","@id":"https:\/\/decofoodshop.nl\/product\/nep-druiven-pakket-wit\/","url":"https:\/\/decofoodshop.nl\/product\/nep-druiven-pakket-wit\/","name":"Fake Grapes Package White - k\u00fcnstliche Weintrauben bei Decofoodshop","isPartOf":{"@id":"https:\/\/decofoodshop.nl\/#website"},"primaryImageOfPage":{"@id":"https:\/\/decofoodshop.nl\/product\/nep-druiven-pakket-wit\/#primaryimage"},"image":{"@id":"https:\/\/decofoodshop.nl\/product\/nep-druiven-pakket-wit\/#primaryimage"},"thumbnailUrl":"https:\/\/decofoodshop.nl\/wp-content\/uploads\/2020\/09\/Nep-Druiven-Pakket-Wit-scaled.jpg","datePublished":"2020-09-25T10:24:13+00:00","dateModified":"2026-03-31T22:03:40+00:00","description":"Kaufen Sie Fake Grapes Package White und viele weitere Zierfr\u00fcchte und gef\u00e4lschte Weinreben bei Decofoodshop. Gro\u00dfe Auswahl und sofort geliefert.","breadcrumb":{"@id":"https:\/\/decofoodshop.nl\/product\/nep-druiven-pakket-wit\/#breadcrumb"},"inLanguage":"de","potentialAction":[{"@type":"ReadAction","target":["https:\/\/decofoodshop.nl\/product\/nep-druiven-pakket-wit\/"]}]},{"@type":"ImageObject","inLanguage":"de","@id":"https:\/\/decofoodshop.nl\/product\/nep-druiven-pakket-wit\/#primaryimage","url":"https:\/\/decofoodshop.nl\/wp-content\/uploads\/2020\/09\/Nep-Druiven-Pakket-Wit-scaled.jpg","contentUrl":"https:\/\/decofoodshop.nl\/wp-content\/uploads\/2020\/09\/Nep-Druiven-Pakket-Wit-scaled.jpg","width":2560,"height":2560,"caption":"Nep Druiven Pakket Wit bij Decofoodshop"},{"@type":"BreadcrumbList","@id":"https:\/\/decofoodshop.nl\/product\/nep-druiven-pakket-wit\/#breadcrumb","itemListElement":[{"@type":"ListItem","position":1,"name":"Home","item":"https:\/\/decofoodshop.nl\/"},{"@type":"ListItem","position":2,"name":"Winkel","item":"https:\/\/decofoodshop.nl\/winkel\/"},{"@type":"ListItem","position":3,"name":"Nep Druiven Pakket Wit"}]},{"@type":"WebSite","@id":"https:\/\/decofoodshop.nl\/#website","url":"https:\/\/decofoodshop.nl\/","name":"Dekofoodshop","description":"","potentialAction":[{"@type":"SearchAction","target":{"@type":"EntryPoint","urlTemplate":"https:\/\/decofoodshop.nl\/?s={search_term_string}"},"query-input":{"@type":"PropertyValueSpecification","valueRequired":true,"valueName":"search_term_string"}}],"inLanguage":"de"}]}},"_links":{"self":[{"href":"https:\/\/decofoodshop.nl\/de\/wp-json\/wp\/v2\/product\/3621","targetHints":{"allow":["GET"]}}],"collection":[{"href":"https:\/\/decofoodshop.nl\/de\/wp-json\/wp\/v2\/product"}],"about":[{"href":"https:\/\/decofoodshop.nl\/de\/wp-json\/wp\/v2\/types\/product"}],"wp:featuredmedia":[{"embeddable":true,"href":"https:\/\/decofoodshop.nl\/de\/wp-json\/wp\/v2\/media\/3625"}],"wp:attachment":[{"href":"https:\/\/decofoodshop.nl\/de\/wp-json\/wp\/v2\/media?parent=3621"}],"wp:term":[{"taxonomy":"product_brand","embeddable":true,"href":"https:\/\/decofoodshop.nl\/de\/wp-json\/wp\/v2\/product_brand?post=3621"},{"taxonomy":"product_cat","embeddable":true,"href":"https:\/\/decofoodshop.nl\/de\/wp-json\/wp\/v2\/product_cat?post=3621"},{"taxonomy":"product_tag","embeddable":true,"href":"https:\/\/decofoodshop.nl\/de\/wp-json\/wp\/v2\/product_tag?post=3621"}],"curies":[{"name":"wp","href":"https:\/\/api.w.org\/{rel}","templated":true}]}}