{"id":3707,"date":"2020-11-04T15:26:22","date_gmt":"2020-11-04T15:26:22","guid":{"rendered":"https:\/\/decofoodshop.nl\/?post_type=product&#038;p=3707"},"modified":"2026-02-28T14:56:11","modified_gmt":"2026-02-28T13:56:11","slug":"gruner-falscher-apfelzweig","status":"publish","type":"product","link":"https:\/\/decofoodshop.nl\/de\/product\/groene-nep-appels-tak\/","title":{"rendered":"Gr\u00fcne gef\u00e4lschte \u00c4pfel Tak"},"content":{"rendered":"<p>Nat\u00fcrliches gef\u00e4lschtes Apple-B\u00fcndel.<\/p>\n<p>Mit drei frischen gr\u00fcnen Zier\u00e4pfeln.<\/p>\n<p>Gut an einem festen braungr\u00fcnen Ast befestigt.<\/p>\n<p>Mit naturgetreuen Apfelzweigbl\u00e4ttern.<\/p>\n<p>Weitere spezielle k\u00fcnstliche Lebensmittel finden Sie in unseren k\u00fcnstlichen Fr\u00fcchten <span style=\"color: #008000;\">&#8220;<strong><a style=\"color: #008000;\" href=\"https:\/\/decofoodshop.nl\/de\/produktkategorie-2\/pakete\/\">Pakete<\/a><\/strong>&#8220;<\/span>.<\/p>\n<p>&nbsp;<\/p>","protected":false},"excerpt":{"rendered":"<p>Nat\u00fcrliches gef\u00e4lschtes Apfelpaket. Mit drei frischen gr\u00fcnen Zier\u00e4pfeln. Sicher an einem stabilen braungr\u00fcnen Ast befestigt. Mit naturgetreuen Apfelzweigbl\u00e4ttern. F\u00fcr weitere spezielle Kunstnahrung werfen Sie einen Blick auf unsere Kunstfrucht-\u201ePakete\u201c. &nbsp;<\/p>","protected":false},"featured_media":3733,"template":"","meta":{"_acf_changed":false,"_genesis_hide_title":false,"_genesis_hide_breadcrumbs":false,"_genesis_hide_singular_image":false,"_genesis_hide_footer_widgets":false,"_genesis_custom_body_class":"","_genesis_custom_post_class":"","_genesis_layout":""},"product_brand":[],"product_cat":[47],"product_tag":[],"class_list":{"0":"post-3707","1":"product","2":"type-product","3":"status-publish","4":"has-post-thumbnail","6":"product_cat-kunstfruit","7":"entry","8":"wpx-has-gallery","10":"first","11":"instock","12":"taxable","13":"shipping-taxable","14":"purchasable","15":"product-type-simple"},"acf":[],"yoast_head":"<!-- This site is optimized with the Yoast SEO Premium plugin v27.3 (Yoast SEO v27.3) - https:\/\/yoast.com\/product\/yoast-seo-premium-wordpress\/ -->\n<title>Groene Nep Appels Tak - en meer kunstfruit bij Decofoodshop<\/title>\n<meta name=\"description\" content=\"Groene Nep Appels Tak en nog veel namaak appels en namaak peren bij Decofoodhop.be Voor alle soorten namaak voedsel en nep etenswaar.\" \/>\n<meta name=\"robots\" content=\"index, follow, max-snippet:-1, max-image-preview:large, max-video-preview:-1\" \/>\n<link rel=\"canonical\" href=\"https:\/\/decofoodshop.nl\/de\/produkt\/gruner-falscher-apfelzweig\/\" \/>\n<meta property=\"og:locale\" content=\"de_DE\" \/>\n<meta property=\"og:type\" content=\"article\" \/>\n<meta property=\"og:title\" content=\"Groene Nep Appels Tak\" \/>\n<meta property=\"og:description\" content=\"Groene Nep Appels Tak en nog veel namaak appels en namaak peren bij Decofoodhop.be Voor alle soorten namaak voedsel en nep etenswaar.\" \/>\n<meta property=\"og:url\" content=\"https:\/\/decofoodshop.nl\/de\/produkt\/gruner-falscher-apfelzweig\/\" \/>\n<meta property=\"og:site_name\" content=\"Decofoodshop\" \/>\n<meta property=\"article:modified_time\" content=\"2026-02-28T13:56:11+00:00\" \/>\n<meta property=\"og:image\" content=\"https:\/\/decofoodshop.nl\/wp-content\/uploads\/2020\/11\/Groene-Nep-Appels-Tak-1.jpg\" \/>\n\t<meta property=\"og:image:width\" content=\"1000\" \/>\n\t<meta property=\"og:image:height\" content=\"1000\" \/>\n\t<meta property=\"og:image:type\" content=\"image\/jpeg\" \/>\n<meta name=\"twitter:card\" content=\"summary_large_image\" \/>\n<meta name=\"twitter:label1\" content=\"Gesch\u00e4tzte Lesezeit\" \/>\n\t<meta name=\"twitter:data1\" content=\"1\u00a0Minute\" \/>\n<script type=\"application\/ld+json\" class=\"yoast-schema-graph\">{\"@context\":\"https:\\\/\\\/schema.org\",\"@graph\":[{\"@type\":\"WebPage\",\"@id\":\"https:\\\/\\\/decofoodshop.nl\\\/product\\\/groene-nep-appels-tak\\\/\",\"url\":\"https:\\\/\\\/decofoodshop.nl\\\/product\\\/groene-nep-appels-tak\\\/\",\"name\":\"Groene Nep Appels Tak - en meer kunstfruit bij Decofoodshop\",\"isPartOf\":{\"@id\":\"https:\\\/\\\/decofoodshop.nl\\\/#website\"},\"primaryImageOfPage\":{\"@id\":\"https:\\\/\\\/decofoodshop.nl\\\/product\\\/groene-nep-appels-tak\\\/#primaryimage\"},\"image\":{\"@id\":\"https:\\\/\\\/decofoodshop.nl\\\/product\\\/groene-nep-appels-tak\\\/#primaryimage\"},\"thumbnailUrl\":\"https:\\\/\\\/decofoodshop.nl\\\/wp-content\\\/uploads\\\/2020\\\/11\\\/Groene-Nep-Appels-Tak-1.jpg\",\"datePublished\":\"2020-11-04T15:26:22+00:00\",\"dateModified\":\"2026-02-28T13:56:11+00:00\",\"description\":\"Groene Nep Appels Tak en nog veel namaak appels en namaak peren bij Decofoodhop.be Voor alle soorten namaak voedsel en nep etenswaar.\",\"breadcrumb\":{\"@id\":\"https:\\\/\\\/decofoodshop.nl\\\/product\\\/groene-nep-appels-tak\\\/#breadcrumb\"},\"inLanguage\":\"de\",\"potentialAction\":[{\"@type\":\"ReadAction\",\"target\":[\"https:\\\/\\\/decofoodshop.nl\\\/product\\\/groene-nep-appels-tak\\\/\"]}]},{\"@type\":\"ImageObject\",\"inLanguage\":\"de\",\"@id\":\"https:\\\/\\\/decofoodshop.nl\\\/product\\\/groene-nep-appels-tak\\\/#primaryimage\",\"url\":\"https:\\\/\\\/decofoodshop.nl\\\/wp-content\\\/uploads\\\/2020\\\/11\\\/Groene-Nep-Appels-Tak-1.jpg\",\"contentUrl\":\"https:\\\/\\\/decofoodshop.nl\\\/wp-content\\\/uploads\\\/2020\\\/11\\\/Groene-Nep-Appels-Tak-1.jpg\",\"width\":1000,\"height\":1000,\"caption\":\"Groene Nep Appels Tak kopen bij Decofoodshop\"},{\"@type\":\"BreadcrumbList\",\"@id\":\"https:\\\/\\\/decofoodshop.nl\\\/product\\\/groene-nep-appels-tak\\\/#breadcrumb\",\"itemListElement\":[{\"@type\":\"ListItem\",\"position\":1,\"name\":\"Home\",\"item\":\"https:\\\/\\\/decofoodshop.nl\\\/\"},{\"@type\":\"ListItem\",\"position\":2,\"name\":\"Winkel\",\"item\":\"https:\\\/\\\/decofoodshop.nl\\\/winkel\\\/\"},{\"@type\":\"ListItem\",\"position\":3,\"name\":\"Groene Nep Appels Tak\"}]},{\"@type\":\"WebSite\",\"@id\":\"https:\\\/\\\/decofoodshop.nl\\\/#website\",\"url\":\"https:\\\/\\\/decofoodshop.nl\\\/\",\"name\":\"Decofoodshop\",\"description\":\"\",\"potentialAction\":[{\"@type\":\"SearchAction\",\"target\":{\"@type\":\"EntryPoint\",\"urlTemplate\":\"https:\\\/\\\/decofoodshop.nl\\\/?s={search_term_string}\"},\"query-input\":{\"@type\":\"PropertyValueSpecification\",\"valueRequired\":true,\"valueName\":\"search_term_string\"}}],\"inLanguage\":\"de\"}]}<\/script>\n<!-- \/ Yoast SEO Premium plugin. -->","yoast_head_json":{"title":"Green Fake Apples Branch - und mehr Kunstobst bei Decofoodshop","description":"Green Fake Apples Branch und viele Fake-\u00c4pfel und Fake-Birnen bei Decofoodshop.be F\u00fcr alle Arten von Fake-Food und Fake-Food.","robots":{"index":"index","follow":"follow","max-snippet":"max-snippet:-1","max-image-preview":"max-image-preview:large","max-video-preview":"max-video-preview:-1"},"canonical":"https:\/\/decofoodshop.nl\/de\/produkt\/gruner-falscher-apfelzweig\/","og_locale":"de_DE","og_type":"article","og_title":"Groene Nep Appels Tak","og_description":"Groene Nep Appels Tak en nog veel namaak appels en namaak peren bij Decofoodhop.be Voor alle soorten namaak voedsel en nep etenswaar.","og_url":"https:\/\/decofoodshop.nl\/de\/produkt\/gruner-falscher-apfelzweig\/","og_site_name":"Decofoodshop","article_modified_time":"2026-02-28T13:56:11+00:00","og_image":[{"width":1000,"height":1000,"url":"https:\/\/decofoodshop.nl\/wp-content\/uploads\/2020\/11\/Groene-Nep-Appels-Tak-1.jpg","type":"image\/jpeg"}],"twitter_card":"summary_large_image","twitter_misc":{"Gesch\u00e4tzte Lesezeit":"1\u00a0Minute"},"schema":{"@context":"https:\/\/schema.org","@graph":[{"@type":"WebPage","@id":"https:\/\/decofoodshop.nl\/product\/groene-nep-appels-tak\/","url":"https:\/\/decofoodshop.nl\/product\/groene-nep-appels-tak\/","name":"Green Fake Apples Branch - und mehr Kunstobst bei Decofoodshop","isPartOf":{"@id":"https:\/\/decofoodshop.nl\/#website"},"primaryImageOfPage":{"@id":"https:\/\/decofoodshop.nl\/product\/groene-nep-appels-tak\/#primaryimage"},"image":{"@id":"https:\/\/decofoodshop.nl\/product\/groene-nep-appels-tak\/#primaryimage"},"thumbnailUrl":"https:\/\/decofoodshop.nl\/wp-content\/uploads\/2020\/11\/Groene-Nep-Appels-Tak-1.jpg","datePublished":"2020-11-04T15:26:22+00:00","dateModified":"2026-02-28T13:56:11+00:00","description":"Green Fake Apples Branch und viele Fake-\u00c4pfel und Fake-Birnen bei Decofoodshop.be F\u00fcr alle Arten von Fake-Food und Fake-Food.","breadcrumb":{"@id":"https:\/\/decofoodshop.nl\/product\/groene-nep-appels-tak\/#breadcrumb"},"inLanguage":"de","potentialAction":[{"@type":"ReadAction","target":["https:\/\/decofoodshop.nl\/product\/groene-nep-appels-tak\/"]}]},{"@type":"ImageObject","inLanguage":"de","@id":"https:\/\/decofoodshop.nl\/product\/groene-nep-appels-tak\/#primaryimage","url":"https:\/\/decofoodshop.nl\/wp-content\/uploads\/2020\/11\/Groene-Nep-Appels-Tak-1.jpg","contentUrl":"https:\/\/decofoodshop.nl\/wp-content\/uploads\/2020\/11\/Groene-Nep-Appels-Tak-1.jpg","width":1000,"height":1000,"caption":"Groene Nep Appels Tak kopen bij Decofoodshop"},{"@type":"BreadcrumbList","@id":"https:\/\/decofoodshop.nl\/product\/groene-nep-appels-tak\/#breadcrumb","itemListElement":[{"@type":"ListItem","position":1,"name":"Home","item":"https:\/\/decofoodshop.nl\/"},{"@type":"ListItem","position":2,"name":"Winkel","item":"https:\/\/decofoodshop.nl\/winkel\/"},{"@type":"ListItem","position":3,"name":"Groene Nep Appels Tak"}]},{"@type":"WebSite","@id":"https:\/\/decofoodshop.nl\/#website","url":"https:\/\/decofoodshop.nl\/","name":"Dekofoodshop","description":"","potentialAction":[{"@type":"SearchAction","target":{"@type":"EntryPoint","urlTemplate":"https:\/\/decofoodshop.nl\/?s={search_term_string}"},"query-input":{"@type":"PropertyValueSpecification","valueRequired":true,"valueName":"search_term_string"}}],"inLanguage":"de"}]}},"_links":{"self":[{"href":"https:\/\/decofoodshop.nl\/de\/wp-json\/wp\/v2\/product\/3707","targetHints":{"allow":["GET"]}}],"collection":[{"href":"https:\/\/decofoodshop.nl\/de\/wp-json\/wp\/v2\/product"}],"about":[{"href":"https:\/\/decofoodshop.nl\/de\/wp-json\/wp\/v2\/types\/product"}],"wp:featuredmedia":[{"embeddable":true,"href":"https:\/\/decofoodshop.nl\/de\/wp-json\/wp\/v2\/media\/3733"}],"wp:attachment":[{"href":"https:\/\/decofoodshop.nl\/de\/wp-json\/wp\/v2\/media?parent=3707"}],"wp:term":[{"taxonomy":"product_brand","embeddable":true,"href":"https:\/\/decofoodshop.nl\/de\/wp-json\/wp\/v2\/product_brand?post=3707"},{"taxonomy":"product_cat","embeddable":true,"href":"https:\/\/decofoodshop.nl\/de\/wp-json\/wp\/v2\/product_cat?post=3707"},{"taxonomy":"product_tag","embeddable":true,"href":"https:\/\/decofoodshop.nl\/de\/wp-json\/wp\/v2\/product_tag?post=3707"}],"curies":[{"name":"wp","href":"https:\/\/api.w.org\/{rel}","templated":true}]}}