{"id":3717,"date":"2020-11-04T15:42:09","date_gmt":"2020-11-04T15:42:09","guid":{"rendered":"https:\/\/decofoodshop.nl\/?post_type=product&#038;p=3717"},"modified":"2026-02-28T14:56:07","modified_gmt":"2026-02-28T13:56:07","slug":"roter-gefalschter-apfelzweig","status":"publish","type":"product","link":"https:\/\/decofoodshop.nl\/de\/product\/rode-nep-appels-tak\/","title":{"rendered":"Rote gef\u00e4lschte \u00c4pfel Tak"},"content":{"rendered":"<p>Sch\u00f6nes B\u00fcndel mit roten falschen \u00c4pfeln.<\/p>\n<p>Einfach echt und super robust.<\/p>\n<p>Zusammen auf einem dekorativen und nat\u00fcrlichen Zweig.<\/p>\n<p>Mit naturgetreuen gr\u00fcnbraunen Apfelbl\u00e4ttern.<\/p>\n<p>Lebensechtes Format.<\/p>\n<p>Weitere sch\u00f6ne Kunstfruchtprodukte finden Sie hier:<span style=\"color: #008000;\"> &#8220;<strong><a style=\"color: #008000;\" href=\"https:\/\/decofoodshop.nl\/de\/produktkategorie-2\/pakete\/\">Pakete<\/a><\/strong>&#8220;.<\/span><\/p>","protected":false},"excerpt":{"rendered":"<p>Wundersch\u00f6nes B\u00fcndel mit roten Kunst\u00e4pfeln. Einfach echt und super robust. Zusammen auf einem dekorativen und nat\u00fcrlichen Zweig. Mit naturgetreuen gr\u00fcnbraunen Apfelbl\u00e4ttern. Lebensechtes Format. Weitere sch\u00f6ne Kunstfruchtprodukte finden Sie unter: \u201eVerpackungen\u201c.<\/p>","protected":false},"featured_media":3736,"template":"","meta":{"_acf_changed":false,"_genesis_hide_title":false,"_genesis_hide_breadcrumbs":false,"_genesis_hide_singular_image":false,"_genesis_hide_footer_widgets":false,"_genesis_custom_body_class":"","_genesis_custom_post_class":"","_genesis_layout":""},"product_brand":[],"product_cat":[47],"product_tag":[],"class_list":{"0":"post-3717","1":"product","2":"type-product","3":"status-publish","4":"has-post-thumbnail","6":"product_cat-kunstfruit","7":"entry","8":"wpx-has-gallery","10":"first","11":"outofstock","12":"taxable","13":"shipping-taxable","14":"purchasable","15":"product-type-simple"},"acf":[],"yoast_head":"<!-- This site is optimized with the Yoast SEO Premium plugin v27.3 (Yoast SEO v27.3) - https:\/\/yoast.com\/product\/yoast-seo-premium-wordpress\/ -->\n<title>Rode Nep Appels Tak - en meer nepfruit bij Decofoodshop<\/title>\n<meta name=\"description\" content=\"Deze Rode Nep Appels Tak en veel meer decoratief sierfruit kopen? Decofoodshop is de leverancier van nepfruit in voor particulier en bedrijf.\" \/>\n<meta name=\"robots\" content=\"index, follow, max-snippet:-1, max-image-preview:large, max-video-preview:-1\" \/>\n<link rel=\"canonical\" href=\"https:\/\/decofoodshop.nl\/de\/produkt\/roter-gefalschter-apfelzweig\/\" \/>\n<meta property=\"og:locale\" content=\"de_DE\" \/>\n<meta property=\"og:type\" content=\"article\" \/>\n<meta property=\"og:title\" content=\"Rode Nep Appels Tak\" \/>\n<meta property=\"og:description\" content=\"Deze Rode Nep Appels Tak en veel meer decoratief sierfruit kopen? Decofoodshop is de leverancier van nepfruit in voor particulier en bedrijf.\" \/>\n<meta property=\"og:url\" content=\"https:\/\/decofoodshop.nl\/de\/produkt\/roter-gefalschter-apfelzweig\/\" \/>\n<meta property=\"og:site_name\" content=\"Decofoodshop\" \/>\n<meta property=\"article:modified_time\" content=\"2026-02-28T13:56:07+00:00\" \/>\n<meta property=\"og:image\" content=\"https:\/\/decofoodshop.nl\/wp-content\/uploads\/2020\/11\/Rode-Nep-Appels-Tak-1.jpg\" \/>\n\t<meta property=\"og:image:width\" content=\"944\" \/>\n\t<meta property=\"og:image:height\" content=\"942\" \/>\n\t<meta property=\"og:image:type\" content=\"image\/jpeg\" \/>\n<meta name=\"twitter:card\" content=\"summary_large_image\" \/>\n<meta name=\"twitter:label1\" content=\"Gesch\u00e4tzte Lesezeit\" \/>\n\t<meta name=\"twitter:data1\" content=\"1\u00a0Minute\" \/>\n<script type=\"application\/ld+json\" class=\"yoast-schema-graph\">{\"@context\":\"https:\\\/\\\/schema.org\",\"@graph\":[{\"@type\":\"WebPage\",\"@id\":\"https:\\\/\\\/decofoodshop.nl\\\/product\\\/rode-nep-appels-tak\\\/\",\"url\":\"https:\\\/\\\/decofoodshop.nl\\\/product\\\/rode-nep-appels-tak\\\/\",\"name\":\"Rode Nep Appels Tak - en meer nepfruit bij Decofoodshop\",\"isPartOf\":{\"@id\":\"https:\\\/\\\/decofoodshop.nl\\\/#website\"},\"primaryImageOfPage\":{\"@id\":\"https:\\\/\\\/decofoodshop.nl\\\/product\\\/rode-nep-appels-tak\\\/#primaryimage\"},\"image\":{\"@id\":\"https:\\\/\\\/decofoodshop.nl\\\/product\\\/rode-nep-appels-tak\\\/#primaryimage\"},\"thumbnailUrl\":\"https:\\\/\\\/decofoodshop.nl\\\/wp-content\\\/uploads\\\/2020\\\/11\\\/Rode-Nep-Appels-Tak-1.jpg\",\"datePublished\":\"2020-11-04T15:42:09+00:00\",\"dateModified\":\"2026-02-28T13:56:07+00:00\",\"description\":\"Deze Rode Nep Appels Tak en veel meer decoratief sierfruit kopen? Decofoodshop is de leverancier van nepfruit in voor particulier en bedrijf.\",\"breadcrumb\":{\"@id\":\"https:\\\/\\\/decofoodshop.nl\\\/product\\\/rode-nep-appels-tak\\\/#breadcrumb\"},\"inLanguage\":\"de\",\"potentialAction\":[{\"@type\":\"ReadAction\",\"target\":[\"https:\\\/\\\/decofoodshop.nl\\\/product\\\/rode-nep-appels-tak\\\/\"]}]},{\"@type\":\"ImageObject\",\"inLanguage\":\"de\",\"@id\":\"https:\\\/\\\/decofoodshop.nl\\\/product\\\/rode-nep-appels-tak\\\/#primaryimage\",\"url\":\"https:\\\/\\\/decofoodshop.nl\\\/wp-content\\\/uploads\\\/2020\\\/11\\\/Rode-Nep-Appels-Tak-1.jpg\",\"contentUrl\":\"https:\\\/\\\/decofoodshop.nl\\\/wp-content\\\/uploads\\\/2020\\\/11\\\/Rode-Nep-Appels-Tak-1.jpg\",\"width\":944,\"height\":942,\"caption\":\"Rode Nep Appels Tak by Decofoodshop\"},{\"@type\":\"BreadcrumbList\",\"@id\":\"https:\\\/\\\/decofoodshop.nl\\\/product\\\/rode-nep-appels-tak\\\/#breadcrumb\",\"itemListElement\":[{\"@type\":\"ListItem\",\"position\":1,\"name\":\"Home\",\"item\":\"https:\\\/\\\/decofoodshop.nl\\\/\"},{\"@type\":\"ListItem\",\"position\":2,\"name\":\"Winkel\",\"item\":\"https:\\\/\\\/decofoodshop.nl\\\/winkel\\\/\"},{\"@type\":\"ListItem\",\"position\":3,\"name\":\"Rode Nep Appels Tak\"}]},{\"@type\":\"WebSite\",\"@id\":\"https:\\\/\\\/decofoodshop.nl\\\/#website\",\"url\":\"https:\\\/\\\/decofoodshop.nl\\\/\",\"name\":\"Decofoodshop\",\"description\":\"\",\"potentialAction\":[{\"@type\":\"SearchAction\",\"target\":{\"@type\":\"EntryPoint\",\"urlTemplate\":\"https:\\\/\\\/decofoodshop.nl\\\/?s={search_term_string}\"},\"query-input\":{\"@type\":\"PropertyValueSpecification\",\"valueRequired\":true,\"valueName\":\"search_term_string\"}}],\"inLanguage\":\"de\"}]}<\/script>\n<!-- \/ Yoast SEO Premium plugin. -->","yoast_head_json":{"title":"Roter gef\u00e4lschter Apfelzweig - und mehr gef\u00e4lschte Fr\u00fcchte bei Decofoodshop","description":"M\u00f6chten Sie diesen Red Fake Apples Branch und viele weitere dekorative Zierfr\u00fcchte kaufen? Decofoodshop ist der Lieferant von gef\u00e4lschten Fr\u00fcchten f\u00fcr Privatpersonen und Unternehmen.","robots":{"index":"index","follow":"follow","max-snippet":"max-snippet:-1","max-image-preview":"max-image-preview:large","max-video-preview":"max-video-preview:-1"},"canonical":"https:\/\/decofoodshop.nl\/de\/produkt\/roter-gefalschter-apfelzweig\/","og_locale":"de_DE","og_type":"article","og_title":"Rode Nep Appels Tak","og_description":"Deze Rode Nep Appels Tak en veel meer decoratief sierfruit kopen? Decofoodshop is de leverancier van nepfruit in voor particulier en bedrijf.","og_url":"https:\/\/decofoodshop.nl\/de\/produkt\/roter-gefalschter-apfelzweig\/","og_site_name":"Decofoodshop","article_modified_time":"2026-02-28T13:56:07+00:00","og_image":[{"width":944,"height":942,"url":"https:\/\/decofoodshop.nl\/wp-content\/uploads\/2020\/11\/Rode-Nep-Appels-Tak-1.jpg","type":"image\/jpeg"}],"twitter_card":"summary_large_image","twitter_misc":{"Gesch\u00e4tzte Lesezeit":"1\u00a0Minute"},"schema":{"@context":"https:\/\/schema.org","@graph":[{"@type":"WebPage","@id":"https:\/\/decofoodshop.nl\/product\/rode-nep-appels-tak\/","url":"https:\/\/decofoodshop.nl\/product\/rode-nep-appels-tak\/","name":"Roter gef\u00e4lschter Apfelzweig - und mehr gef\u00e4lschte Fr\u00fcchte bei Decofoodshop","isPartOf":{"@id":"https:\/\/decofoodshop.nl\/#website"},"primaryImageOfPage":{"@id":"https:\/\/decofoodshop.nl\/product\/rode-nep-appels-tak\/#primaryimage"},"image":{"@id":"https:\/\/decofoodshop.nl\/product\/rode-nep-appels-tak\/#primaryimage"},"thumbnailUrl":"https:\/\/decofoodshop.nl\/wp-content\/uploads\/2020\/11\/Rode-Nep-Appels-Tak-1.jpg","datePublished":"2020-11-04T15:42:09+00:00","dateModified":"2026-02-28T13:56:07+00:00","description":"M\u00f6chten Sie diesen Red Fake Apples Branch und viele weitere dekorative Zierfr\u00fcchte kaufen? Decofoodshop ist der Lieferant von gef\u00e4lschten Fr\u00fcchten f\u00fcr Privatpersonen und Unternehmen.","breadcrumb":{"@id":"https:\/\/decofoodshop.nl\/product\/rode-nep-appels-tak\/#breadcrumb"},"inLanguage":"de","potentialAction":[{"@type":"ReadAction","target":["https:\/\/decofoodshop.nl\/product\/rode-nep-appels-tak\/"]}]},{"@type":"ImageObject","inLanguage":"de","@id":"https:\/\/decofoodshop.nl\/product\/rode-nep-appels-tak\/#primaryimage","url":"https:\/\/decofoodshop.nl\/wp-content\/uploads\/2020\/11\/Rode-Nep-Appels-Tak-1.jpg","contentUrl":"https:\/\/decofoodshop.nl\/wp-content\/uploads\/2020\/11\/Rode-Nep-Appels-Tak-1.jpg","width":944,"height":942,"caption":"Rode Nep Appels Tak by Decofoodshop"},{"@type":"BreadcrumbList","@id":"https:\/\/decofoodshop.nl\/product\/rode-nep-appels-tak\/#breadcrumb","itemListElement":[{"@type":"ListItem","position":1,"name":"Home","item":"https:\/\/decofoodshop.nl\/"},{"@type":"ListItem","position":2,"name":"Winkel","item":"https:\/\/decofoodshop.nl\/winkel\/"},{"@type":"ListItem","position":3,"name":"Rode Nep Appels Tak"}]},{"@type":"WebSite","@id":"https:\/\/decofoodshop.nl\/#website","url":"https:\/\/decofoodshop.nl\/","name":"Dekofoodshop","description":"","potentialAction":[{"@type":"SearchAction","target":{"@type":"EntryPoint","urlTemplate":"https:\/\/decofoodshop.nl\/?s={search_term_string}"},"query-input":{"@type":"PropertyValueSpecification","valueRequired":true,"valueName":"search_term_string"}}],"inLanguage":"de"}]}},"_links":{"self":[{"href":"https:\/\/decofoodshop.nl\/de\/wp-json\/wp\/v2\/product\/3717","targetHints":{"allow":["GET"]}}],"collection":[{"href":"https:\/\/decofoodshop.nl\/de\/wp-json\/wp\/v2\/product"}],"about":[{"href":"https:\/\/decofoodshop.nl\/de\/wp-json\/wp\/v2\/types\/product"}],"wp:featuredmedia":[{"embeddable":true,"href":"https:\/\/decofoodshop.nl\/de\/wp-json\/wp\/v2\/media\/3736"}],"wp:attachment":[{"href":"https:\/\/decofoodshop.nl\/de\/wp-json\/wp\/v2\/media?parent=3717"}],"wp:term":[{"taxonomy":"product_brand","embeddable":true,"href":"https:\/\/decofoodshop.nl\/de\/wp-json\/wp\/v2\/product_brand?post=3717"},{"taxonomy":"product_cat","embeddable":true,"href":"https:\/\/decofoodshop.nl\/de\/wp-json\/wp\/v2\/product_cat?post=3717"},{"taxonomy":"product_tag","embeddable":true,"href":"https:\/\/decofoodshop.nl\/de\/wp-json\/wp\/v2\/product_tag?post=3717"}],"curies":[{"name":"wp","href":"https:\/\/api.w.org\/{rel}","templated":true}]}}