{"id":3721,"date":"2020-11-04T15:53:23","date_gmt":"2020-11-04T15:53:23","guid":{"rendered":"https:\/\/decofoodshop.nl\/?post_type=product&#038;p=3721"},"modified":"2026-02-28T14:56:04","modified_gmt":"2026-02-28T13:56:04","slug":"gelber-gefalschter-birnenzweig","status":"publish","type":"product","link":"https:\/\/decofoodshop.nl\/de\/product\/gele-nep-peren-tak\/","title":{"rendered":"Gelbe gef\u00e4lschte Birnen Tak"},"content":{"rendered":"<p>Lebensechtes gelbes Birnenb\u00fcndel.<\/p>\n<p>Ma\u00dfstabsgetreu.<\/p>\n<p>Drei k\u00fcnstliche Birnen auf einem stabilen Ast.<\/p>\n<p>Mit nat\u00fcrlichen k\u00fcnstlichen Fruchtbl\u00e4ttern.<\/p>\n<p>So einen Bissen zu nehmen!<\/p>\n<p>Weitere k\u00fcnstliche Fr\u00fcchte finden Sie auch bei uns:<span style=\"color: #008000;\"> &#8220;<strong><a style=\"color: #008000;\" href=\"https:\/\/decofoodshop.nl\/de\/produktkategorie-2\/pakete\/\">Pakete<\/a><\/strong>&#8220;<\/span>.<\/p>","protected":false},"excerpt":{"rendered":"<p>Lebensechtes gelbes Birnenb\u00fcndel. Im Ma\u00dfstab. Drei k\u00fcnstliche Birnen auf einem stabilen Ast. Mit nat\u00fcrlichen k\u00fcnstlichen Fruchtbl\u00e4ttern. Zum Anbei\u00dfen! Weitere k\u00fcnstliche Fr\u00fcchte finden Sie auch unter \u201ePakete\u201c.<\/p>","protected":false},"featured_media":3722,"template":"","meta":{"_acf_changed":false,"_genesis_hide_title":false,"_genesis_hide_breadcrumbs":false,"_genesis_hide_singular_image":false,"_genesis_hide_footer_widgets":false,"_genesis_custom_body_class":"","_genesis_custom_post_class":"","_genesis_layout":""},"product_brand":[],"product_cat":[47],"product_tag":[],"class_list":{"0":"post-3721","1":"product","2":"type-product","3":"status-publish","4":"has-post-thumbnail","6":"product_cat-kunstfruit","7":"entry","8":"wpx-has-gallery","10":"first","11":"instock","12":"taxable","13":"shipping-taxable","14":"purchasable","15":"product-type-simple"},"acf":[],"yoast_head":"<!-- This site is optimized with the Yoast SEO Premium plugin v27.3 (Yoast SEO v27.3) - https:\/\/yoast.com\/product\/yoast-seo-premium-wordpress\/ -->\n<title>Gele Nep Peren Tak - en veel meer namaak sierfruit bij Decofoodshop<\/title>\n<meta name=\"description\" content=\"Gele Nep Peren Tak en veel meer decoratieve fruitdummy&#039;s kopen. Natuurlijke bij Decofoodshop. Altijd voorraad en directe levering.\" \/>\n<meta name=\"robots\" content=\"index, follow, max-snippet:-1, max-image-preview:large, max-video-preview:-1\" \/>\n<link rel=\"canonical\" href=\"https:\/\/decofoodshop.nl\/de\/produkt\/gelber-gefalschter-birnenzweig\/\" \/>\n<meta property=\"og:locale\" content=\"de_DE\" \/>\n<meta property=\"og:type\" content=\"article\" \/>\n<meta property=\"og:title\" content=\"Gele Nep Peren Tak\" \/>\n<meta property=\"og:description\" content=\"Gele Nep Peren Tak en veel meer decoratieve fruitdummy&#039;s kopen. Natuurlijke bij Decofoodshop. Altijd voorraad en directe levering.\" \/>\n<meta property=\"og:url\" content=\"https:\/\/decofoodshop.nl\/de\/produkt\/gelber-gefalschter-birnenzweig\/\" \/>\n<meta property=\"og:site_name\" content=\"Decofoodshop\" \/>\n<meta property=\"article:modified_time\" content=\"2026-02-28T13:56:04+00:00\" \/>\n<meta property=\"og:image\" content=\"https:\/\/decofoodshop.nl\/wp-content\/uploads\/2020\/11\/Gele-Nep-Peren-Tak.jpg\" \/>\n\t<meta property=\"og:image:width\" content=\"750\" \/>\n\t<meta property=\"og:image:height\" content=\"1125\" \/>\n\t<meta property=\"og:image:type\" content=\"image\/jpeg\" \/>\n<meta name=\"twitter:card\" content=\"summary_large_image\" \/>\n<meta name=\"twitter:label1\" content=\"Gesch\u00e4tzte Lesezeit\" \/>\n\t<meta name=\"twitter:data1\" content=\"1\u00a0Minute\" \/>\n<script type=\"application\/ld+json\" class=\"yoast-schema-graph\">{\"@context\":\"https:\\\/\\\/schema.org\",\"@graph\":[{\"@type\":\"WebPage\",\"@id\":\"https:\\\/\\\/decofoodshop.nl\\\/product\\\/gele-nep-peren-tak\\\/\",\"url\":\"https:\\\/\\\/decofoodshop.nl\\\/product\\\/gele-nep-peren-tak\\\/\",\"name\":\"Gele Nep Peren Tak - en veel meer namaak sierfruit bij Decofoodshop\",\"isPartOf\":{\"@id\":\"https:\\\/\\\/decofoodshop.nl\\\/#website\"},\"primaryImageOfPage\":{\"@id\":\"https:\\\/\\\/decofoodshop.nl\\\/product\\\/gele-nep-peren-tak\\\/#primaryimage\"},\"image\":{\"@id\":\"https:\\\/\\\/decofoodshop.nl\\\/product\\\/gele-nep-peren-tak\\\/#primaryimage\"},\"thumbnailUrl\":\"https:\\\/\\\/decofoodshop.nl\\\/wp-content\\\/uploads\\\/2020\\\/11\\\/Gele-Nep-Peren-Tak.jpg\",\"datePublished\":\"2020-11-04T15:53:23+00:00\",\"dateModified\":\"2026-02-28T13:56:04+00:00\",\"description\":\"Gele Nep Peren Tak en veel meer decoratieve fruitdummy's kopen. Natuurlijke bij Decofoodshop. Altijd voorraad en directe levering.\",\"breadcrumb\":{\"@id\":\"https:\\\/\\\/decofoodshop.nl\\\/product\\\/gele-nep-peren-tak\\\/#breadcrumb\"},\"inLanguage\":\"de\",\"potentialAction\":[{\"@type\":\"ReadAction\",\"target\":[\"https:\\\/\\\/decofoodshop.nl\\\/product\\\/gele-nep-peren-tak\\\/\"]}]},{\"@type\":\"ImageObject\",\"inLanguage\":\"de\",\"@id\":\"https:\\\/\\\/decofoodshop.nl\\\/product\\\/gele-nep-peren-tak\\\/#primaryimage\",\"url\":\"https:\\\/\\\/decofoodshop.nl\\\/wp-content\\\/uploads\\\/2020\\\/11\\\/Gele-Nep-Peren-Tak.jpg\",\"contentUrl\":\"https:\\\/\\\/decofoodshop.nl\\\/wp-content\\\/uploads\\\/2020\\\/11\\\/Gele-Nep-Peren-Tak.jpg\",\"width\":750,\"height\":1125,\"caption\":\"Gele Nep Peren Tak van Decofoodshop\"},{\"@type\":\"BreadcrumbList\",\"@id\":\"https:\\\/\\\/decofoodshop.nl\\\/product\\\/gele-nep-peren-tak\\\/#breadcrumb\",\"itemListElement\":[{\"@type\":\"ListItem\",\"position\":1,\"name\":\"Home\",\"item\":\"https:\\\/\\\/decofoodshop.nl\\\/\"},{\"@type\":\"ListItem\",\"position\":2,\"name\":\"Winkel\",\"item\":\"https:\\\/\\\/decofoodshop.nl\\\/winkel\\\/\"},{\"@type\":\"ListItem\",\"position\":3,\"name\":\"Gele Nep Peren Tak\"}]},{\"@type\":\"WebSite\",\"@id\":\"https:\\\/\\\/decofoodshop.nl\\\/#website\",\"url\":\"https:\\\/\\\/decofoodshop.nl\\\/\",\"name\":\"Decofoodshop\",\"description\":\"\",\"potentialAction\":[{\"@type\":\"SearchAction\",\"target\":{\"@type\":\"EntryPoint\",\"urlTemplate\":\"https:\\\/\\\/decofoodshop.nl\\\/?s={search_term_string}\"},\"query-input\":{\"@type\":\"PropertyValueSpecification\",\"valueRequired\":true,\"valueName\":\"search_term_string\"}}],\"inLanguage\":\"de\"}]}<\/script>\n<!-- \/ Yoast SEO Premium plugin. -->","yoast_head_json":{"title":"Gelber gef\u00e4lschter Birnenzweig - und noch viel mehr k\u00fcnstliches Zierobst bei Decofoodshop","description":"Kaufen Sie k\u00fcnstlichen Birnenzweig Gelb und viele weitere dekorative Fruchtattrappen. Nat\u00fcrlich bei Decofoodshop. Immer auf Lager und direkt lieferbar.","robots":{"index":"index","follow":"follow","max-snippet":"max-snippet:-1","max-image-preview":"max-image-preview:large","max-video-preview":"max-video-preview:-1"},"canonical":"https:\/\/decofoodshop.nl\/de\/produkt\/gelber-gefalschter-birnenzweig\/","og_locale":"de_DE","og_type":"article","og_title":"Gele Nep Peren Tak","og_description":"Gele Nep Peren Tak en veel meer decoratieve fruitdummy's kopen. Natuurlijke bij Decofoodshop. Altijd voorraad en directe levering.","og_url":"https:\/\/decofoodshop.nl\/de\/produkt\/gelber-gefalschter-birnenzweig\/","og_site_name":"Decofoodshop","article_modified_time":"2026-02-28T13:56:04+00:00","og_image":[{"width":750,"height":1125,"url":"https:\/\/decofoodshop.nl\/wp-content\/uploads\/2020\/11\/Gele-Nep-Peren-Tak.jpg","type":"image\/jpeg"}],"twitter_card":"summary_large_image","twitter_misc":{"Gesch\u00e4tzte Lesezeit":"1\u00a0Minute"},"schema":{"@context":"https:\/\/schema.org","@graph":[{"@type":"WebPage","@id":"https:\/\/decofoodshop.nl\/product\/gele-nep-peren-tak\/","url":"https:\/\/decofoodshop.nl\/product\/gele-nep-peren-tak\/","name":"Gelber gef\u00e4lschter Birnenzweig - und noch viel mehr k\u00fcnstliches Zierobst bei Decofoodshop","isPartOf":{"@id":"https:\/\/decofoodshop.nl\/#website"},"primaryImageOfPage":{"@id":"https:\/\/decofoodshop.nl\/product\/gele-nep-peren-tak\/#primaryimage"},"image":{"@id":"https:\/\/decofoodshop.nl\/product\/gele-nep-peren-tak\/#primaryimage"},"thumbnailUrl":"https:\/\/decofoodshop.nl\/wp-content\/uploads\/2020\/11\/Gele-Nep-Peren-Tak.jpg","datePublished":"2020-11-04T15:53:23+00:00","dateModified":"2026-02-28T13:56:04+00:00","description":"Kaufen Sie k\u00fcnstlichen Birnenzweig Gelb und viele weitere dekorative Fruchtattrappen. Nat\u00fcrlich bei Decofoodshop. Immer auf Lager und direkt lieferbar.","breadcrumb":{"@id":"https:\/\/decofoodshop.nl\/product\/gele-nep-peren-tak\/#breadcrumb"},"inLanguage":"de","potentialAction":[{"@type":"ReadAction","target":["https:\/\/decofoodshop.nl\/product\/gele-nep-peren-tak\/"]}]},{"@type":"ImageObject","inLanguage":"de","@id":"https:\/\/decofoodshop.nl\/product\/gele-nep-peren-tak\/#primaryimage","url":"https:\/\/decofoodshop.nl\/wp-content\/uploads\/2020\/11\/Gele-Nep-Peren-Tak.jpg","contentUrl":"https:\/\/decofoodshop.nl\/wp-content\/uploads\/2020\/11\/Gele-Nep-Peren-Tak.jpg","width":750,"height":1125,"caption":"Gele Nep Peren Tak van Decofoodshop"},{"@type":"BreadcrumbList","@id":"https:\/\/decofoodshop.nl\/product\/gele-nep-peren-tak\/#breadcrumb","itemListElement":[{"@type":"ListItem","position":1,"name":"Home","item":"https:\/\/decofoodshop.nl\/"},{"@type":"ListItem","position":2,"name":"Winkel","item":"https:\/\/decofoodshop.nl\/winkel\/"},{"@type":"ListItem","position":3,"name":"Gele Nep Peren Tak"}]},{"@type":"WebSite","@id":"https:\/\/decofoodshop.nl\/#website","url":"https:\/\/decofoodshop.nl\/","name":"Dekofoodshop","description":"","potentialAction":[{"@type":"SearchAction","target":{"@type":"EntryPoint","urlTemplate":"https:\/\/decofoodshop.nl\/?s={search_term_string}"},"query-input":{"@type":"PropertyValueSpecification","valueRequired":true,"valueName":"search_term_string"}}],"inLanguage":"de"}]}},"_links":{"self":[{"href":"https:\/\/decofoodshop.nl\/de\/wp-json\/wp\/v2\/product\/3721","targetHints":{"allow":["GET"]}}],"collection":[{"href":"https:\/\/decofoodshop.nl\/de\/wp-json\/wp\/v2\/product"}],"about":[{"href":"https:\/\/decofoodshop.nl\/de\/wp-json\/wp\/v2\/types\/product"}],"wp:featuredmedia":[{"embeddable":true,"href":"https:\/\/decofoodshop.nl\/de\/wp-json\/wp\/v2\/media\/3722"}],"wp:attachment":[{"href":"https:\/\/decofoodshop.nl\/de\/wp-json\/wp\/v2\/media?parent=3721"}],"wp:term":[{"taxonomy":"product_brand","embeddable":true,"href":"https:\/\/decofoodshop.nl\/de\/wp-json\/wp\/v2\/product_brand?post=3721"},{"taxonomy":"product_cat","embeddable":true,"href":"https:\/\/decofoodshop.nl\/de\/wp-json\/wp\/v2\/product_cat?post=3721"},{"taxonomy":"product_tag","embeddable":true,"href":"https:\/\/decofoodshop.nl\/de\/wp-json\/wp\/v2\/product_tag?post=3721"}],"curies":[{"name":"wp","href":"https:\/\/api.w.org\/{rel}","templated":true}]}}