{"id":3751,"date":"2020-11-10T13:11:42","date_gmt":"2020-11-10T13:11:42","guid":{"rendered":"https:\/\/decofoodshop.nl\/?post_type=product&#038;p=3751"},"modified":"2026-03-20T16:09:24","modified_gmt":"2026-03-20T15:09:24","slug":"gefalschter-speck","status":"publish","type":"product","link":"https:\/\/decofoodshop.nl\/de\/product\/nep-spek\/","title":{"rendered":"Gef\u00e4lschter Speck"},"content":{"rendered":"<p>Sehr nat\u00fcrlich aussehendes St\u00fcck gef\u00e4lschter Speck.<\/p>\n<p>Eben wie echt und leicht gl\u00e4nzend vom Fett.<\/p>\n<p>Sowohl die Form als auch die Farbe lebensecht.<\/p>\n<p>L\u00e4nge 18,5 cm<\/p>\n<p>Leicht holprige Oberfl\u00e4che.<\/p>\n<p>Superstabil und flexibel.<\/p>\n<p>Falscher Speck, der direkt vom Grill zu kommen scheint.<\/p>\n<p>Weitere sch\u00f6ne gef\u00e4lschte Lebensmittel finden Sie auch in der Kategorie mit: <span style=\"color: #008000;\">&#8220;<strong><a style=\"color: #008000;\" href=\"https:\/\/decofoodshop.nl\/de\/produktkategorie-2\/pakete\/\">Pakete<\/a><\/strong>&#8220;.<\/span><\/p>","protected":false},"excerpt":{"rendered":"<p>Sehr nat\u00fcrliches St\u00fcck k\u00fcnstlicher Speck. Einfach echt und leicht gl\u00e4nzend vom Fett. Sowohl die Form als auch die Farbe sind lebensecht. L\u00e4nge: 18,5 cm. Leicht holprige Oberfl\u00e4che. Super robust und flexibel. Speckimitat, das aussieht, als k\u00e4me es direkt vom Grill. Weitere sch\u00f6ne gef\u00e4lschte Lebensmittel finden Sie in der Kategorie \u201eVerpackungen\u201c.<\/p>","protected":false},"featured_media":3756,"template":"","meta":{"_acf_changed":false,"_genesis_hide_title":false,"_genesis_hide_breadcrumbs":false,"_genesis_hide_singular_image":false,"_genesis_hide_footer_widgets":false,"_genesis_custom_body_class":"","_genesis_custom_post_class":"","_genesis_layout":""},"product_brand":[],"product_cat":[50],"product_tag":[],"class_list":{"0":"post-3751","1":"product","2":"type-product","3":"status-publish","4":"has-post-thumbnail","6":"product_cat-namaak-vis-en-vlees","7":"entry","8":"wpx-has-gallery","10":"first","11":"instock","12":"taxable","13":"shipping-taxable","14":"purchasable","15":"product-type-simple"},"acf":[],"yoast_head":"<!-- This site is optimized with the Yoast SEO Premium plugin v27.3 (Yoast SEO v27.3) - https:\/\/yoast.com\/product\/yoast-seo-premium-wordpress\/ -->\n<title>Nep Spek en meer namaak barbeque vlees bij Decofoodshop<\/title>\n<meta name=\"description\" content=\"Nep Spek kopen? Decofoodshop verkoopt diverse soorten nepvlees. Ook dit fraaie stukje kunstspek. Net echt, super decoratief en snel bezorgd.\" \/>\n<meta name=\"robots\" content=\"index, follow, max-snippet:-1, max-image-preview:large, max-video-preview:-1\" \/>\n<link rel=\"canonical\" href=\"https:\/\/decofoodshop.nl\/de\/produkt\/gefalschter-speck\/\" \/>\n<meta property=\"og:locale\" content=\"de_DE\" \/>\n<meta property=\"og:type\" content=\"article\" \/>\n<meta property=\"og:title\" content=\"Nep Spek\" \/>\n<meta property=\"og:description\" content=\"Nep Spek kopen? Decofoodshop verkoopt diverse soorten nepvlees. Ook dit fraaie stukje kunstspek. Net echt, super decoratief en snel bezorgd.\" \/>\n<meta property=\"og:url\" content=\"https:\/\/decofoodshop.nl\/de\/produkt\/gefalschter-speck\/\" \/>\n<meta property=\"og:site_name\" content=\"Decofoodshop\" \/>\n<meta property=\"article:modified_time\" content=\"2026-03-20T15:09:24+00:00\" \/>\n<meta property=\"og:image\" content=\"https:\/\/decofoodshop.nl\/wp-content\/uploads\/2020\/11\/Nep-Spek.jpg\" \/>\n\t<meta property=\"og:image:width\" content=\"750\" \/>\n\t<meta property=\"og:image:height\" content=\"748\" \/>\n\t<meta property=\"og:image:type\" content=\"image\/jpeg\" \/>\n<meta name=\"twitter:card\" content=\"summary_large_image\" \/>\n<meta name=\"twitter:label1\" content=\"Gesch\u00e4tzte Lesezeit\" \/>\n\t<meta name=\"twitter:data1\" content=\"1\u00a0Minute\" \/>\n<script type=\"application\/ld+json\" class=\"yoast-schema-graph\">{\"@context\":\"https:\\\/\\\/schema.org\",\"@graph\":[{\"@type\":\"WebPage\",\"@id\":\"https:\\\/\\\/decofoodshop.nl\\\/product\\\/nep-spek\\\/\",\"url\":\"https:\\\/\\\/decofoodshop.nl\\\/product\\\/nep-spek\\\/\",\"name\":\"Nep Spek en meer namaak barbeque vlees bij Decofoodshop\",\"isPartOf\":{\"@id\":\"https:\\\/\\\/decofoodshop.nl\\\/#website\"},\"primaryImageOfPage\":{\"@id\":\"https:\\\/\\\/decofoodshop.nl\\\/product\\\/nep-spek\\\/#primaryimage\"},\"image\":{\"@id\":\"https:\\\/\\\/decofoodshop.nl\\\/product\\\/nep-spek\\\/#primaryimage\"},\"thumbnailUrl\":\"https:\\\/\\\/decofoodshop.nl\\\/wp-content\\\/uploads\\\/2020\\\/11\\\/Nep-Spek.jpg\",\"datePublished\":\"2020-11-10T13:11:42+00:00\",\"dateModified\":\"2026-03-20T15:09:24+00:00\",\"description\":\"Nep Spek kopen? Decofoodshop verkoopt diverse soorten nepvlees. Ook dit fraaie stukje kunstspek. Net echt, super decoratief en snel bezorgd.\",\"breadcrumb\":{\"@id\":\"https:\\\/\\\/decofoodshop.nl\\\/product\\\/nep-spek\\\/#breadcrumb\"},\"inLanguage\":\"de\",\"potentialAction\":[{\"@type\":\"ReadAction\",\"target\":[\"https:\\\/\\\/decofoodshop.nl\\\/product\\\/nep-spek\\\/\"]}]},{\"@type\":\"ImageObject\",\"inLanguage\":\"de\",\"@id\":\"https:\\\/\\\/decofoodshop.nl\\\/product\\\/nep-spek\\\/#primaryimage\",\"url\":\"https:\\\/\\\/decofoodshop.nl\\\/wp-content\\\/uploads\\\/2020\\\/11\\\/Nep-Spek.jpg\",\"contentUrl\":\"https:\\\/\\\/decofoodshop.nl\\\/wp-content\\\/uploads\\\/2020\\\/11\\\/Nep-Spek.jpg\",\"width\":750,\"height\":748,\"caption\":\"Nep Spek van decofoodshop\"},{\"@type\":\"BreadcrumbList\",\"@id\":\"https:\\\/\\\/decofoodshop.nl\\\/product\\\/nep-spek\\\/#breadcrumb\",\"itemListElement\":[{\"@type\":\"ListItem\",\"position\":1,\"name\":\"Home\",\"item\":\"https:\\\/\\\/decofoodshop.nl\\\/\"},{\"@type\":\"ListItem\",\"position\":2,\"name\":\"Winkel\",\"item\":\"https:\\\/\\\/decofoodshop.nl\\\/winkel\\\/\"},{\"@type\":\"ListItem\",\"position\":3,\"name\":\"Nep Spek\"}]},{\"@type\":\"WebSite\",\"@id\":\"https:\\\/\\\/decofoodshop.nl\\\/#website\",\"url\":\"https:\\\/\\\/decofoodshop.nl\\\/\",\"name\":\"Decofoodshop\",\"description\":\"\",\"potentialAction\":[{\"@type\":\"SearchAction\",\"target\":{\"@type\":\"EntryPoint\",\"urlTemplate\":\"https:\\\/\\\/decofoodshop.nl\\\/?s={search_term_string}\"},\"query-input\":{\"@type\":\"PropertyValueSpecification\",\"valueRequired\":true,\"valueName\":\"search_term_string\"}}],\"inLanguage\":\"de\"}]}<\/script>\n<!-- \/ Yoast SEO Premium plugin. -->","yoast_head_json":{"title":"Gef\u00e4lschter Bacon und noch mehr gef\u00e4lschtes Grillfleisch bei Decofoodshop","description":"Falschen Speck kaufen? Decofoodshop verkauft verschiedene Arten von gef\u00e4lschtem Fleisch. Auch dieses sch\u00f6ne Kunstwerk Speck. Wie echt, super dekorativ und schnell geliefert.","robots":{"index":"index","follow":"follow","max-snippet":"max-snippet:-1","max-image-preview":"max-image-preview:large","max-video-preview":"max-video-preview:-1"},"canonical":"https:\/\/decofoodshop.nl\/de\/produkt\/gefalschter-speck\/","og_locale":"de_DE","og_type":"article","og_title":"Nep Spek","og_description":"Nep Spek kopen? Decofoodshop verkoopt diverse soorten nepvlees. Ook dit fraaie stukje kunstspek. Net echt, super decoratief en snel bezorgd.","og_url":"https:\/\/decofoodshop.nl\/de\/produkt\/gefalschter-speck\/","og_site_name":"Decofoodshop","article_modified_time":"2026-03-20T15:09:24+00:00","og_image":[{"width":750,"height":748,"url":"https:\/\/decofoodshop.nl\/wp-content\/uploads\/2020\/11\/Nep-Spek.jpg","type":"image\/jpeg"}],"twitter_card":"summary_large_image","twitter_misc":{"Gesch\u00e4tzte Lesezeit":"1\u00a0Minute"},"schema":{"@context":"https:\/\/schema.org","@graph":[{"@type":"WebPage","@id":"https:\/\/decofoodshop.nl\/product\/nep-spek\/","url":"https:\/\/decofoodshop.nl\/product\/nep-spek\/","name":"Gef\u00e4lschter Bacon und noch mehr gef\u00e4lschtes Grillfleisch bei Decofoodshop","isPartOf":{"@id":"https:\/\/decofoodshop.nl\/#website"},"primaryImageOfPage":{"@id":"https:\/\/decofoodshop.nl\/product\/nep-spek\/#primaryimage"},"image":{"@id":"https:\/\/decofoodshop.nl\/product\/nep-spek\/#primaryimage"},"thumbnailUrl":"https:\/\/decofoodshop.nl\/wp-content\/uploads\/2020\/11\/Nep-Spek.jpg","datePublished":"2020-11-10T13:11:42+00:00","dateModified":"2026-03-20T15:09:24+00:00","description":"Falschen Speck kaufen? Decofoodshop verkauft verschiedene Arten von gef\u00e4lschtem Fleisch. Auch dieses sch\u00f6ne Kunstwerk Speck. Wie echt, super dekorativ und schnell geliefert.","breadcrumb":{"@id":"https:\/\/decofoodshop.nl\/product\/nep-spek\/#breadcrumb"},"inLanguage":"de","potentialAction":[{"@type":"ReadAction","target":["https:\/\/decofoodshop.nl\/product\/nep-spek\/"]}]},{"@type":"ImageObject","inLanguage":"de","@id":"https:\/\/decofoodshop.nl\/product\/nep-spek\/#primaryimage","url":"https:\/\/decofoodshop.nl\/wp-content\/uploads\/2020\/11\/Nep-Spek.jpg","contentUrl":"https:\/\/decofoodshop.nl\/wp-content\/uploads\/2020\/11\/Nep-Spek.jpg","width":750,"height":748,"caption":"Nep Spek van decofoodshop"},{"@type":"BreadcrumbList","@id":"https:\/\/decofoodshop.nl\/product\/nep-spek\/#breadcrumb","itemListElement":[{"@type":"ListItem","position":1,"name":"Home","item":"https:\/\/decofoodshop.nl\/"},{"@type":"ListItem","position":2,"name":"Winkel","item":"https:\/\/decofoodshop.nl\/winkel\/"},{"@type":"ListItem","position":3,"name":"Nep Spek"}]},{"@type":"WebSite","@id":"https:\/\/decofoodshop.nl\/#website","url":"https:\/\/decofoodshop.nl\/","name":"Dekofoodshop","description":"","potentialAction":[{"@type":"SearchAction","target":{"@type":"EntryPoint","urlTemplate":"https:\/\/decofoodshop.nl\/?s={search_term_string}"},"query-input":{"@type":"PropertyValueSpecification","valueRequired":true,"valueName":"search_term_string"}}],"inLanguage":"de"}]}},"_links":{"self":[{"href":"https:\/\/decofoodshop.nl\/de\/wp-json\/wp\/v2\/product\/3751","targetHints":{"allow":["GET"]}}],"collection":[{"href":"https:\/\/decofoodshop.nl\/de\/wp-json\/wp\/v2\/product"}],"about":[{"href":"https:\/\/decofoodshop.nl\/de\/wp-json\/wp\/v2\/types\/product"}],"wp:featuredmedia":[{"embeddable":true,"href":"https:\/\/decofoodshop.nl\/de\/wp-json\/wp\/v2\/media\/3756"}],"wp:attachment":[{"href":"https:\/\/decofoodshop.nl\/de\/wp-json\/wp\/v2\/media?parent=3751"}],"wp:term":[{"taxonomy":"product_brand","embeddable":true,"href":"https:\/\/decofoodshop.nl\/de\/wp-json\/wp\/v2\/product_brand?post=3751"},{"taxonomy":"product_cat","embeddable":true,"href":"https:\/\/decofoodshop.nl\/de\/wp-json\/wp\/v2\/product_cat?post=3751"},{"taxonomy":"product_tag","embeddable":true,"href":"https:\/\/decofoodshop.nl\/de\/wp-json\/wp\/v2\/product_tag?post=3751"}],"curies":[{"name":"wp","href":"https:\/\/api.w.org\/{rel}","templated":true}]}}