{"id":3778,"date":"2020-11-10T14:06:13","date_gmt":"2020-11-10T14:06:13","guid":{"rendered":"https:\/\/decofoodshop.nl\/?post_type=product&#038;p=3778"},"modified":"2026-03-25T13:01:32","modified_gmt":"2026-03-25T12:01:32","slug":"gefalschter-knoblauch","status":"publish","type":"product","link":"https:\/\/decofoodshop.nl\/de\/product\/namaak-knoflook\/","title":{"rendered":"Gef\u00e4lschter Knoblauch"},"content":{"rendered":"<p>Lebensechte Imitation Knoblauchknolle.<\/p>\n<p>Sowohl die Farbe als auch die Form sind genau wie das Original.<\/p>\n<p>Hellwei\u00df mit roten Akzenten.<\/p>\n<p>Unebene Oberfl\u00e4che wie echter Knoblauch.<\/p>\n<p>Sehr robust und dauerhaft sch\u00f6n.<\/p>\n<p>Definitiv eine sch\u00f6ne gef\u00e4lschte Knoblauchknolle.<\/p>\n<p>Werfen Sie auch einen Blick in unser Sortiment:<span style=\"color: #008000;\"><strong><a style=\"color: #008000;\" href=\"https:\/\/decofoodshop.nl\/de\/produktkategorie-2\/kunstliche-fruchte\/\">Gef\u00e4lschte Fr\u00fcchte<\/a><\/strong><\/span>&#8220;.<\/p>","protected":false},"excerpt":{"rendered":"<p>Lebensechte Knoblauchknolle-Imitation. Sowohl die Farbe als auch die Form entsprechen dem Original. Helles Wei\u00df mit roten Akzenten. Holprige Oberfl\u00e4che wie echter Knoblauch. Sehr robust und dauerhaft sch\u00f6n. Auf jeden Fall eine wundersch\u00f6ne k\u00fcnstliche Knoblauchknolle. Schauen Sie sich auch unser Sortiment an: \u201eKunstfr\u00fcchte\u201c.<\/p>","protected":false},"featured_media":3779,"template":"","meta":{"_acf_changed":false,"_genesis_hide_title":false,"_genesis_hide_breadcrumbs":false,"_genesis_hide_singular_image":false,"_genesis_hide_footer_widgets":false,"_genesis_custom_body_class":"","_genesis_custom_post_class":"","_genesis_layout":""},"product_brand":[],"product_cat":[48,51],"product_tag":[],"class_list":{"0":"post-3778","1":"product","2":"type-product","3":"status-publish","4":"has-post-thumbnail","6":"product_cat-kunstgroenten","7":"product_cat-overige","8":"entry","9":"wpx-has-gallery","11":"first","12":"instock","13":"taxable","14":"shipping-taxable","15":"purchasable","16":"product-type-simple"},"acf":[],"yoast_head":"<!-- This site is optimized with the Yoast SEO Premium plugin v27.3 (Yoast SEO v27.3) - https:\/\/yoast.com\/product\/yoast-seo-premium-wordpress\/ -->\n<title>Namaak Knoflook - en meer nepknoflook bij Decofoodshop<\/title>\n<meta name=\"description\" content=\"Namaak Knoflook van de mooiste kwaliteit. alle soorten namaak groenten, namaak kruiden en namaakfruit vindt u bij Decofoodshop.\" \/>\n<meta name=\"robots\" content=\"index, follow, max-snippet:-1, max-image-preview:large, max-video-preview:-1\" \/>\n<link rel=\"canonical\" href=\"https:\/\/decofoodshop.nl\/de\/produkt\/gefalschter-knoblauch\/\" \/>\n<meta property=\"og:locale\" content=\"de_DE\" \/>\n<meta property=\"og:type\" content=\"article\" \/>\n<meta property=\"og:title\" content=\"Namaak Knoflook\" \/>\n<meta property=\"og:description\" content=\"Namaak Knoflook van de mooiste kwaliteit. alle soorten namaak groenten, namaak kruiden en namaakfruit vindt u bij Decofoodshop.\" \/>\n<meta property=\"og:url\" content=\"https:\/\/decofoodshop.nl\/de\/produkt\/gefalschter-knoblauch\/\" \/>\n<meta property=\"og:site_name\" content=\"Decofoodshop\" \/>\n<meta property=\"article:modified_time\" content=\"2026-03-25T12:01:32+00:00\" \/>\n<meta property=\"og:image\" content=\"https:\/\/decofoodshop.nl\/wp-content\/uploads\/2020\/11\/Namaak-Knoflook.jpg\" \/>\n\t<meta property=\"og:image:width\" content=\"1200\" \/>\n\t<meta property=\"og:image:height\" content=\"1196\" \/>\n\t<meta property=\"og:image:type\" content=\"image\/jpeg\" \/>\n<meta name=\"twitter:card\" content=\"summary_large_image\" \/>\n<meta name=\"twitter:label1\" content=\"Gesch\u00e4tzte Lesezeit\" \/>\n\t<meta name=\"twitter:data1\" content=\"1\u00a0Minute\" \/>\n<script type=\"application\/ld+json\" class=\"yoast-schema-graph\">{\"@context\":\"https:\\\/\\\/schema.org\",\"@graph\":[{\"@type\":\"WebPage\",\"@id\":\"https:\\\/\\\/decofoodshop.nl\\\/product\\\/namaak-knoflook\\\/\",\"url\":\"https:\\\/\\\/decofoodshop.nl\\\/product\\\/namaak-knoflook\\\/\",\"name\":\"Namaak Knoflook - en meer nepknoflook bij Decofoodshop\",\"isPartOf\":{\"@id\":\"https:\\\/\\\/decofoodshop.nl\\\/#website\"},\"primaryImageOfPage\":{\"@id\":\"https:\\\/\\\/decofoodshop.nl\\\/product\\\/namaak-knoflook\\\/#primaryimage\"},\"image\":{\"@id\":\"https:\\\/\\\/decofoodshop.nl\\\/product\\\/namaak-knoflook\\\/#primaryimage\"},\"thumbnailUrl\":\"https:\\\/\\\/decofoodshop.nl\\\/wp-content\\\/uploads\\\/2020\\\/11\\\/Namaak-Knoflook.jpg\",\"datePublished\":\"2020-11-10T14:06:13+00:00\",\"dateModified\":\"2026-03-25T12:01:32+00:00\",\"description\":\"Namaak Knoflook van de mooiste kwaliteit. alle soorten namaak groenten, namaak kruiden en namaakfruit vindt u bij Decofoodshop.\",\"breadcrumb\":{\"@id\":\"https:\\\/\\\/decofoodshop.nl\\\/product\\\/namaak-knoflook\\\/#breadcrumb\"},\"inLanguage\":\"de\",\"potentialAction\":[{\"@type\":\"ReadAction\",\"target\":[\"https:\\\/\\\/decofoodshop.nl\\\/product\\\/namaak-knoflook\\\/\"]}]},{\"@type\":\"ImageObject\",\"inLanguage\":\"de\",\"@id\":\"https:\\\/\\\/decofoodshop.nl\\\/product\\\/namaak-knoflook\\\/#primaryimage\",\"url\":\"https:\\\/\\\/decofoodshop.nl\\\/wp-content\\\/uploads\\\/2020\\\/11\\\/Namaak-Knoflook.jpg\",\"contentUrl\":\"https:\\\/\\\/decofoodshop.nl\\\/wp-content\\\/uploads\\\/2020\\\/11\\\/Namaak-Knoflook.jpg\",\"width\":1200,\"height\":1196,\"caption\":\"Namaak Knoflook van Decofoodshop\"},{\"@type\":\"BreadcrumbList\",\"@id\":\"https:\\\/\\\/decofoodshop.nl\\\/product\\\/namaak-knoflook\\\/#breadcrumb\",\"itemListElement\":[{\"@type\":\"ListItem\",\"position\":1,\"name\":\"Home\",\"item\":\"https:\\\/\\\/decofoodshop.nl\\\/\"},{\"@type\":\"ListItem\",\"position\":2,\"name\":\"Winkel\",\"item\":\"https:\\\/\\\/decofoodshop.nl\\\/winkel\\\/\"},{\"@type\":\"ListItem\",\"position\":3,\"name\":\"Namaak Knoflook\"}]},{\"@type\":\"WebSite\",\"@id\":\"https:\\\/\\\/decofoodshop.nl\\\/#website\",\"url\":\"https:\\\/\\\/decofoodshop.nl\\\/\",\"name\":\"Decofoodshop\",\"description\":\"\",\"potentialAction\":[{\"@type\":\"SearchAction\",\"target\":{\"@type\":\"EntryPoint\",\"urlTemplate\":\"https:\\\/\\\/decofoodshop.nl\\\/?s={search_term_string}\"},\"query-input\":{\"@type\":\"PropertyValueSpecification\",\"valueRequired\":true,\"valueName\":\"search_term_string\"}}],\"inLanguage\":\"de\"}]}<\/script>\n<!-- \/ Yoast SEO Premium plugin. -->","yoast_head_json":{"title":"K\u00fcnstlicher Knoblauch - und noch mehr gef\u00e4lschter Knoblauch bei Decofoodshop","description":"Gef\u00e4lschter Knoblauch von feinster Qualit\u00e4t. Bei Decofoodshop finden Sie alle Arten von gef\u00e4lschtem Gem\u00fcse, gef\u00e4lschten Kr\u00e4utern und gef\u00e4lschten Fr\u00fcchten.","robots":{"index":"index","follow":"follow","max-snippet":"max-snippet:-1","max-image-preview":"max-image-preview:large","max-video-preview":"max-video-preview:-1"},"canonical":"https:\/\/decofoodshop.nl\/de\/produkt\/gefalschter-knoblauch\/","og_locale":"de_DE","og_type":"article","og_title":"Namaak Knoflook","og_description":"Namaak Knoflook van de mooiste kwaliteit. alle soorten namaak groenten, namaak kruiden en namaakfruit vindt u bij Decofoodshop.","og_url":"https:\/\/decofoodshop.nl\/de\/produkt\/gefalschter-knoblauch\/","og_site_name":"Decofoodshop","article_modified_time":"2026-03-25T12:01:32+00:00","og_image":[{"width":1200,"height":1196,"url":"https:\/\/decofoodshop.nl\/wp-content\/uploads\/2020\/11\/Namaak-Knoflook.jpg","type":"image\/jpeg"}],"twitter_card":"summary_large_image","twitter_misc":{"Gesch\u00e4tzte Lesezeit":"1\u00a0Minute"},"schema":{"@context":"https:\/\/schema.org","@graph":[{"@type":"WebPage","@id":"https:\/\/decofoodshop.nl\/product\/namaak-knoflook\/","url":"https:\/\/decofoodshop.nl\/product\/namaak-knoflook\/","name":"K\u00fcnstlicher Knoblauch - und noch mehr gef\u00e4lschter Knoblauch bei Decofoodshop","isPartOf":{"@id":"https:\/\/decofoodshop.nl\/#website"},"primaryImageOfPage":{"@id":"https:\/\/decofoodshop.nl\/product\/namaak-knoflook\/#primaryimage"},"image":{"@id":"https:\/\/decofoodshop.nl\/product\/namaak-knoflook\/#primaryimage"},"thumbnailUrl":"https:\/\/decofoodshop.nl\/wp-content\/uploads\/2020\/11\/Namaak-Knoflook.jpg","datePublished":"2020-11-10T14:06:13+00:00","dateModified":"2026-03-25T12:01:32+00:00","description":"Gef\u00e4lschter Knoblauch von feinster Qualit\u00e4t. Bei Decofoodshop finden Sie alle Arten von gef\u00e4lschtem Gem\u00fcse, gef\u00e4lschten Kr\u00e4utern und gef\u00e4lschten Fr\u00fcchten.","breadcrumb":{"@id":"https:\/\/decofoodshop.nl\/product\/namaak-knoflook\/#breadcrumb"},"inLanguage":"de","potentialAction":[{"@type":"ReadAction","target":["https:\/\/decofoodshop.nl\/product\/namaak-knoflook\/"]}]},{"@type":"ImageObject","inLanguage":"de","@id":"https:\/\/decofoodshop.nl\/product\/namaak-knoflook\/#primaryimage","url":"https:\/\/decofoodshop.nl\/wp-content\/uploads\/2020\/11\/Namaak-Knoflook.jpg","contentUrl":"https:\/\/decofoodshop.nl\/wp-content\/uploads\/2020\/11\/Namaak-Knoflook.jpg","width":1200,"height":1196,"caption":"Namaak Knoflook van Decofoodshop"},{"@type":"BreadcrumbList","@id":"https:\/\/decofoodshop.nl\/product\/namaak-knoflook\/#breadcrumb","itemListElement":[{"@type":"ListItem","position":1,"name":"Home","item":"https:\/\/decofoodshop.nl\/"},{"@type":"ListItem","position":2,"name":"Winkel","item":"https:\/\/decofoodshop.nl\/winkel\/"},{"@type":"ListItem","position":3,"name":"Namaak Knoflook"}]},{"@type":"WebSite","@id":"https:\/\/decofoodshop.nl\/#website","url":"https:\/\/decofoodshop.nl\/","name":"Dekofoodshop","description":"","potentialAction":[{"@type":"SearchAction","target":{"@type":"EntryPoint","urlTemplate":"https:\/\/decofoodshop.nl\/?s={search_term_string}"},"query-input":{"@type":"PropertyValueSpecification","valueRequired":true,"valueName":"search_term_string"}}],"inLanguage":"de"}]}},"_links":{"self":[{"href":"https:\/\/decofoodshop.nl\/de\/wp-json\/wp\/v2\/product\/3778","targetHints":{"allow":["GET"]}}],"collection":[{"href":"https:\/\/decofoodshop.nl\/de\/wp-json\/wp\/v2\/product"}],"about":[{"href":"https:\/\/decofoodshop.nl\/de\/wp-json\/wp\/v2\/types\/product"}],"wp:featuredmedia":[{"embeddable":true,"href":"https:\/\/decofoodshop.nl\/de\/wp-json\/wp\/v2\/media\/3779"}],"wp:attachment":[{"href":"https:\/\/decofoodshop.nl\/de\/wp-json\/wp\/v2\/media?parent=3778"}],"wp:term":[{"taxonomy":"product_brand","embeddable":true,"href":"https:\/\/decofoodshop.nl\/de\/wp-json\/wp\/v2\/product_brand?post=3778"},{"taxonomy":"product_cat","embeddable":true,"href":"https:\/\/decofoodshop.nl\/de\/wp-json\/wp\/v2\/product_cat?post=3778"},{"taxonomy":"product_tag","embeddable":true,"href":"https:\/\/decofoodshop.nl\/de\/wp-json\/wp\/v2\/product_tag?post=3778"}],"curies":[{"name":"wp","href":"https:\/\/api.w.org\/{rel}","templated":true}]}}