{"id":3788,"date":"2020-11-10T14:25:25","date_gmt":"2020-11-10T14:25:25","guid":{"rendered":"https:\/\/decofoodshop.nl\/?post_type=product&#038;p=3788"},"modified":"2026-04-02T21:42:28","modified_gmt":"2026-04-02T19:42:28","slug":"gefalschtes-sandwich","status":"publish","type":"product","link":"https:\/\/decofoodshop.nl\/de\/product\/nep-boterham\/","title":{"rendered":"Gef\u00e4lschtes Sandwich"},"content":{"rendered":"<p>Dieses Fake Sandwich ist eine lebensechte Kopie einer echten Brotscheibe.<\/p>\n<p>Das gef\u00e4lschte Sandwich ist auf beiden Seiten gepr\u00e4gt, wodurch das gef\u00e4lschte Sandwich als Dekoration vielseitig einsetzbar ist.<\/p>\n<p>Die Dummy-Sandwichscheibe hat rundherum eine braune Kruste und f\u00e4llt ma\u00dfhaltig aus.<\/p>\n<p>Auf jeden Fall ein sch\u00f6nes St\u00fcck falsches Brot.<\/p>\n<p>Weitere k\u00fcnstliche Brote finden Sie in unserem <span style=\"color: #008000;\"><strong><a style=\"color: #008000;\" href=\"https:\/\/decofoodshop.nl\/de\/produktkategorie-2\/pakete\/\">Pakete.<\/a><\/strong><\/span><\/p>","protected":false},"excerpt":{"rendered":"<p>Deze Nep Boterham is een levensechte kopie van een echte boterhammen snee. De Namaak Boterham is aan beide kanten met reli\u00ebf gemaakt waardoor de nepboterham breed toepasbaar is als decoratie. De Dummy boterham snee heeft een bruine korst rondom en is van ware grootte. Absoluut een fraaie snee namaakbrood. Kijk voor meer kunstbrood ook even [&hellip;]<\/p>\n","protected":false},"featured_media":3789,"template":"","meta":{"_acf_changed":false,"_genesis_hide_title":false,"_genesis_hide_breadcrumbs":false,"_genesis_hide_singular_image":false,"_genesis_hide_footer_widgets":false,"_genesis_custom_body_class":"","_genesis_custom_post_class":"","_genesis_layout":""},"product_brand":[],"product_cat":[46],"product_tag":[],"class_list":{"0":"post-3788","1":"product","2":"type-product","3":"status-publish","4":"has-post-thumbnail","6":"product_cat-broodengebak","7":"entry","8":"wpx-has-gallery","10":"first","11":"instock","12":"taxable","13":"shipping-taxable","14":"purchasable","15":"product-type-simple"},"acf":[],"yoast_head":"<!-- This site is optimized with the Yoast SEO Premium plugin v27.3 (Yoast SEO v27.3) - https:\/\/yoast.com\/product\/yoast-seo-premium-wordpress\/ -->\n<title>Nep Boterham en meer namaak broden kopen bij - Decofoodshop<\/title>\n<meta name=\"description\" content=\"Namaak Boterham kopen? Decofoodshop.nl verkoopt online namaak broden en veel meer diverse decoratie voedingswaren. Snel geleverd en uit eigen voorraad.\" \/>\n<meta name=\"robots\" content=\"index, follow, max-snippet:-1, max-image-preview:large, max-video-preview:-1\" \/>\n<link rel=\"canonical\" href=\"https:\/\/decofoodshop.nl\/de\/produkt\/gefalschtes-sandwich\/\" \/>\n<meta property=\"og:locale\" content=\"de_DE\" \/>\n<meta property=\"og:type\" content=\"article\" \/>\n<meta property=\"og:title\" content=\"Nep Boterham\" \/>\n<meta property=\"og:description\" content=\"Namaak Boterham kopen? Decofoodshop.nl verkoopt online namaak broden en veel meer diverse decoratie voedingswaren. Snel geleverd en uit eigen voorraad.\" \/>\n<meta property=\"og:url\" content=\"https:\/\/decofoodshop.nl\/de\/produkt\/gefalschtes-sandwich\/\" \/>\n<meta property=\"og:site_name\" content=\"Decofoodshop\" \/>\n<meta property=\"article:modified_time\" content=\"2026-04-02T19:42:28+00:00\" \/>\n<meta property=\"og:image\" content=\"https:\/\/decofoodshop.nl\/wp-content\/uploads\/2020\/11\/Nep-Boterham.jpg\" \/>\n\t<meta property=\"og:image:width\" content=\"1200\" \/>\n\t<meta property=\"og:image:height\" content=\"1201\" \/>\n\t<meta property=\"og:image:type\" content=\"image\/jpeg\" \/>\n<meta name=\"twitter:card\" content=\"summary_large_image\" \/>\n<meta name=\"twitter:label1\" content=\"Gesch\u00e4tzte Lesezeit\" \/>\n\t<meta name=\"twitter:data1\" content=\"1\u00a0Minute\" \/>\n<script type=\"application\/ld+json\" class=\"yoast-schema-graph\">{\"@context\":\"https:\\\/\\\/schema.org\",\"@graph\":[{\"@type\":\"WebPage\",\"@id\":\"https:\\\/\\\/decofoodshop.nl\\\/product\\\/nep-boterham\\\/\",\"url\":\"https:\\\/\\\/decofoodshop.nl\\\/product\\\/nep-boterham\\\/\",\"name\":\"Nep Boterham en meer namaak broden kopen bij - Decofoodshop\",\"isPartOf\":{\"@id\":\"https:\\\/\\\/decofoodshop.nl\\\/#website\"},\"primaryImageOfPage\":{\"@id\":\"https:\\\/\\\/decofoodshop.nl\\\/product\\\/nep-boterham\\\/#primaryimage\"},\"image\":{\"@id\":\"https:\\\/\\\/decofoodshop.nl\\\/product\\\/nep-boterham\\\/#primaryimage\"},\"thumbnailUrl\":\"https:\\\/\\\/decofoodshop.nl\\\/wp-content\\\/uploads\\\/2020\\\/11\\\/Nep-Boterham.jpg\",\"datePublished\":\"2020-11-10T14:25:25+00:00\",\"dateModified\":\"2026-04-02T19:42:28+00:00\",\"description\":\"Namaak Boterham kopen? Decofoodshop.nl verkoopt online namaak broden en veel meer diverse decoratie voedingswaren. Snel geleverd en uit eigen voorraad.\",\"breadcrumb\":{\"@id\":\"https:\\\/\\\/decofoodshop.nl\\\/product\\\/nep-boterham\\\/#breadcrumb\"},\"inLanguage\":\"de\",\"potentialAction\":[{\"@type\":\"ReadAction\",\"target\":[\"https:\\\/\\\/decofoodshop.nl\\\/product\\\/nep-boterham\\\/\"]}]},{\"@type\":\"ImageObject\",\"inLanguage\":\"de\",\"@id\":\"https:\\\/\\\/decofoodshop.nl\\\/product\\\/nep-boterham\\\/#primaryimage\",\"url\":\"https:\\\/\\\/decofoodshop.nl\\\/wp-content\\\/uploads\\\/2020\\\/11\\\/Nep-Boterham.jpg\",\"contentUrl\":\"https:\\\/\\\/decofoodshop.nl\\\/wp-content\\\/uploads\\\/2020\\\/11\\\/Nep-Boterham.jpg\",\"width\":1200,\"height\":1201,\"caption\":\"Nep Boterham kopen bij decofoodshop\"},{\"@type\":\"BreadcrumbList\",\"@id\":\"https:\\\/\\\/decofoodshop.nl\\\/product\\\/nep-boterham\\\/#breadcrumb\",\"itemListElement\":[{\"@type\":\"ListItem\",\"position\":1,\"name\":\"Home\",\"item\":\"https:\\\/\\\/decofoodshop.nl\\\/\"},{\"@type\":\"ListItem\",\"position\":2,\"name\":\"Winkel\",\"item\":\"https:\\\/\\\/decofoodshop.nl\\\/winkel\\\/\"},{\"@type\":\"ListItem\",\"position\":3,\"name\":\"Nep Boterham\"}]},{\"@type\":\"WebSite\",\"@id\":\"https:\\\/\\\/decofoodshop.nl\\\/#website\",\"url\":\"https:\\\/\\\/decofoodshop.nl\\\/\",\"name\":\"Decofoodshop\",\"description\":\"\",\"potentialAction\":[{\"@type\":\"SearchAction\",\"target\":{\"@type\":\"EntryPoint\",\"urlTemplate\":\"https:\\\/\\\/decofoodshop.nl\\\/?s={search_term_string}\"},\"query-input\":{\"@type\":\"PropertyValueSpecification\",\"valueRequired\":true,\"valueName\":\"search_term_string\"}}],\"inLanguage\":\"de\"}]}<\/script>\n<!-- \/ Yoast SEO Premium plugin. -->","yoast_head_json":{"title":"Kaufen Sie Fake Sandwich und mehr Fake-Brot bei - Decofoodshop","description":"Gef\u00e4lschtes Sandwich kaufen? Decofoodshop.nl verkauft gef\u00e4lschte Brote und viele andere dekorative Lebensmittel online. Schnell und aus eigenem Lager geliefert.","robots":{"index":"index","follow":"follow","max-snippet":"max-snippet:-1","max-image-preview":"max-image-preview:large","max-video-preview":"max-video-preview:-1"},"canonical":"https:\/\/decofoodshop.nl\/de\/produkt\/gefalschtes-sandwich\/","og_locale":"de_DE","og_type":"article","og_title":"Nep Boterham","og_description":"Namaak Boterham kopen? Decofoodshop.nl verkoopt online namaak broden en veel meer diverse decoratie voedingswaren. Snel geleverd en uit eigen voorraad.","og_url":"https:\/\/decofoodshop.nl\/de\/produkt\/gefalschtes-sandwich\/","og_site_name":"Decofoodshop","article_modified_time":"2026-04-02T19:42:28+00:00","og_image":[{"width":1200,"height":1201,"url":"https:\/\/decofoodshop.nl\/wp-content\/uploads\/2020\/11\/Nep-Boterham.jpg","type":"image\/jpeg"}],"twitter_card":"summary_large_image","twitter_misc":{"Gesch\u00e4tzte Lesezeit":"1\u00a0Minute"},"schema":{"@context":"https:\/\/schema.org","@graph":[{"@type":"WebPage","@id":"https:\/\/decofoodshop.nl\/product\/nep-boterham\/","url":"https:\/\/decofoodshop.nl\/product\/nep-boterham\/","name":"Kaufen Sie Fake Sandwich und mehr Fake-Brot bei - Decofoodshop","isPartOf":{"@id":"https:\/\/decofoodshop.nl\/#website"},"primaryImageOfPage":{"@id":"https:\/\/decofoodshop.nl\/product\/nep-boterham\/#primaryimage"},"image":{"@id":"https:\/\/decofoodshop.nl\/product\/nep-boterham\/#primaryimage"},"thumbnailUrl":"https:\/\/decofoodshop.nl\/wp-content\/uploads\/2020\/11\/Nep-Boterham.jpg","datePublished":"2020-11-10T14:25:25+00:00","dateModified":"2026-04-02T19:42:28+00:00","description":"Gef\u00e4lschtes Sandwich kaufen? Decofoodshop.nl verkauft gef\u00e4lschte Brote und viele andere dekorative Lebensmittel online. Schnell und aus eigenem Lager geliefert.","breadcrumb":{"@id":"https:\/\/decofoodshop.nl\/product\/nep-boterham\/#breadcrumb"},"inLanguage":"de","potentialAction":[{"@type":"ReadAction","target":["https:\/\/decofoodshop.nl\/product\/nep-boterham\/"]}]},{"@type":"ImageObject","inLanguage":"de","@id":"https:\/\/decofoodshop.nl\/product\/nep-boterham\/#primaryimage","url":"https:\/\/decofoodshop.nl\/wp-content\/uploads\/2020\/11\/Nep-Boterham.jpg","contentUrl":"https:\/\/decofoodshop.nl\/wp-content\/uploads\/2020\/11\/Nep-Boterham.jpg","width":1200,"height":1201,"caption":"Nep Boterham kopen bij decofoodshop"},{"@type":"BreadcrumbList","@id":"https:\/\/decofoodshop.nl\/product\/nep-boterham\/#breadcrumb","itemListElement":[{"@type":"ListItem","position":1,"name":"Home","item":"https:\/\/decofoodshop.nl\/"},{"@type":"ListItem","position":2,"name":"Winkel","item":"https:\/\/decofoodshop.nl\/winkel\/"},{"@type":"ListItem","position":3,"name":"Nep Boterham"}]},{"@type":"WebSite","@id":"https:\/\/decofoodshop.nl\/#website","url":"https:\/\/decofoodshop.nl\/","name":"Dekofoodshop","description":"","potentialAction":[{"@type":"SearchAction","target":{"@type":"EntryPoint","urlTemplate":"https:\/\/decofoodshop.nl\/?s={search_term_string}"},"query-input":{"@type":"PropertyValueSpecification","valueRequired":true,"valueName":"search_term_string"}}],"inLanguage":"de"}]}},"_links":{"self":[{"href":"https:\/\/decofoodshop.nl\/de\/wp-json\/wp\/v2\/product\/3788","targetHints":{"allow":["GET"]}}],"collection":[{"href":"https:\/\/decofoodshop.nl\/de\/wp-json\/wp\/v2\/product"}],"about":[{"href":"https:\/\/decofoodshop.nl\/de\/wp-json\/wp\/v2\/types\/product"}],"wp:featuredmedia":[{"embeddable":true,"href":"https:\/\/decofoodshop.nl\/de\/wp-json\/wp\/v2\/media\/3789"}],"wp:attachment":[{"href":"https:\/\/decofoodshop.nl\/de\/wp-json\/wp\/v2\/media?parent=3788"}],"wp:term":[{"taxonomy":"product_brand","embeddable":true,"href":"https:\/\/decofoodshop.nl\/de\/wp-json\/wp\/v2\/product_brand?post=3788"},{"taxonomy":"product_cat","embeddable":true,"href":"https:\/\/decofoodshop.nl\/de\/wp-json\/wp\/v2\/product_cat?post=3788"},{"taxonomy":"product_tag","embeddable":true,"href":"https:\/\/decofoodshop.nl\/de\/wp-json\/wp\/v2\/product_tag?post=3788"}],"curies":[{"name":"wp","href":"https:\/\/api.w.org\/{rel}","templated":true}]}}