{"id":3804,"date":"2020-11-10T14:47:43","date_gmt":"2020-11-10T14:47:43","guid":{"rendered":"https:\/\/decofoodshop.nl\/?post_type=product&#038;p=3804"},"modified":"2026-02-28T14:56:00","modified_gmt":"2026-02-28T13:56:00","slug":"lange-ziermelone","status":"publish","type":"product","link":"https:\/\/decofoodshop.nl\/de\/product\/lange-sier-meloen\/","title":{"rendered":"Lange Ziermelone"},"content":{"rendered":"<p>Gro\u00dfe gelbgr\u00fcne lange Ziermelone.<\/p>\n<p>Sehr lebensechtes Modell.<\/p>\n<p>Gro\u00dfe Gr\u00f6\u00dfe und leuchtende Farben.<\/p>\n<p>Mit nat\u00fcrlicher Oberfl\u00e4che.<\/p>\n<p>Fertig mit einem Stick und Curl.<\/p>\n<p>Sieht aus, als w\u00fcrde es vom Feld kommen.<\/p>\n<p>Falsche Melone von sehr fester Qualit\u00e4t.<\/p>\n<p>Werfen Sie auch einen Blick auf unsere <span style=\"color: #008000;\"><strong><a style=\"color: #008000;\" href=\"https:\/\/decofoodshop.nl\/de\/produktkategorie-2\/pakete\/\">Verpackungen von k\u00fcnstlichen Fr\u00fcchten<\/a><\/strong>.<\/span><\/p>","protected":false},"excerpt":{"rendered":"<p>Gro\u00dfe gelbgr\u00fcne lange Ziermelone. Spezielles lebensechtes Modell. Gro\u00dfe Gr\u00f6\u00dfe und leuchtende Farben. Mit nat\u00fcrlicher Oberfl\u00e4che. Mit einem Stock und einer Locke abgeschlossen. Scheint direkt vom Feld zu kommen. K\u00fcnstliche Melone von sehr fester Qualit\u00e4t. Schauen Sie sich auch unsere Kunstobst-Pakete an.<\/p>","protected":false},"featured_media":3805,"template":"","meta":{"_acf_changed":false,"_genesis_hide_title":false,"_genesis_hide_breadcrumbs":false,"_genesis_hide_singular_image":false,"_genesis_hide_footer_widgets":false,"_genesis_custom_body_class":"","_genesis_custom_post_class":"","_genesis_layout":""},"product_brand":[],"product_cat":[47],"product_tag":[],"class_list":{"0":"post-3804","1":"product","2":"type-product","3":"status-publish","4":"has-post-thumbnail","6":"product_cat-kunstfruit","7":"entry","8":"wpx-has-gallery","10":"first","11":"instock","12":"taxable","13":"shipping-taxable","14":"purchasable","15":"product-type-simple"},"acf":[],"yoast_head":"<!-- This site is optimized with the Yoast SEO Premium plugin v27.3 (Yoast SEO v27.4) - https:\/\/yoast.com\/product\/yoast-seo-premium-wordpress\/ -->\n<title>Lange Sier Meloen - en meer nepmeloenen kopen bij Decofoodshop<\/title>\n<meta name=\"description\" content=\"Lange Sier Meloen van bijzonder natuurlijke kwaliteit. Makkelij bestellen bij Decofoodshop.nl Snel bezorgd uit eigen voorraad.\" \/>\n<meta name=\"robots\" content=\"index, follow, max-snippet:-1, max-image-preview:large, max-video-preview:-1\" \/>\n<link rel=\"canonical\" href=\"https:\/\/decofoodshop.nl\/de\/produkt\/lange-ziermelone\/\" \/>\n<meta property=\"og:locale\" content=\"de_DE\" \/>\n<meta property=\"og:type\" content=\"article\" \/>\n<meta property=\"og:title\" content=\"Lange Sier Meloen\" \/>\n<meta property=\"og:description\" content=\"Lange Sier Meloen van bijzonder natuurlijke kwaliteit. Makkelij bestellen bij Decofoodshop.nl Snel bezorgd uit eigen voorraad.\" \/>\n<meta property=\"og:url\" content=\"https:\/\/decofoodshop.nl\/de\/produkt\/lange-ziermelone\/\" \/>\n<meta property=\"og:site_name\" content=\"Decofoodshop\" \/>\n<meta property=\"article:modified_time\" content=\"2026-02-28T13:56:00+00:00\" \/>\n<meta property=\"og:image\" content=\"https:\/\/decofoodshop.nl\/wp-content\/uploads\/2020\/11\/Lange-Sier-Meloen--rotated.jpg\" \/>\n\t<meta property=\"og:image:width\" content=\"1200\" \/>\n\t<meta property=\"og:image:height\" content=\"1201\" \/>\n\t<meta property=\"og:image:type\" content=\"image\/jpeg\" \/>\n<meta name=\"twitter:card\" content=\"summary_large_image\" \/>\n<meta name=\"twitter:label1\" content=\"Gesch\u00e4tzte Lesezeit\" \/>\n\t<meta name=\"twitter:data1\" content=\"1\u00a0Minute\" \/>\n<script type=\"application\/ld+json\" class=\"yoast-schema-graph\">{\"@context\":\"https:\\\/\\\/schema.org\",\"@graph\":[{\"@type\":\"WebPage\",\"@id\":\"https:\\\/\\\/decofoodshop.nl\\\/product\\\/lange-sier-meloen\\\/\",\"url\":\"https:\\\/\\\/decofoodshop.nl\\\/product\\\/lange-sier-meloen\\\/\",\"name\":\"Lange Sier Meloen - en meer nepmeloenen kopen bij Decofoodshop\",\"isPartOf\":{\"@id\":\"https:\\\/\\\/decofoodshop.nl\\\/#website\"},\"primaryImageOfPage\":{\"@id\":\"https:\\\/\\\/decofoodshop.nl\\\/product\\\/lange-sier-meloen\\\/#primaryimage\"},\"image\":{\"@id\":\"https:\\\/\\\/decofoodshop.nl\\\/product\\\/lange-sier-meloen\\\/#primaryimage\"},\"thumbnailUrl\":\"https:\\\/\\\/decofoodshop.nl\\\/wp-content\\\/uploads\\\/2020\\\/11\\\/Lange-Sier-Meloen--rotated.jpg\",\"datePublished\":\"2020-11-10T14:47:43+00:00\",\"dateModified\":\"2026-02-28T13:56:00+00:00\",\"description\":\"Lange Sier Meloen van bijzonder natuurlijke kwaliteit. Makkelij bestellen bij Decofoodshop.nl Snel bezorgd uit eigen voorraad.\",\"breadcrumb\":{\"@id\":\"https:\\\/\\\/decofoodshop.nl\\\/product\\\/lange-sier-meloen\\\/#breadcrumb\"},\"inLanguage\":\"de\",\"potentialAction\":[{\"@type\":\"ReadAction\",\"target\":[\"https:\\\/\\\/decofoodshop.nl\\\/product\\\/lange-sier-meloen\\\/\"]}]},{\"@type\":\"ImageObject\",\"inLanguage\":\"de\",\"@id\":\"https:\\\/\\\/decofoodshop.nl\\\/product\\\/lange-sier-meloen\\\/#primaryimage\",\"url\":\"https:\\\/\\\/decofoodshop.nl\\\/wp-content\\\/uploads\\\/2020\\\/11\\\/Lange-Sier-Meloen--rotated.jpg\",\"contentUrl\":\"https:\\\/\\\/decofoodshop.nl\\\/wp-content\\\/uploads\\\/2020\\\/11\\\/Lange-Sier-Meloen--rotated.jpg\",\"width\":1200,\"height\":1201,\"caption\":\"Lange Sier Meloen en meer nepmeloenen bij decofoodshop\"},{\"@type\":\"BreadcrumbList\",\"@id\":\"https:\\\/\\\/decofoodshop.nl\\\/product\\\/lange-sier-meloen\\\/#breadcrumb\",\"itemListElement\":[{\"@type\":\"ListItem\",\"position\":1,\"name\":\"Home\",\"item\":\"https:\\\/\\\/decofoodshop.nl\\\/\"},{\"@type\":\"ListItem\",\"position\":2,\"name\":\"Winkel\",\"item\":\"https:\\\/\\\/decofoodshop.nl\\\/winkel\\\/\"},{\"@type\":\"ListItem\",\"position\":3,\"name\":\"Lange Sier Meloen\"}]},{\"@type\":\"WebSite\",\"@id\":\"https:\\\/\\\/decofoodshop.nl\\\/#website\",\"url\":\"https:\\\/\\\/decofoodshop.nl\\\/\",\"name\":\"Decofoodshop\",\"description\":\"\",\"potentialAction\":[{\"@type\":\"SearchAction\",\"target\":{\"@type\":\"EntryPoint\",\"urlTemplate\":\"https:\\\/\\\/decofoodshop.nl\\\/?s={search_term_string}\"},\"query-input\":{\"@type\":\"PropertyValueSpecification\",\"valueRequired\":true,\"valueName\":\"search_term_string\"}}],\"inLanguage\":\"de\"}]}<\/script>\n<!-- \/ Yoast SEO Premium plugin. -->","yoast_head_json":{"title":"Lange Sier Melone - und kaufen Sie weitere gef\u00e4lschte Melonen bei Decofoodshop","description":"Hohe Ziermelone von besonders nat\u00fcrlicher Qualit\u00e4t. Einfache Bestellung bei Decofoodshop.nl Schnelle Lieferung aus unserem eigenen Lager.","robots":{"index":"index","follow":"follow","max-snippet":"max-snippet:-1","max-image-preview":"max-image-preview:large","max-video-preview":"max-video-preview:-1"},"canonical":"https:\/\/decofoodshop.nl\/de\/produkt\/lange-ziermelone\/","og_locale":"de_DE","og_type":"article","og_title":"Lange Sier Meloen","og_description":"Lange Sier Meloen van bijzonder natuurlijke kwaliteit. Makkelij bestellen bij Decofoodshop.nl Snel bezorgd uit eigen voorraad.","og_url":"https:\/\/decofoodshop.nl\/de\/produkt\/lange-ziermelone\/","og_site_name":"Decofoodshop","article_modified_time":"2026-02-28T13:56:00+00:00","og_image":[{"width":1200,"height":1201,"url":"https:\/\/decofoodshop.nl\/wp-content\/uploads\/2020\/11\/Lange-Sier-Meloen--rotated.jpg","type":"image\/jpeg"}],"twitter_card":"summary_large_image","twitter_misc":{"Gesch\u00e4tzte Lesezeit":"1\u00a0Minute"},"schema":{"@context":"https:\/\/schema.org","@graph":[{"@type":"WebPage","@id":"https:\/\/decofoodshop.nl\/product\/lange-sier-meloen\/","url":"https:\/\/decofoodshop.nl\/product\/lange-sier-meloen\/","name":"Lange Sier Melone - und kaufen Sie weitere gef\u00e4lschte Melonen bei Decofoodshop","isPartOf":{"@id":"https:\/\/decofoodshop.nl\/#website"},"primaryImageOfPage":{"@id":"https:\/\/decofoodshop.nl\/product\/lange-sier-meloen\/#primaryimage"},"image":{"@id":"https:\/\/decofoodshop.nl\/product\/lange-sier-meloen\/#primaryimage"},"thumbnailUrl":"https:\/\/decofoodshop.nl\/wp-content\/uploads\/2020\/11\/Lange-Sier-Meloen--rotated.jpg","datePublished":"2020-11-10T14:47:43+00:00","dateModified":"2026-02-28T13:56:00+00:00","description":"Hohe Ziermelone von besonders nat\u00fcrlicher Qualit\u00e4t. Einfache Bestellung bei Decofoodshop.nl Schnelle Lieferung aus unserem eigenen Lager.","breadcrumb":{"@id":"https:\/\/decofoodshop.nl\/product\/lange-sier-meloen\/#breadcrumb"},"inLanguage":"de","potentialAction":[{"@type":"ReadAction","target":["https:\/\/decofoodshop.nl\/product\/lange-sier-meloen\/"]}]},{"@type":"ImageObject","inLanguage":"de","@id":"https:\/\/decofoodshop.nl\/product\/lange-sier-meloen\/#primaryimage","url":"https:\/\/decofoodshop.nl\/wp-content\/uploads\/2020\/11\/Lange-Sier-Meloen--rotated.jpg","contentUrl":"https:\/\/decofoodshop.nl\/wp-content\/uploads\/2020\/11\/Lange-Sier-Meloen--rotated.jpg","width":1200,"height":1201,"caption":"Lange Sier Meloen en meer nepmeloenen bij decofoodshop"},{"@type":"BreadcrumbList","@id":"https:\/\/decofoodshop.nl\/product\/lange-sier-meloen\/#breadcrumb","itemListElement":[{"@type":"ListItem","position":1,"name":"Home","item":"https:\/\/decofoodshop.nl\/"},{"@type":"ListItem","position":2,"name":"Winkel","item":"https:\/\/decofoodshop.nl\/winkel\/"},{"@type":"ListItem","position":3,"name":"Lange Sier Meloen"}]},{"@type":"WebSite","@id":"https:\/\/decofoodshop.nl\/#website","url":"https:\/\/decofoodshop.nl\/","name":"Dekofoodshop","description":"","potentialAction":[{"@type":"SearchAction","target":{"@type":"EntryPoint","urlTemplate":"https:\/\/decofoodshop.nl\/?s={search_term_string}"},"query-input":{"@type":"PropertyValueSpecification","valueRequired":true,"valueName":"search_term_string"}}],"inLanguage":"de"}]}},"_links":{"self":[{"href":"https:\/\/decofoodshop.nl\/de\/wp-json\/wp\/v2\/product\/3804","targetHints":{"allow":["GET"]}}],"collection":[{"href":"https:\/\/decofoodshop.nl\/de\/wp-json\/wp\/v2\/product"}],"about":[{"href":"https:\/\/decofoodshop.nl\/de\/wp-json\/wp\/v2\/types\/product"}],"wp:featuredmedia":[{"embeddable":true,"href":"https:\/\/decofoodshop.nl\/de\/wp-json\/wp\/v2\/media\/3805"}],"wp:attachment":[{"href":"https:\/\/decofoodshop.nl\/de\/wp-json\/wp\/v2\/media?parent=3804"}],"wp:term":[{"taxonomy":"product_brand","embeddable":true,"href":"https:\/\/decofoodshop.nl\/de\/wp-json\/wp\/v2\/product_brand?post=3804"},{"taxonomy":"product_cat","embeddable":true,"href":"https:\/\/decofoodshop.nl\/de\/wp-json\/wp\/v2\/product_cat?post=3804"},{"taxonomy":"product_tag","embeddable":true,"href":"https:\/\/decofoodshop.nl\/de\/wp-json\/wp\/v2\/product_tag?post=3804"}],"curies":[{"name":"wp","href":"https:\/\/api.w.org\/{rel}","templated":true}]}}