{"id":3815,"date":"2020-11-10T15:09:16","date_gmt":"2020-11-10T15:09:16","guid":{"rendered":"https:\/\/decofoodshop.nl\/?post_type=product&#038;p=3815"},"modified":"2026-03-24T15:45:41","modified_gmt":"2026-03-24T14:45:41","slug":"grun-gelbe-kunstliche-banane","status":"publish","type":"product","link":"https:\/\/decofoodshop.nl\/de\/product\/groen-gele-kunstbanaan\/","title":{"rendered":"Gr\u00fcne gelbe k\u00fcnstliche Banane"},"content":{"rendered":"<p>Sehr nat\u00fcrliche gr\u00fcne gelbe k\u00fcnstliche Banane.<\/p>\n<p>Noch nicht ganz reif.<\/p>\n<p>Die imitierte Banane f\u00fchlt sich auch echt an.<\/p>\n<p>Robust und schlagfest.<\/p>\n<p>Die Farben sind sehr lebensecht.<\/p>\n<p>Mit kleinen braunen Flecken.<\/p>\n<p>Auch sch\u00f6n in Kombination mit den anderen gef\u00e4lschten Bananen.<\/p>\n<p>die allerbeste gef\u00e4lschte Frucht von Decofoodshop.<\/p>\n<p>Werfen Sie auch einen Blick auf unsere <span style=\"color: #008000;\"><strong><a style=\"color: #008000;\" href=\"https:\/\/decofoodshop.nl\/de\/produktkategorie-2\/pakete\/\">Verpackungen von k\u00fcnstlichen Fr\u00fcchten<\/a><\/strong><\/span>.<\/p>","protected":false},"excerpt":{"rendered":"<p>Sehr nat\u00fcrliche gr\u00fcne gelbe k\u00fcnstliche Banane. Noch nicht ganz reif. Die imitierte Banane f\u00fchlt sich auch echt an. Robust und schlagfest. Die Farben sind sehr lebensecht. Mit kleinen braunen Flecken. Auch sch\u00f6n in Kombination mit den anderen gef\u00e4lschten Bananen. die allerbeste gef\u00e4lschte Frucht von Decofoodshop. Schauen Sie sich auch unsere k\u00fcnstlichen Fruchtpakete an.<\/p>","protected":false},"featured_media":3816,"template":"","meta":{"_acf_changed":false,"_genesis_hide_title":false,"_genesis_hide_breadcrumbs":false,"_genesis_hide_singular_image":false,"_genesis_hide_footer_widgets":false,"_genesis_custom_body_class":"","_genesis_custom_post_class":"","_genesis_layout":""},"product_brand":[],"product_cat":[47],"product_tag":[],"class_list":{"0":"post-3815","1":"product","2":"type-product","3":"status-publish","4":"has-post-thumbnail","6":"product_cat-kunstfruit","7":"entry","8":"wpx-has-gallery","10":"first","11":"instock","12":"taxable","13":"shipping-taxable","14":"purchasable","15":"product-type-simple"},"acf":[],"yoast_head":"<!-- This site is optimized with the Yoast SEO Premium plugin v27.3 (Yoast SEO v27.4) - https:\/\/yoast.com\/product\/yoast-seo-premium-wordpress\/ -->\n<title>Groen Gele Kunstbanaan - en meer kunstfruit kopen bij Decofoodshop<\/title>\n<meta name=\"description\" content=\"Groen Gele Kunstbanaan en meer decoratief sierfruit en nepfruit kopen? Dat kan bij Decofoodshop. D\u00e8 aanbieder van alle soorten nepfruit.\" \/>\n<meta name=\"robots\" content=\"index, follow, max-snippet:-1, max-image-preview:large, max-video-preview:-1\" \/>\n<link rel=\"canonical\" href=\"https:\/\/decofoodshop.nl\/de\/produkt\/grun-gelbe-kunstliche-banane\/\" \/>\n<meta property=\"og:locale\" content=\"de_DE\" \/>\n<meta property=\"og:type\" content=\"article\" \/>\n<meta property=\"og:title\" content=\"Groen Gele Kunstbanaan\" \/>\n<meta property=\"og:description\" content=\"Groen Gele Kunstbanaan en meer decoratief sierfruit en nepfruit kopen? Dat kan bij Decofoodshop. D\u00e8 aanbieder van alle soorten nepfruit.\" \/>\n<meta property=\"og:url\" content=\"https:\/\/decofoodshop.nl\/de\/produkt\/grun-gelbe-kunstliche-banane\/\" \/>\n<meta property=\"og:site_name\" content=\"Decofoodshop\" \/>\n<meta property=\"article:modified_time\" content=\"2026-03-24T14:45:41+00:00\" \/>\n<meta property=\"og:image\" content=\"https:\/\/decofoodshop.nl\/wp-content\/uploads\/2020\/11\/Groen-Gele-Kunstbanaan.jpg\" \/>\n\t<meta property=\"og:image:width\" content=\"1200\" \/>\n\t<meta property=\"og:image:height\" content=\"1200\" \/>\n\t<meta property=\"og:image:type\" content=\"image\/jpeg\" \/>\n<meta name=\"twitter:card\" content=\"summary_large_image\" \/>\n<meta name=\"twitter:label1\" content=\"Gesch\u00e4tzte Lesezeit\" \/>\n\t<meta name=\"twitter:data1\" content=\"1\u00a0Minute\" \/>\n<script type=\"application\/ld+json\" class=\"yoast-schema-graph\">{\"@context\":\"https:\\\/\\\/schema.org\",\"@graph\":[{\"@type\":\"WebPage\",\"@id\":\"https:\\\/\\\/decofoodshop.nl\\\/product\\\/groen-gele-kunstbanaan\\\/\",\"url\":\"https:\\\/\\\/decofoodshop.nl\\\/product\\\/groen-gele-kunstbanaan\\\/\",\"name\":\"Groen Gele Kunstbanaan - en meer kunstfruit kopen bij Decofoodshop\",\"isPartOf\":{\"@id\":\"https:\\\/\\\/decofoodshop.nl\\\/#website\"},\"primaryImageOfPage\":{\"@id\":\"https:\\\/\\\/decofoodshop.nl\\\/product\\\/groen-gele-kunstbanaan\\\/#primaryimage\"},\"image\":{\"@id\":\"https:\\\/\\\/decofoodshop.nl\\\/product\\\/groen-gele-kunstbanaan\\\/#primaryimage\"},\"thumbnailUrl\":\"https:\\\/\\\/decofoodshop.nl\\\/wp-content\\\/uploads\\\/2020\\\/11\\\/Groen-Gele-Kunstbanaan.jpg\",\"datePublished\":\"2020-11-10T15:09:16+00:00\",\"dateModified\":\"2026-03-24T14:45:41+00:00\",\"description\":\"Groen Gele Kunstbanaan en meer decoratief sierfruit en nepfruit kopen? Dat kan bij Decofoodshop. D\u00e8 aanbieder van alle soorten nepfruit.\",\"breadcrumb\":{\"@id\":\"https:\\\/\\\/decofoodshop.nl\\\/product\\\/groen-gele-kunstbanaan\\\/#breadcrumb\"},\"inLanguage\":\"de\",\"potentialAction\":[{\"@type\":\"ReadAction\",\"target\":[\"https:\\\/\\\/decofoodshop.nl\\\/product\\\/groen-gele-kunstbanaan\\\/\"]}]},{\"@type\":\"ImageObject\",\"inLanguage\":\"de\",\"@id\":\"https:\\\/\\\/decofoodshop.nl\\\/product\\\/groen-gele-kunstbanaan\\\/#primaryimage\",\"url\":\"https:\\\/\\\/decofoodshop.nl\\\/wp-content\\\/uploads\\\/2020\\\/11\\\/Groen-Gele-Kunstbanaan.jpg\",\"contentUrl\":\"https:\\\/\\\/decofoodshop.nl\\\/wp-content\\\/uploads\\\/2020\\\/11\\\/Groen-Gele-Kunstbanaan.jpg\",\"width\":1200,\"height\":1200,\"caption\":\"Groen Gele Kunstbanaan van Decofoodshop.nl\"},{\"@type\":\"BreadcrumbList\",\"@id\":\"https:\\\/\\\/decofoodshop.nl\\\/product\\\/groen-gele-kunstbanaan\\\/#breadcrumb\",\"itemListElement\":[{\"@type\":\"ListItem\",\"position\":1,\"name\":\"Home\",\"item\":\"https:\\\/\\\/decofoodshop.nl\\\/\"},{\"@type\":\"ListItem\",\"position\":2,\"name\":\"Winkel\",\"item\":\"https:\\\/\\\/decofoodshop.nl\\\/winkel\\\/\"},{\"@type\":\"ListItem\",\"position\":3,\"name\":\"Groen Gele Kunstbanaan\"}]},{\"@type\":\"WebSite\",\"@id\":\"https:\\\/\\\/decofoodshop.nl\\\/#website\",\"url\":\"https:\\\/\\\/decofoodshop.nl\\\/\",\"name\":\"Decofoodshop\",\"description\":\"\",\"potentialAction\":[{\"@type\":\"SearchAction\",\"target\":{\"@type\":\"EntryPoint\",\"urlTemplate\":\"https:\\\/\\\/decofoodshop.nl\\\/?s={search_term_string}\"},\"query-input\":{\"@type\":\"PropertyValueSpecification\",\"valueRequired\":true,\"valueName\":\"search_term_string\"}}],\"inLanguage\":\"de\"}]}<\/script>\n<!-- \/ Yoast SEO Premium plugin. -->","yoast_head_json":{"title":"Kaufen Sie gr\u00fcn-gelbe Kunstbanane - und mehr Kunstobst bei Decofoodshop","description":"M\u00f6chten Sie gr\u00fcn-gelbe k\u00fcnstliche Bananen und dekorativere Zierfr\u00fcchte und k\u00fcnstliche Fr\u00fcchte kaufen? Das ist bei Decofoodshop m\u00f6glich. Der Anbieter aller Arten von Kunstobst.","robots":{"index":"index","follow":"follow","max-snippet":"max-snippet:-1","max-image-preview":"max-image-preview:large","max-video-preview":"max-video-preview:-1"},"canonical":"https:\/\/decofoodshop.nl\/de\/produkt\/grun-gelbe-kunstliche-banane\/","og_locale":"de_DE","og_type":"article","og_title":"Groen Gele Kunstbanaan","og_description":"Groen Gele Kunstbanaan en meer decoratief sierfruit en nepfruit kopen? Dat kan bij Decofoodshop. D\u00e8 aanbieder van alle soorten nepfruit.","og_url":"https:\/\/decofoodshop.nl\/de\/produkt\/grun-gelbe-kunstliche-banane\/","og_site_name":"Decofoodshop","article_modified_time":"2026-03-24T14:45:41+00:00","og_image":[{"width":1200,"height":1200,"url":"https:\/\/decofoodshop.nl\/wp-content\/uploads\/2020\/11\/Groen-Gele-Kunstbanaan.jpg","type":"image\/jpeg"}],"twitter_card":"summary_large_image","twitter_misc":{"Gesch\u00e4tzte Lesezeit":"1\u00a0Minute"},"schema":{"@context":"https:\/\/schema.org","@graph":[{"@type":"WebPage","@id":"https:\/\/decofoodshop.nl\/product\/groen-gele-kunstbanaan\/","url":"https:\/\/decofoodshop.nl\/product\/groen-gele-kunstbanaan\/","name":"Kaufen Sie gr\u00fcn-gelbe Kunstbanane - und mehr Kunstobst bei Decofoodshop","isPartOf":{"@id":"https:\/\/decofoodshop.nl\/#website"},"primaryImageOfPage":{"@id":"https:\/\/decofoodshop.nl\/product\/groen-gele-kunstbanaan\/#primaryimage"},"image":{"@id":"https:\/\/decofoodshop.nl\/product\/groen-gele-kunstbanaan\/#primaryimage"},"thumbnailUrl":"https:\/\/decofoodshop.nl\/wp-content\/uploads\/2020\/11\/Groen-Gele-Kunstbanaan.jpg","datePublished":"2020-11-10T15:09:16+00:00","dateModified":"2026-03-24T14:45:41+00:00","description":"M\u00f6chten Sie gr\u00fcn-gelbe k\u00fcnstliche Bananen und dekorativere Zierfr\u00fcchte und k\u00fcnstliche Fr\u00fcchte kaufen? Das ist bei Decofoodshop m\u00f6glich. Der Anbieter aller Arten von Kunstobst.","breadcrumb":{"@id":"https:\/\/decofoodshop.nl\/product\/groen-gele-kunstbanaan\/#breadcrumb"},"inLanguage":"de","potentialAction":[{"@type":"ReadAction","target":["https:\/\/decofoodshop.nl\/product\/groen-gele-kunstbanaan\/"]}]},{"@type":"ImageObject","inLanguage":"de","@id":"https:\/\/decofoodshop.nl\/product\/groen-gele-kunstbanaan\/#primaryimage","url":"https:\/\/decofoodshop.nl\/wp-content\/uploads\/2020\/11\/Groen-Gele-Kunstbanaan.jpg","contentUrl":"https:\/\/decofoodshop.nl\/wp-content\/uploads\/2020\/11\/Groen-Gele-Kunstbanaan.jpg","width":1200,"height":1200,"caption":"Groen Gele Kunstbanaan van Decofoodshop.nl"},{"@type":"BreadcrumbList","@id":"https:\/\/decofoodshop.nl\/product\/groen-gele-kunstbanaan\/#breadcrumb","itemListElement":[{"@type":"ListItem","position":1,"name":"Home","item":"https:\/\/decofoodshop.nl\/"},{"@type":"ListItem","position":2,"name":"Winkel","item":"https:\/\/decofoodshop.nl\/winkel\/"},{"@type":"ListItem","position":3,"name":"Groen Gele Kunstbanaan"}]},{"@type":"WebSite","@id":"https:\/\/decofoodshop.nl\/#website","url":"https:\/\/decofoodshop.nl\/","name":"Dekofoodshop","description":"","potentialAction":[{"@type":"SearchAction","target":{"@type":"EntryPoint","urlTemplate":"https:\/\/decofoodshop.nl\/?s={search_term_string}"},"query-input":{"@type":"PropertyValueSpecification","valueRequired":true,"valueName":"search_term_string"}}],"inLanguage":"de"}]}},"_links":{"self":[{"href":"https:\/\/decofoodshop.nl\/de\/wp-json\/wp\/v2\/product\/3815","targetHints":{"allow":["GET"]}}],"collection":[{"href":"https:\/\/decofoodshop.nl\/de\/wp-json\/wp\/v2\/product"}],"about":[{"href":"https:\/\/decofoodshop.nl\/de\/wp-json\/wp\/v2\/types\/product"}],"wp:featuredmedia":[{"embeddable":true,"href":"https:\/\/decofoodshop.nl\/de\/wp-json\/wp\/v2\/media\/3816"}],"wp:attachment":[{"href":"https:\/\/decofoodshop.nl\/de\/wp-json\/wp\/v2\/media?parent=3815"}],"wp:term":[{"taxonomy":"product_brand","embeddable":true,"href":"https:\/\/decofoodshop.nl\/de\/wp-json\/wp\/v2\/product_brand?post=3815"},{"taxonomy":"product_cat","embeddable":true,"href":"https:\/\/decofoodshop.nl\/de\/wp-json\/wp\/v2\/product_cat?post=3815"},{"taxonomy":"product_tag","embeddable":true,"href":"https:\/\/decofoodshop.nl\/de\/wp-json\/wp\/v2\/product_tag?post=3815"}],"curies":[{"name":"wp","href":"https:\/\/api.w.org\/{rel}","templated":true}]}}