{"id":3833,"date":"2020-11-16T15:26:48","date_gmt":"2020-11-16T15:26:48","guid":{"rendered":"https:\/\/decofoodshop.nl\/?post_type=product&#038;p=3833"},"modified":"2026-03-16T16:23:48","modified_gmt":"2026-03-16T15:23:48","slug":"gefalschte-brombeeren","status":"publish","type":"product","link":"https:\/\/decofoodshop.nl\/de\/product\/namaak-bramen\/","title":{"rendered":"Gef\u00e4lschte Brombeeren"},"content":{"rendered":"<p>Gef\u00e4lschte Brombeeren Set mit 25 St\u00fcck.<\/p>\n<p>Besonders naturgetreue gef\u00e4lschte Brombeeren.<\/p>\n<p>Mit nat\u00fcrlicher Oberfl\u00e4che und gr\u00fcner Wasserlinse.<\/p>\n<p>Lebensgro\u00df und lebensecht.<\/p>\n<p>Robuste und \u00e4u\u00dferst dekorative k\u00fcnstliche Brombeeren.<\/p>\n<p>Weitere k\u00fcnstliche Fr\u00fcchte finden Sie in unseren Fertigprodukten<span style=\"color: #008000;\"> <a style=\"color: #008000;\" href=\"https:\/\/decofoodshop.nl\/de\/produktkategorie-2\/pakete\/\"><strong>Pakete<\/strong><\/a>.<\/span><\/p>","protected":false},"excerpt":{"rendered":"<p>Brombeerimitat-Set mit 25 St\u00fcck. Besonders naturgetreue gef\u00e4lschte Brombeeren. Ausgestattet mit einer nat\u00fcrlichen Oberfl\u00e4che und gr\u00fcnen Wasserlinsen. Volle Gr\u00f6\u00dfe und lebensecht. Robuste und \u00e4u\u00dferst dekorative Kunstgrate. Weitere k\u00fcnstliche Fr\u00fcchte finden Sie in unseren fertigen Paketen.<\/p>","protected":false},"featured_media":3834,"template":"","meta":{"_acf_changed":false,"_genesis_hide_title":false,"_genesis_hide_breadcrumbs":false,"_genesis_hide_singular_image":false,"_genesis_hide_footer_widgets":false,"_genesis_custom_body_class":"","_genesis_custom_post_class":"","_genesis_layout":""},"product_brand":[],"product_cat":[47],"product_tag":[],"class_list":{"0":"post-3833","1":"product","2":"type-product","3":"status-publish","4":"has-post-thumbnail","6":"product_cat-kunstfruit","7":"entry","8":"wpx-has-gallery","10":"first","11":"instock","12":"taxable","13":"shipping-taxable","14":"purchasable","15":"product-type-simple"},"acf":[],"yoast_head":"<!-- This site is optimized with the Yoast SEO Premium plugin v27.4 (Yoast SEO v27.4) - https:\/\/yoast.com\/product\/yoast-seo-premium-wordpress\/ -->\n<title>Namaak Bramen bestellen? - Decofoodshop voor al uw decofruit.<\/title>\n<meta name=\"description\" content=\"Namaak Bramen of nepbramen kopen? Decofoodshop is d\u00e8 webshop voor alle soorten nepfruit en nagemaakt fruit. Top kwaliteit en direct levering.\" \/>\n<meta name=\"robots\" content=\"index, follow, max-snippet:-1, max-image-preview:large, max-video-preview:-1\" \/>\n<link rel=\"canonical\" href=\"https:\/\/decofoodshop.nl\/de\/produkt\/gefalschte-brombeeren\/\" \/>\n<meta property=\"og:locale\" content=\"de_DE\" \/>\n<meta property=\"og:type\" content=\"article\" \/>\n<meta property=\"og:title\" content=\"Namaak Bramen\" \/>\n<meta property=\"og:description\" content=\"Namaak Bramen of nepbramen kopen? Decofoodshop is d\u00e8 webshop voor alle soorten nepfruit en nagemaakt fruit. Top kwaliteit en direct levering.\" \/>\n<meta property=\"og:url\" content=\"https:\/\/decofoodshop.nl\/de\/produkt\/gefalschte-brombeeren\/\" \/>\n<meta property=\"og:site_name\" content=\"Decofoodshop\" \/>\n<meta property=\"article:modified_time\" content=\"2026-03-16T15:23:48+00:00\" \/>\n<meta property=\"og:image\" content=\"https:\/\/decofoodshop.nl\/wp-content\/uploads\/2020\/11\/Namaak-Bramen.jpg\" \/>\n\t<meta property=\"og:image:width\" content=\"1200\" \/>\n\t<meta property=\"og:image:height\" content=\"1200\" \/>\n\t<meta property=\"og:image:type\" content=\"image\/jpeg\" \/>\n<meta name=\"twitter:card\" content=\"summary_large_image\" \/>\n<meta name=\"twitter:label1\" content=\"Gesch\u00e4tzte Lesezeit\" \/>\n\t<meta name=\"twitter:data1\" content=\"1\u00a0Minute\" \/>\n<script type=\"application\/ld+json\" class=\"yoast-schema-graph\">{\"@context\":\"https:\\\/\\\/schema.org\",\"@graph\":[{\"@type\":\"WebPage\",\"@id\":\"https:\\\/\\\/decofoodshop.nl\\\/product\\\/namaak-bramen\\\/\",\"url\":\"https:\\\/\\\/decofoodshop.nl\\\/product\\\/namaak-bramen\\\/\",\"name\":\"Namaak Bramen bestellen? - Decofoodshop voor al uw decofruit.\",\"isPartOf\":{\"@id\":\"https:\\\/\\\/decofoodshop.nl\\\/#website\"},\"primaryImageOfPage\":{\"@id\":\"https:\\\/\\\/decofoodshop.nl\\\/product\\\/namaak-bramen\\\/#primaryimage\"},\"image\":{\"@id\":\"https:\\\/\\\/decofoodshop.nl\\\/product\\\/namaak-bramen\\\/#primaryimage\"},\"thumbnailUrl\":\"https:\\\/\\\/decofoodshop.nl\\\/wp-content\\\/uploads\\\/2020\\\/11\\\/Namaak-Bramen.jpg\",\"datePublished\":\"2020-11-16T15:26:48+00:00\",\"dateModified\":\"2026-03-16T15:23:48+00:00\",\"description\":\"Namaak Bramen of nepbramen kopen? Decofoodshop is d\u00e8 webshop voor alle soorten nepfruit en nagemaakt fruit. Top kwaliteit en direct levering.\",\"breadcrumb\":{\"@id\":\"https:\\\/\\\/decofoodshop.nl\\\/product\\\/namaak-bramen\\\/#breadcrumb\"},\"inLanguage\":\"de\",\"potentialAction\":[{\"@type\":\"ReadAction\",\"target\":[\"https:\\\/\\\/decofoodshop.nl\\\/product\\\/namaak-bramen\\\/\"]}]},{\"@type\":\"ImageObject\",\"inLanguage\":\"de\",\"@id\":\"https:\\\/\\\/decofoodshop.nl\\\/product\\\/namaak-bramen\\\/#primaryimage\",\"url\":\"https:\\\/\\\/decofoodshop.nl\\\/wp-content\\\/uploads\\\/2020\\\/11\\\/Namaak-Bramen.jpg\",\"contentUrl\":\"https:\\\/\\\/decofoodshop.nl\\\/wp-content\\\/uploads\\\/2020\\\/11\\\/Namaak-Bramen.jpg\",\"width\":1200,\"height\":1200,\"caption\":\"Namaak Bramen of nepbramen kopen bij decofoodshop\"},{\"@type\":\"BreadcrumbList\",\"@id\":\"https:\\\/\\\/decofoodshop.nl\\\/product\\\/namaak-bramen\\\/#breadcrumb\",\"itemListElement\":[{\"@type\":\"ListItem\",\"position\":1,\"name\":\"Home\",\"item\":\"https:\\\/\\\/decofoodshop.nl\\\/\"},{\"@type\":\"ListItem\",\"position\":2,\"name\":\"Winkel\",\"item\":\"https:\\\/\\\/decofoodshop.nl\\\/winkel\\\/\"},{\"@type\":\"ListItem\",\"position\":3,\"name\":\"Namaak Bramen\"}]},{\"@type\":\"WebSite\",\"@id\":\"https:\\\/\\\/decofoodshop.nl\\\/#website\",\"url\":\"https:\\\/\\\/decofoodshop.nl\\\/\",\"name\":\"Decofoodshop\",\"description\":\"\",\"potentialAction\":[{\"@type\":\"SearchAction\",\"target\":{\"@type\":\"EntryPoint\",\"urlTemplate\":\"https:\\\/\\\/decofoodshop.nl\\\/?s={search_term_string}\"},\"query-input\":{\"@type\":\"PropertyValueSpecification\",\"valueRequired\":true,\"valueName\":\"search_term_string\"}}],\"inLanguage\":\"de\"}]}<\/script>\n<!-- \/ Yoast SEO Premium plugin. -->","yoast_head_json":{"title":"Gef\u00e4lschte Brombeeren bestellen? - Decofoodshop f\u00fcr all Ihre Deko-Obst.","description":"Kaufen Sie gef\u00e4lschte Brombeeren oder gef\u00e4lschte Brombeeren? Decofoodshop ist der Webshop f\u00fcr alle Arten von Kunstobst und gef\u00e4lschten Fr\u00fcchten. Top Qualit\u00e4t und sofortige Lieferung.","robots":{"index":"index","follow":"follow","max-snippet":"max-snippet:-1","max-image-preview":"max-image-preview:large","max-video-preview":"max-video-preview:-1"},"canonical":"https:\/\/decofoodshop.nl\/de\/produkt\/gefalschte-brombeeren\/","og_locale":"de_DE","og_type":"article","og_title":"Namaak Bramen","og_description":"Namaak Bramen of nepbramen kopen? Decofoodshop is d\u00e8 webshop voor alle soorten nepfruit en nagemaakt fruit. Top kwaliteit en direct levering.","og_url":"https:\/\/decofoodshop.nl\/de\/produkt\/gefalschte-brombeeren\/","og_site_name":"Decofoodshop","article_modified_time":"2026-03-16T15:23:48+00:00","og_image":[{"width":1200,"height":1200,"url":"https:\/\/decofoodshop.nl\/wp-content\/uploads\/2020\/11\/Namaak-Bramen.jpg","type":"image\/jpeg"}],"twitter_card":"summary_large_image","twitter_misc":{"Gesch\u00e4tzte Lesezeit":"1\u00a0Minute"},"schema":{"@context":"https:\/\/schema.org","@graph":[{"@type":"WebPage","@id":"https:\/\/decofoodshop.nl\/product\/namaak-bramen\/","url":"https:\/\/decofoodshop.nl\/product\/namaak-bramen\/","name":"Gef\u00e4lschte Brombeeren bestellen? - Decofoodshop f\u00fcr all Ihre Deko-Obst.","isPartOf":{"@id":"https:\/\/decofoodshop.nl\/#website"},"primaryImageOfPage":{"@id":"https:\/\/decofoodshop.nl\/product\/namaak-bramen\/#primaryimage"},"image":{"@id":"https:\/\/decofoodshop.nl\/product\/namaak-bramen\/#primaryimage"},"thumbnailUrl":"https:\/\/decofoodshop.nl\/wp-content\/uploads\/2020\/11\/Namaak-Bramen.jpg","datePublished":"2020-11-16T15:26:48+00:00","dateModified":"2026-03-16T15:23:48+00:00","description":"Kaufen Sie gef\u00e4lschte Brombeeren oder gef\u00e4lschte Brombeeren? Decofoodshop ist der Webshop f\u00fcr alle Arten von Kunstobst und gef\u00e4lschten Fr\u00fcchten. Top Qualit\u00e4t und sofortige Lieferung.","breadcrumb":{"@id":"https:\/\/decofoodshop.nl\/product\/namaak-bramen\/#breadcrumb"},"inLanguage":"de","potentialAction":[{"@type":"ReadAction","target":["https:\/\/decofoodshop.nl\/product\/namaak-bramen\/"]}]},{"@type":"ImageObject","inLanguage":"de","@id":"https:\/\/decofoodshop.nl\/product\/namaak-bramen\/#primaryimage","url":"https:\/\/decofoodshop.nl\/wp-content\/uploads\/2020\/11\/Namaak-Bramen.jpg","contentUrl":"https:\/\/decofoodshop.nl\/wp-content\/uploads\/2020\/11\/Namaak-Bramen.jpg","width":1200,"height":1200,"caption":"Namaak Bramen of nepbramen kopen bij decofoodshop"},{"@type":"BreadcrumbList","@id":"https:\/\/decofoodshop.nl\/product\/namaak-bramen\/#breadcrumb","itemListElement":[{"@type":"ListItem","position":1,"name":"Home","item":"https:\/\/decofoodshop.nl\/"},{"@type":"ListItem","position":2,"name":"Winkel","item":"https:\/\/decofoodshop.nl\/winkel\/"},{"@type":"ListItem","position":3,"name":"Namaak Bramen"}]},{"@type":"WebSite","@id":"https:\/\/decofoodshop.nl\/#website","url":"https:\/\/decofoodshop.nl\/","name":"Dekofoodshop","description":"","potentialAction":[{"@type":"SearchAction","target":{"@type":"EntryPoint","urlTemplate":"https:\/\/decofoodshop.nl\/?s={search_term_string}"},"query-input":{"@type":"PropertyValueSpecification","valueRequired":true,"valueName":"search_term_string"}}],"inLanguage":"de"}]}},"_links":{"self":[{"href":"https:\/\/decofoodshop.nl\/de\/wp-json\/wp\/v2\/product\/3833","targetHints":{"allow":["GET"]}}],"collection":[{"href":"https:\/\/decofoodshop.nl\/de\/wp-json\/wp\/v2\/product"}],"about":[{"href":"https:\/\/decofoodshop.nl\/de\/wp-json\/wp\/v2\/types\/product"}],"wp:featuredmedia":[{"embeddable":true,"href":"https:\/\/decofoodshop.nl\/de\/wp-json\/wp\/v2\/media\/3834"}],"wp:attachment":[{"href":"https:\/\/decofoodshop.nl\/de\/wp-json\/wp\/v2\/media?parent=3833"}],"wp:term":[{"taxonomy":"product_brand","embeddable":true,"href":"https:\/\/decofoodshop.nl\/de\/wp-json\/wp\/v2\/product_brand?post=3833"},{"taxonomy":"product_cat","embeddable":true,"href":"https:\/\/decofoodshop.nl\/de\/wp-json\/wp\/v2\/product_cat?post=3833"},{"taxonomy":"product_tag","embeddable":true,"href":"https:\/\/decofoodshop.nl\/de\/wp-json\/wp\/v2\/product_tag?post=3833"}],"curies":[{"name":"wp","href":"https:\/\/api.w.org\/{rel}","templated":true}]}}