{"id":3843,"date":"2020-11-16T15:41:01","date_gmt":"2020-11-16T15:41:01","guid":{"rendered":"https:\/\/decofoodshop.nl\/?post_type=product&#038;p=3843"},"modified":"2026-03-02T11:42:16","modified_gmt":"2026-03-02T10:42:16","slug":"fake-himbeer-grun-rot","status":"publish","type":"product","link":"https:\/\/decofoodshop.nl\/de\/product\/namaak-frambozen-groen-rood\/","title":{"rendered":"Gef\u00e4lschtes Himbeergr\u00fcn-Rot"},"content":{"rendered":"<p>Gef\u00e4lschtes Himbeergr\u00fcn-Rot-Set mit 25 St\u00fcck.<\/p>\n<p>Besonders nat\u00fcrliche k\u00fcnstliche Himbeeren.<\/p>\n<p>Mit nat\u00fcrlicher Oberfl\u00e4che und gr\u00fcner Wasserlinse.<\/p>\n<p>Lebensecht und ma\u00dfhaltig.<\/p>\n<p>Robuste und \u00e4u\u00dferst dekorative k\u00fcnstliche Himbeeren.<\/p>\n<p>F\u00fcr mehr Kunstobst schauen Sie sich auch unsere Fertigprodukte an<span style=\"color: #008000;\"> <a style=\"color: #008000;\" href=\"https:\/\/decofoodshop.nl\/de\/produktkategorie-2\/pakete\/\"><strong>Pakete<\/strong><\/a>.<\/span><\/p>","protected":false},"excerpt":{"rendered":"<p>Nachgemachtes Himbeergr\u00fcn-Rot-Set mit 25 St\u00fcck. Besonders nat\u00fcrliche k\u00fcnstliche Himbeeren. Ausgestattet mit einer nat\u00fcrlichen Oberfl\u00e4che und gr\u00fcnen Wasserlinsen. Lebensecht und in voller Gr\u00f6\u00dfe. Robuste und \u00e4u\u00dferst dekorative k\u00fcnstliche Himbeeren. Weitere k\u00fcnstliche Fr\u00fcchte finden Sie in unseren fertigen Paketen.<\/p>","protected":false},"featured_media":3845,"template":"","meta":{"_acf_changed":false,"_genesis_hide_title":false,"_genesis_hide_breadcrumbs":false,"_genesis_hide_singular_image":false,"_genesis_hide_footer_widgets":false,"_genesis_custom_body_class":"","_genesis_custom_post_class":"","_genesis_layout":""},"product_brand":[],"product_cat":[47],"product_tag":[],"class_list":{"0":"post-3843","1":"product","2":"type-product","3":"status-publish","4":"has-post-thumbnail","6":"product_cat-kunstfruit","7":"entry","8":"wpx-has-gallery","10":"first","11":"instock","12":"taxable","13":"shipping-taxable","14":"purchasable","15":"product-type-simple"},"acf":[],"yoast_head":"<!-- This site is optimized with the Yoast SEO Premium plugin v27.3 (Yoast SEO v27.4) - https:\/\/yoast.com\/product\/yoast-seo-premium-wordpress\/ -->\n<title>Namaak Frambozen Groen Rood - en nepframbozen bij Decofoodshop<\/title>\n<meta name=\"description\" content=\"Namaak Frambozen Groen Rood bestellen kan bij Decofoodshop. Alle soortn imitatiefruit kopen. Directe levering en professionele kwaliteit.\" \/>\n<meta name=\"robots\" content=\"index, follow, max-snippet:-1, max-image-preview:large, max-video-preview:-1\" \/>\n<link rel=\"canonical\" href=\"https:\/\/decofoodshop.nl\/de\/produkt\/fake-himbeer-grun-rot\/\" \/>\n<meta property=\"og:locale\" content=\"de_DE\" \/>\n<meta property=\"og:type\" content=\"article\" \/>\n<meta property=\"og:title\" content=\"Namaak Frambozen Groen Rood\" \/>\n<meta property=\"og:description\" content=\"Namaak Frambozen Groen Rood bestellen kan bij Decofoodshop. Alle soortn imitatiefruit kopen. Directe levering en professionele kwaliteit.\" \/>\n<meta property=\"og:url\" content=\"https:\/\/decofoodshop.nl\/de\/produkt\/fake-himbeer-grun-rot\/\" \/>\n<meta property=\"og:site_name\" content=\"Decofoodshop\" \/>\n<meta property=\"article:modified_time\" content=\"2026-03-02T10:42:16+00:00\" \/>\n<meta property=\"og:image\" content=\"https:\/\/decofoodshop.nl\/wp-content\/uploads\/2020\/11\/Namaak-Frambozen-Groen-Rood.jpg\" \/>\n\t<meta property=\"og:image:width\" content=\"1200\" \/>\n\t<meta property=\"og:image:height\" content=\"1200\" \/>\n\t<meta property=\"og:image:type\" content=\"image\/jpeg\" \/>\n<meta name=\"twitter:card\" content=\"summary_large_image\" \/>\n<meta name=\"twitter:label1\" content=\"Gesch\u00e4tzte Lesezeit\" \/>\n\t<meta name=\"twitter:data1\" content=\"1\u00a0Minute\" \/>\n<script type=\"application\/ld+json\" class=\"yoast-schema-graph\">{\"@context\":\"https:\\\/\\\/schema.org\",\"@graph\":[{\"@type\":\"WebPage\",\"@id\":\"https:\\\/\\\/decofoodshop.nl\\\/product\\\/namaak-frambozen-groen-rood\\\/\",\"url\":\"https:\\\/\\\/decofoodshop.nl\\\/product\\\/namaak-frambozen-groen-rood\\\/\",\"name\":\"Namaak Frambozen Groen Rood - en nepframbozen bij Decofoodshop\",\"isPartOf\":{\"@id\":\"https:\\\/\\\/decofoodshop.nl\\\/#website\"},\"primaryImageOfPage\":{\"@id\":\"https:\\\/\\\/decofoodshop.nl\\\/product\\\/namaak-frambozen-groen-rood\\\/#primaryimage\"},\"image\":{\"@id\":\"https:\\\/\\\/decofoodshop.nl\\\/product\\\/namaak-frambozen-groen-rood\\\/#primaryimage\"},\"thumbnailUrl\":\"https:\\\/\\\/decofoodshop.nl\\\/wp-content\\\/uploads\\\/2020\\\/11\\\/Namaak-Frambozen-Groen-Rood.jpg\",\"datePublished\":\"2020-11-16T15:41:01+00:00\",\"dateModified\":\"2026-03-02T10:42:16+00:00\",\"description\":\"Namaak Frambozen Groen Rood bestellen kan bij Decofoodshop. Alle soortn imitatiefruit kopen. Directe levering en professionele kwaliteit.\",\"breadcrumb\":{\"@id\":\"https:\\\/\\\/decofoodshop.nl\\\/product\\\/namaak-frambozen-groen-rood\\\/#breadcrumb\"},\"inLanguage\":\"de\",\"potentialAction\":[{\"@type\":\"ReadAction\",\"target\":[\"https:\\\/\\\/decofoodshop.nl\\\/product\\\/namaak-frambozen-groen-rood\\\/\"]}]},{\"@type\":\"ImageObject\",\"inLanguage\":\"de\",\"@id\":\"https:\\\/\\\/decofoodshop.nl\\\/product\\\/namaak-frambozen-groen-rood\\\/#primaryimage\",\"url\":\"https:\\\/\\\/decofoodshop.nl\\\/wp-content\\\/uploads\\\/2020\\\/11\\\/Namaak-Frambozen-Groen-Rood.jpg\",\"contentUrl\":\"https:\\\/\\\/decofoodshop.nl\\\/wp-content\\\/uploads\\\/2020\\\/11\\\/Namaak-Frambozen-Groen-Rood.jpg\",\"width\":1200,\"height\":1200,\"caption\":\"Namaak Frambozen Groen Rood bij Decofoodshop.nl\"},{\"@type\":\"BreadcrumbList\",\"@id\":\"https:\\\/\\\/decofoodshop.nl\\\/product\\\/namaak-frambozen-groen-rood\\\/#breadcrumb\",\"itemListElement\":[{\"@type\":\"ListItem\",\"position\":1,\"name\":\"Home\",\"item\":\"https:\\\/\\\/decofoodshop.nl\\\/\"},{\"@type\":\"ListItem\",\"position\":2,\"name\":\"Winkel\",\"item\":\"https:\\\/\\\/decofoodshop.nl\\\/winkel\\\/\"},{\"@type\":\"ListItem\",\"position\":3,\"name\":\"Namaak Frambozen Groen Rood\"}]},{\"@type\":\"WebSite\",\"@id\":\"https:\\\/\\\/decofoodshop.nl\\\/#website\",\"url\":\"https:\\\/\\\/decofoodshop.nl\\\/\",\"name\":\"Decofoodshop\",\"description\":\"\",\"potentialAction\":[{\"@type\":\"SearchAction\",\"target\":{\"@type\":\"EntryPoint\",\"urlTemplate\":\"https:\\\/\\\/decofoodshop.nl\\\/?s={search_term_string}\"},\"query-input\":{\"@type\":\"PropertyValueSpecification\",\"valueRequired\":true,\"valueName\":\"search_term_string\"}}],\"inLanguage\":\"de\"}]}<\/script>\n<!-- \/ Yoast SEO Premium plugin. -->","yoast_head_json":{"title":"Gef\u00e4lschte Himbeeren Gr\u00fcn Rot - und gef\u00e4lschte Himbeeren bei Decofoodshop","description":"Bei Decofoodshop k\u00f6nnen Sie gef\u00e4lschte Himbeeren gr\u00fcn rot bestellen. Kauf von Obstimitaten aller Art. Sofortige Lieferung und professionelle Qualit\u00e4t.","robots":{"index":"index","follow":"follow","max-snippet":"max-snippet:-1","max-image-preview":"max-image-preview:large","max-video-preview":"max-video-preview:-1"},"canonical":"https:\/\/decofoodshop.nl\/de\/produkt\/fake-himbeer-grun-rot\/","og_locale":"de_DE","og_type":"article","og_title":"Namaak Frambozen Groen Rood","og_description":"Namaak Frambozen Groen Rood bestellen kan bij Decofoodshop. Alle soortn imitatiefruit kopen. Directe levering en professionele kwaliteit.","og_url":"https:\/\/decofoodshop.nl\/de\/produkt\/fake-himbeer-grun-rot\/","og_site_name":"Decofoodshop","article_modified_time":"2026-03-02T10:42:16+00:00","og_image":[{"width":1200,"height":1200,"url":"https:\/\/decofoodshop.nl\/wp-content\/uploads\/2020\/11\/Namaak-Frambozen-Groen-Rood.jpg","type":"image\/jpeg"}],"twitter_card":"summary_large_image","twitter_misc":{"Gesch\u00e4tzte Lesezeit":"1\u00a0Minute"},"schema":{"@context":"https:\/\/schema.org","@graph":[{"@type":"WebPage","@id":"https:\/\/decofoodshop.nl\/product\/namaak-frambozen-groen-rood\/","url":"https:\/\/decofoodshop.nl\/product\/namaak-frambozen-groen-rood\/","name":"Gef\u00e4lschte Himbeeren Gr\u00fcn Rot - und gef\u00e4lschte Himbeeren bei Decofoodshop","isPartOf":{"@id":"https:\/\/decofoodshop.nl\/#website"},"primaryImageOfPage":{"@id":"https:\/\/decofoodshop.nl\/product\/namaak-frambozen-groen-rood\/#primaryimage"},"image":{"@id":"https:\/\/decofoodshop.nl\/product\/namaak-frambozen-groen-rood\/#primaryimage"},"thumbnailUrl":"https:\/\/decofoodshop.nl\/wp-content\/uploads\/2020\/11\/Namaak-Frambozen-Groen-Rood.jpg","datePublished":"2020-11-16T15:41:01+00:00","dateModified":"2026-03-02T10:42:16+00:00","description":"Bei Decofoodshop k\u00f6nnen Sie gef\u00e4lschte Himbeeren gr\u00fcn rot bestellen. Kauf von Obstimitaten aller Art. Sofortige Lieferung und professionelle Qualit\u00e4t.","breadcrumb":{"@id":"https:\/\/decofoodshop.nl\/product\/namaak-frambozen-groen-rood\/#breadcrumb"},"inLanguage":"de","potentialAction":[{"@type":"ReadAction","target":["https:\/\/decofoodshop.nl\/product\/namaak-frambozen-groen-rood\/"]}]},{"@type":"ImageObject","inLanguage":"de","@id":"https:\/\/decofoodshop.nl\/product\/namaak-frambozen-groen-rood\/#primaryimage","url":"https:\/\/decofoodshop.nl\/wp-content\/uploads\/2020\/11\/Namaak-Frambozen-Groen-Rood.jpg","contentUrl":"https:\/\/decofoodshop.nl\/wp-content\/uploads\/2020\/11\/Namaak-Frambozen-Groen-Rood.jpg","width":1200,"height":1200,"caption":"Namaak Frambozen Groen Rood bij Decofoodshop.nl"},{"@type":"BreadcrumbList","@id":"https:\/\/decofoodshop.nl\/product\/namaak-frambozen-groen-rood\/#breadcrumb","itemListElement":[{"@type":"ListItem","position":1,"name":"Home","item":"https:\/\/decofoodshop.nl\/"},{"@type":"ListItem","position":2,"name":"Winkel","item":"https:\/\/decofoodshop.nl\/winkel\/"},{"@type":"ListItem","position":3,"name":"Namaak Frambozen Groen Rood"}]},{"@type":"WebSite","@id":"https:\/\/decofoodshop.nl\/#website","url":"https:\/\/decofoodshop.nl\/","name":"Dekofoodshop","description":"","potentialAction":[{"@type":"SearchAction","target":{"@type":"EntryPoint","urlTemplate":"https:\/\/decofoodshop.nl\/?s={search_term_string}"},"query-input":{"@type":"PropertyValueSpecification","valueRequired":true,"valueName":"search_term_string"}}],"inLanguage":"de"}]}},"_links":{"self":[{"href":"https:\/\/decofoodshop.nl\/de\/wp-json\/wp\/v2\/product\/3843","targetHints":{"allow":["GET"]}}],"collection":[{"href":"https:\/\/decofoodshop.nl\/de\/wp-json\/wp\/v2\/product"}],"about":[{"href":"https:\/\/decofoodshop.nl\/de\/wp-json\/wp\/v2\/types\/product"}],"wp:featuredmedia":[{"embeddable":true,"href":"https:\/\/decofoodshop.nl\/de\/wp-json\/wp\/v2\/media\/3845"}],"wp:attachment":[{"href":"https:\/\/decofoodshop.nl\/de\/wp-json\/wp\/v2\/media?parent=3843"}],"wp:term":[{"taxonomy":"product_brand","embeddable":true,"href":"https:\/\/decofoodshop.nl\/de\/wp-json\/wp\/v2\/product_brand?post=3843"},{"taxonomy":"product_cat","embeddable":true,"href":"https:\/\/decofoodshop.nl\/de\/wp-json\/wp\/v2\/product_cat?post=3843"},{"taxonomy":"product_tag","embeddable":true,"href":"https:\/\/decofoodshop.nl\/de\/wp-json\/wp\/v2\/product_tag?post=3843"}],"curies":[{"name":"wp","href":"https:\/\/api.w.org\/{rel}","templated":true}]}}