{"id":3868,"date":"2020-11-18T11:11:09","date_gmt":"2020-11-18T11:11:09","guid":{"rendered":"https:\/\/decofoodshop.nl\/?post_type=product&#038;p=3868"},"modified":"2026-04-06T07:40:15","modified_gmt":"2026-04-06T05:40:15","slug":"gefalschte-rebe","status":"publish","type":"product","link":"https:\/\/decofoodshop.nl\/de\/product\/nep-liaan\/","title":{"rendered":"falsche Liane"},"content":{"rendered":"<p>Diese wundersch\u00f6ne k\u00fcnstliche Liane von 185 cm scheint direkt aus dem Dschungel gepfl\u00fcckt worden zu sein!<\/p>\n<p>Das Lianenimitat ist sehr nat\u00fcrlich und von guter Qualit\u00e4t.<\/p>\n<p>Die k\u00fcnstliche Liane besteht aus einem schaumartigen Material.<\/p>\n<p>Dieses Material wird um einen stabilen, aber flexiblen Metalldraht befestigt.<\/p>\n<p>Kleinere Weinranken sind um den Hauptstamm gedreht.<\/p>\n<p>Die Dicke des k\u00fcnstlichen Lianenzweigs betr\u00e4gt etwa 3,5 bis 4 cm. So sieht diese Liane aus wie echt!<\/p>\n<p>Die Oberfl\u00e4che der k\u00fcnstlichen Liane ist uneben und wirkt \u00fcberwuchert.<\/p>\n<p>Die k\u00fcnstliche Liane l\u00e4sst sich biegen und sogar in einen Ring verwandeln.<\/p>\n<p>Auch alle schmalen Seitenzweige lassen sich leicht in Form biegen.<\/p>\n<p>Ein supercooles Lianenimitat in Profiqualit\u00e4t.<\/p>\n<p>Definitiv ein besonderes und einzigartiges Dekorationsprodukt.<\/p>\n<p>F\u00fcr noch mehr sch\u00f6ne Dekoration werfen Sie einen Blick auf unsere <span style=\"color: #008000;\"><a style=\"color: #008000;\" href=\"https:\/\/decofoodshop.nl\/de\/produktkategorie-2\/pakete\/\"><strong>Pakete<\/strong><\/a>.<\/span><\/p>\n<p>&nbsp;<\/p>\n<p>&nbsp;<\/p>","protected":false},"excerpt":{"rendered":"<p>Deze fraaie Nep Liaan van 185cm lijkt zo uit de jungle geplukt! De namaak liaan is zeer natuurgetrouw en van degelijke kwaliteit. De nep lianen is gemaakt van een schuimachtig materiaal. Dit materiaal is vastgemaakt rondom een stevige maar wel buigzame metaaldraad. Om de hoofdstam zijn kleinere liaantakken gedraaid. De dikte van de namaak liaantak [&hellip;]<\/p>\n","protected":false},"featured_media":3874,"template":"","meta":{"_acf_changed":false,"_genesis_hide_title":false,"_genesis_hide_breadcrumbs":false,"_genesis_hide_singular_image":false,"_genesis_hide_footer_widgets":false,"_genesis_custom_body_class":"","_genesis_custom_post_class":"","_genesis_layout":""},"product_brand":[],"product_cat":[51],"product_tag":[],"class_list":{"0":"post-3868","1":"product","2":"type-product","3":"status-publish","4":"has-post-thumbnail","6":"product_cat-overige","7":"entry","8":"wpx-has-gallery","10":"first","11":"instock","12":"taxable","13":"shipping-taxable","14":"purchasable","15":"product-type-simple"},"acf":[],"yoast_head":"<!-- This site is optimized with the Yoast SEO Premium plugin v27.3 (Yoast SEO v27.3) - https:\/\/yoast.com\/product\/yoast-seo-premium-wordpress\/ -->\n<title>Nep Liaan Kopen? | Makkelijk besteld bij Decofoodshop.nl<\/title>\n<meta name=\"description\" content=\"Nep Liaan of kunstliaan kopen? Decofooshop verkoopt fraaie kunstdruifranken ter decoratie. Natuurgetrouwe kwaliteit en direct leverbaar.\" \/>\n<meta name=\"robots\" content=\"index, follow, max-snippet:-1, max-image-preview:large, max-video-preview:-1\" \/>\n<link rel=\"canonical\" href=\"https:\/\/decofoodshop.nl\/de\/produkt\/gefalschte-rebe\/\" \/>\n<meta property=\"og:locale\" content=\"de_DE\" \/>\n<meta property=\"og:type\" content=\"article\" \/>\n<meta property=\"og:title\" content=\"Nep Liaan\" \/>\n<meta property=\"og:description\" content=\"Nep Liaan of kunstliaan kopen? Decofooshop verkoopt fraaie kunstdruifranken ter decoratie. Natuurgetrouwe kwaliteit en direct leverbaar.\" \/>\n<meta property=\"og:url\" content=\"https:\/\/decofoodshop.nl\/de\/produkt\/gefalschte-rebe\/\" \/>\n<meta property=\"og:site_name\" content=\"Decofoodshop\" \/>\n<meta property=\"article:modified_time\" content=\"2026-04-06T05:40:15+00:00\" \/>\n<meta property=\"og:image\" content=\"https:\/\/decofoodshop.nl\/wp-content\/uploads\/2020\/11\/Nep-Liaan-170cm.jpg\" \/>\n\t<meta property=\"og:image:width\" content=\"1104\" \/>\n\t<meta property=\"og:image:height\" content=\"1104\" \/>\n\t<meta property=\"og:image:type\" content=\"image\/jpeg\" \/>\n<meta name=\"twitter:card\" content=\"summary_large_image\" \/>\n<meta name=\"twitter:label1\" content=\"Gesch\u00e4tzte Lesezeit\" \/>\n\t<meta name=\"twitter:data1\" content=\"1\u00a0Minute\" \/>\n<script type=\"application\/ld+json\" class=\"yoast-schema-graph\">{\"@context\":\"https:\\\/\\\/schema.org\",\"@graph\":[{\"@type\":\"WebPage\",\"@id\":\"https:\\\/\\\/decofoodshop.nl\\\/product\\\/nep-liaan\\\/\",\"url\":\"https:\\\/\\\/decofoodshop.nl\\\/product\\\/nep-liaan\\\/\",\"name\":\"Nep Liaan Kopen? | Makkelijk besteld bij Decofoodshop.nl\",\"isPartOf\":{\"@id\":\"https:\\\/\\\/decofoodshop.nl\\\/#website\"},\"primaryImageOfPage\":{\"@id\":\"https:\\\/\\\/decofoodshop.nl\\\/product\\\/nep-liaan\\\/#primaryimage\"},\"image\":{\"@id\":\"https:\\\/\\\/decofoodshop.nl\\\/product\\\/nep-liaan\\\/#primaryimage\"},\"thumbnailUrl\":\"https:\\\/\\\/decofoodshop.nl\\\/wp-content\\\/uploads\\\/2020\\\/11\\\/Nep-Liaan-170cm.jpg\",\"datePublished\":\"2020-11-18T11:11:09+00:00\",\"dateModified\":\"2026-04-06T05:40:15+00:00\",\"description\":\"Nep Liaan of kunstliaan kopen? Decofooshop verkoopt fraaie kunstdruifranken ter decoratie. Natuurgetrouwe kwaliteit en direct leverbaar.\",\"breadcrumb\":{\"@id\":\"https:\\\/\\\/decofoodshop.nl\\\/product\\\/nep-liaan\\\/#breadcrumb\"},\"inLanguage\":\"de\",\"potentialAction\":[{\"@type\":\"ReadAction\",\"target\":[\"https:\\\/\\\/decofoodshop.nl\\\/product\\\/nep-liaan\\\/\"]}]},{\"@type\":\"ImageObject\",\"inLanguage\":\"de\",\"@id\":\"https:\\\/\\\/decofoodshop.nl\\\/product\\\/nep-liaan\\\/#primaryimage\",\"url\":\"https:\\\/\\\/decofoodshop.nl\\\/wp-content\\\/uploads\\\/2020\\\/11\\\/Nep-Liaan-170cm.jpg\",\"contentUrl\":\"https:\\\/\\\/decofoodshop.nl\\\/wp-content\\\/uploads\\\/2020\\\/11\\\/Nep-Liaan-170cm.jpg\",\"width\":1104,\"height\":1104,\"caption\":\"Nep Liaan\"},{\"@type\":\"BreadcrumbList\",\"@id\":\"https:\\\/\\\/decofoodshop.nl\\\/product\\\/nep-liaan\\\/#breadcrumb\",\"itemListElement\":[{\"@type\":\"ListItem\",\"position\":1,\"name\":\"Home\",\"item\":\"https:\\\/\\\/decofoodshop.nl\\\/\"},{\"@type\":\"ListItem\",\"position\":2,\"name\":\"Winkel\",\"item\":\"https:\\\/\\\/decofoodshop.nl\\\/winkel\\\/\"},{\"@type\":\"ListItem\",\"position\":3,\"name\":\"Nep Liaan\"}]},{\"@type\":\"WebSite\",\"@id\":\"https:\\\/\\\/decofoodshop.nl\\\/#website\",\"url\":\"https:\\\/\\\/decofoodshop.nl\\\/\",\"name\":\"Decofoodshop\",\"description\":\"\",\"potentialAction\":[{\"@type\":\"SearchAction\",\"target\":{\"@type\":\"EntryPoint\",\"urlTemplate\":\"https:\\\/\\\/decofoodshop.nl\\\/?s={search_term_string}\"},\"query-input\":{\"@type\":\"PropertyValueSpecification\",\"valueRequired\":true,\"valueName\":\"search_term_string\"}}],\"inLanguage\":\"de\"}]}<\/script>\n<!-- \/ Yoast SEO Premium plugin. -->","yoast_head_json":{"title":"Fake Liana kaufen? | Einfach bei Decofoodshop.nl bestellen","description":"M\u00f6chten Sie eine gef\u00e4lschte Rebe oder eine k\u00fcnstliche Rebe kaufen? Decofooshop verkauft sch\u00f6ne k\u00fcnstliche Weinranken zur Dekoration. Lebensechte Qualit\u00e4t und sofort verf\u00fcgbar.","robots":{"index":"index","follow":"follow","max-snippet":"max-snippet:-1","max-image-preview":"max-image-preview:large","max-video-preview":"max-video-preview:-1"},"canonical":"https:\/\/decofoodshop.nl\/de\/produkt\/gefalschte-rebe\/","og_locale":"de_DE","og_type":"article","og_title":"Nep Liaan","og_description":"Nep Liaan of kunstliaan kopen? Decofooshop verkoopt fraaie kunstdruifranken ter decoratie. Natuurgetrouwe kwaliteit en direct leverbaar.","og_url":"https:\/\/decofoodshop.nl\/de\/produkt\/gefalschte-rebe\/","og_site_name":"Decofoodshop","article_modified_time":"2026-04-06T05:40:15+00:00","og_image":[{"width":1104,"height":1104,"url":"https:\/\/decofoodshop.nl\/wp-content\/uploads\/2020\/11\/Nep-Liaan-170cm.jpg","type":"image\/jpeg"}],"twitter_card":"summary_large_image","twitter_misc":{"Gesch\u00e4tzte Lesezeit":"1\u00a0Minute"},"schema":{"@context":"https:\/\/schema.org","@graph":[{"@type":"WebPage","@id":"https:\/\/decofoodshop.nl\/product\/nep-liaan\/","url":"https:\/\/decofoodshop.nl\/product\/nep-liaan\/","name":"Fake Liana kaufen? | Einfach bei Decofoodshop.nl bestellen","isPartOf":{"@id":"https:\/\/decofoodshop.nl\/#website"},"primaryImageOfPage":{"@id":"https:\/\/decofoodshop.nl\/product\/nep-liaan\/#primaryimage"},"image":{"@id":"https:\/\/decofoodshop.nl\/product\/nep-liaan\/#primaryimage"},"thumbnailUrl":"https:\/\/decofoodshop.nl\/wp-content\/uploads\/2020\/11\/Nep-Liaan-170cm.jpg","datePublished":"2020-11-18T11:11:09+00:00","dateModified":"2026-04-06T05:40:15+00:00","description":"M\u00f6chten Sie eine gef\u00e4lschte Rebe oder eine k\u00fcnstliche Rebe kaufen? Decofooshop verkauft sch\u00f6ne k\u00fcnstliche Weinranken zur Dekoration. Lebensechte Qualit\u00e4t und sofort verf\u00fcgbar.","breadcrumb":{"@id":"https:\/\/decofoodshop.nl\/product\/nep-liaan\/#breadcrumb"},"inLanguage":"de","potentialAction":[{"@type":"ReadAction","target":["https:\/\/decofoodshop.nl\/product\/nep-liaan\/"]}]},{"@type":"ImageObject","inLanguage":"de","@id":"https:\/\/decofoodshop.nl\/product\/nep-liaan\/#primaryimage","url":"https:\/\/decofoodshop.nl\/wp-content\/uploads\/2020\/11\/Nep-Liaan-170cm.jpg","contentUrl":"https:\/\/decofoodshop.nl\/wp-content\/uploads\/2020\/11\/Nep-Liaan-170cm.jpg","width":1104,"height":1104,"caption":"Nep Liaan"},{"@type":"BreadcrumbList","@id":"https:\/\/decofoodshop.nl\/product\/nep-liaan\/#breadcrumb","itemListElement":[{"@type":"ListItem","position":1,"name":"Home","item":"https:\/\/decofoodshop.nl\/"},{"@type":"ListItem","position":2,"name":"Winkel","item":"https:\/\/decofoodshop.nl\/winkel\/"},{"@type":"ListItem","position":3,"name":"Nep Liaan"}]},{"@type":"WebSite","@id":"https:\/\/decofoodshop.nl\/#website","url":"https:\/\/decofoodshop.nl\/","name":"Dekofoodshop","description":"","potentialAction":[{"@type":"SearchAction","target":{"@type":"EntryPoint","urlTemplate":"https:\/\/decofoodshop.nl\/?s={search_term_string}"},"query-input":{"@type":"PropertyValueSpecification","valueRequired":true,"valueName":"search_term_string"}}],"inLanguage":"de"}]}},"_links":{"self":[{"href":"https:\/\/decofoodshop.nl\/de\/wp-json\/wp\/v2\/product\/3868","targetHints":{"allow":["GET"]}}],"collection":[{"href":"https:\/\/decofoodshop.nl\/de\/wp-json\/wp\/v2\/product"}],"about":[{"href":"https:\/\/decofoodshop.nl\/de\/wp-json\/wp\/v2\/types\/product"}],"wp:featuredmedia":[{"embeddable":true,"href":"https:\/\/decofoodshop.nl\/de\/wp-json\/wp\/v2\/media\/3874"}],"wp:attachment":[{"href":"https:\/\/decofoodshop.nl\/de\/wp-json\/wp\/v2\/media?parent=3868"}],"wp:term":[{"taxonomy":"product_brand","embeddable":true,"href":"https:\/\/decofoodshop.nl\/de\/wp-json\/wp\/v2\/product_brand?post=3868"},{"taxonomy":"product_cat","embeddable":true,"href":"https:\/\/decofoodshop.nl\/de\/wp-json\/wp\/v2\/product_cat?post=3868"},{"taxonomy":"product_tag","embeddable":true,"href":"https:\/\/decofoodshop.nl\/de\/wp-json\/wp\/v2\/product_tag?post=3868"}],"curies":[{"name":"wp","href":"https:\/\/api.w.org\/{rel}","templated":true}]}}