{"id":3905,"date":"2020-12-01T12:13:35","date_gmt":"2020-12-01T12:13:35","guid":{"rendered":"https:\/\/decofoodshop.nl\/?post_type=product&#038;p=3905"},"modified":"2026-02-28T15:09:32","modified_gmt":"2026-02-28T14:09:32","slug":"set-fake-bohnen-rot","status":"publish","type":"product","link":"https:\/\/decofoodshop.nl\/de\/product\/set-namaak-snijbonen-rood\/","title":{"rendered":"Stellen Sie gef\u00e4lschte Stangenbohnen rot ein"},"content":{"rendered":"<p>Dieses Set K\u00fcnstliche Stangenbohnen Rot besteht aus 6 St\u00fcck langen roten Bohnenimitaten.<\/p>\n<p>diese Stangenbohnen sind in voller Gr\u00f6\u00dfe.<\/p>\n<p>Aus weichem und flexiblem Material.<\/p>\n<p>Die dekorativen Kunstbohnen sind zudem robust und halten St\u00fcrzen und St\u00f6\u00dfen stand.<\/p>\n<p>Etwas anders als die gr\u00fcnen Sorten.<\/p>\n<p>Lebensecht und sehr dekorativ.<\/p>\n<p>Pro 6 St\u00fcck im Beutel.<\/p>\n<p>F\u00fcr komplette Fake-Gem\u00fcseverpackungen schauen Sie auch in die Kategorie: \u201d <span style=\"color: #008000;\"><strong><a style=\"color: #008000;\" href=\"https:\/\/decofoodshop.nl\/de\/produktkategorie-2\/pakete\/\">Pakete<\/a><\/strong><\/span>&#8220;.<\/p>\n<p>&nbsp;<\/p>","protected":false},"excerpt":{"rendered":"<p>Deze set Namaak Snijbonen Rood bestaat uit 6 stuks lange rode imitatie snijbonen. deze snijbonen zijn op ware grootte. Gemaakt van zacht en flexibel materiaal. Ook zijn de decoratieve nepbonen stevig en kunnen tegen vallen en stoten. Net even anders dan de groene varainten. Levensecht en bijzonder decoratief. Per 6 stuks in een zakje. Kijk [&hellip;]<\/p>\n","protected":false},"featured_media":3906,"template":"","meta":{"_acf_changed":false,"_genesis_hide_title":false,"_genesis_hide_breadcrumbs":false,"_genesis_hide_singular_image":false,"_genesis_hide_footer_widgets":false,"_genesis_custom_body_class":"","_genesis_custom_post_class":"","_genesis_layout":""},"product_brand":[],"product_cat":[48],"product_tag":[],"class_list":{"0":"post-3905","1":"product","2":"type-product","3":"status-publish","4":"has-post-thumbnail","6":"product_cat-kunstgroenten","7":"entry","8":"wpx-has-gallery","10":"first","11":"instock","12":"taxable","13":"shipping-taxable","14":"purchasable","15":"product-type-simple"},"acf":[],"yoast_head":"<!-- This site is optimized with the Yoast SEO Premium plugin v27.4 (Yoast SEO v27.4) - https:\/\/yoast.com\/product\/yoast-seo-premium-wordpress\/ -->\n<title>Set Namaak Snijbonen Rood - alleen bij Decofoodshop<\/title>\n<meta name=\"description\" content=\"Set Namaak Snijbonen Rood van levensechte kwaliteit bij Decofoodshop.nl Heel veel nepgroenten direct leverbaar in heel Europa.\" \/>\n<meta name=\"robots\" content=\"index, follow, max-snippet:-1, max-image-preview:large, max-video-preview:-1\" \/>\n<link rel=\"canonical\" href=\"https:\/\/decofoodshop.nl\/de\/produkt\/set-fake-bohnen-rot\/\" \/>\n<meta property=\"og:locale\" content=\"de_DE\" \/>\n<meta property=\"og:type\" content=\"article\" \/>\n<meta property=\"og:title\" content=\"Set Namaak Snijbonen Rood\" \/>\n<meta property=\"og:description\" content=\"Set Namaak Snijbonen Rood van levensechte kwaliteit bij Decofoodshop.nl Heel veel nepgroenten direct leverbaar in heel Europa.\" \/>\n<meta property=\"og:url\" content=\"https:\/\/decofoodshop.nl\/de\/produkt\/set-fake-bohnen-rot\/\" \/>\n<meta property=\"og:site_name\" content=\"Decofoodshop\" \/>\n<meta property=\"article:modified_time\" content=\"2026-02-28T14:09:32+00:00\" \/>\n<meta property=\"og:image\" content=\"https:\/\/decofoodshop.nl\/wp-content\/uploads\/2020\/12\/Set-Namaak-Snijbonen-Rood.jpg\" \/>\n\t<meta property=\"og:image:width\" content=\"750\" \/>\n\t<meta property=\"og:image:height\" content=\"750\" \/>\n\t<meta property=\"og:image:type\" content=\"image\/jpeg\" \/>\n<meta name=\"twitter:card\" content=\"summary_large_image\" \/>\n<meta name=\"twitter:label1\" content=\"Gesch\u00e4tzte Lesezeit\" \/>\n\t<meta name=\"twitter:data1\" content=\"1\u00a0Minute\" \/>\n<script type=\"application\/ld+json\" class=\"yoast-schema-graph\">{\"@context\":\"https:\\\/\\\/schema.org\",\"@graph\":[{\"@type\":\"WebPage\",\"@id\":\"https:\\\/\\\/decofoodshop.nl\\\/product\\\/set-namaak-snijbonen-rood\\\/\",\"url\":\"https:\\\/\\\/decofoodshop.nl\\\/product\\\/set-namaak-snijbonen-rood\\\/\",\"name\":\"Set Namaak Snijbonen Rood - alleen bij Decofoodshop\",\"isPartOf\":{\"@id\":\"https:\\\/\\\/decofoodshop.nl\\\/#website\"},\"primaryImageOfPage\":{\"@id\":\"https:\\\/\\\/decofoodshop.nl\\\/product\\\/set-namaak-snijbonen-rood\\\/#primaryimage\"},\"image\":{\"@id\":\"https:\\\/\\\/decofoodshop.nl\\\/product\\\/set-namaak-snijbonen-rood\\\/#primaryimage\"},\"thumbnailUrl\":\"https:\\\/\\\/decofoodshop.nl\\\/wp-content\\\/uploads\\\/2020\\\/12\\\/Set-Namaak-Snijbonen-Rood.jpg\",\"datePublished\":\"2020-12-01T12:13:35+00:00\",\"dateModified\":\"2026-02-28T14:09:32+00:00\",\"description\":\"Set Namaak Snijbonen Rood van levensechte kwaliteit bij Decofoodshop.nl Heel veel nepgroenten direct leverbaar in heel Europa.\",\"breadcrumb\":{\"@id\":\"https:\\\/\\\/decofoodshop.nl\\\/product\\\/set-namaak-snijbonen-rood\\\/#breadcrumb\"},\"inLanguage\":\"de\",\"potentialAction\":[{\"@type\":\"ReadAction\",\"target\":[\"https:\\\/\\\/decofoodshop.nl\\\/product\\\/set-namaak-snijbonen-rood\\\/\"]}]},{\"@type\":\"ImageObject\",\"inLanguage\":\"de\",\"@id\":\"https:\\\/\\\/decofoodshop.nl\\\/product\\\/set-namaak-snijbonen-rood\\\/#primaryimage\",\"url\":\"https:\\\/\\\/decofoodshop.nl\\\/wp-content\\\/uploads\\\/2020\\\/12\\\/Set-Namaak-Snijbonen-Rood.jpg\",\"contentUrl\":\"https:\\\/\\\/decofoodshop.nl\\\/wp-content\\\/uploads\\\/2020\\\/12\\\/Set-Namaak-Snijbonen-Rood.jpg\",\"width\":750,\"height\":750,\"caption\":\"Set Namaak Snijbonen Rood van Decofoodshop\"},{\"@type\":\"BreadcrumbList\",\"@id\":\"https:\\\/\\\/decofoodshop.nl\\\/product\\\/set-namaak-snijbonen-rood\\\/#breadcrumb\",\"itemListElement\":[{\"@type\":\"ListItem\",\"position\":1,\"name\":\"Home\",\"item\":\"https:\\\/\\\/decofoodshop.nl\\\/\"},{\"@type\":\"ListItem\",\"position\":2,\"name\":\"Winkel\",\"item\":\"https:\\\/\\\/decofoodshop.nl\\\/winkel\\\/\"},{\"@type\":\"ListItem\",\"position\":3,\"name\":\"Set Namaak Snijbonen Rood\"}]},{\"@type\":\"WebSite\",\"@id\":\"https:\\\/\\\/decofoodshop.nl\\\/#website\",\"url\":\"https:\\\/\\\/decofoodshop.nl\\\/\",\"name\":\"Decofoodshop\",\"description\":\"\",\"potentialAction\":[{\"@type\":\"SearchAction\",\"target\":{\"@type\":\"EntryPoint\",\"urlTemplate\":\"https:\\\/\\\/decofoodshop.nl\\\/?s={search_term_string}\"},\"query-input\":{\"@type\":\"PropertyValueSpecification\",\"valueRequired\":true,\"valueName\":\"search_term_string\"}}],\"inLanguage\":\"de\"}]}<\/script>\n<!-- \/ Yoast SEO Premium plugin. -->","yoast_head_json":{"title":"Set Gef\u00e4lschte Stangenbohnen Rot - nur bei Decofoodshop","description":"Stellen Sie gef\u00e4lschte rote Bohnen von lebensechter Qualit\u00e4t bei Decofoodshop.nl ein. Viele gef\u00e4lschte Gem\u00fcse sind sofort in ganz Europa erh\u00e4ltlich.","robots":{"index":"index","follow":"follow","max-snippet":"max-snippet:-1","max-image-preview":"max-image-preview:large","max-video-preview":"max-video-preview:-1"},"canonical":"https:\/\/decofoodshop.nl\/de\/produkt\/set-fake-bohnen-rot\/","og_locale":"de_DE","og_type":"article","og_title":"Set Namaak Snijbonen Rood","og_description":"Set Namaak Snijbonen Rood van levensechte kwaliteit bij Decofoodshop.nl Heel veel nepgroenten direct leverbaar in heel Europa.","og_url":"https:\/\/decofoodshop.nl\/de\/produkt\/set-fake-bohnen-rot\/","og_site_name":"Decofoodshop","article_modified_time":"2026-02-28T14:09:32+00:00","og_image":[{"width":750,"height":750,"url":"https:\/\/decofoodshop.nl\/wp-content\/uploads\/2020\/12\/Set-Namaak-Snijbonen-Rood.jpg","type":"image\/jpeg"}],"twitter_card":"summary_large_image","twitter_misc":{"Gesch\u00e4tzte Lesezeit":"1\u00a0Minute"},"schema":{"@context":"https:\/\/schema.org","@graph":[{"@type":"WebPage","@id":"https:\/\/decofoodshop.nl\/product\/set-namaak-snijbonen-rood\/","url":"https:\/\/decofoodshop.nl\/product\/set-namaak-snijbonen-rood\/","name":"Set Gef\u00e4lschte Stangenbohnen Rot - nur bei Decofoodshop","isPartOf":{"@id":"https:\/\/decofoodshop.nl\/#website"},"primaryImageOfPage":{"@id":"https:\/\/decofoodshop.nl\/product\/set-namaak-snijbonen-rood\/#primaryimage"},"image":{"@id":"https:\/\/decofoodshop.nl\/product\/set-namaak-snijbonen-rood\/#primaryimage"},"thumbnailUrl":"https:\/\/decofoodshop.nl\/wp-content\/uploads\/2020\/12\/Set-Namaak-Snijbonen-Rood.jpg","datePublished":"2020-12-01T12:13:35+00:00","dateModified":"2026-02-28T14:09:32+00:00","description":"Stellen Sie gef\u00e4lschte rote Bohnen von lebensechter Qualit\u00e4t bei Decofoodshop.nl ein. Viele gef\u00e4lschte Gem\u00fcse sind sofort in ganz Europa erh\u00e4ltlich.","breadcrumb":{"@id":"https:\/\/decofoodshop.nl\/product\/set-namaak-snijbonen-rood\/#breadcrumb"},"inLanguage":"de","potentialAction":[{"@type":"ReadAction","target":["https:\/\/decofoodshop.nl\/product\/set-namaak-snijbonen-rood\/"]}]},{"@type":"ImageObject","inLanguage":"de","@id":"https:\/\/decofoodshop.nl\/product\/set-namaak-snijbonen-rood\/#primaryimage","url":"https:\/\/decofoodshop.nl\/wp-content\/uploads\/2020\/12\/Set-Namaak-Snijbonen-Rood.jpg","contentUrl":"https:\/\/decofoodshop.nl\/wp-content\/uploads\/2020\/12\/Set-Namaak-Snijbonen-Rood.jpg","width":750,"height":750,"caption":"Set Namaak Snijbonen Rood van Decofoodshop"},{"@type":"BreadcrumbList","@id":"https:\/\/decofoodshop.nl\/product\/set-namaak-snijbonen-rood\/#breadcrumb","itemListElement":[{"@type":"ListItem","position":1,"name":"Home","item":"https:\/\/decofoodshop.nl\/"},{"@type":"ListItem","position":2,"name":"Winkel","item":"https:\/\/decofoodshop.nl\/winkel\/"},{"@type":"ListItem","position":3,"name":"Set Namaak Snijbonen Rood"}]},{"@type":"WebSite","@id":"https:\/\/decofoodshop.nl\/#website","url":"https:\/\/decofoodshop.nl\/","name":"Dekofoodshop","description":"","potentialAction":[{"@type":"SearchAction","target":{"@type":"EntryPoint","urlTemplate":"https:\/\/decofoodshop.nl\/?s={search_term_string}"},"query-input":{"@type":"PropertyValueSpecification","valueRequired":true,"valueName":"search_term_string"}}],"inLanguage":"de"}]}},"_links":{"self":[{"href":"https:\/\/decofoodshop.nl\/de\/wp-json\/wp\/v2\/product\/3905","targetHints":{"allow":["GET"]}}],"collection":[{"href":"https:\/\/decofoodshop.nl\/de\/wp-json\/wp\/v2\/product"}],"about":[{"href":"https:\/\/decofoodshop.nl\/de\/wp-json\/wp\/v2\/types\/product"}],"wp:featuredmedia":[{"embeddable":true,"href":"https:\/\/decofoodshop.nl\/de\/wp-json\/wp\/v2\/media\/3906"}],"wp:attachment":[{"href":"https:\/\/decofoodshop.nl\/de\/wp-json\/wp\/v2\/media?parent=3905"}],"wp:term":[{"taxonomy":"product_brand","embeddable":true,"href":"https:\/\/decofoodshop.nl\/de\/wp-json\/wp\/v2\/product_brand?post=3905"},{"taxonomy":"product_cat","embeddable":true,"href":"https:\/\/decofoodshop.nl\/de\/wp-json\/wp\/v2\/product_cat?post=3905"},{"taxonomy":"product_tag","embeddable":true,"href":"https:\/\/decofoodshop.nl\/de\/wp-json\/wp\/v2\/product_tag?post=3905"}],"curies":[{"name":"wp","href":"https:\/\/api.w.org\/{rel}","templated":true}]}}