{"id":3981,"date":"2021-02-07T15:44:58","date_gmt":"2021-02-07T15:44:58","guid":{"rendered":"https:\/\/decofoodshop.nl\/?post_type=product&#038;p=3981"},"modified":"2026-04-08T14:32:26","modified_gmt":"2026-04-08T12:32:26","slug":"weise-gefalschte-rube","status":"publish","type":"product","link":"https:\/\/decofoodshop.nl\/de\/product\/witte-nepbiet\/","title":{"rendered":"Wei\u00dfe gef\u00e4lschte R\u00fcbe"},"content":{"rendered":"<p><span style=\"color: #000000;\">Dieses sch\u00f6ne wei\u00dfe Nepbiet ist \u00e4u\u00dferst dekorativ.<\/span><\/p>\n<p>Die Bl\u00e4tter haben eine sch\u00f6ne, hellgr\u00fcne Maserung f\u00fcr ein nat\u00fcrliches Aussehen.<\/p>\n<p>Versehen mit vielen Details, sowohl an der Unterseite als auch an der Spitze des Rote-Bete-Imitats.<\/p>\n<p>Die Farbe der Zierr\u00fcbe ist einheitlich wei\u00df mit einigen schwarzen Streifen f\u00fcr ein nat\u00fcrliches Aussehen.<\/p>\n<p>Werfen Sie auch einen Blick auf unsere\u00a0 <span style=\"color: #008000;\"><a style=\"color: #008000;\" href=\"https:\/\/decofoodshop.nl\/de\/produktkategorie-2\/pakete\/\">&#8216;<strong>Pakete<\/strong>&#8216;<\/a> <\/span>f\u00fcr ein vielf\u00e4ltiges Angebot an gef\u00e4lschten Lebensmitteln.<\/p>","protected":false},"excerpt":{"rendered":"<p>Deze fraaie Witte Nepbiet is uiterst decoratief. De bladeren hebben een mooie, licht groene nerf voor een natuurlijke uitstraling. Voorzien van veel details, zowel aan de onderkant als aan de bovenkant van de imitatie biet. De kleur van de sierbiet is egaal wit met enkele zwarte vegen voor een natuurlijke uitstraling. Kijk ook eens bij [&hellip;]<\/p>\n","protected":false},"featured_media":3982,"template":"","meta":{"_acf_changed":false,"_genesis_hide_title":false,"_genesis_hide_breadcrumbs":false,"_genesis_hide_singular_image":false,"_genesis_hide_footer_widgets":false,"_genesis_custom_body_class":"","_genesis_custom_post_class":"","_genesis_layout":""},"product_brand":[],"product_cat":[48],"product_tag":[],"class_list":{"0":"post-3981","1":"product","2":"type-product","3":"status-publish","4":"has-post-thumbnail","6":"product_cat-kunstgroenten","7":"entry","8":"wpx-has-gallery","10":"first","11":"instock","12":"taxable","13":"shipping-taxable","14":"purchasable","15":"product-type-simple"},"acf":[],"yoast_head":"<!-- This site is optimized with the Yoast SEO Premium plugin v27.3 (Yoast SEO v27.4) - https:\/\/yoast.com\/product\/yoast-seo-premium-wordpress\/ -->\n<title>Witte Nepbiet - bestellen bij en snel bezorgd door Decofoodshop<\/title>\n<meta name=\"description\" content=\"Deze Witte Nepbiet is \u00e9\u00e9n van onze vele namaak groenten en groente dummies. Decofoodshop levert direct uit eigen voorraad.\" \/>\n<meta name=\"robots\" content=\"index, follow, max-snippet:-1, max-image-preview:large, max-video-preview:-1\" \/>\n<link rel=\"canonical\" href=\"https:\/\/decofoodshop.nl\/de\/produkt\/weise-gefalschte-rube\/\" \/>\n<meta property=\"og:locale\" content=\"de_DE\" \/>\n<meta property=\"og:type\" content=\"article\" \/>\n<meta property=\"og:title\" content=\"Witte Nepbiet\" \/>\n<meta property=\"og:description\" content=\"Deze Witte Nepbiet is \u00e9\u00e9n van onze vele namaak groenten en groente dummies. Decofoodshop levert direct uit eigen voorraad.\" \/>\n<meta property=\"og:url\" content=\"https:\/\/decofoodshop.nl\/de\/produkt\/weise-gefalschte-rube\/\" \/>\n<meta property=\"og:site_name\" content=\"Decofoodshop\" \/>\n<meta property=\"article:modified_time\" content=\"2026-04-08T12:32:26+00:00\" \/>\n<meta property=\"og:image\" content=\"https:\/\/decofoodshop.nl\/wp-content\/uploads\/2021\/02\/Witte-Nepbiet.jpg\" \/>\n\t<meta property=\"og:image:width\" content=\"750\" \/>\n\t<meta property=\"og:image:height\" content=\"750\" \/>\n\t<meta property=\"og:image:type\" content=\"image\/jpeg\" \/>\n<meta name=\"twitter:card\" content=\"summary_large_image\" \/>\n<meta name=\"twitter:label1\" content=\"Gesch\u00e4tzte Lesezeit\" \/>\n\t<meta name=\"twitter:data1\" content=\"1\u00a0Minute\" \/>\n<script type=\"application\/ld+json\" class=\"yoast-schema-graph\">{\"@context\":\"https:\\\/\\\/schema.org\",\"@graph\":[{\"@type\":\"WebPage\",\"@id\":\"https:\\\/\\\/decofoodshop.nl\\\/product\\\/witte-nepbiet\\\/\",\"url\":\"https:\\\/\\\/decofoodshop.nl\\\/product\\\/witte-nepbiet\\\/\",\"name\":\"Witte Nepbiet - bestellen bij en snel bezorgd door Decofoodshop\",\"isPartOf\":{\"@id\":\"https:\\\/\\\/decofoodshop.nl\\\/#website\"},\"primaryImageOfPage\":{\"@id\":\"https:\\\/\\\/decofoodshop.nl\\\/product\\\/witte-nepbiet\\\/#primaryimage\"},\"image\":{\"@id\":\"https:\\\/\\\/decofoodshop.nl\\\/product\\\/witte-nepbiet\\\/#primaryimage\"},\"thumbnailUrl\":\"https:\\\/\\\/decofoodshop.nl\\\/wp-content\\\/uploads\\\/2021\\\/02\\\/Witte-Nepbiet.jpg\",\"datePublished\":\"2021-02-07T15:44:58+00:00\",\"dateModified\":\"2026-04-08T12:32:26+00:00\",\"description\":\"Deze Witte Nepbiet is \u00e9\u00e9n van onze vele namaak groenten en groente dummies. Decofoodshop levert direct uit eigen voorraad.\",\"breadcrumb\":{\"@id\":\"https:\\\/\\\/decofoodshop.nl\\\/product\\\/witte-nepbiet\\\/#breadcrumb\"},\"inLanguage\":\"de\",\"potentialAction\":[{\"@type\":\"ReadAction\",\"target\":[\"https:\\\/\\\/decofoodshop.nl\\\/product\\\/witte-nepbiet\\\/\"]}]},{\"@type\":\"ImageObject\",\"inLanguage\":\"de\",\"@id\":\"https:\\\/\\\/decofoodshop.nl\\\/product\\\/witte-nepbiet\\\/#primaryimage\",\"url\":\"https:\\\/\\\/decofoodshop.nl\\\/wp-content\\\/uploads\\\/2021\\\/02\\\/Witte-Nepbiet.jpg\",\"contentUrl\":\"https:\\\/\\\/decofoodshop.nl\\\/wp-content\\\/uploads\\\/2021\\\/02\\\/Witte-Nepbiet.jpg\",\"width\":750,\"height\":750,\"caption\":\"Witte Nepbiet van Decofoodshop\"},{\"@type\":\"BreadcrumbList\",\"@id\":\"https:\\\/\\\/decofoodshop.nl\\\/product\\\/witte-nepbiet\\\/#breadcrumb\",\"itemListElement\":[{\"@type\":\"ListItem\",\"position\":1,\"name\":\"Home\",\"item\":\"https:\\\/\\\/decofoodshop.nl\\\/\"},{\"@type\":\"ListItem\",\"position\":2,\"name\":\"Winkel\",\"item\":\"https:\\\/\\\/decofoodshop.nl\\\/winkel\\\/\"},{\"@type\":\"ListItem\",\"position\":3,\"name\":\"Witte Nepbiet\"}]},{\"@type\":\"WebSite\",\"@id\":\"https:\\\/\\\/decofoodshop.nl\\\/#website\",\"url\":\"https:\\\/\\\/decofoodshop.nl\\\/\",\"name\":\"Decofoodshop\",\"description\":\"\",\"potentialAction\":[{\"@type\":\"SearchAction\",\"target\":{\"@type\":\"EntryPoint\",\"urlTemplate\":\"https:\\\/\\\/decofoodshop.nl\\\/?s={search_term_string}\"},\"query-input\":{\"@type\":\"PropertyValueSpecification\",\"valueRequired\":true,\"valueName\":\"search_term_string\"}}],\"inLanguage\":\"de\"}]}<\/script>\n<!-- \/ Yoast SEO Premium plugin. -->","yoast_head_json":{"title":"Wei\u00dfes Nepbiet - bei Decofoodshop bestellen und schnell geliefert","description":"Diese wei\u00dfe gef\u00e4lschte R\u00fcbe ist eine unserer vielen gef\u00e4lschten Gem\u00fcse- und Gem\u00fcseattrappen. Decofoodshop liefert direkt aus eigenem Vorrat.","robots":{"index":"index","follow":"follow","max-snippet":"max-snippet:-1","max-image-preview":"max-image-preview:large","max-video-preview":"max-video-preview:-1"},"canonical":"https:\/\/decofoodshop.nl\/de\/produkt\/weise-gefalschte-rube\/","og_locale":"de_DE","og_type":"article","og_title":"Witte Nepbiet","og_description":"Deze Witte Nepbiet is \u00e9\u00e9n van onze vele namaak groenten en groente dummies. Decofoodshop levert direct uit eigen voorraad.","og_url":"https:\/\/decofoodshop.nl\/de\/produkt\/weise-gefalschte-rube\/","og_site_name":"Decofoodshop","article_modified_time":"2026-04-08T12:32:26+00:00","og_image":[{"width":750,"height":750,"url":"https:\/\/decofoodshop.nl\/wp-content\/uploads\/2021\/02\/Witte-Nepbiet.jpg","type":"image\/jpeg"}],"twitter_card":"summary_large_image","twitter_misc":{"Gesch\u00e4tzte Lesezeit":"1\u00a0Minute"},"schema":{"@context":"https:\/\/schema.org","@graph":[{"@type":"WebPage","@id":"https:\/\/decofoodshop.nl\/product\/witte-nepbiet\/","url":"https:\/\/decofoodshop.nl\/product\/witte-nepbiet\/","name":"Wei\u00dfes Nepbiet - bei Decofoodshop bestellen und schnell geliefert","isPartOf":{"@id":"https:\/\/decofoodshop.nl\/#website"},"primaryImageOfPage":{"@id":"https:\/\/decofoodshop.nl\/product\/witte-nepbiet\/#primaryimage"},"image":{"@id":"https:\/\/decofoodshop.nl\/product\/witte-nepbiet\/#primaryimage"},"thumbnailUrl":"https:\/\/decofoodshop.nl\/wp-content\/uploads\/2021\/02\/Witte-Nepbiet.jpg","datePublished":"2021-02-07T15:44:58+00:00","dateModified":"2026-04-08T12:32:26+00:00","description":"Diese wei\u00dfe gef\u00e4lschte R\u00fcbe ist eine unserer vielen gef\u00e4lschten Gem\u00fcse- und Gem\u00fcseattrappen. Decofoodshop liefert direkt aus eigenem Vorrat.","breadcrumb":{"@id":"https:\/\/decofoodshop.nl\/product\/witte-nepbiet\/#breadcrumb"},"inLanguage":"de","potentialAction":[{"@type":"ReadAction","target":["https:\/\/decofoodshop.nl\/product\/witte-nepbiet\/"]}]},{"@type":"ImageObject","inLanguage":"de","@id":"https:\/\/decofoodshop.nl\/product\/witte-nepbiet\/#primaryimage","url":"https:\/\/decofoodshop.nl\/wp-content\/uploads\/2021\/02\/Witte-Nepbiet.jpg","contentUrl":"https:\/\/decofoodshop.nl\/wp-content\/uploads\/2021\/02\/Witte-Nepbiet.jpg","width":750,"height":750,"caption":"Witte Nepbiet van Decofoodshop"},{"@type":"BreadcrumbList","@id":"https:\/\/decofoodshop.nl\/product\/witte-nepbiet\/#breadcrumb","itemListElement":[{"@type":"ListItem","position":1,"name":"Home","item":"https:\/\/decofoodshop.nl\/"},{"@type":"ListItem","position":2,"name":"Winkel","item":"https:\/\/decofoodshop.nl\/winkel\/"},{"@type":"ListItem","position":3,"name":"Witte Nepbiet"}]},{"@type":"WebSite","@id":"https:\/\/decofoodshop.nl\/#website","url":"https:\/\/decofoodshop.nl\/","name":"Dekofoodshop","description":"","potentialAction":[{"@type":"SearchAction","target":{"@type":"EntryPoint","urlTemplate":"https:\/\/decofoodshop.nl\/?s={search_term_string}"},"query-input":{"@type":"PropertyValueSpecification","valueRequired":true,"valueName":"search_term_string"}}],"inLanguage":"de"}]}},"_links":{"self":[{"href":"https:\/\/decofoodshop.nl\/de\/wp-json\/wp\/v2\/product\/3981","targetHints":{"allow":["GET"]}}],"collection":[{"href":"https:\/\/decofoodshop.nl\/de\/wp-json\/wp\/v2\/product"}],"about":[{"href":"https:\/\/decofoodshop.nl\/de\/wp-json\/wp\/v2\/types\/product"}],"wp:featuredmedia":[{"embeddable":true,"href":"https:\/\/decofoodshop.nl\/de\/wp-json\/wp\/v2\/media\/3982"}],"wp:attachment":[{"href":"https:\/\/decofoodshop.nl\/de\/wp-json\/wp\/v2\/media?parent=3981"}],"wp:term":[{"taxonomy":"product_brand","embeddable":true,"href":"https:\/\/decofoodshop.nl\/de\/wp-json\/wp\/v2\/product_brand?post=3981"},{"taxonomy":"product_cat","embeddable":true,"href":"https:\/\/decofoodshop.nl\/de\/wp-json\/wp\/v2\/product_cat?post=3981"},{"taxonomy":"product_tag","embeddable":true,"href":"https:\/\/decofoodshop.nl\/de\/wp-json\/wp\/v2\/product_tag?post=3981"}],"curies":[{"name":"wp","href":"https:\/\/api.w.org\/{rel}","templated":true}]}}