{"id":4782,"date":"2021-10-08T11:08:17","date_gmt":"2021-10-08T09:08:17","guid":{"rendered":"https:\/\/decofoodshop.nl\/?post_type=product&#038;p=4782"},"modified":"2026-03-16T16:23:49","modified_gmt":"2026-03-16T15:23:49","slug":"kunstliches-brotbraun","status":"publish","type":"product","link":"https:\/\/decofoodshop.nl\/de\/product\/kunstbrood-bruin\/","title":{"rendered":"K\u00fcnstliches Brot Braun"},"content":{"rendered":"<p>Robustes dunkelbraunes k\u00fcnstliches Urbrot.<\/p>\n<p>Nicht zerbrechlich, kann aber gedr\u00fcckt werden.<\/p>\n<p>Bedeckt mit Samen und Mehl.<\/p>\n<p>Sehr dekoratives Brot und lebensecht.<\/p>\n<p>Dauerhaft sch\u00f6n und wartungsfrei.<\/p>\n<p>Schauen Sie sich auch unsere Kunstnahrung an\u201c<span style=\"color: #008000;\"><strong><a style=\"color: #008000;\" href=\"https:\/\/decofoodshop.nl\/de\/produktkategorie-2\/pakete\/\">Pakete<\/a><\/strong><\/span>&#8220;.<\/p>","protected":false},"excerpt":{"rendered":"<p>Robustes dunkelbraunes k\u00fcnstliches Urbrot. Nicht zerbrechlich, kann aber gedr\u00fcckt werden. Bedeckt mit Samen und Mehl. Sehr dekoratives Brot und lebensecht. Dauerhaft sch\u00f6n und wartungsfrei. Werfen Sie auch einen Blick auf unsere k\u00fcnstlichen Lebensmittel-\u201ePakete\u201c.<\/p>","protected":false},"featured_media":4783,"template":"","meta":{"_acf_changed":false,"_genesis_hide_title":false,"_genesis_hide_breadcrumbs":false,"_genesis_hide_singular_image":false,"_genesis_hide_footer_widgets":false,"_genesis_custom_body_class":"","_genesis_custom_post_class":"","_genesis_layout":""},"product_brand":[],"product_cat":[46],"product_tag":[],"class_list":{"0":"post-4782","1":"product","2":"type-product","3":"status-publish","4":"has-post-thumbnail","6":"product_cat-broodengebak","7":"entry","8":"wpx-has-gallery","10":"first","11":"instock","12":"taxable","13":"shipping-taxable","14":"purchasable","15":"product-type-simple"},"acf":[],"yoast_head":"<!-- This site is optimized with the Yoast SEO Premium plugin v27.3 (Yoast SEO v27.3) - https:\/\/yoast.com\/product\/yoast-seo-premium-wordpress\/ -->\n<title>Kunstbrood Bruin - Decofoodshop<\/title>\n<meta name=\"description\" content=\"Kunstbrood Bruin en veel meer namaak broden en nepbroden bestellen bij Decofoodshop. Makkelijk besteld en snel bezorgd.\" \/>\n<meta name=\"robots\" content=\"index, follow, max-snippet:-1, max-image-preview:large, max-video-preview:-1\" \/>\n<link rel=\"canonical\" href=\"https:\/\/decofoodshop.nl\/de\/produkt\/kunstliches-brotbraun\/\" \/>\n<meta property=\"og:locale\" content=\"de_DE\" \/>\n<meta property=\"og:type\" content=\"article\" \/>\n<meta property=\"og:title\" content=\"Kunstbrood Bruin\" \/>\n<meta property=\"og:description\" content=\"Kunstbrood Bruin en veel meer namaak broden en nepbroden bestellen bij Decofoodshop. Makkelijk besteld en snel bezorgd.\" \/>\n<meta property=\"og:url\" content=\"https:\/\/decofoodshop.nl\/de\/produkt\/kunstliches-brotbraun\/\" \/>\n<meta property=\"og:site_name\" content=\"Decofoodshop\" \/>\n<meta property=\"article:modified_time\" content=\"2026-03-16T15:23:49+00:00\" \/>\n<meta property=\"og:image\" content=\"https:\/\/decofoodshop.nl\/wp-content\/uploads\/2021\/10\/Kunstbrood-Bruin.jpg\" \/>\n\t<meta property=\"og:image:width\" content=\"700\" \/>\n\t<meta property=\"og:image:height\" content=\"700\" \/>\n\t<meta property=\"og:image:type\" content=\"image\/jpeg\" \/>\n<meta name=\"twitter:card\" content=\"summary_large_image\" \/>\n<meta name=\"twitter:label1\" content=\"Gesch\u00e4tzte Lesezeit\" \/>\n\t<meta name=\"twitter:data1\" content=\"1\u00a0Minute\" \/>\n<script type=\"application\/ld+json\" class=\"yoast-schema-graph\">{\"@context\":\"https:\\\/\\\/schema.org\",\"@graph\":[{\"@type\":\"WebPage\",\"@id\":\"https:\\\/\\\/decofoodshop.nl\\\/product\\\/kunstbrood-bruin\\\/\",\"url\":\"https:\\\/\\\/decofoodshop.nl\\\/product\\\/kunstbrood-bruin\\\/\",\"name\":\"Kunstbrood Bruin - Decofoodshop\",\"isPartOf\":{\"@id\":\"https:\\\/\\\/decofoodshop.nl\\\/#website\"},\"primaryImageOfPage\":{\"@id\":\"https:\\\/\\\/decofoodshop.nl\\\/product\\\/kunstbrood-bruin\\\/#primaryimage\"},\"image\":{\"@id\":\"https:\\\/\\\/decofoodshop.nl\\\/product\\\/kunstbrood-bruin\\\/#primaryimage\"},\"thumbnailUrl\":\"https:\\\/\\\/decofoodshop.nl\\\/wp-content\\\/uploads\\\/2021\\\/10\\\/Kunstbrood-Bruin.jpg\",\"datePublished\":\"2021-10-08T09:08:17+00:00\",\"dateModified\":\"2026-03-16T15:23:49+00:00\",\"description\":\"Kunstbrood Bruin en veel meer namaak broden en nepbroden bestellen bij Decofoodshop. Makkelijk besteld en snel bezorgd.\",\"breadcrumb\":{\"@id\":\"https:\\\/\\\/decofoodshop.nl\\\/product\\\/kunstbrood-bruin\\\/#breadcrumb\"},\"inLanguage\":\"de\",\"potentialAction\":[{\"@type\":\"ReadAction\",\"target\":[\"https:\\\/\\\/decofoodshop.nl\\\/product\\\/kunstbrood-bruin\\\/\"]}]},{\"@type\":\"ImageObject\",\"inLanguage\":\"de\",\"@id\":\"https:\\\/\\\/decofoodshop.nl\\\/product\\\/kunstbrood-bruin\\\/#primaryimage\",\"url\":\"https:\\\/\\\/decofoodshop.nl\\\/wp-content\\\/uploads\\\/2021\\\/10\\\/Kunstbrood-Bruin.jpg\",\"contentUrl\":\"https:\\\/\\\/decofoodshop.nl\\\/wp-content\\\/uploads\\\/2021\\\/10\\\/Kunstbrood-Bruin.jpg\",\"width\":700,\"height\":700,\"caption\":\"Kunstbrood Bruin en meer kunstbroden kopen bij Decofoodshop.nl\"},{\"@type\":\"BreadcrumbList\",\"@id\":\"https:\\\/\\\/decofoodshop.nl\\\/product\\\/kunstbrood-bruin\\\/#breadcrumb\",\"itemListElement\":[{\"@type\":\"ListItem\",\"position\":1,\"name\":\"Home\",\"item\":\"https:\\\/\\\/decofoodshop.nl\\\/\"},{\"@type\":\"ListItem\",\"position\":2,\"name\":\"Winkel\",\"item\":\"https:\\\/\\\/decofoodshop.nl\\\/winkel\\\/\"},{\"@type\":\"ListItem\",\"position\":3,\"name\":\"Kunstbrood Bruin\"}]},{\"@type\":\"WebSite\",\"@id\":\"https:\\\/\\\/decofoodshop.nl\\\/#website\",\"url\":\"https:\\\/\\\/decofoodshop.nl\\\/\",\"name\":\"Decofoodshop\",\"description\":\"\",\"potentialAction\":[{\"@type\":\"SearchAction\",\"target\":{\"@type\":\"EntryPoint\",\"urlTemplate\":\"https:\\\/\\\/decofoodshop.nl\\\/?s={search_term_string}\"},\"query-input\":{\"@type\":\"PropertyValueSpecification\",\"valueRequired\":true,\"valueName\":\"search_term_string\"}}],\"inLanguage\":\"de\"}]}<\/script>\n<!-- \/ Yoast SEO Premium plugin. -->","yoast_head_json":{"title":"K\u00fcnstliches Brot braun - Decofoodshop","description":"Bestellen Sie Kunstbrot Brown und viele weitere gef\u00e4lschte Brote und gef\u00e4lschte Brote bei Decofoodshop. Einfache Bestellung und schnelle Lieferung.","robots":{"index":"index","follow":"follow","max-snippet":"max-snippet:-1","max-image-preview":"max-image-preview:large","max-video-preview":"max-video-preview:-1"},"canonical":"https:\/\/decofoodshop.nl\/de\/produkt\/kunstliches-brotbraun\/","og_locale":"de_DE","og_type":"article","og_title":"Kunstbrood Bruin","og_description":"Kunstbrood Bruin en veel meer namaak broden en nepbroden bestellen bij Decofoodshop. Makkelijk besteld en snel bezorgd.","og_url":"https:\/\/decofoodshop.nl\/de\/produkt\/kunstliches-brotbraun\/","og_site_name":"Decofoodshop","article_modified_time":"2026-03-16T15:23:49+00:00","og_image":[{"width":700,"height":700,"url":"https:\/\/decofoodshop.nl\/wp-content\/uploads\/2021\/10\/Kunstbrood-Bruin.jpg","type":"image\/jpeg"}],"twitter_card":"summary_large_image","twitter_misc":{"Gesch\u00e4tzte Lesezeit":"1\u00a0Minute"},"schema":{"@context":"https:\/\/schema.org","@graph":[{"@type":"WebPage","@id":"https:\/\/decofoodshop.nl\/product\/kunstbrood-bruin\/","url":"https:\/\/decofoodshop.nl\/product\/kunstbrood-bruin\/","name":"K\u00fcnstliches Brot braun - Decofoodshop","isPartOf":{"@id":"https:\/\/decofoodshop.nl\/#website"},"primaryImageOfPage":{"@id":"https:\/\/decofoodshop.nl\/product\/kunstbrood-bruin\/#primaryimage"},"image":{"@id":"https:\/\/decofoodshop.nl\/product\/kunstbrood-bruin\/#primaryimage"},"thumbnailUrl":"https:\/\/decofoodshop.nl\/wp-content\/uploads\/2021\/10\/Kunstbrood-Bruin.jpg","datePublished":"2021-10-08T09:08:17+00:00","dateModified":"2026-03-16T15:23:49+00:00","description":"Bestellen Sie Kunstbrot Brown und viele weitere gef\u00e4lschte Brote und gef\u00e4lschte Brote bei Decofoodshop. Einfache Bestellung und schnelle Lieferung.","breadcrumb":{"@id":"https:\/\/decofoodshop.nl\/product\/kunstbrood-bruin\/#breadcrumb"},"inLanguage":"de","potentialAction":[{"@type":"ReadAction","target":["https:\/\/decofoodshop.nl\/product\/kunstbrood-bruin\/"]}]},{"@type":"ImageObject","inLanguage":"de","@id":"https:\/\/decofoodshop.nl\/product\/kunstbrood-bruin\/#primaryimage","url":"https:\/\/decofoodshop.nl\/wp-content\/uploads\/2021\/10\/Kunstbrood-Bruin.jpg","contentUrl":"https:\/\/decofoodshop.nl\/wp-content\/uploads\/2021\/10\/Kunstbrood-Bruin.jpg","width":700,"height":700,"caption":"Kunstbrood Bruin en meer kunstbroden kopen bij Decofoodshop.nl"},{"@type":"BreadcrumbList","@id":"https:\/\/decofoodshop.nl\/product\/kunstbrood-bruin\/#breadcrumb","itemListElement":[{"@type":"ListItem","position":1,"name":"Home","item":"https:\/\/decofoodshop.nl\/"},{"@type":"ListItem","position":2,"name":"Winkel","item":"https:\/\/decofoodshop.nl\/winkel\/"},{"@type":"ListItem","position":3,"name":"Kunstbrood Bruin"}]},{"@type":"WebSite","@id":"https:\/\/decofoodshop.nl\/#website","url":"https:\/\/decofoodshop.nl\/","name":"Dekofoodshop","description":"","potentialAction":[{"@type":"SearchAction","target":{"@type":"EntryPoint","urlTemplate":"https:\/\/decofoodshop.nl\/?s={search_term_string}"},"query-input":{"@type":"PropertyValueSpecification","valueRequired":true,"valueName":"search_term_string"}}],"inLanguage":"de"}]}},"_links":{"self":[{"href":"https:\/\/decofoodshop.nl\/de\/wp-json\/wp\/v2\/product\/4782","targetHints":{"allow":["GET"]}}],"collection":[{"href":"https:\/\/decofoodshop.nl\/de\/wp-json\/wp\/v2\/product"}],"about":[{"href":"https:\/\/decofoodshop.nl\/de\/wp-json\/wp\/v2\/types\/product"}],"wp:featuredmedia":[{"embeddable":true,"href":"https:\/\/decofoodshop.nl\/de\/wp-json\/wp\/v2\/media\/4783"}],"wp:attachment":[{"href":"https:\/\/decofoodshop.nl\/de\/wp-json\/wp\/v2\/media?parent=4782"}],"wp:term":[{"taxonomy":"product_brand","embeddable":true,"href":"https:\/\/decofoodshop.nl\/de\/wp-json\/wp\/v2\/product_brand?post=4782"},{"taxonomy":"product_cat","embeddable":true,"href":"https:\/\/decofoodshop.nl\/de\/wp-json\/wp\/v2\/product_cat?post=4782"},{"taxonomy":"product_tag","embeddable":true,"href":"https:\/\/decofoodshop.nl\/de\/wp-json\/wp\/v2\/product_tag?post=4782"}],"curies":[{"name":"wp","href":"https:\/\/api.w.org\/{rel}","templated":true}]}}