{"id":4800,"date":"2021-10-09T16:17:25","date_gmt":"2021-10-09T14:17:25","guid":{"rendered":"https:\/\/decofoodshop.nl\/?post_type=product&#038;p=4800"},"modified":"2026-03-02T12:45:45","modified_gmt":"2026-03-02T11:45:45","slug":"kunstbrot-hellbraun","status":"publish","type":"product","link":"https:\/\/decofoodshop.nl\/de\/product\/kunstbrood-lichtbruin\/","title":{"rendered":"Kunstbrot Hellbraun"},"content":{"rendered":"<p>Stabiles hellbraunes k\u00fcnstliches Urbrot.<\/p>\n<p>Nicht zerbrechlich, kann aber ein wenig gedr\u00fcckt werden.<\/p>\n<p>Bedeckt mit Mehl und Samen.<\/p>\n<p>Robustes gef\u00e4lschtes Brot und lebensecht.<\/p>\n<p>Dauerhaft sch\u00f6n und ohne Pflege.<\/p>\n<p>Schauen Sie sich auch unsere Futterimitate an\u201c<span style=\"color: #008000;\"><strong><a style=\"color: #008000;\" href=\"https:\/\/decofoodshop.nl\/de\/produktkategorie-2\/pakete\/\">Pakete<\/a><\/strong><\/span>&#8220;.<\/p>","protected":false},"excerpt":{"rendered":"<p>Stabiles hellbraunes k\u00fcnstliches Urbrot. Nicht zerbrechlich, kann aber ein wenig gedr\u00fcckt werden. Bedeckt mit Mehl und Samen. Robustes gef\u00e4lschtes Brot und lebensecht. Dauerhaft sch\u00f6n und ohne Pflege. Werfen Sie auch einen Blick auf unsere Futterimitat-\u201ePakete\u201c.<\/p>","protected":false},"featured_media":4801,"template":"","meta":{"_acf_changed":false,"_genesis_hide_title":false,"_genesis_hide_breadcrumbs":false,"_genesis_hide_singular_image":false,"_genesis_hide_footer_widgets":false,"_genesis_custom_body_class":"","_genesis_custom_post_class":"","_genesis_layout":""},"product_brand":[],"product_cat":[46],"product_tag":[],"class_list":{"0":"post-4800","1":"product","2":"type-product","3":"status-publish","4":"has-post-thumbnail","6":"product_cat-broodengebak","7":"entry","8":"wpx-has-gallery","10":"first","11":"instock","12":"taxable","13":"shipping-taxable","14":"purchasable","15":"product-type-simple"},"acf":[],"yoast_head":"<!-- This site is optimized with the Yoast SEO Premium plugin v27.3 (Yoast SEO v27.4) - https:\/\/yoast.com\/product\/yoast-seo-premium-wordpress\/ -->\n<title>Kunstbrood Lichtbruin - Decofoodshop .nl<\/title>\n<meta name=\"description\" content=\"Kunstbrood Lichtbruin en meer nepbroden bestellen bij Decofoodshop. De leverancier van namaak voeding zoals kunstvlees, kunstbrood en kunstvissen.\" \/>\n<meta name=\"robots\" content=\"index, follow, max-snippet:-1, max-image-preview:large, max-video-preview:-1\" \/>\n<link rel=\"canonical\" href=\"https:\/\/decofoodshop.nl\/de\/produkt\/kunstbrot-hellbraun\/\" \/>\n<meta property=\"og:locale\" content=\"de_DE\" \/>\n<meta property=\"og:type\" content=\"article\" \/>\n<meta property=\"og:title\" content=\"Kunstbrood Lichtbruin\" \/>\n<meta property=\"og:description\" content=\"Kunstbrood Lichtbruin en meer nepbroden bestellen bij Decofoodshop. De leverancier van namaak voeding zoals kunstvlees, kunstbrood en kunstvissen.\" \/>\n<meta property=\"og:url\" content=\"https:\/\/decofoodshop.nl\/de\/produkt\/kunstbrot-hellbraun\/\" \/>\n<meta property=\"og:site_name\" content=\"Decofoodshop\" \/>\n<meta property=\"article:modified_time\" content=\"2026-03-02T11:45:45+00:00\" \/>\n<meta property=\"og:image\" content=\"https:\/\/decofoodshop.nl\/wp-content\/uploads\/2021\/10\/Kunstbrood-Lichtbruin-2.jpg\" \/>\n\t<meta property=\"og:image:width\" content=\"700\" \/>\n\t<meta property=\"og:image:height\" content=\"700\" \/>\n\t<meta property=\"og:image:type\" content=\"image\/jpeg\" \/>\n<meta name=\"twitter:card\" content=\"summary_large_image\" \/>\n<meta name=\"twitter:label1\" content=\"Gesch\u00e4tzte Lesezeit\" \/>\n\t<meta name=\"twitter:data1\" content=\"1\u00a0Minute\" \/>\n<script type=\"application\/ld+json\" class=\"yoast-schema-graph\">{\"@context\":\"https:\\\/\\\/schema.org\",\"@graph\":[{\"@type\":\"WebPage\",\"@id\":\"https:\\\/\\\/decofoodshop.nl\\\/product\\\/kunstbrood-lichtbruin\\\/\",\"url\":\"https:\\\/\\\/decofoodshop.nl\\\/product\\\/kunstbrood-lichtbruin\\\/\",\"name\":\"Kunstbrood Lichtbruin - Decofoodshop .nl\",\"isPartOf\":{\"@id\":\"https:\\\/\\\/decofoodshop.nl\\\/#website\"},\"primaryImageOfPage\":{\"@id\":\"https:\\\/\\\/decofoodshop.nl\\\/product\\\/kunstbrood-lichtbruin\\\/#primaryimage\"},\"image\":{\"@id\":\"https:\\\/\\\/decofoodshop.nl\\\/product\\\/kunstbrood-lichtbruin\\\/#primaryimage\"},\"thumbnailUrl\":\"https:\\\/\\\/decofoodshop.nl\\\/wp-content\\\/uploads\\\/2021\\\/10\\\/Kunstbrood-Lichtbruin-2.jpg\",\"datePublished\":\"2021-10-09T14:17:25+00:00\",\"dateModified\":\"2026-03-02T11:45:45+00:00\",\"description\":\"Kunstbrood Lichtbruin en meer nepbroden bestellen bij Decofoodshop. De leverancier van namaak voeding zoals kunstvlees, kunstbrood en kunstvissen.\",\"breadcrumb\":{\"@id\":\"https:\\\/\\\/decofoodshop.nl\\\/product\\\/kunstbrood-lichtbruin\\\/#breadcrumb\"},\"inLanguage\":\"de\",\"potentialAction\":[{\"@type\":\"ReadAction\",\"target\":[\"https:\\\/\\\/decofoodshop.nl\\\/product\\\/kunstbrood-lichtbruin\\\/\"]}]},{\"@type\":\"ImageObject\",\"inLanguage\":\"de\",\"@id\":\"https:\\\/\\\/decofoodshop.nl\\\/product\\\/kunstbrood-lichtbruin\\\/#primaryimage\",\"url\":\"https:\\\/\\\/decofoodshop.nl\\\/wp-content\\\/uploads\\\/2021\\\/10\\\/Kunstbrood-Lichtbruin-2.jpg\",\"contentUrl\":\"https:\\\/\\\/decofoodshop.nl\\\/wp-content\\\/uploads\\\/2021\\\/10\\\/Kunstbrood-Lichtbruin-2.jpg\",\"width\":700,\"height\":700,\"caption\":\"Kunstbrood Lichtbruin en meer nepbroden kopen bij Decofoodshop.nl\"},{\"@type\":\"BreadcrumbList\",\"@id\":\"https:\\\/\\\/decofoodshop.nl\\\/product\\\/kunstbrood-lichtbruin\\\/#breadcrumb\",\"itemListElement\":[{\"@type\":\"ListItem\",\"position\":1,\"name\":\"Home\",\"item\":\"https:\\\/\\\/decofoodshop.nl\\\/\"},{\"@type\":\"ListItem\",\"position\":2,\"name\":\"Winkel\",\"item\":\"https:\\\/\\\/decofoodshop.nl\\\/winkel\\\/\"},{\"@type\":\"ListItem\",\"position\":3,\"name\":\"Kunstbrood Lichtbruin\"}]},{\"@type\":\"WebSite\",\"@id\":\"https:\\\/\\\/decofoodshop.nl\\\/#website\",\"url\":\"https:\\\/\\\/decofoodshop.nl\\\/\",\"name\":\"Decofoodshop\",\"description\":\"\",\"potentialAction\":[{\"@type\":\"SearchAction\",\"target\":{\"@type\":\"EntryPoint\",\"urlTemplate\":\"https:\\\/\\\/decofoodshop.nl\\\/?s={search_term_string}\"},\"query-input\":{\"@type\":\"PropertyValueSpecification\",\"valueRequired\":true,\"valueName\":\"search_term_string\"}}],\"inLanguage\":\"de\"}]}<\/script>\n<!-- \/ Yoast SEO Premium plugin. -->","yoast_head_json":{"title":"Kunstbrot Hellbraun - Decofoodshop .nl","description":"Bestellen Sie Kunstbrot Hellbraun und weitere Kunstbrote bei Decofoodshop. Der Lieferant von gef\u00e4lschten Lebensmitteln wie Kunstfleisch, Kunstbrot und Kunstfisch.","robots":{"index":"index","follow":"follow","max-snippet":"max-snippet:-1","max-image-preview":"max-image-preview:large","max-video-preview":"max-video-preview:-1"},"canonical":"https:\/\/decofoodshop.nl\/de\/produkt\/kunstbrot-hellbraun\/","og_locale":"de_DE","og_type":"article","og_title":"Kunstbrood Lichtbruin","og_description":"Kunstbrood Lichtbruin en meer nepbroden bestellen bij Decofoodshop. De leverancier van namaak voeding zoals kunstvlees, kunstbrood en kunstvissen.","og_url":"https:\/\/decofoodshop.nl\/de\/produkt\/kunstbrot-hellbraun\/","og_site_name":"Decofoodshop","article_modified_time":"2026-03-02T11:45:45+00:00","og_image":[{"width":700,"height":700,"url":"https:\/\/decofoodshop.nl\/wp-content\/uploads\/2021\/10\/Kunstbrood-Lichtbruin-2.jpg","type":"image\/jpeg"}],"twitter_card":"summary_large_image","twitter_misc":{"Gesch\u00e4tzte Lesezeit":"1\u00a0Minute"},"schema":{"@context":"https:\/\/schema.org","@graph":[{"@type":"WebPage","@id":"https:\/\/decofoodshop.nl\/product\/kunstbrood-lichtbruin\/","url":"https:\/\/decofoodshop.nl\/product\/kunstbrood-lichtbruin\/","name":"Kunstbrot Hellbraun - Decofoodshop .nl","isPartOf":{"@id":"https:\/\/decofoodshop.nl\/#website"},"primaryImageOfPage":{"@id":"https:\/\/decofoodshop.nl\/product\/kunstbrood-lichtbruin\/#primaryimage"},"image":{"@id":"https:\/\/decofoodshop.nl\/product\/kunstbrood-lichtbruin\/#primaryimage"},"thumbnailUrl":"https:\/\/decofoodshop.nl\/wp-content\/uploads\/2021\/10\/Kunstbrood-Lichtbruin-2.jpg","datePublished":"2021-10-09T14:17:25+00:00","dateModified":"2026-03-02T11:45:45+00:00","description":"Bestellen Sie Kunstbrot Hellbraun und weitere Kunstbrote bei Decofoodshop. Der Lieferant von gef\u00e4lschten Lebensmitteln wie Kunstfleisch, Kunstbrot und Kunstfisch.","breadcrumb":{"@id":"https:\/\/decofoodshop.nl\/product\/kunstbrood-lichtbruin\/#breadcrumb"},"inLanguage":"de","potentialAction":[{"@type":"ReadAction","target":["https:\/\/decofoodshop.nl\/product\/kunstbrood-lichtbruin\/"]}]},{"@type":"ImageObject","inLanguage":"de","@id":"https:\/\/decofoodshop.nl\/product\/kunstbrood-lichtbruin\/#primaryimage","url":"https:\/\/decofoodshop.nl\/wp-content\/uploads\/2021\/10\/Kunstbrood-Lichtbruin-2.jpg","contentUrl":"https:\/\/decofoodshop.nl\/wp-content\/uploads\/2021\/10\/Kunstbrood-Lichtbruin-2.jpg","width":700,"height":700,"caption":"Kunstbrood Lichtbruin en meer nepbroden kopen bij Decofoodshop.nl"},{"@type":"BreadcrumbList","@id":"https:\/\/decofoodshop.nl\/product\/kunstbrood-lichtbruin\/#breadcrumb","itemListElement":[{"@type":"ListItem","position":1,"name":"Home","item":"https:\/\/decofoodshop.nl\/"},{"@type":"ListItem","position":2,"name":"Winkel","item":"https:\/\/decofoodshop.nl\/winkel\/"},{"@type":"ListItem","position":3,"name":"Kunstbrood Lichtbruin"}]},{"@type":"WebSite","@id":"https:\/\/decofoodshop.nl\/#website","url":"https:\/\/decofoodshop.nl\/","name":"Dekofoodshop","description":"","potentialAction":[{"@type":"SearchAction","target":{"@type":"EntryPoint","urlTemplate":"https:\/\/decofoodshop.nl\/?s={search_term_string}"},"query-input":{"@type":"PropertyValueSpecification","valueRequired":true,"valueName":"search_term_string"}}],"inLanguage":"de"}]}},"_links":{"self":[{"href":"https:\/\/decofoodshop.nl\/de\/wp-json\/wp\/v2\/product\/4800","targetHints":{"allow":["GET"]}}],"collection":[{"href":"https:\/\/decofoodshop.nl\/de\/wp-json\/wp\/v2\/product"}],"about":[{"href":"https:\/\/decofoodshop.nl\/de\/wp-json\/wp\/v2\/types\/product"}],"wp:featuredmedia":[{"embeddable":true,"href":"https:\/\/decofoodshop.nl\/de\/wp-json\/wp\/v2\/media\/4801"}],"wp:attachment":[{"href":"https:\/\/decofoodshop.nl\/de\/wp-json\/wp\/v2\/media?parent=4800"}],"wp:term":[{"taxonomy":"product_brand","embeddable":true,"href":"https:\/\/decofoodshop.nl\/de\/wp-json\/wp\/v2\/product_brand?post=4800"},{"taxonomy":"product_cat","embeddable":true,"href":"https:\/\/decofoodshop.nl\/de\/wp-json\/wp\/v2\/product_cat?post=4800"},{"taxonomy":"product_tag","embeddable":true,"href":"https:\/\/decofoodshop.nl\/de\/wp-json\/wp\/v2\/product_tag?post=4800"}],"curies":[{"name":"wp","href":"https:\/\/api.w.org\/{rel}","templated":true}]}}