{"id":4823,"date":"2021-10-13T17:19:43","date_gmt":"2021-10-13T15:19:43","guid":{"rendered":"https:\/\/decofoodshop.nl\/?post_type=product&#038;p=4823"},"modified":"2026-04-21T19:19:52","modified_gmt":"2026-04-21T17:19:52","slug":"gefalschte-langustenfarben","status":"publish","type":"product","link":"https:\/\/decofoodshop.nl\/de\/product\/nep-langoest-gekleurd\/","title":{"rendered":"Gef\u00e4lschte Languste gef\u00e4rbt"},"content":{"rendered":"<p>Sehr dekorativer unechter Langusten gef\u00e4rbt.<\/p>\n<p>Hergestellt mit vielen feinen Details.<\/p>\n<p>Dieser Fake Spiny Lobster Coloured ist von sehr robuster Qualit\u00e4t.<\/p>\n<p>Mit mehreren Beinen und Tentakeln.<\/p>\n<p>Oben und unten nat\u00fcrlich.<\/p>\n<p>Absolut eine sch\u00f6ne Meeresdekoration.<\/p>\n<p>Dieser gef\u00e4lschte Hummer ist f\u00fcr den professionellen Gebrauch geeignet.<\/p>\n<p>Werfen Sie auch einen Blick auf unsere <span style=\"color: #008000;\"><strong><a style=\"color: #008000;\" href=\"https:\/\/decofoodshop.nl\/de\/produktkategorie-2\/pakete\/\">Deko Lebensmittelverpackungen<\/a><\/strong><\/span>.<\/p>","protected":false},"excerpt":{"rendered":"<p>Zeer decoratieve Nep Langoest Gekleurd. Met veel fijne details gemaakt. Deze Nep Langoest Gekleurd is van zeer stevige kwaliteit. Met meerdere pootjes en tentakels. Zowel onder als bovenzijde natuurgetrouw. Absoluut een fraaie zee decoratie. Deze nep zeekreeft is geschikt voor professioneel gebruik. Kijk ook eens bij onze decofood pakketten.<\/p>","protected":false},"featured_media":4824,"template":"","meta":{"_acf_changed":false,"_genesis_hide_title":false,"_genesis_hide_breadcrumbs":false,"_genesis_hide_singular_image":false,"_genesis_hide_footer_widgets":false,"_genesis_custom_body_class":"","_genesis_custom_post_class":"","_genesis_layout":""},"product_brand":[],"product_cat":[50],"product_tag":[],"class_list":{"0":"post-4823","1":"product","2":"type-product","3":"status-publish","4":"has-post-thumbnail","6":"product_cat-namaak-vis-en-vlees","7":"entry","8":"wpx-has-gallery","10":"first","11":"instock","12":"taxable","13":"shipping-taxable","14":"purchasable","15":"product-type-simple"},"acf":[],"yoast_head":"<!-- This site is optimized with the Yoast SEO Premium plugin v27.4 (Yoast SEO v27.4) - https:\/\/yoast.com\/product\/yoast-seo-premium-wordpress\/ -->\n<title>Nep Langoest Gekleurd - Decofoodshop<\/title>\n<meta name=\"description\" content=\"Nep Langoest Gekleurd en veel meer fraaie zeevis decoraties bij Decofoodshop.nl Heel veel keuze en direct bezorgd.\" \/>\n<meta name=\"robots\" content=\"index, follow, max-snippet:-1, max-image-preview:large, max-video-preview:-1\" \/>\n<link rel=\"canonical\" href=\"https:\/\/decofoodshop.nl\/de\/produkt\/gefalschte-langustenfarben\/\" \/>\n<meta property=\"og:locale\" content=\"de_DE\" \/>\n<meta property=\"og:type\" content=\"article\" \/>\n<meta property=\"og:title\" content=\"Nep Langoest Gekleurd\" \/>\n<meta property=\"og:description\" content=\"Nep Langoest Gekleurd en veel meer fraaie zeevis decoraties bij Decofoodshop.nl Heel veel keuze en direct bezorgd.\" \/>\n<meta property=\"og:url\" content=\"https:\/\/decofoodshop.nl\/de\/produkt\/gefalschte-langustenfarben\/\" \/>\n<meta property=\"og:site_name\" content=\"Decofoodshop\" \/>\n<meta property=\"article:modified_time\" content=\"2026-04-21T17:19:52+00:00\" \/>\n<meta property=\"og:image\" content=\"https:\/\/decofoodshop.nl\/wp-content\/uploads\/2021\/10\/Nep-Langoest-Gekleurd-.jpg\" \/>\n\t<meta property=\"og:image:width\" content=\"750\" \/>\n\t<meta property=\"og:image:height\" content=\"757\" \/>\n\t<meta property=\"og:image:type\" content=\"image\/jpeg\" \/>\n<meta name=\"twitter:card\" content=\"summary_large_image\" \/>\n<meta name=\"twitter:label1\" content=\"Gesch\u00e4tzte Lesezeit\" \/>\n\t<meta name=\"twitter:data1\" content=\"1\u00a0Minute\" \/>\n<script type=\"application\/ld+json\" class=\"yoast-schema-graph\">{\"@context\":\"https:\\\/\\\/schema.org\",\"@graph\":[{\"@type\":\"WebPage\",\"@id\":\"https:\\\/\\\/decofoodshop.nl\\\/product\\\/nep-langoest-gekleurd\\\/\",\"url\":\"https:\\\/\\\/decofoodshop.nl\\\/product\\\/nep-langoest-gekleurd\\\/\",\"name\":\"Nep Langoest Gekleurd - Decofoodshop\",\"isPartOf\":{\"@id\":\"https:\\\/\\\/decofoodshop.nl\\\/#website\"},\"primaryImageOfPage\":{\"@id\":\"https:\\\/\\\/decofoodshop.nl\\\/product\\\/nep-langoest-gekleurd\\\/#primaryimage\"},\"image\":{\"@id\":\"https:\\\/\\\/decofoodshop.nl\\\/product\\\/nep-langoest-gekleurd\\\/#primaryimage\"},\"thumbnailUrl\":\"https:\\\/\\\/decofoodshop.nl\\\/wp-content\\\/uploads\\\/2021\\\/10\\\/Nep-Langoest-Gekleurd-.jpg\",\"datePublished\":\"2021-10-13T15:19:43+00:00\",\"dateModified\":\"2026-04-21T17:19:52+00:00\",\"description\":\"Nep Langoest Gekleurd en veel meer fraaie zeevis decoraties bij Decofoodshop.nl Heel veel keuze en direct bezorgd.\",\"breadcrumb\":{\"@id\":\"https:\\\/\\\/decofoodshop.nl\\\/product\\\/nep-langoest-gekleurd\\\/#breadcrumb\"},\"inLanguage\":\"de\",\"potentialAction\":[{\"@type\":\"ReadAction\",\"target\":[\"https:\\\/\\\/decofoodshop.nl\\\/product\\\/nep-langoest-gekleurd\\\/\"]}]},{\"@type\":\"ImageObject\",\"inLanguage\":\"de\",\"@id\":\"https:\\\/\\\/decofoodshop.nl\\\/product\\\/nep-langoest-gekleurd\\\/#primaryimage\",\"url\":\"https:\\\/\\\/decofoodshop.nl\\\/wp-content\\\/uploads\\\/2021\\\/10\\\/Nep-Langoest-Gekleurd-.jpg\",\"contentUrl\":\"https:\\\/\\\/decofoodshop.nl\\\/wp-content\\\/uploads\\\/2021\\\/10\\\/Nep-Langoest-Gekleurd-.jpg\",\"width\":750,\"height\":757,\"caption\":\"Nep Langoest Gekleurd van Decofoodshop.nl\"},{\"@type\":\"BreadcrumbList\",\"@id\":\"https:\\\/\\\/decofoodshop.nl\\\/product\\\/nep-langoest-gekleurd\\\/#breadcrumb\",\"itemListElement\":[{\"@type\":\"ListItem\",\"position\":1,\"name\":\"Home\",\"item\":\"https:\\\/\\\/decofoodshop.nl\\\/\"},{\"@type\":\"ListItem\",\"position\":2,\"name\":\"Winkel\",\"item\":\"https:\\\/\\\/decofoodshop.nl\\\/winkel\\\/\"},{\"@type\":\"ListItem\",\"position\":3,\"name\":\"Nep Langoest Gekleurd\"}]},{\"@type\":\"WebSite\",\"@id\":\"https:\\\/\\\/decofoodshop.nl\\\/#website\",\"url\":\"https:\\\/\\\/decofoodshop.nl\\\/\",\"name\":\"Decofoodshop\",\"description\":\"\",\"potentialAction\":[{\"@type\":\"SearchAction\",\"target\":{\"@type\":\"EntryPoint\",\"urlTemplate\":\"https:\\\/\\\/decofoodshop.nl\\\/?s={search_term_string}\"},\"query-input\":{\"@type\":\"PropertyValueSpecification\",\"valueRequired\":true,\"valueName\":\"search_term_string\"}}],\"inLanguage\":\"de\"}]}<\/script>\n<!-- \/ Yoast SEO Premium plugin. -->","yoast_head_json":{"title":"K\u00fcnstliche Languste gef\u00e4rbt - Decofoodshop","description":"Fake Langoest Coloured und viele weitere sch\u00f6ne Meeresfischdekorationen bei Decofoodshop.nl. Gro\u00dfe Auswahl und sofort geliefert.","robots":{"index":"index","follow":"follow","max-snippet":"max-snippet:-1","max-image-preview":"max-image-preview:large","max-video-preview":"max-video-preview:-1"},"canonical":"https:\/\/decofoodshop.nl\/de\/produkt\/gefalschte-langustenfarben\/","og_locale":"de_DE","og_type":"article","og_title":"Nep Langoest Gekleurd","og_description":"Nep Langoest Gekleurd en veel meer fraaie zeevis decoraties bij Decofoodshop.nl Heel veel keuze en direct bezorgd.","og_url":"https:\/\/decofoodshop.nl\/de\/produkt\/gefalschte-langustenfarben\/","og_site_name":"Decofoodshop","article_modified_time":"2026-04-21T17:19:52+00:00","og_image":[{"width":750,"height":757,"url":"https:\/\/decofoodshop.nl\/wp-content\/uploads\/2021\/10\/Nep-Langoest-Gekleurd-.jpg","type":"image\/jpeg"}],"twitter_card":"summary_large_image","twitter_misc":{"Gesch\u00e4tzte Lesezeit":"1\u00a0Minute"},"schema":{"@context":"https:\/\/schema.org","@graph":[{"@type":"WebPage","@id":"https:\/\/decofoodshop.nl\/product\/nep-langoest-gekleurd\/","url":"https:\/\/decofoodshop.nl\/product\/nep-langoest-gekleurd\/","name":"K\u00fcnstliche Languste gef\u00e4rbt - Decofoodshop","isPartOf":{"@id":"https:\/\/decofoodshop.nl\/#website"},"primaryImageOfPage":{"@id":"https:\/\/decofoodshop.nl\/product\/nep-langoest-gekleurd\/#primaryimage"},"image":{"@id":"https:\/\/decofoodshop.nl\/product\/nep-langoest-gekleurd\/#primaryimage"},"thumbnailUrl":"https:\/\/decofoodshop.nl\/wp-content\/uploads\/2021\/10\/Nep-Langoest-Gekleurd-.jpg","datePublished":"2021-10-13T15:19:43+00:00","dateModified":"2026-04-21T17:19:52+00:00","description":"Fake Langoest Coloured und viele weitere sch\u00f6ne Meeresfischdekorationen bei Decofoodshop.nl. Gro\u00dfe Auswahl und sofort geliefert.","breadcrumb":{"@id":"https:\/\/decofoodshop.nl\/product\/nep-langoest-gekleurd\/#breadcrumb"},"inLanguage":"de","potentialAction":[{"@type":"ReadAction","target":["https:\/\/decofoodshop.nl\/product\/nep-langoest-gekleurd\/"]}]},{"@type":"ImageObject","inLanguage":"de","@id":"https:\/\/decofoodshop.nl\/product\/nep-langoest-gekleurd\/#primaryimage","url":"https:\/\/decofoodshop.nl\/wp-content\/uploads\/2021\/10\/Nep-Langoest-Gekleurd-.jpg","contentUrl":"https:\/\/decofoodshop.nl\/wp-content\/uploads\/2021\/10\/Nep-Langoest-Gekleurd-.jpg","width":750,"height":757,"caption":"Nep Langoest Gekleurd van Decofoodshop.nl"},{"@type":"BreadcrumbList","@id":"https:\/\/decofoodshop.nl\/product\/nep-langoest-gekleurd\/#breadcrumb","itemListElement":[{"@type":"ListItem","position":1,"name":"Home","item":"https:\/\/decofoodshop.nl\/"},{"@type":"ListItem","position":2,"name":"Winkel","item":"https:\/\/decofoodshop.nl\/winkel\/"},{"@type":"ListItem","position":3,"name":"Nep Langoest Gekleurd"}]},{"@type":"WebSite","@id":"https:\/\/decofoodshop.nl\/#website","url":"https:\/\/decofoodshop.nl\/","name":"Dekofoodshop","description":"","potentialAction":[{"@type":"SearchAction","target":{"@type":"EntryPoint","urlTemplate":"https:\/\/decofoodshop.nl\/?s={search_term_string}"},"query-input":{"@type":"PropertyValueSpecification","valueRequired":true,"valueName":"search_term_string"}}],"inLanguage":"de"}]}},"_links":{"self":[{"href":"https:\/\/decofoodshop.nl\/de\/wp-json\/wp\/v2\/product\/4823","targetHints":{"allow":["GET"]}}],"collection":[{"href":"https:\/\/decofoodshop.nl\/de\/wp-json\/wp\/v2\/product"}],"about":[{"href":"https:\/\/decofoodshop.nl\/de\/wp-json\/wp\/v2\/types\/product"}],"wp:featuredmedia":[{"embeddable":true,"href":"https:\/\/decofoodshop.nl\/de\/wp-json\/wp\/v2\/media\/4824"}],"wp:attachment":[{"href":"https:\/\/decofoodshop.nl\/de\/wp-json\/wp\/v2\/media?parent=4823"}],"wp:term":[{"taxonomy":"product_brand","embeddable":true,"href":"https:\/\/decofoodshop.nl\/de\/wp-json\/wp\/v2\/product_brand?post=4823"},{"taxonomy":"product_cat","embeddable":true,"href":"https:\/\/decofoodshop.nl\/de\/wp-json\/wp\/v2\/product_cat?post=4823"},{"taxonomy":"product_tag","embeddable":true,"href":"https:\/\/decofoodshop.nl\/de\/wp-json\/wp\/v2\/product_tag?post=4823"}],"curies":[{"name":"wp","href":"https:\/\/api.w.org\/{rel}","templated":true}]}}