{"id":4844,"date":"2021-10-13T18:03:04","date_gmt":"2021-10-13T16:03:04","guid":{"rendered":"https:\/\/decofoodshop.nl\/?post_type=product&#038;p=4844"},"modified":"2026-03-04T23:21:47","modified_gmt":"2026-03-04T22:21:47","slug":"gefalschte-auster","status":"publish","type":"product","link":"https:\/\/decofoodshop.nl\/de\/product\/namaak-oester\/","title":{"rendered":"Gef\u00e4lschte Auster"},"content":{"rendered":"<p>Diese gef\u00e4lschte Auster ist wie echt.<\/p>\n<p>Ein einzigartiges gef\u00e4lschtes Meeresfr\u00fcchteprodukt.<\/p>\n<p>Ausgestattet mit Schale und Inhalt.<\/p>\n<p>Farbe und Form n\u00e4hern sich denen echter Austern.<\/p>\n<p>Sehr stabiles und dekoratives Produkt.<\/p>\n<p>Als Dummy-Austern- und Meeresdekoration geeignet.<\/p>\n<p>Kurz gesagt, eine lebensechte gef\u00e4lschte Auster.<\/p>\n<p>Weitere dekorative Lebensmittel finden Sie in unserem <span style=\"color: #008000;\"><strong><a style=\"color: #008000;\" href=\"https:\/\/decofoodshop.nl\/de\/produktkategorie-2\/pakete\/\">Decofood-Pakete<\/a><\/strong><\/span>.<\/p>","protected":false},"excerpt":{"rendered":"<p>Diese gef\u00e4lschte Auster ist genau wie das Original. Ein einzigartiges gef\u00e4lschtes Meeresfr\u00fcchteprodukt. Mit H\u00fclle und Inhalt. Farbe und Form \u00e4hneln denen echter Austern. Sehr robustes und dekoratives Produkt. Geeignet als Austern- und Meeresdeko-Attrappe. Kurz gesagt, eine lebensechte gef\u00e4lschte Auster. Weitere dekorative Lebensmittel finden Sie in unseren Decofood-Paketen.<\/p>","protected":false},"featured_media":4854,"template":"","meta":{"_acf_changed":false,"_genesis_hide_title":false,"_genesis_hide_breadcrumbs":false,"_genesis_hide_singular_image":false,"_genesis_hide_footer_widgets":false,"_genesis_custom_body_class":"","_genesis_custom_post_class":"","_genesis_layout":""},"product_brand":[],"product_cat":[50],"product_tag":[],"class_list":{"0":"post-4844","1":"product","2":"type-product","3":"status-publish","4":"has-post-thumbnail","6":"product_cat-namaak-vis-en-vlees","7":"entry","8":"wpx-has-gallery","10":"first","11":"instock","12":"taxable","13":"shipping-taxable","14":"purchasable","15":"product-type-simple"},"acf":[],"yoast_head":"<!-- This site is optimized with the Yoast SEO Premium plugin v27.3 (Yoast SEO v27.3) - https:\/\/yoast.com\/product\/yoast-seo-premium-wordpress\/ -->\n<title>Namaak Oester - Decofoodshop<\/title>\n<meta name=\"description\" content=\"Namaak Oester of kunst oester kopen bij Decofoodshop. Alle soorten nep zeedieren bestellen kan makkelijk en snel bij Decofoodshop.nl\" \/>\n<meta name=\"robots\" content=\"index, follow, max-snippet:-1, max-image-preview:large, max-video-preview:-1\" \/>\n<link rel=\"canonical\" href=\"https:\/\/decofoodshop.nl\/de\/produkt\/gefalschte-auster\/\" \/>\n<meta property=\"og:locale\" content=\"de_DE\" \/>\n<meta property=\"og:type\" content=\"article\" \/>\n<meta property=\"og:title\" content=\"Namaak Oester\" \/>\n<meta property=\"og:description\" content=\"Namaak Oester of kunst oester kopen bij Decofoodshop. Alle soorten nep zeedieren bestellen kan makkelijk en snel bij Decofoodshop.nl\" \/>\n<meta property=\"og:url\" content=\"https:\/\/decofoodshop.nl\/de\/produkt\/gefalschte-auster\/\" \/>\n<meta property=\"og:site_name\" content=\"Decofoodshop\" \/>\n<meta property=\"article:modified_time\" content=\"2026-03-04T22:21:47+00:00\" \/>\n<meta property=\"og:image\" content=\"https:\/\/decofoodshop.nl\/wp-content\/uploads\/2021\/10\/Namaak-Oester-1.jpg\" \/>\n\t<meta property=\"og:image:width\" content=\"1084\" \/>\n\t<meta property=\"og:image:height\" content=\"1082\" \/>\n\t<meta property=\"og:image:type\" content=\"image\/jpeg\" \/>\n<meta name=\"twitter:card\" content=\"summary_large_image\" \/>\n<meta name=\"twitter:label1\" content=\"Gesch\u00e4tzte Lesezeit\" \/>\n\t<meta name=\"twitter:data1\" content=\"1\u00a0Minute\" \/>\n<script type=\"application\/ld+json\" class=\"yoast-schema-graph\">{\"@context\":\"https:\\\/\\\/schema.org\",\"@graph\":[{\"@type\":\"WebPage\",\"@id\":\"https:\\\/\\\/decofoodshop.nl\\\/product\\\/namaak-oester\\\/\",\"url\":\"https:\\\/\\\/decofoodshop.nl\\\/product\\\/namaak-oester\\\/\",\"name\":\"Namaak Oester - Decofoodshop\",\"isPartOf\":{\"@id\":\"https:\\\/\\\/decofoodshop.nl\\\/#website\"},\"primaryImageOfPage\":{\"@id\":\"https:\\\/\\\/decofoodshop.nl\\\/product\\\/namaak-oester\\\/#primaryimage\"},\"image\":{\"@id\":\"https:\\\/\\\/decofoodshop.nl\\\/product\\\/namaak-oester\\\/#primaryimage\"},\"thumbnailUrl\":\"https:\\\/\\\/decofoodshop.nl\\\/wp-content\\\/uploads\\\/2021\\\/10\\\/Namaak-Oester-1.jpg\",\"datePublished\":\"2021-10-13T16:03:04+00:00\",\"dateModified\":\"2026-03-04T22:21:47+00:00\",\"description\":\"Namaak Oester of kunst oester kopen bij Decofoodshop. Alle soorten nep zeedieren bestellen kan makkelijk en snel bij Decofoodshop.nl\",\"breadcrumb\":{\"@id\":\"https:\\\/\\\/decofoodshop.nl\\\/product\\\/namaak-oester\\\/#breadcrumb\"},\"inLanguage\":\"de\",\"potentialAction\":[{\"@type\":\"ReadAction\",\"target\":[\"https:\\\/\\\/decofoodshop.nl\\\/product\\\/namaak-oester\\\/\"]}]},{\"@type\":\"ImageObject\",\"inLanguage\":\"de\",\"@id\":\"https:\\\/\\\/decofoodshop.nl\\\/product\\\/namaak-oester\\\/#primaryimage\",\"url\":\"https:\\\/\\\/decofoodshop.nl\\\/wp-content\\\/uploads\\\/2021\\\/10\\\/Namaak-Oester-1.jpg\",\"contentUrl\":\"https:\\\/\\\/decofoodshop.nl\\\/wp-content\\\/uploads\\\/2021\\\/10\\\/Namaak-Oester-1.jpg\",\"width\":1084,\"height\":1082,\"caption\":\"Oester dummie bij Decofoodshop.nl bestellen\"},{\"@type\":\"BreadcrumbList\",\"@id\":\"https:\\\/\\\/decofoodshop.nl\\\/product\\\/namaak-oester\\\/#breadcrumb\",\"itemListElement\":[{\"@type\":\"ListItem\",\"position\":1,\"name\":\"Home\",\"item\":\"https:\\\/\\\/decofoodshop.nl\\\/\"},{\"@type\":\"ListItem\",\"position\":2,\"name\":\"Winkel\",\"item\":\"https:\\\/\\\/decofoodshop.nl\\\/winkel\\\/\"},{\"@type\":\"ListItem\",\"position\":3,\"name\":\"Namaak Oester\"}]},{\"@type\":\"WebSite\",\"@id\":\"https:\\\/\\\/decofoodshop.nl\\\/#website\",\"url\":\"https:\\\/\\\/decofoodshop.nl\\\/\",\"name\":\"Decofoodshop\",\"description\":\"\",\"potentialAction\":[{\"@type\":\"SearchAction\",\"target\":{\"@type\":\"EntryPoint\",\"urlTemplate\":\"https:\\\/\\\/decofoodshop.nl\\\/?s={search_term_string}\"},\"query-input\":{\"@type\":\"PropertyValueSpecification\",\"valueRequired\":true,\"valueName\":\"search_term_string\"}}],\"inLanguage\":\"de\"}]}<\/script>\n<!-- \/ Yoast SEO Premium plugin. -->","yoast_head_json":{"title":"Gef\u00e4lschte Auster - Decofoodshop","description":"Kaufen Sie gef\u00e4lschte Austern oder k\u00fcnstliche Austern bei Decofoodshop. Bei Decofoodshop.nl k\u00f6nnen Sie alle Arten von k\u00fcnstlichen Meerestieren einfach und schnell bestellen","robots":{"index":"index","follow":"follow","max-snippet":"max-snippet:-1","max-image-preview":"max-image-preview:large","max-video-preview":"max-video-preview:-1"},"canonical":"https:\/\/decofoodshop.nl\/de\/produkt\/gefalschte-auster\/","og_locale":"de_DE","og_type":"article","og_title":"Namaak Oester","og_description":"Namaak Oester of kunst oester kopen bij Decofoodshop. Alle soorten nep zeedieren bestellen kan makkelijk en snel bij Decofoodshop.nl","og_url":"https:\/\/decofoodshop.nl\/de\/produkt\/gefalschte-auster\/","og_site_name":"Decofoodshop","article_modified_time":"2026-03-04T22:21:47+00:00","og_image":[{"width":1084,"height":1082,"url":"https:\/\/decofoodshop.nl\/wp-content\/uploads\/2021\/10\/Namaak-Oester-1.jpg","type":"image\/jpeg"}],"twitter_card":"summary_large_image","twitter_misc":{"Gesch\u00e4tzte Lesezeit":"1\u00a0Minute"},"schema":{"@context":"https:\/\/schema.org","@graph":[{"@type":"WebPage","@id":"https:\/\/decofoodshop.nl\/product\/namaak-oester\/","url":"https:\/\/decofoodshop.nl\/product\/namaak-oester\/","name":"Gef\u00e4lschte Auster - Decofoodshop","isPartOf":{"@id":"https:\/\/decofoodshop.nl\/#website"},"primaryImageOfPage":{"@id":"https:\/\/decofoodshop.nl\/product\/namaak-oester\/#primaryimage"},"image":{"@id":"https:\/\/decofoodshop.nl\/product\/namaak-oester\/#primaryimage"},"thumbnailUrl":"https:\/\/decofoodshop.nl\/wp-content\/uploads\/2021\/10\/Namaak-Oester-1.jpg","datePublished":"2021-10-13T16:03:04+00:00","dateModified":"2026-03-04T22:21:47+00:00","description":"Kaufen Sie gef\u00e4lschte Austern oder k\u00fcnstliche Austern bei Decofoodshop. Bei Decofoodshop.nl k\u00f6nnen Sie alle Arten von k\u00fcnstlichen Meerestieren einfach und schnell bestellen","breadcrumb":{"@id":"https:\/\/decofoodshop.nl\/product\/namaak-oester\/#breadcrumb"},"inLanguage":"de","potentialAction":[{"@type":"ReadAction","target":["https:\/\/decofoodshop.nl\/product\/namaak-oester\/"]}]},{"@type":"ImageObject","inLanguage":"de","@id":"https:\/\/decofoodshop.nl\/product\/namaak-oester\/#primaryimage","url":"https:\/\/decofoodshop.nl\/wp-content\/uploads\/2021\/10\/Namaak-Oester-1.jpg","contentUrl":"https:\/\/decofoodshop.nl\/wp-content\/uploads\/2021\/10\/Namaak-Oester-1.jpg","width":1084,"height":1082,"caption":"Oester dummie bij Decofoodshop.nl bestellen"},{"@type":"BreadcrumbList","@id":"https:\/\/decofoodshop.nl\/product\/namaak-oester\/#breadcrumb","itemListElement":[{"@type":"ListItem","position":1,"name":"Home","item":"https:\/\/decofoodshop.nl\/"},{"@type":"ListItem","position":2,"name":"Winkel","item":"https:\/\/decofoodshop.nl\/winkel\/"},{"@type":"ListItem","position":3,"name":"Namaak Oester"}]},{"@type":"WebSite","@id":"https:\/\/decofoodshop.nl\/#website","url":"https:\/\/decofoodshop.nl\/","name":"Dekofoodshop","description":"","potentialAction":[{"@type":"SearchAction","target":{"@type":"EntryPoint","urlTemplate":"https:\/\/decofoodshop.nl\/?s={search_term_string}"},"query-input":{"@type":"PropertyValueSpecification","valueRequired":true,"valueName":"search_term_string"}}],"inLanguage":"de"}]}},"_links":{"self":[{"href":"https:\/\/decofoodshop.nl\/de\/wp-json\/wp\/v2\/product\/4844","targetHints":{"allow":["GET"]}}],"collection":[{"href":"https:\/\/decofoodshop.nl\/de\/wp-json\/wp\/v2\/product"}],"about":[{"href":"https:\/\/decofoodshop.nl\/de\/wp-json\/wp\/v2\/types\/product"}],"wp:featuredmedia":[{"embeddable":true,"href":"https:\/\/decofoodshop.nl\/de\/wp-json\/wp\/v2\/media\/4854"}],"wp:attachment":[{"href":"https:\/\/decofoodshop.nl\/de\/wp-json\/wp\/v2\/media?parent=4844"}],"wp:term":[{"taxonomy":"product_brand","embeddable":true,"href":"https:\/\/decofoodshop.nl\/de\/wp-json\/wp\/v2\/product_brand?post=4844"},{"taxonomy":"product_cat","embeddable":true,"href":"https:\/\/decofoodshop.nl\/de\/wp-json\/wp\/v2\/product_cat?post=4844"},{"taxonomy":"product_tag","embeddable":true,"href":"https:\/\/decofoodshop.nl\/de\/wp-json\/wp\/v2\/product_tag?post=4844"}],"curies":[{"name":"wp","href":"https:\/\/api.w.org\/{rel}","templated":true}]}}