{"id":4857,"date":"2021-10-13T21:31:35","date_gmt":"2021-10-13T19:31:35","guid":{"rendered":"https:\/\/decofoodshop.nl\/?post_type=product&#038;p=4857"},"modified":"2026-03-02T12:31:37","modified_gmt":"2026-03-02T11:31:37","slug":"fake-seestern-klein","status":"publish","type":"product","link":"https:\/\/decofoodshop.nl\/de\/product\/namaak-zeester-klein\/","title":{"rendered":"Gef\u00e4lschter Seestern klein"},"content":{"rendered":"<p>Sehr sch\u00f6ner Fake Starfish Small.<\/p>\n<p>Dieser gef\u00e4lschte Seestern hat viel Erleichterung.<\/p>\n<p>Der k\u00fcnstliche Seestern hat auf der Oberseite mehrere kleine Tentakelspitzen.<\/p>\n<p>Die Farbe ist rot mit wei\u00dfen Akzenten.<\/p>\n<p>Das Seestern-Imitat ist aus stabilem Kunststoff.<\/p>\n<p>Definitiv ein dekoratives gef\u00e4lschtes Meerestier.<\/p>\n<p>Weitere besondere Deko-Lebensmittel finden Sie in der Kategorie: \u201e <span style=\"color: #008000;\"><strong><a style=\"color: #008000;\" href=\"https:\/\/decofoodshop.nl\/de\/produktkategorie-2\/brotkuchen\/\">k\u00fcnstliche Brote<\/a><\/strong><\/span>&#8220;.<\/p>\n<p>&nbsp;<\/p>","protected":false},"excerpt":{"rendered":"<p>Zeer fraaie Namaak Zeester Klein. Deze nepzeester is voorzien van veel reli\u00ebf. De nep zeester heeft aan de bovenzijde meerdere kleine tentakel puntjes. De kleur is rood met witte accenten. De imitatie zeester is gemaakt van stevig kunststof. Absoluut een decoratief nep zeedier. Kijk voor meer bijzonder decoratieve voeding ook eens in de categorie: &#8221; [&hellip;]<\/p>\n","protected":false},"featured_media":4861,"template":"","meta":{"_acf_changed":false,"_genesis_hide_title":false,"_genesis_hide_breadcrumbs":false,"_genesis_hide_singular_image":false,"_genesis_hide_footer_widgets":false,"_genesis_custom_body_class":"","_genesis_custom_post_class":"","_genesis_layout":""},"product_brand":[],"product_cat":[50],"product_tag":[],"class_list":{"0":"post-4857","1":"product","2":"type-product","3":"status-publish","4":"has-post-thumbnail","6":"product_cat-namaak-vis-en-vlees","7":"entry","8":"wpx-has-gallery","10":"first","11":"instock","12":"taxable","13":"shipping-taxable","14":"purchasable","15":"product-type-simple"},"acf":[],"yoast_head":"<!-- This site is optimized with the Yoast SEO Premium plugin v27.3 (Yoast SEO v27.3) - https:\/\/yoast.com\/product\/yoast-seo-premium-wordpress\/ -->\n<title>Namaak Zeester Klein - Decofoodshop<\/title>\n<meta name=\"description\" content=\"Namaak Zeester Klein en meerdere neppe zeedieren kopen bij Decofoodshop. Heel veel keuze, levensechte kwaliteit en snelle bezorging.\" \/>\n<meta name=\"robots\" content=\"index, follow, max-snippet:-1, max-image-preview:large, max-video-preview:-1\" \/>\n<link rel=\"canonical\" href=\"https:\/\/decofoodshop.nl\/de\/produkt\/fake-seestern-klein\/\" \/>\n<meta property=\"og:locale\" content=\"de_DE\" \/>\n<meta property=\"og:type\" content=\"article\" \/>\n<meta property=\"og:title\" content=\"Namaak Zeester Klein\" \/>\n<meta property=\"og:description\" content=\"Namaak Zeester Klein en meerdere neppe zeedieren kopen bij Decofoodshop. Heel veel keuze, levensechte kwaliteit en snelle bezorging.\" \/>\n<meta property=\"og:url\" content=\"https:\/\/decofoodshop.nl\/de\/produkt\/fake-seestern-klein\/\" \/>\n<meta property=\"og:site_name\" content=\"Decofoodshop\" \/>\n<meta property=\"article:modified_time\" content=\"2026-03-02T11:31:37+00:00\" \/>\n<meta property=\"og:image\" content=\"https:\/\/decofoodshop.nl\/wp-content\/uploads\/2021\/10\/Namaak-Zeester-Klein-boven-1.jpg\" \/>\n\t<meta property=\"og:image:width\" content=\"750\" \/>\n\t<meta property=\"og:image:height\" content=\"750\" \/>\n\t<meta property=\"og:image:type\" content=\"image\/jpeg\" \/>\n<meta name=\"twitter:card\" content=\"summary_large_image\" \/>\n<meta name=\"twitter:label1\" content=\"Gesch\u00e4tzte Lesezeit\" \/>\n\t<meta name=\"twitter:data1\" content=\"1\u00a0Minute\" \/>\n<script type=\"application\/ld+json\" class=\"yoast-schema-graph\">{\"@context\":\"https:\\\/\\\/schema.org\",\"@graph\":[{\"@type\":\"WebPage\",\"@id\":\"https:\\\/\\\/decofoodshop.nl\\\/product\\\/namaak-zeester-klein\\\/\",\"url\":\"https:\\\/\\\/decofoodshop.nl\\\/product\\\/namaak-zeester-klein\\\/\",\"name\":\"Namaak Zeester Klein - Decofoodshop\",\"isPartOf\":{\"@id\":\"https:\\\/\\\/decofoodshop.nl\\\/#website\"},\"primaryImageOfPage\":{\"@id\":\"https:\\\/\\\/decofoodshop.nl\\\/product\\\/namaak-zeester-klein\\\/#primaryimage\"},\"image\":{\"@id\":\"https:\\\/\\\/decofoodshop.nl\\\/product\\\/namaak-zeester-klein\\\/#primaryimage\"},\"thumbnailUrl\":\"https:\\\/\\\/decofoodshop.nl\\\/wp-content\\\/uploads\\\/2021\\\/10\\\/Namaak-Zeester-Klein-boven-1.jpg\",\"datePublished\":\"2021-10-13T19:31:35+00:00\",\"dateModified\":\"2026-03-02T11:31:37+00:00\",\"description\":\"Namaak Zeester Klein en meerdere neppe zeedieren kopen bij Decofoodshop. Heel veel keuze, levensechte kwaliteit en snelle bezorging.\",\"breadcrumb\":{\"@id\":\"https:\\\/\\\/decofoodshop.nl\\\/product\\\/namaak-zeester-klein\\\/#breadcrumb\"},\"inLanguage\":\"de\",\"potentialAction\":[{\"@type\":\"ReadAction\",\"target\":[\"https:\\\/\\\/decofoodshop.nl\\\/product\\\/namaak-zeester-klein\\\/\"]}]},{\"@type\":\"ImageObject\",\"inLanguage\":\"de\",\"@id\":\"https:\\\/\\\/decofoodshop.nl\\\/product\\\/namaak-zeester-klein\\\/#primaryimage\",\"url\":\"https:\\\/\\\/decofoodshop.nl\\\/wp-content\\\/uploads\\\/2021\\\/10\\\/Namaak-Zeester-Klein-boven-1.jpg\",\"contentUrl\":\"https:\\\/\\\/decofoodshop.nl\\\/wp-content\\\/uploads\\\/2021\\\/10\\\/Namaak-Zeester-Klein-boven-1.jpg\",\"width\":750,\"height\":750,\"caption\":\"Namaak Zeester Klein van Decofoodshop\"},{\"@type\":\"BreadcrumbList\",\"@id\":\"https:\\\/\\\/decofoodshop.nl\\\/product\\\/namaak-zeester-klein\\\/#breadcrumb\",\"itemListElement\":[{\"@type\":\"ListItem\",\"position\":1,\"name\":\"Home\",\"item\":\"https:\\\/\\\/decofoodshop.nl\\\/\"},{\"@type\":\"ListItem\",\"position\":2,\"name\":\"Winkel\",\"item\":\"https:\\\/\\\/decofoodshop.nl\\\/winkel\\\/\"},{\"@type\":\"ListItem\",\"position\":3,\"name\":\"Namaak Zeester Klein\"}]},{\"@type\":\"WebSite\",\"@id\":\"https:\\\/\\\/decofoodshop.nl\\\/#website\",\"url\":\"https:\\\/\\\/decofoodshop.nl\\\/\",\"name\":\"Decofoodshop\",\"description\":\"\",\"potentialAction\":[{\"@type\":\"SearchAction\",\"target\":{\"@type\":\"EntryPoint\",\"urlTemplate\":\"https:\\\/\\\/decofoodshop.nl\\\/?s={search_term_string}\"},\"query-input\":{\"@type\":\"PropertyValueSpecification\",\"valueRequired\":true,\"valueName\":\"search_term_string\"}}],\"inLanguage\":\"de\"}]}<\/script>\n<!-- \/ Yoast SEO Premium plugin. -->","yoast_head_json":{"title":"K\u00fcnstlicher Seestern klein - Decofoodshop","description":"Kaufen Sie gef\u00e4lschte Starfish Small und mehrere gef\u00e4lschte Meerestiere bei Decofoodshop. Gro\u00dfe Auswahl, naturgetreue Qualit\u00e4t und schnelle Lieferung.","robots":{"index":"index","follow":"follow","max-snippet":"max-snippet:-1","max-image-preview":"max-image-preview:large","max-video-preview":"max-video-preview:-1"},"canonical":"https:\/\/decofoodshop.nl\/de\/produkt\/fake-seestern-klein\/","og_locale":"de_DE","og_type":"article","og_title":"Namaak Zeester Klein","og_description":"Namaak Zeester Klein en meerdere neppe zeedieren kopen bij Decofoodshop. Heel veel keuze, levensechte kwaliteit en snelle bezorging.","og_url":"https:\/\/decofoodshop.nl\/de\/produkt\/fake-seestern-klein\/","og_site_name":"Decofoodshop","article_modified_time":"2026-03-02T11:31:37+00:00","og_image":[{"width":750,"height":750,"url":"https:\/\/decofoodshop.nl\/wp-content\/uploads\/2021\/10\/Namaak-Zeester-Klein-boven-1.jpg","type":"image\/jpeg"}],"twitter_card":"summary_large_image","twitter_misc":{"Gesch\u00e4tzte Lesezeit":"1\u00a0Minute"},"schema":{"@context":"https:\/\/schema.org","@graph":[{"@type":"WebPage","@id":"https:\/\/decofoodshop.nl\/product\/namaak-zeester-klein\/","url":"https:\/\/decofoodshop.nl\/product\/namaak-zeester-klein\/","name":"K\u00fcnstlicher Seestern klein - Decofoodshop","isPartOf":{"@id":"https:\/\/decofoodshop.nl\/#website"},"primaryImageOfPage":{"@id":"https:\/\/decofoodshop.nl\/product\/namaak-zeester-klein\/#primaryimage"},"image":{"@id":"https:\/\/decofoodshop.nl\/product\/namaak-zeester-klein\/#primaryimage"},"thumbnailUrl":"https:\/\/decofoodshop.nl\/wp-content\/uploads\/2021\/10\/Namaak-Zeester-Klein-boven-1.jpg","datePublished":"2021-10-13T19:31:35+00:00","dateModified":"2026-03-02T11:31:37+00:00","description":"Kaufen Sie gef\u00e4lschte Starfish Small und mehrere gef\u00e4lschte Meerestiere bei Decofoodshop. Gro\u00dfe Auswahl, naturgetreue Qualit\u00e4t und schnelle Lieferung.","breadcrumb":{"@id":"https:\/\/decofoodshop.nl\/product\/namaak-zeester-klein\/#breadcrumb"},"inLanguage":"de","potentialAction":[{"@type":"ReadAction","target":["https:\/\/decofoodshop.nl\/product\/namaak-zeester-klein\/"]}]},{"@type":"ImageObject","inLanguage":"de","@id":"https:\/\/decofoodshop.nl\/product\/namaak-zeester-klein\/#primaryimage","url":"https:\/\/decofoodshop.nl\/wp-content\/uploads\/2021\/10\/Namaak-Zeester-Klein-boven-1.jpg","contentUrl":"https:\/\/decofoodshop.nl\/wp-content\/uploads\/2021\/10\/Namaak-Zeester-Klein-boven-1.jpg","width":750,"height":750,"caption":"Namaak Zeester Klein van Decofoodshop"},{"@type":"BreadcrumbList","@id":"https:\/\/decofoodshop.nl\/product\/namaak-zeester-klein\/#breadcrumb","itemListElement":[{"@type":"ListItem","position":1,"name":"Home","item":"https:\/\/decofoodshop.nl\/"},{"@type":"ListItem","position":2,"name":"Winkel","item":"https:\/\/decofoodshop.nl\/winkel\/"},{"@type":"ListItem","position":3,"name":"Namaak Zeester Klein"}]},{"@type":"WebSite","@id":"https:\/\/decofoodshop.nl\/#website","url":"https:\/\/decofoodshop.nl\/","name":"Dekofoodshop","description":"","potentialAction":[{"@type":"SearchAction","target":{"@type":"EntryPoint","urlTemplate":"https:\/\/decofoodshop.nl\/?s={search_term_string}"},"query-input":{"@type":"PropertyValueSpecification","valueRequired":true,"valueName":"search_term_string"}}],"inLanguage":"de"}]}},"_links":{"self":[{"href":"https:\/\/decofoodshop.nl\/de\/wp-json\/wp\/v2\/product\/4857","targetHints":{"allow":["GET"]}}],"collection":[{"href":"https:\/\/decofoodshop.nl\/de\/wp-json\/wp\/v2\/product"}],"about":[{"href":"https:\/\/decofoodshop.nl\/de\/wp-json\/wp\/v2\/types\/product"}],"wp:featuredmedia":[{"embeddable":true,"href":"https:\/\/decofoodshop.nl\/de\/wp-json\/wp\/v2\/media\/4861"}],"wp:attachment":[{"href":"https:\/\/decofoodshop.nl\/de\/wp-json\/wp\/v2\/media?parent=4857"}],"wp:term":[{"taxonomy":"product_brand","embeddable":true,"href":"https:\/\/decofoodshop.nl\/de\/wp-json\/wp\/v2\/product_brand?post=4857"},{"taxonomy":"product_cat","embeddable":true,"href":"https:\/\/decofoodshop.nl\/de\/wp-json\/wp\/v2\/product_cat?post=4857"},{"taxonomy":"product_tag","embeddable":true,"href":"https:\/\/decofoodshop.nl\/de\/wp-json\/wp\/v2\/product_tag?post=4857"}],"curies":[{"name":"wp","href":"https:\/\/api.w.org\/{rel}","templated":true}]}}