{"id":4870,"date":"2021-10-13T22:10:42","date_gmt":"2021-10-13T20:10:42","guid":{"rendered":"https:\/\/decofoodshop.nl\/?post_type=product&#038;p=4870"},"modified":"2026-04-21T19:53:41","modified_gmt":"2026-04-21T17:53:41","slug":"gefalschte-seegurke","status":"publish","type":"product","link":"https:\/\/decofoodshop.nl\/de\/product\/namaak-zeekomkommer\/","title":{"rendered":"Gef\u00e4lschte Seegurke"},"content":{"rendered":"<p>Einzigartige lebensechte gef\u00e4lschte Seegurke.<\/p>\n<p>Sehr robust und nat\u00fcrlich.<\/p>\n<p>Aus flexiblem Material.<\/p>\n<p>Die Farbe ist tief dunkelbraun.<\/p>\n<p>Mit vielen k\u00fcnstlichen Seegurkenstacheln.<\/p>\n<p>Diese Kunstseegurke ist einzigartig.<\/p>\n<p>Weitere spezielle gef\u00e4lschte Lebensmittel finden Sie in unserem <span style=\"color: #008000;\"><strong><a style=\"color: #008000;\" href=\"https:\/\/decofoodshop.nl\/de\/produktkategorie-2\/pakete\/\">Pakete<\/a><\/strong><\/span>.<\/p>","protected":false},"excerpt":{"rendered":"<p>Einzigartige lebensechte gef\u00e4lschte Seegurke. Sehr robust und nat\u00fcrlich. Aus flexiblem Material. Die Farbe ist tief dunkelbraun. Mit vielen k\u00fcnstlichen Seegurkenstacheln. Diese k\u00fcnstliche Seegurke ist einzigartig. Weitere spezielle gef\u00e4lschte Lebensmittel finden Sie in unseren Verpackungen.<\/p>","protected":false},"featured_media":4872,"template":"","meta":{"_acf_changed":false,"_genesis_hide_title":false,"_genesis_hide_breadcrumbs":false,"_genesis_hide_singular_image":false,"_genesis_hide_footer_widgets":false,"_genesis_custom_body_class":"","_genesis_custom_post_class":"","_genesis_layout":""},"product_brand":[],"product_cat":[50],"product_tag":[],"class_list":{"0":"post-4870","1":"product","2":"type-product","3":"status-publish","4":"has-post-thumbnail","6":"product_cat-namaak-vis-en-vlees","7":"entry","8":"wpx-has-gallery","10":"first","11":"instock","12":"taxable","13":"shipping-taxable","14":"purchasable","15":"product-type-simple"},"acf":[],"yoast_head":"<!-- This site is optimized with the Yoast SEO Premium plugin v27.4 (Yoast SEO v27.4) - https:\/\/yoast.com\/product\/yoast-seo-premium-wordpress\/ -->\n<title>Namaak Zeekomkommer - Decofoodshop<\/title>\n<meta name=\"description\" content=\"Namaak Zeekomkommer of nep zee komkommer kopen bij Decofoodshop.nl Unieke nep zeevruchten en heel veel meer decoratieve voedingswaar.\" \/>\n<meta name=\"robots\" content=\"index, follow, max-snippet:-1, max-image-preview:large, max-video-preview:-1\" \/>\n<link rel=\"canonical\" href=\"https:\/\/decofoodshop.nl\/de\/produkt\/gefalschte-seegurke\/\" \/>\n<meta property=\"og:locale\" content=\"de_DE\" \/>\n<meta property=\"og:type\" content=\"article\" \/>\n<meta property=\"og:title\" content=\"Namaak Zeekomkommer\" \/>\n<meta property=\"og:description\" content=\"Namaak Zeekomkommer of nep zee komkommer kopen bij Decofoodshop.nl Unieke nep zeevruchten en heel veel meer decoratieve voedingswaar.\" \/>\n<meta property=\"og:url\" content=\"https:\/\/decofoodshop.nl\/de\/produkt\/gefalschte-seegurke\/\" \/>\n<meta property=\"og:site_name\" content=\"Decofoodshop\" \/>\n<meta property=\"article:modified_time\" content=\"2026-04-21T17:53:41+00:00\" \/>\n<meta property=\"og:image\" content=\"https:\/\/decofoodshop.nl\/wp-content\/uploads\/2021\/10\/Namaak-ZeeKomkommer.jpg\" \/>\n\t<meta property=\"og:image:width\" content=\"620\" \/>\n\t<meta property=\"og:image:height\" content=\"620\" \/>\n\t<meta property=\"og:image:type\" content=\"image\/jpeg\" \/>\n<meta name=\"twitter:card\" content=\"summary_large_image\" \/>\n<meta name=\"twitter:label1\" content=\"Gesch\u00e4tzte Lesezeit\" \/>\n\t<meta name=\"twitter:data1\" content=\"1\u00a0Minute\" \/>\n<script type=\"application\/ld+json\" class=\"yoast-schema-graph\">{\"@context\":\"https:\\\/\\\/schema.org\",\"@graph\":[{\"@type\":\"WebPage\",\"@id\":\"https:\\\/\\\/decofoodshop.nl\\\/product\\\/namaak-zeekomkommer\\\/\",\"url\":\"https:\\\/\\\/decofoodshop.nl\\\/product\\\/namaak-zeekomkommer\\\/\",\"name\":\"Namaak Zeekomkommer - Decofoodshop\",\"isPartOf\":{\"@id\":\"https:\\\/\\\/decofoodshop.nl\\\/#website\"},\"primaryImageOfPage\":{\"@id\":\"https:\\\/\\\/decofoodshop.nl\\\/product\\\/namaak-zeekomkommer\\\/#primaryimage\"},\"image\":{\"@id\":\"https:\\\/\\\/decofoodshop.nl\\\/product\\\/namaak-zeekomkommer\\\/#primaryimage\"},\"thumbnailUrl\":\"https:\\\/\\\/decofoodshop.nl\\\/wp-content\\\/uploads\\\/2021\\\/10\\\/Namaak-ZeeKomkommer.jpg\",\"datePublished\":\"2021-10-13T20:10:42+00:00\",\"dateModified\":\"2026-04-21T17:53:41+00:00\",\"description\":\"Namaak Zeekomkommer of nep zee komkommer kopen bij Decofoodshop.nl Unieke nep zeevruchten en heel veel meer decoratieve voedingswaar.\",\"breadcrumb\":{\"@id\":\"https:\\\/\\\/decofoodshop.nl\\\/product\\\/namaak-zeekomkommer\\\/#breadcrumb\"},\"inLanguage\":\"de\",\"potentialAction\":[{\"@type\":\"ReadAction\",\"target\":[\"https:\\\/\\\/decofoodshop.nl\\\/product\\\/namaak-zeekomkommer\\\/\"]}]},{\"@type\":\"ImageObject\",\"inLanguage\":\"de\",\"@id\":\"https:\\\/\\\/decofoodshop.nl\\\/product\\\/namaak-zeekomkommer\\\/#primaryimage\",\"url\":\"https:\\\/\\\/decofoodshop.nl\\\/wp-content\\\/uploads\\\/2021\\\/10\\\/Namaak-ZeeKomkommer.jpg\",\"contentUrl\":\"https:\\\/\\\/decofoodshop.nl\\\/wp-content\\\/uploads\\\/2021\\\/10\\\/Namaak-ZeeKomkommer.jpg\",\"width\":620,\"height\":620,\"caption\":\"Namaak Zeekomkommer van decofoodshop.nl\"},{\"@type\":\"BreadcrumbList\",\"@id\":\"https:\\\/\\\/decofoodshop.nl\\\/product\\\/namaak-zeekomkommer\\\/#breadcrumb\",\"itemListElement\":[{\"@type\":\"ListItem\",\"position\":1,\"name\":\"Home\",\"item\":\"https:\\\/\\\/decofoodshop.nl\\\/\"},{\"@type\":\"ListItem\",\"position\":2,\"name\":\"Winkel\",\"item\":\"https:\\\/\\\/decofoodshop.nl\\\/winkel\\\/\"},{\"@type\":\"ListItem\",\"position\":3,\"name\":\"Namaak Zeekomkommer\"}]},{\"@type\":\"WebSite\",\"@id\":\"https:\\\/\\\/decofoodshop.nl\\\/#website\",\"url\":\"https:\\\/\\\/decofoodshop.nl\\\/\",\"name\":\"Decofoodshop\",\"description\":\"\",\"potentialAction\":[{\"@type\":\"SearchAction\",\"target\":{\"@type\":\"EntryPoint\",\"urlTemplate\":\"https:\\\/\\\/decofoodshop.nl\\\/?s={search_term_string}\"},\"query-input\":{\"@type\":\"PropertyValueSpecification\",\"valueRequired\":true,\"valueName\":\"search_term_string\"}}],\"inLanguage\":\"de\"}]}<\/script>\n<!-- \/ Yoast SEO Premium plugin. -->","yoast_head_json":{"title":"Gef\u00e4lschte Seegurke - Decofoodshop","description":"Kaufen Sie gef\u00e4lschte Seegurken oder gef\u00e4lschte Seegurken bei Decofoodshop.nl Einzigartige gef\u00e4lschte Meeresfr\u00fcchte und viel dekorativeres Essen.","robots":{"index":"index","follow":"follow","max-snippet":"max-snippet:-1","max-image-preview":"max-image-preview:large","max-video-preview":"max-video-preview:-1"},"canonical":"https:\/\/decofoodshop.nl\/de\/produkt\/gefalschte-seegurke\/","og_locale":"de_DE","og_type":"article","og_title":"Namaak Zeekomkommer","og_description":"Namaak Zeekomkommer of nep zee komkommer kopen bij Decofoodshop.nl Unieke nep zeevruchten en heel veel meer decoratieve voedingswaar.","og_url":"https:\/\/decofoodshop.nl\/de\/produkt\/gefalschte-seegurke\/","og_site_name":"Decofoodshop","article_modified_time":"2026-04-21T17:53:41+00:00","og_image":[{"width":620,"height":620,"url":"https:\/\/decofoodshop.nl\/wp-content\/uploads\/2021\/10\/Namaak-ZeeKomkommer.jpg","type":"image\/jpeg"}],"twitter_card":"summary_large_image","twitter_misc":{"Gesch\u00e4tzte Lesezeit":"1\u00a0Minute"},"schema":{"@context":"https:\/\/schema.org","@graph":[{"@type":"WebPage","@id":"https:\/\/decofoodshop.nl\/product\/namaak-zeekomkommer\/","url":"https:\/\/decofoodshop.nl\/product\/namaak-zeekomkommer\/","name":"Gef\u00e4lschte Seegurke - Decofoodshop","isPartOf":{"@id":"https:\/\/decofoodshop.nl\/#website"},"primaryImageOfPage":{"@id":"https:\/\/decofoodshop.nl\/product\/namaak-zeekomkommer\/#primaryimage"},"image":{"@id":"https:\/\/decofoodshop.nl\/product\/namaak-zeekomkommer\/#primaryimage"},"thumbnailUrl":"https:\/\/decofoodshop.nl\/wp-content\/uploads\/2021\/10\/Namaak-ZeeKomkommer.jpg","datePublished":"2021-10-13T20:10:42+00:00","dateModified":"2026-04-21T17:53:41+00:00","description":"Kaufen Sie gef\u00e4lschte Seegurken oder gef\u00e4lschte Seegurken bei Decofoodshop.nl Einzigartige gef\u00e4lschte Meeresfr\u00fcchte und viel dekorativeres Essen.","breadcrumb":{"@id":"https:\/\/decofoodshop.nl\/product\/namaak-zeekomkommer\/#breadcrumb"},"inLanguage":"de","potentialAction":[{"@type":"ReadAction","target":["https:\/\/decofoodshop.nl\/product\/namaak-zeekomkommer\/"]}]},{"@type":"ImageObject","inLanguage":"de","@id":"https:\/\/decofoodshop.nl\/product\/namaak-zeekomkommer\/#primaryimage","url":"https:\/\/decofoodshop.nl\/wp-content\/uploads\/2021\/10\/Namaak-ZeeKomkommer.jpg","contentUrl":"https:\/\/decofoodshop.nl\/wp-content\/uploads\/2021\/10\/Namaak-ZeeKomkommer.jpg","width":620,"height":620,"caption":"Namaak Zeekomkommer van decofoodshop.nl"},{"@type":"BreadcrumbList","@id":"https:\/\/decofoodshop.nl\/product\/namaak-zeekomkommer\/#breadcrumb","itemListElement":[{"@type":"ListItem","position":1,"name":"Home","item":"https:\/\/decofoodshop.nl\/"},{"@type":"ListItem","position":2,"name":"Winkel","item":"https:\/\/decofoodshop.nl\/winkel\/"},{"@type":"ListItem","position":3,"name":"Namaak Zeekomkommer"}]},{"@type":"WebSite","@id":"https:\/\/decofoodshop.nl\/#website","url":"https:\/\/decofoodshop.nl\/","name":"Dekofoodshop","description":"","potentialAction":[{"@type":"SearchAction","target":{"@type":"EntryPoint","urlTemplate":"https:\/\/decofoodshop.nl\/?s={search_term_string}"},"query-input":{"@type":"PropertyValueSpecification","valueRequired":true,"valueName":"search_term_string"}}],"inLanguage":"de"}]}},"_links":{"self":[{"href":"https:\/\/decofoodshop.nl\/de\/wp-json\/wp\/v2\/product\/4870","targetHints":{"allow":["GET"]}}],"collection":[{"href":"https:\/\/decofoodshop.nl\/de\/wp-json\/wp\/v2\/product"}],"about":[{"href":"https:\/\/decofoodshop.nl\/de\/wp-json\/wp\/v2\/types\/product"}],"wp:featuredmedia":[{"embeddable":true,"href":"https:\/\/decofoodshop.nl\/de\/wp-json\/wp\/v2\/media\/4872"}],"wp:attachment":[{"href":"https:\/\/decofoodshop.nl\/de\/wp-json\/wp\/v2\/media?parent=4870"}],"wp:term":[{"taxonomy":"product_brand","embeddable":true,"href":"https:\/\/decofoodshop.nl\/de\/wp-json\/wp\/v2\/product_brand?post=4870"},{"taxonomy":"product_cat","embeddable":true,"href":"https:\/\/decofoodshop.nl\/de\/wp-json\/wp\/v2\/product_cat?post=4870"},{"taxonomy":"product_tag","embeddable":true,"href":"https:\/\/decofoodshop.nl\/de\/wp-json\/wp\/v2\/product_tag?post=4870"}],"curies":[{"name":"wp","href":"https:\/\/api.w.org\/{rel}","templated":true}]}}