{"id":4895,"date":"2021-10-16T14:56:47","date_gmt":"2021-10-16T12:56:47","guid":{"rendered":"https:\/\/decofoodshop.nl\/?post_type=product&#038;p=4895"},"modified":"2026-03-18T12:09:22","modified_gmt":"2026-03-18T11:09:22","slug":"art-lachs-scheibe-lang","status":"publish","type":"product","link":"https:\/\/decofoodshop.nl\/de\/product\/kunst-zalm-moot-lang\/","title":{"rendered":"Art Lachs Moot Lang"},"content":{"rendered":"<p>Lebensechter Heavy Art Lachs Moot Long.<\/p>\n<p>Ausgestattet mit wei\u00dfen Adern in der Motte.<\/p>\n<p>Mit einer silberschwarzen Seite, als w\u00e4re noch die Lachshaut dran.<\/p>\n<p>Sie ist 17 cm lang und f\u00e4llt daher gr\u00f6\u00dfengerecht aus.<\/p>\n<p>Die Farbe entspricht genau der von echten Lachsst\u00fccken.<\/p>\n<p>Die Form ist auch die eines fertigen falschen Lachssteaks.<\/p>\n<p>Sehr robust und genau wie das Original.<\/p>\n<p>Weitere Formeln finden Sie in unserem \u201e<span style=\"color: #008000;\"><strong><a style=\"color: #008000;\" href=\"https:\/\/decofoodshop.nl\/de\/produktkategorie-2\/pakete\/\">Pakete<\/a><\/strong><\/span>&#8220;.<\/p>","protected":false},"excerpt":{"rendered":"<p>Levensechte zware Kunst Zalm Moot Lang. Voorzien van witte aderen in de moot. Met een zilver-zwarte zijkant alsof de zalmhuid er nog op zit. Wel 17cm lang en dus op ware grootte. De kleur is precies die van echte zalmstukken. Ook de vorm is die van een kant en klare nep zalmmoot. Zeer stevig en [&hellip;]<\/p>\n","protected":false},"featured_media":4899,"template":"","meta":{"_acf_changed":false,"_genesis_hide_title":false,"_genesis_hide_breadcrumbs":false,"_genesis_hide_singular_image":false,"_genesis_hide_footer_widgets":false,"_genesis_custom_body_class":"","_genesis_custom_post_class":"","_genesis_layout":""},"product_brand":[],"product_cat":[50],"product_tag":[],"class_list":{"0":"post-4895","1":"product","2":"type-product","3":"status-publish","4":"has-post-thumbnail","6":"product_cat-namaak-vis-en-vlees","7":"entry","8":"wpx-has-gallery","10":"first","11":"instock","12":"taxable","13":"shipping-taxable","14":"purchasable","15":"product-type-simple"},"acf":[],"yoast_head":"<!-- This site is optimized with the Yoast SEO Premium plugin v27.3 (Yoast SEO v27.3) - https:\/\/yoast.com\/product\/yoast-seo-premium-wordpress\/ -->\n<title>Kunst Zalm Moot Lang - Decofoodshop<\/title>\n<meta name=\"description\" content=\"Kunst Zalm Moot Lang en meer vis dumies bestellen bij Decofoodshop.nl Heel veel keuze in natuurlijk decoratie voedsel.\" \/>\n<meta name=\"robots\" content=\"index, follow, max-snippet:-1, max-image-preview:large, max-video-preview:-1\" \/>\n<link rel=\"canonical\" href=\"https:\/\/decofoodshop.nl\/de\/produkt\/art-lachs-scheibe-lang\/\" \/>\n<meta property=\"og:locale\" content=\"de_DE\" \/>\n<meta property=\"og:type\" content=\"article\" \/>\n<meta property=\"og:title\" content=\"Kunst Zalm Moot Lang\" \/>\n<meta property=\"og:description\" content=\"Kunst Zalm Moot Lang en meer vis dumies bestellen bij Decofoodshop.nl Heel veel keuze in natuurlijk decoratie voedsel.\" \/>\n<meta property=\"og:url\" content=\"https:\/\/decofoodshop.nl\/de\/produkt\/art-lachs-scheibe-lang\/\" \/>\n<meta property=\"og:site_name\" content=\"Decofoodshop\" \/>\n<meta property=\"article:modified_time\" content=\"2026-03-18T11:09:22+00:00\" \/>\n<meta property=\"og:image\" content=\"https:\/\/decofoodshop.nl\/wp-content\/uploads\/2021\/10\/nep-zalmmoot-1.jpg\" \/>\n\t<meta property=\"og:image:width\" content=\"818\" \/>\n\t<meta property=\"og:image:height\" content=\"817\" \/>\n\t<meta property=\"og:image:type\" content=\"image\/jpeg\" \/>\n<meta name=\"twitter:card\" content=\"summary_large_image\" \/>\n<meta name=\"twitter:label1\" content=\"Gesch\u00e4tzte Lesezeit\" \/>\n\t<meta name=\"twitter:data1\" content=\"1\u00a0Minute\" \/>\n<script type=\"application\/ld+json\" class=\"yoast-schema-graph\">{\"@context\":\"https:\\\/\\\/schema.org\",\"@graph\":[{\"@type\":\"WebPage\",\"@id\":\"https:\\\/\\\/decofoodshop.nl\\\/product\\\/kunst-zalm-moot-lang\\\/\",\"url\":\"https:\\\/\\\/decofoodshop.nl\\\/product\\\/kunst-zalm-moot-lang\\\/\",\"name\":\"Kunst Zalm Moot Lang - Decofoodshop\",\"isPartOf\":{\"@id\":\"https:\\\/\\\/decofoodshop.nl\\\/#website\"},\"primaryImageOfPage\":{\"@id\":\"https:\\\/\\\/decofoodshop.nl\\\/product\\\/kunst-zalm-moot-lang\\\/#primaryimage\"},\"image\":{\"@id\":\"https:\\\/\\\/decofoodshop.nl\\\/product\\\/kunst-zalm-moot-lang\\\/#primaryimage\"},\"thumbnailUrl\":\"https:\\\/\\\/decofoodshop.nl\\\/wp-content\\\/uploads\\\/2021\\\/10\\\/nep-zalmmoot-1.jpg\",\"datePublished\":\"2021-10-16T12:56:47+00:00\",\"dateModified\":\"2026-03-18T11:09:22+00:00\",\"description\":\"Kunst Zalm Moot Lang en meer vis dumies bestellen bij Decofoodshop.nl Heel veel keuze in natuurlijk decoratie voedsel.\",\"breadcrumb\":{\"@id\":\"https:\\\/\\\/decofoodshop.nl\\\/product\\\/kunst-zalm-moot-lang\\\/#breadcrumb\"},\"inLanguage\":\"de\",\"potentialAction\":[{\"@type\":\"ReadAction\",\"target\":[\"https:\\\/\\\/decofoodshop.nl\\\/product\\\/kunst-zalm-moot-lang\\\/\"]}]},{\"@type\":\"ImageObject\",\"inLanguage\":\"de\",\"@id\":\"https:\\\/\\\/decofoodshop.nl\\\/product\\\/kunst-zalm-moot-lang\\\/#primaryimage\",\"url\":\"https:\\\/\\\/decofoodshop.nl\\\/wp-content\\\/uploads\\\/2021\\\/10\\\/nep-zalmmoot-1.jpg\",\"contentUrl\":\"https:\\\/\\\/decofoodshop.nl\\\/wp-content\\\/uploads\\\/2021\\\/10\\\/nep-zalmmoot-1.jpg\",\"width\":818,\"height\":817,\"caption\":\"nep zalmmoot bestellen bij de webwinkel in dummie voedsel. Decofoodhop.nl\"},{\"@type\":\"BreadcrumbList\",\"@id\":\"https:\\\/\\\/decofoodshop.nl\\\/product\\\/kunst-zalm-moot-lang\\\/#breadcrumb\",\"itemListElement\":[{\"@type\":\"ListItem\",\"position\":1,\"name\":\"Home\",\"item\":\"https:\\\/\\\/decofoodshop.nl\\\/\"},{\"@type\":\"ListItem\",\"position\":2,\"name\":\"Winkel\",\"item\":\"https:\\\/\\\/decofoodshop.nl\\\/winkel\\\/\"},{\"@type\":\"ListItem\",\"position\":3,\"name\":\"Kunst Zalm Moot Lang\"}]},{\"@type\":\"WebSite\",\"@id\":\"https:\\\/\\\/decofoodshop.nl\\\/#website\",\"url\":\"https:\\\/\\\/decofoodshop.nl\\\/\",\"name\":\"Decofoodshop\",\"description\":\"\",\"potentialAction\":[{\"@type\":\"SearchAction\",\"target\":{\"@type\":\"EntryPoint\",\"urlTemplate\":\"https:\\\/\\\/decofoodshop.nl\\\/?s={search_term_string}\"},\"query-input\":{\"@type\":\"PropertyValueSpecification\",\"valueRequired\":true,\"valueName\":\"search_term_string\"}}],\"inLanguage\":\"de\"}]}<\/script>\n<!-- \/ Yoast SEO Premium plugin. -->","yoast_head_json":{"title":"Art Lachs Moot Lang - Decofoodshop","description":"Art Salmon Moot Lang und mehr Fischattrappen bestellen bei Decofoodshop.nl Gro\u00dfe Auswahl an nat\u00fcrlichem Dekorationsfutter.","robots":{"index":"index","follow":"follow","max-snippet":"max-snippet:-1","max-image-preview":"max-image-preview:large","max-video-preview":"max-video-preview:-1"},"canonical":"https:\/\/decofoodshop.nl\/de\/produkt\/art-lachs-scheibe-lang\/","og_locale":"de_DE","og_type":"article","og_title":"Kunst Zalm Moot Lang","og_description":"Kunst Zalm Moot Lang en meer vis dumies bestellen bij Decofoodshop.nl Heel veel keuze in natuurlijk decoratie voedsel.","og_url":"https:\/\/decofoodshop.nl\/de\/produkt\/art-lachs-scheibe-lang\/","og_site_name":"Decofoodshop","article_modified_time":"2026-03-18T11:09:22+00:00","og_image":[{"width":818,"height":817,"url":"https:\/\/decofoodshop.nl\/wp-content\/uploads\/2021\/10\/nep-zalmmoot-1.jpg","type":"image\/jpeg"}],"twitter_card":"summary_large_image","twitter_misc":{"Gesch\u00e4tzte Lesezeit":"1\u00a0Minute"},"schema":{"@context":"https:\/\/schema.org","@graph":[{"@type":"WebPage","@id":"https:\/\/decofoodshop.nl\/product\/kunst-zalm-moot-lang\/","url":"https:\/\/decofoodshop.nl\/product\/kunst-zalm-moot-lang\/","name":"Art Lachs Moot Lang - Decofoodshop","isPartOf":{"@id":"https:\/\/decofoodshop.nl\/#website"},"primaryImageOfPage":{"@id":"https:\/\/decofoodshop.nl\/product\/kunst-zalm-moot-lang\/#primaryimage"},"image":{"@id":"https:\/\/decofoodshop.nl\/product\/kunst-zalm-moot-lang\/#primaryimage"},"thumbnailUrl":"https:\/\/decofoodshop.nl\/wp-content\/uploads\/2021\/10\/nep-zalmmoot-1.jpg","datePublished":"2021-10-16T12:56:47+00:00","dateModified":"2026-03-18T11:09:22+00:00","description":"Art Salmon Moot Lang und mehr Fischattrappen bestellen bei Decofoodshop.nl Gro\u00dfe Auswahl an nat\u00fcrlichem Dekorationsfutter.","breadcrumb":{"@id":"https:\/\/decofoodshop.nl\/product\/kunst-zalm-moot-lang\/#breadcrumb"},"inLanguage":"de","potentialAction":[{"@type":"ReadAction","target":["https:\/\/decofoodshop.nl\/product\/kunst-zalm-moot-lang\/"]}]},{"@type":"ImageObject","inLanguage":"de","@id":"https:\/\/decofoodshop.nl\/product\/kunst-zalm-moot-lang\/#primaryimage","url":"https:\/\/decofoodshop.nl\/wp-content\/uploads\/2021\/10\/nep-zalmmoot-1.jpg","contentUrl":"https:\/\/decofoodshop.nl\/wp-content\/uploads\/2021\/10\/nep-zalmmoot-1.jpg","width":818,"height":817,"caption":"nep zalmmoot bestellen bij de webwinkel in dummie voedsel. Decofoodhop.nl"},{"@type":"BreadcrumbList","@id":"https:\/\/decofoodshop.nl\/product\/kunst-zalm-moot-lang\/#breadcrumb","itemListElement":[{"@type":"ListItem","position":1,"name":"Home","item":"https:\/\/decofoodshop.nl\/"},{"@type":"ListItem","position":2,"name":"Winkel","item":"https:\/\/decofoodshop.nl\/winkel\/"},{"@type":"ListItem","position":3,"name":"Kunst Zalm Moot Lang"}]},{"@type":"WebSite","@id":"https:\/\/decofoodshop.nl\/#website","url":"https:\/\/decofoodshop.nl\/","name":"Dekofoodshop","description":"","potentialAction":[{"@type":"SearchAction","target":{"@type":"EntryPoint","urlTemplate":"https:\/\/decofoodshop.nl\/?s={search_term_string}"},"query-input":{"@type":"PropertyValueSpecification","valueRequired":true,"valueName":"search_term_string"}}],"inLanguage":"de"}]}},"_links":{"self":[{"href":"https:\/\/decofoodshop.nl\/de\/wp-json\/wp\/v2\/product\/4895","targetHints":{"allow":["GET"]}}],"collection":[{"href":"https:\/\/decofoodshop.nl\/de\/wp-json\/wp\/v2\/product"}],"about":[{"href":"https:\/\/decofoodshop.nl\/de\/wp-json\/wp\/v2\/types\/product"}],"wp:featuredmedia":[{"embeddable":true,"href":"https:\/\/decofoodshop.nl\/de\/wp-json\/wp\/v2\/media\/4899"}],"wp:attachment":[{"href":"https:\/\/decofoodshop.nl\/de\/wp-json\/wp\/v2\/media?parent=4895"}],"wp:term":[{"taxonomy":"product_brand","embeddable":true,"href":"https:\/\/decofoodshop.nl\/de\/wp-json\/wp\/v2\/product_brand?post=4895"},{"taxonomy":"product_cat","embeddable":true,"href":"https:\/\/decofoodshop.nl\/de\/wp-json\/wp\/v2\/product_cat?post=4895"},{"taxonomy":"product_tag","embeddable":true,"href":"https:\/\/decofoodshop.nl\/de\/wp-json\/wp\/v2\/product_tag?post=4895"}],"curies":[{"name":"wp","href":"https:\/\/api.w.org\/{rel}","templated":true}]}}