{"id":4908,"date":"2021-10-16T15:34:44","date_gmt":"2021-10-16T13:34:44","guid":{"rendered":"https:\/\/decofoodshop.nl\/?post_type=product&#038;p=4908"},"modified":"2026-04-25T08:01:07","modified_gmt":"2026-04-25T06:01:07","slug":"gefalschte-entenbraten","status":"publish","type":"product","link":"https:\/\/decofoodshop.nl\/de\/product\/namaak-geroosterde-eend\/","title":{"rendered":"Gef\u00e4lschte gebratene Ente"},"content":{"rendered":"<p>Gef\u00e4lschte gebratene Ente im Gro\u00dfformat.<\/p>\n<p>Bestellen Sie bei Decofoodshop diese naturgetreue gef\u00e4lschte Bratenente.<\/p>\n<p>Mit naturbrauner BBQ-Farbe die ideale Grilldekoration.<\/p>\n<p>Aus stabilem und leicht komprimierbarem Material.<\/p>\n<p>Sowohl Ober- als auch Unterseite sind naturgetreu.<\/p>\n<p>Einfach aufzuh\u00e4ngen und kann Schl\u00e4ge einstecken.<\/p>\n<p>Gro\u00dfe Gr\u00f6\u00dfe bis zu 30 cm lang.<\/p>\n<p>Dieser k\u00fcnstliche Entenbraten ist sehr dekorativ und wartungsfrei.<\/p>\n<p>Werfen Sie auch einen Blick auf unsere \u00a0<span style=\"color: #008000;\"><strong><a style=\"color: #008000;\" href=\"https:\/\/decofoodshop.nl\/de\/produktkategorie-2\/kunstliches-gemuse\/\">Dekorationsgem\u00fcse<\/a><\/strong><\/span>&#8220;.<\/p>","protected":false},"excerpt":{"rendered":"<p>Groot formaat Namaak Geroosterde Eend. Bestel bij Decofoodshop deze levensechte fake Roast Duck. Met natuurlijke bruine BBQ kleur de ideale BBQ decoratie. Gemaakt van stevig en licht indrukbaar materiaal. Zowel boven als onderkant is natuugetrouw. Makkelijk op te hangen en kan tegen een stootje. Groot formaat wel 30cm lang. Deze nep gebraden eend is zeer [&hellip;]<\/p>\n","protected":false},"featured_media":4909,"template":"","meta":{"_acf_changed":false,"_genesis_hide_title":false,"_genesis_hide_breadcrumbs":false,"_genesis_hide_singular_image":false,"_genesis_hide_footer_widgets":false,"_genesis_custom_body_class":"","_genesis_custom_post_class":"","_genesis_layout":""},"product_brand":[],"product_cat":[50],"product_tag":[],"class_list":{"0":"post-4908","1":"product","2":"type-product","3":"status-publish","4":"has-post-thumbnail","6":"product_cat-namaak-vis-en-vlees","7":"entry","8":"wpx-has-gallery","10":"first","11":"instock","12":"taxable","13":"shipping-taxable","14":"purchasable","15":"product-type-simple"},"acf":[],"yoast_head":"<!-- This site is optimized with the Yoast SEO Premium plugin v27.4 (Yoast SEO v27.4) - https:\/\/yoast.com\/product\/yoast-seo-premium-wordpress\/ -->\n<title>Namaak Geroosterde Eend - Decofoodshop<\/title>\n<meta name=\"description\" content=\"Namaak Geroosterde Eend en meer namaak BBQ producten zoals namaak vlees bestellen bij decofoodshop.nl Groot assortiment direct leverbaar.\" \/>\n<meta name=\"robots\" content=\"index, follow, max-snippet:-1, max-image-preview:large, max-video-preview:-1\" \/>\n<link rel=\"canonical\" href=\"https:\/\/decofoodshop.nl\/de\/produkt\/gefalschte-entenbraten\/\" \/>\n<meta property=\"og:locale\" content=\"de_DE\" \/>\n<meta property=\"og:type\" content=\"article\" \/>\n<meta property=\"og:title\" content=\"Namaak Geroosterde Eend\" \/>\n<meta property=\"og:description\" content=\"Namaak Geroosterde Eend en meer namaak BBQ producten zoals namaak vlees bestellen bij decofoodshop.nl Groot assortiment direct leverbaar.\" \/>\n<meta property=\"og:url\" content=\"https:\/\/decofoodshop.nl\/de\/produkt\/gefalschte-entenbraten\/\" \/>\n<meta property=\"og:site_name\" content=\"Decofoodshop\" \/>\n<meta property=\"article:modified_time\" content=\"2026-04-25T06:01:07+00:00\" \/>\n<meta property=\"og:image\" content=\"https:\/\/decofoodshop.nl\/wp-content\/uploads\/2021\/10\/Namaak-Geroosterde-Eend.jpg\" \/>\n\t<meta property=\"og:image:width\" content=\"750\" \/>\n\t<meta property=\"og:image:height\" content=\"751\" \/>\n\t<meta property=\"og:image:type\" content=\"image\/jpeg\" \/>\n<meta name=\"twitter:card\" content=\"summary_large_image\" \/>\n<meta name=\"twitter:label1\" content=\"Gesch\u00e4tzte Lesezeit\" \/>\n\t<meta name=\"twitter:data1\" content=\"1\u00a0Minute\" \/>\n<script type=\"application\/ld+json\" class=\"yoast-schema-graph\">{\"@context\":\"https:\\\/\\\/schema.org\",\"@graph\":[{\"@type\":\"WebPage\",\"@id\":\"https:\\\/\\\/decofoodshop.nl\\\/product\\\/namaak-geroosterde-eend\\\/\",\"url\":\"https:\\\/\\\/decofoodshop.nl\\\/product\\\/namaak-geroosterde-eend\\\/\",\"name\":\"Namaak Geroosterde Eend - Decofoodshop\",\"isPartOf\":{\"@id\":\"https:\\\/\\\/decofoodshop.nl\\\/#website\"},\"primaryImageOfPage\":{\"@id\":\"https:\\\/\\\/decofoodshop.nl\\\/product\\\/namaak-geroosterde-eend\\\/#primaryimage\"},\"image\":{\"@id\":\"https:\\\/\\\/decofoodshop.nl\\\/product\\\/namaak-geroosterde-eend\\\/#primaryimage\"},\"thumbnailUrl\":\"https:\\\/\\\/decofoodshop.nl\\\/wp-content\\\/uploads\\\/2021\\\/10\\\/Namaak-Geroosterde-Eend.jpg\",\"datePublished\":\"2021-10-16T13:34:44+00:00\",\"dateModified\":\"2026-04-25T06:01:07+00:00\",\"description\":\"Namaak Geroosterde Eend en meer namaak BBQ producten zoals namaak vlees bestellen bij decofoodshop.nl Groot assortiment direct leverbaar.\",\"breadcrumb\":{\"@id\":\"https:\\\/\\\/decofoodshop.nl\\\/product\\\/namaak-geroosterde-eend\\\/#breadcrumb\"},\"inLanguage\":\"de\",\"potentialAction\":[{\"@type\":\"ReadAction\",\"target\":[\"https:\\\/\\\/decofoodshop.nl\\\/product\\\/namaak-geroosterde-eend\\\/\"]}]},{\"@type\":\"ImageObject\",\"inLanguage\":\"de\",\"@id\":\"https:\\\/\\\/decofoodshop.nl\\\/product\\\/namaak-geroosterde-eend\\\/#primaryimage\",\"url\":\"https:\\\/\\\/decofoodshop.nl\\\/wp-content\\\/uploads\\\/2021\\\/10\\\/Namaak-Geroosterde-Eend.jpg\",\"contentUrl\":\"https:\\\/\\\/decofoodshop.nl\\\/wp-content\\\/uploads\\\/2021\\\/10\\\/Namaak-Geroosterde-Eend.jpg\",\"width\":750,\"height\":751,\"caption\":\"Namaak Geroosterde Eend en meer nep bbq producten bij Decofoodhshop.nl\"},{\"@type\":\"BreadcrumbList\",\"@id\":\"https:\\\/\\\/decofoodshop.nl\\\/product\\\/namaak-geroosterde-eend\\\/#breadcrumb\",\"itemListElement\":[{\"@type\":\"ListItem\",\"position\":1,\"name\":\"Home\",\"item\":\"https:\\\/\\\/decofoodshop.nl\\\/\"},{\"@type\":\"ListItem\",\"position\":2,\"name\":\"Winkel\",\"item\":\"https:\\\/\\\/decofoodshop.nl\\\/winkel\\\/\"},{\"@type\":\"ListItem\",\"position\":3,\"name\":\"Namaak Geroosterde Eend\"}]},{\"@type\":\"WebSite\",\"@id\":\"https:\\\/\\\/decofoodshop.nl\\\/#website\",\"url\":\"https:\\\/\\\/decofoodshop.nl\\\/\",\"name\":\"Decofoodshop\",\"description\":\"\",\"potentialAction\":[{\"@type\":\"SearchAction\",\"target\":{\"@type\":\"EntryPoint\",\"urlTemplate\":\"https:\\\/\\\/decofoodshop.nl\\\/?s={search_term_string}\"},\"query-input\":{\"@type\":\"PropertyValueSpecification\",\"valueRequired\":true,\"valueName\":\"search_term_string\"}}],\"inLanguage\":\"de\"}]}<\/script>\n<!-- \/ Yoast SEO Premium plugin. -->","yoast_head_json":{"title":"Gef\u00e4lschte gebratene Ente - Decofoodshop","description":"Gef\u00e4lschte gebratene Ente und weitere gef\u00e4lschte Grillprodukte wie gef\u00e4lschtes Fleisch k\u00f6nnen bei decofoodshop.nl bestellt werden Gro\u00dfes Sortiment sofort verf\u00fcgbar.","robots":{"index":"index","follow":"follow","max-snippet":"max-snippet:-1","max-image-preview":"max-image-preview:large","max-video-preview":"max-video-preview:-1"},"canonical":"https:\/\/decofoodshop.nl\/de\/produkt\/gefalschte-entenbraten\/","og_locale":"de_DE","og_type":"article","og_title":"Namaak Geroosterde Eend","og_description":"Namaak Geroosterde Eend en meer namaak BBQ producten zoals namaak vlees bestellen bij decofoodshop.nl Groot assortiment direct leverbaar.","og_url":"https:\/\/decofoodshop.nl\/de\/produkt\/gefalschte-entenbraten\/","og_site_name":"Decofoodshop","article_modified_time":"2026-04-25T06:01:07+00:00","og_image":[{"width":750,"height":751,"url":"https:\/\/decofoodshop.nl\/wp-content\/uploads\/2021\/10\/Namaak-Geroosterde-Eend.jpg","type":"image\/jpeg"}],"twitter_card":"summary_large_image","twitter_misc":{"Gesch\u00e4tzte Lesezeit":"1\u00a0Minute"},"schema":{"@context":"https:\/\/schema.org","@graph":[{"@type":"WebPage","@id":"https:\/\/decofoodshop.nl\/product\/namaak-geroosterde-eend\/","url":"https:\/\/decofoodshop.nl\/product\/namaak-geroosterde-eend\/","name":"Gef\u00e4lschte gebratene Ente - Decofoodshop","isPartOf":{"@id":"https:\/\/decofoodshop.nl\/#website"},"primaryImageOfPage":{"@id":"https:\/\/decofoodshop.nl\/product\/namaak-geroosterde-eend\/#primaryimage"},"image":{"@id":"https:\/\/decofoodshop.nl\/product\/namaak-geroosterde-eend\/#primaryimage"},"thumbnailUrl":"https:\/\/decofoodshop.nl\/wp-content\/uploads\/2021\/10\/Namaak-Geroosterde-Eend.jpg","datePublished":"2021-10-16T13:34:44+00:00","dateModified":"2026-04-25T06:01:07+00:00","description":"Gef\u00e4lschte gebratene Ente und weitere gef\u00e4lschte Grillprodukte wie gef\u00e4lschtes Fleisch k\u00f6nnen bei decofoodshop.nl bestellt werden Gro\u00dfes Sortiment sofort verf\u00fcgbar.","breadcrumb":{"@id":"https:\/\/decofoodshop.nl\/product\/namaak-geroosterde-eend\/#breadcrumb"},"inLanguage":"de","potentialAction":[{"@type":"ReadAction","target":["https:\/\/decofoodshop.nl\/product\/namaak-geroosterde-eend\/"]}]},{"@type":"ImageObject","inLanguage":"de","@id":"https:\/\/decofoodshop.nl\/product\/namaak-geroosterde-eend\/#primaryimage","url":"https:\/\/decofoodshop.nl\/wp-content\/uploads\/2021\/10\/Namaak-Geroosterde-Eend.jpg","contentUrl":"https:\/\/decofoodshop.nl\/wp-content\/uploads\/2021\/10\/Namaak-Geroosterde-Eend.jpg","width":750,"height":751,"caption":"Namaak Geroosterde Eend en meer nep bbq producten bij Decofoodhshop.nl"},{"@type":"BreadcrumbList","@id":"https:\/\/decofoodshop.nl\/product\/namaak-geroosterde-eend\/#breadcrumb","itemListElement":[{"@type":"ListItem","position":1,"name":"Home","item":"https:\/\/decofoodshop.nl\/"},{"@type":"ListItem","position":2,"name":"Winkel","item":"https:\/\/decofoodshop.nl\/winkel\/"},{"@type":"ListItem","position":3,"name":"Namaak Geroosterde Eend"}]},{"@type":"WebSite","@id":"https:\/\/decofoodshop.nl\/#website","url":"https:\/\/decofoodshop.nl\/","name":"Dekofoodshop","description":"","potentialAction":[{"@type":"SearchAction","target":{"@type":"EntryPoint","urlTemplate":"https:\/\/decofoodshop.nl\/?s={search_term_string}"},"query-input":{"@type":"PropertyValueSpecification","valueRequired":true,"valueName":"search_term_string"}}],"inLanguage":"de"}]}},"_links":{"self":[{"href":"https:\/\/decofoodshop.nl\/de\/wp-json\/wp\/v2\/product\/4908","targetHints":{"allow":["GET"]}}],"collection":[{"href":"https:\/\/decofoodshop.nl\/de\/wp-json\/wp\/v2\/product"}],"about":[{"href":"https:\/\/decofoodshop.nl\/de\/wp-json\/wp\/v2\/types\/product"}],"wp:featuredmedia":[{"embeddable":true,"href":"https:\/\/decofoodshop.nl\/de\/wp-json\/wp\/v2\/media\/4909"}],"wp:attachment":[{"href":"https:\/\/decofoodshop.nl\/de\/wp-json\/wp\/v2\/media?parent=4908"}],"wp:term":[{"taxonomy":"product_brand","embeddable":true,"href":"https:\/\/decofoodshop.nl\/de\/wp-json\/wp\/v2\/product_brand?post=4908"},{"taxonomy":"product_cat","embeddable":true,"href":"https:\/\/decofoodshop.nl\/de\/wp-json\/wp\/v2\/product_cat?post=4908"},{"taxonomy":"product_tag","embeddable":true,"href":"https:\/\/decofoodshop.nl\/de\/wp-json\/wp\/v2\/product_tag?post=4908"}],"curies":[{"name":"wp","href":"https:\/\/api.w.org\/{rel}","templated":true}]}}